{"id":128007,"date":"2021-04-26T10:59:07","date_gmt":"2021-04-26T08:59:07","guid":{"rendered":"https:\/\/hikitec.de\/dodavka\/"},"modified":"2021-04-26T10:59:09","modified_gmt":"2021-04-26T08:59:09","slug":"dodavka","status":"publish","type":"page","link":"https:\/\/hikitec.de\/cs\/dodavka\/","title":{"rendered":"Dod\u00e1vka"},"content":{"rendered":"<section class=\"av_textblock_section \"  itemscope=\"itemscope\" itemtype=\"https:\/\/schema.org\/CreativeWork\" ><div class='avia_textblock  '   itemprop=\"text\" ><p><strong>Kam m\u016f\u017ee spole\u010dnost HIKITEC doru\u010dovat?<\/strong><\/p>\n<\/div><\/section>\n<section class=\"av_textblock_section \"  itemscope=\"itemscope\" itemtype=\"https:\/\/schema.org\/CreativeWork\" ><div class='avia_textblock  '   itemprop=\"text\" ><p><span data-mandanttxtkey=\"TXT_STATIC_FAQ_A_15\" data-contenteditable=\"true\">O tom, kam ve sv\u011bt\u011b m\u00e1 b\u00fdt z\u00e1silka doru\u010dena, rozhodujete vy &#8211; z na\u0161\u00ed strany zde nejsou \u017e\u00e1dn\u00e1 omezen\u00ed.<\/span><\/p>\n<p>Nab\u00edz\u00edme n\u00e1sleduj\u00edc\u00ed slu\u017eby:<\/p>\n<ul>\n<li>rychl\u00e9 a spolehliv\u00e9 dod\u00e1n\u00ed<\/li>\n<li>Neutr\u00e1ln\u00ed p\u0159\u00edm\u00e1 p\u0159eprava<\/li>\n<li>celosv\u011btov\u00e1 doprava*<\/li>\n<li>Celn\u00ed odbaven\u00ed<\/li>\n<li>Expresn\u00ed metody p\u0159epravy<\/li>\n<li>automatick\u00fd p\u0159enos sledovac\u00edho \u010d\u00edsla<\/li>\n<\/ul>\n<p>* Krom\u011b na\u0159\u00edzen\u00ed o embargu pro jednotliv\u00e9 zem\u011b je t\u0159eba dodr\u017eovat tak\u00e9 omezuj\u00edc\u00ed opat\u0159en\u00ed embarga pro jin\u00e9 zem\u011b (nap\u0159. na\u0159\u00edzen\u00ed o terorismu, <abbr class=\"has-tip tip-bottom\" title=\"\" data-tooltip=\"\" aria-haspopup=\"true\" data-selector=\"tooltip-kd4f53y60\" aria-describedby=\"tooltip-kd4f53y60\">na\u0159\u00edzen\u00ed proti mu\u010den\u00ed<\/abbr>), jako\u017e i z\u00e1kazy a omezen\u00ed podle pr\u00e1va zahrani\u010dn\u00edho obchodu v souladu s na\u0159\u00edzen\u00edm ES o dvoj\u00edm u\u017eit\u00ed, z\u00e1konem o zahrani\u010dn\u00edm obchodu a platb\u00e1ch a vyhl\u00e1\u0161kou o zahrani\u010dn\u00edm obchodu a platb\u00e1ch.<\/p>\n<p><span data-mandanttxtkey=\"TXT_STATIC_FAQ_A_15\" data-contenteditable=\"true\"> <\/span><\/p>\n<\/div><\/section>\n<section class=\"av_textblock_section \"  itemscope=\"itemscope\" itemtype=\"https:\/\/schema.org\/CreativeWork\" ><div class='avia_textblock  '   itemprop=\"text\" ><input type=\"button\" value=\"Zp\u011bt\" class=\"alg_back_button_input \" style=\"\" onclick=\"window.history.back()\" \/>\n<\/div><\/section>\n","protected":false},"excerpt":{"rendered":"","protected":false},"author":2,"featured_media":0,"parent":0,"menu_order":0,"comment_status":"closed","ping_status":"closed","template":"","meta":{"footnotes":""},"class_list":["post-128007","page","type-page","status-publish","hentry"],"_links":{"self":[{"href":"https:\/\/hikitec.de\/cs\/wp-json\/wp\/v2\/pages\/128007","targetHints":{"allow":["GET"]}}],"collection":[{"href":"https:\/\/hikitec.de\/cs\/wp-json\/wp\/v2\/pages"}],"about":[{"href":"https:\/\/hikitec.de\/cs\/wp-json\/wp\/v2\/types\/page"}],"author":[{"embeddable":true,"href":"https:\/\/hikitec.de\/cs\/wp-json\/wp\/v2\/users\/2"}],"replies":[{"embeddable":true,"href":"https:\/\/hikitec.de\/cs\/wp-json\/wp\/v2\/comments?post=128007"}],"version-history":[{"count":5,"href":"https:\/\/hikitec.de\/cs\/wp-json\/wp\/v2\/pages\/128007\/revisions"}],"predecessor-version":[{"id":128012,"href":"https:\/\/hikitec.de\/cs\/wp-json\/wp\/v2\/pages\/128007\/revisions\/128012"}],"wp:attachment":[{"href":"https:\/\/hikitec.de\/cs\/wp-json\/wp\/v2\/media?parent=128007"}],"curies":[{"name":"wp","href":"https:\/\/api.w.org\/{rel}","templated":true}]}}