{"id":128063,"date":"2021-04-26T11:26:20","date_gmt":"2021-04-26T09:26:20","guid":{"rendered":"https:\/\/hikitec.de\/lucid\/"},"modified":"2021-04-26T11:26:25","modified_gmt":"2021-04-26T09:26:25","slug":"lucid","status":"publish","type":"page","link":"https:\/\/hikitec.de\/cs\/lucid\/","title":{"rendered":"LUCID"},"content":{"rendered":"<section class=\"av_textblock_section \"  itemscope=\"itemscope\" itemtype=\"https:\/\/schema.org\/CreativeWork\" ><div class='avia_textblock  '   itemprop=\"text\" ><p>Od za\u010d\u00e1tku roku 2019 plat\u00ed nov\u00fd z\u00e1kon o obalech. Nahrazuje dosud platnou vyhl\u00e1\u0161ku o obalech a m\u00e1 dalekos\u00e1hl\u00e9 dopady na ohla\u0161ovac\u00ed povinnost a vy\u00fa\u010dtov\u00e1n\u00ed p\u0159\u00edsp\u011bvk\u016f do du\u00e1ln\u00edho syst\u00e9mu. T\u00fdk\u00e1 se to jak obchodn\u00edk\u016f, tak dovozc\u016f, kte\u0159\u00ed pracuj\u00ed s obaly.<\/p>\n<p>Abstrakty:<\/p>\n<ul>\n<li>1. ledna 2019 vstoupil v platnost nov\u00fd z\u00e1kon o obalech. Nahrazuje p\u0159edchoz\u00ed na\u0159\u00edzen\u00ed o obalech.<\/li>\n<li>Od tohoto data jsou v\u00fdrobci, dovozci a distributo\u0159i povinni registrovat svou spot\u0159ebu obalov\u00e9ho materi\u00e1lu na dal\u0161\u00edm centr\u00e1ln\u00edm m\u00edst\u011b.<\/li>\n<li>Nov\u00e9 ohla\u0161ovac\u00ed centrum LUCID bude fungovat soub\u011b\u017en\u011b se st\u00e1vaj\u00edc\u00edmi syst\u00e9my ohla\u0161ov\u00e1n\u00ed a dot\u010den\u00e9 spole\u010dnosti zde budou muset i nad\u00e1le ohla\u0161ovat sv\u00e9 obalov\u00e9 materi\u00e1ly.<\/li>\n<li>Nov\u00e9 ohla\u0161ovac\u00ed centrum LUCID bude fungovat soub\u011b\u017en\u011b se st\u00e1vaj\u00edc\u00edmi syst\u00e9my ohla\u0161ov\u00e1n\u00ed a dot\u010den\u00e9 spole\u010dnosti zde budou muset i nad\u00e1le ohla\u0161ovat sv\u00e9 obalov\u00e9 materi\u00e1ly.<\/li>\n<li>T\u00edmto zp\u016fsobem se zamez\u00ed zbyte\u010dn\u00e9mu balen\u00ed a zejm\u00e9na p\u0159ebalov\u00e1n\u00ed a ulev\u00ed se \u017eivotn\u00edmu prost\u0159ed\u00ed.<\/li>\n<\/ul>\n<p>Spole\u010dnost HIKITEC GmbH je registrov\u00e1na jako v\u00fdrobce obal\u016f podl\u00e9haj\u00edc\u00edch syst\u00e9mov\u00e9 \u00fa\u010dasti s registra\u010dn\u00edmi \u00fadaji uveden\u00fdmi v p\u0159\u00edloze pod registra\u010dn\u00edm \u010d\u00edslem D E2736270202214 od 1. 1. 2019.<\/p>\n<\/div><\/section>\n<section class=\"av_textblock_section \"  itemscope=\"itemscope\" itemtype=\"https:\/\/schema.org\/CreativeWork\" ><div class='avia_textblock  '   itemprop=\"text\" ><input type=\"button\" value=\"Zp\u011bt\" class=\"alg_back_button_input \" style=\"\" onclick=\"window.history.back()\" \/>\n<\/div><\/section>\n","protected":false},"excerpt":{"rendered":"","protected":false},"author":2,"featured_media":0,"parent":0,"menu_order":0,"comment_status":"closed","ping_status":"closed","template":"","meta":{"footnotes":""},"class_list":["post-128063","page","type-page","status-publish","hentry"],"_links":{"self":[{"href":"https:\/\/hikitec.de\/cs\/wp-json\/wp\/v2\/pages\/128063","targetHints":{"allow":["GET"]}}],"collection":[{"href":"https:\/\/hikitec.de\/cs\/wp-json\/wp\/v2\/pages"}],"about":[{"href":"https:\/\/hikitec.de\/cs\/wp-json\/wp\/v2\/types\/page"}],"author":[{"embeddable":true,"href":"https:\/\/hikitec.de\/cs\/wp-json\/wp\/v2\/users\/2"}],"replies":[{"embeddable":true,"href":"https:\/\/hikitec.de\/cs\/wp-json\/wp\/v2\/comments?post=128063"}],"version-history":[{"count":8,"href":"https:\/\/hikitec.de\/cs\/wp-json\/wp\/v2\/pages\/128063\/revisions"}],"predecessor-version":[{"id":128071,"href":"https:\/\/hikitec.de\/cs\/wp-json\/wp\/v2\/pages\/128063\/revisions\/128071"}],"wp:attachment":[{"href":"https:\/\/hikitec.de\/cs\/wp-json\/wp\/v2\/media?parent=128063"}],"curies":[{"name":"wp","href":"https:\/\/api.w.org\/{rel}","templated":true}]}}