{"id":128101,"date":"2021-04-26T12:25:27","date_gmt":"2021-04-26T10:25:27","guid":{"rendered":"https:\/\/hikitec.de\/opakovane-objednavky\/"},"modified":"2021-04-26T14:08:08","modified_gmt":"2021-04-26T12:08:08","slug":"opakovane-objednavky","status":"publish","type":"page","link":"https:\/\/hikitec.de\/cs\/opakovane-objednavky\/","title":{"rendered":"Opakovan\u00e9 objedn\u00e1vky"},"content":{"rendered":"<p><strong>Je v\u011brn\u00e9 pod\u00e1n\u00ed barev? <\/strong><strong>Tisk &#8211; na mnou dodan\u00e1 data<\/strong><\/p>\n<p>Kdy\u017e si u n\u00e1s nech\u00e1te vytisknout sv\u00e9 produkty, p\u0159irozen\u011b o\u010dek\u00e1v\u00e1te, \u017ee barvy budou p\u0159i tisku vypadat stejn\u011b jako ve va\u0161ich datech.<br \/>\nStoprocentn\u00ed v\u011brnost barev v\u0161ak nen\u00ed v\u016fbec mo\u017en\u00e1, jak v\u00e1m uk\u00e1\u017eeme v n\u00e1sleduj\u00edc\u00edm textu.<\/p>\n<p class=\"h3\"><strong>Pro\u010d je 100% v\u011brnost barev nemo\u017en\u00e1?<\/strong><\/p>\n<p>Nen\u00ed mo\u017en\u00e9 dos\u00e1hnout 100% v\u011brnosti barev, proto\u017ee tisk je mechanick\u00fd proces, kter\u00fd podl\u00e9h\u00e1 mnoha vn\u011bj\u0161\u00edm vliv\u016fm &#8211; nap\u0159\u00edklad klimatick\u00fdm podm\u00ednk\u00e1m. Tiskov\u00fd podklad (materi\u00e1l) a pou\u017eit\u00e9 barvy se tak\u00e9 vyr\u00e1b\u011bj\u00ed s ur\u010dit\u00fdmi tolerancemi a ovliv\u0148uj\u00ed tak kone\u010dn\u00fd v\u00fdsledek. Do procesu tisku je nav\u00edc zapojeno mnoho r\u016fzn\u00fdch za\u0159\u00edzen\u00ed a softwarov\u00fdch syst\u00e9m\u016f, kter\u00e9 jsou obvykle nastaveny odli\u0161n\u011b, a proto pou\u017e\u00edvaj\u00ed r\u016fzn\u00e9 barevn\u00e9 modely a barevn\u00e9 prostory. Za\u010d\u00edn\u00e1 to zdrojem sv\u011btla na m\u00edst\u011b, pokra\u010duje CMYK a RGB, pou\u017eit\u00fdm monitorem a softwarem pou\u017eit\u00fdm k vytvo\u0159en\u00ed dat a kon\u010d\u00ed na\u0161imi intern\u00edmi barevn\u00fdmi a tiskov\u00fdmi syst\u00e9my.<\/p>\n<p><strong>Existuj\u00ed n\u011bjak\u00e9 barevn\u00e9 rozd\u00edly vobjedn\u00e1vk\u00e1ch?<\/strong><\/p>\n<p>V p\u0159\u00edpad\u011b stejn\u00fdch opakovan\u00fdch objedn\u00e1vek jsou barevn\u00e9 odchylky od p\u0159edchoz\u00ed s\u00e9rie mo\u017en\u00e9 z tiskov\u00fdch a materi\u00e1lov\u00fdch d\u016fvod\u016f a nejsou d\u016fvodem k reklamaci. M\u00edrn\u00e9 barevn\u00e9 odchylky jsou mo\u017en\u00e9 i v r\u00e1mci s\u00e9rie a je t\u0159eba je tolerovat.<\/p>\n","protected":false},"excerpt":{"rendered":"<p>Je v\u011brn\u00e9 pod\u00e1n\u00ed barev? Tisk &#8211; na mnou dodan\u00e1 data Kdy\u017e si u n\u00e1s nech\u00e1te vytisknout sv\u00e9 produkty, p\u0159irozen\u011b o\u010dek\u00e1v\u00e1te, \u017ee barvy budou p\u0159i tisku vypadat stejn\u011b jako ve va\u0161ich datech. Stoprocentn\u00ed v\u011brnost barev v\u0161ak nen\u00ed v\u016fbec mo\u017en\u00e1, jak v\u00e1m uk\u00e1\u017eeme v n\u00e1sleduj\u00edc\u00edm textu. Pro\u010d je 100% v\u011brnost barev nemo\u017en\u00e1? Nen\u00ed mo\u017en\u00e9 dos\u00e1hnout 100% v\u011brnosti [&hellip;]<\/p>\n","protected":false},"author":2,"featured_media":0,"parent":0,"menu_order":0,"comment_status":"closed","ping_status":"closed","template":"","meta":{"footnotes":""},"class_list":["post-128101","page","type-page","status-publish","hentry"],"_links":{"self":[{"href":"https:\/\/hikitec.de\/cs\/wp-json\/wp\/v2\/pages\/128101","targetHints":{"allow":["GET"]}}],"collection":[{"href":"https:\/\/hikitec.de\/cs\/wp-json\/wp\/v2\/pages"}],"about":[{"href":"https:\/\/hikitec.de\/cs\/wp-json\/wp\/v2\/types\/page"}],"author":[{"embeddable":true,"href":"https:\/\/hikitec.de\/cs\/wp-json\/wp\/v2\/users\/2"}],"replies":[{"embeddable":true,"href":"https:\/\/hikitec.de\/cs\/wp-json\/wp\/v2\/comments?post=128101"}],"version-history":[{"count":1,"href":"https:\/\/hikitec.de\/cs\/wp-json\/wp\/v2\/pages\/128101\/revisions"}],"predecessor-version":[{"id":128103,"href":"https:\/\/hikitec.de\/cs\/wp-json\/wp\/v2\/pages\/128101\/revisions\/128103"}],"wp:attachment":[{"href":"https:\/\/hikitec.de\/cs\/wp-json\/wp\/v2\/media?parent=128101"}],"curies":[{"name":"wp","href":"https:\/\/api.w.org\/{rel}","templated":true}]}}