{"id":128114,"date":"2021-04-26T14:58:25","date_gmt":"2021-04-26T12:58:25","guid":{"rendered":"https:\/\/hikitec.de\/prodsg\/"},"modified":"2021-04-26T14:58:32","modified_gmt":"2021-04-26T12:58:32","slug":"prodsg","status":"publish","type":"page","link":"https:\/\/hikitec.de\/cs\/prodsg\/","title":{"rendered":"ProdSG"},"content":{"rendered":"<section class=\"av_textblock_section \"  itemscope=\"itemscope\" itemtype=\"https:\/\/schema.org\/CreativeWork\" ><div class='avia_textblock  '   itemprop=\"text\" ><p><strong>Povinnost ozna\u010dov\u00e1n\u00ed podle z\u00e1kona o bezpe\u010dnosti v\u00fdrobk\u016f (ProdSG) \u00a7 6:<\/strong><\/p>\n<p>Vzhledem k povinnosti ozna\u010dov\u00e1n\u00ed platn\u00e9 v N\u011bmecku je nutn\u00e9, aby v\u0161echny v\u00fdrobky byly opat\u0159eny \u00faplnou adresou.<\/p>\n<p>V z\u00e1jmu dodr\u017een\u00ed z\u00e1kona o bezpe\u010dnosti v\u00fdrobk\u016f jsou v\u00fdrobky standardn\u011b ozna\u010deny kontaktn\u00edmi a adresn\u00edmi \u00fadaji spole\u010dnosti HIKITEC GmbH, pokud z\u00e1kazn\u00edk v tomto ohledu neposkytne jin\u00e9 informace. Die Abweichung kann nur gegen die Berechnung des Selbstkostenpreises vorgenommen werden.<\/p>\n<p><strong>Z\u00e1kon o bezpe\u010dnosti v\u00fdrobk\u016f<\/strong><\/p>\n<p>V\u00fdrobce, dovozce nebo distributor? A jak se m\u00e1 ozna\u010dov\u00e1n\u00ed prov\u00e1d\u011bt?<\/p>\n<p>V n\u00e1sleduj\u00edc\u00edm textu nejprve p\u0159edstav\u00edme nov\u00fd z\u00e1kon a srozumiteln\u011b shrneme kl\u00ed\u010dov\u00e9 body, kter\u00e9 je t\u0159eba dodr\u017eovat. Dozv\u00edte se tak\u00e9, jak prov\u00e1d\u011bt pokyny.<\/p>\n<p><strong>1. nov\u00fd z\u00e1kon o bezpe\u010dnosti v\u00fdrobk\u016f<\/strong><\/p>\n<p>Nov\u00fd z\u00e1kon o bezpe\u010dnosti v\u00fdrobk\u016f (ProdSG) vstoupil v platnost 1. 12. 2011. Ten obsahuje r\u016fzn\u00e9 novinky oproti star\u00e9mu tzv. z\u00e1konu o bezpe\u010dnosti za\u0159\u00edzen\u00ed a v\u00fdrobk\u016f.<\/p>\n<p>Jedn\u00e1 se zejm\u00e9na o to, \u017ee v \u00a7 2 \u010d. 2 ProdSG spad\u00e1 pod ochranu z\u00e1kona nejen vystavov\u00e1n\u00ed zbo\u017e\u00ed, ale i p\u0159edv\u00e1d\u011bn\u00ed a nab\u00edzen\u00ed v\u00fdrobk\u016f za \u00fa\u010delem reklamy nebo jejich zp\u0159\u00edstupn\u011bn\u00ed na trhu.<\/p>\n<p>To znamen\u00e1, \u017ee se ProdSG bude v budoucnu vztahovat zejm\u00e9na na online obchod. Online platformy by proto m\u011bly nap\u0159\u00ed\u0161t\u011b jednat tak\u00e9 s ProdSG. To plat\u00ed zejm\u00e9na pro dodavatele spot\u0159ebn\u00edch v\u00fdrobk\u016f.<\/p>\n<p>Novinkou je v t\u00e9to souvislosti ustanoven\u00ed \u00a7 6 odst. 1 \u010d. 3 ProdSG, kter\u00fd do budoucna vy\u017eaduje, aby byly spot\u0159ebitelsk\u00e9 v\u00fdrobky opat\u0159eny z\u0159eteln\u00fdm ozna\u010den\u00edm pro jejich identifikaci. Podle literatury k nov\u00e9mu z\u00e1konu se hospod\u00e1\u0159sk\u00fdm subjekt\u016fm doporu\u010duje zav\u00e9st jasn\u00fd syst\u00e9m identifikace a sledovatelnosti spot\u0159ebitelsk\u00fdch v\u00fdrobk\u016f.<\/p>\n<p>Doporu\u010duje se tak\u00e9 zv\u00e1\u017eit ozna\u010dov\u00e1n\u00ed i u v\u00fdrobk\u016f, kter\u00e9 nejsou ur\u010deny pro spot\u0159ebitele, proto\u017ee v p\u0159\u00edpad\u011b stahov\u00e1n\u00ed v\u00fdrobk\u016f z trhu m\u016f\u017ee pouze jasn\u00e9 ozna\u010den\u00ed p\u0159esn\u011b ur\u010dit, kter\u00e9 v\u00fdrobky je t\u0159eba st\u00e1hnout z trhu. V opa\u010dn\u00e9m p\u0159\u00edpad\u011b m\u016f\u017ee b\u00fdt nutn\u00e9 st\u00e1hnout z trhu cel\u00e9 skupiny v\u00fdrobk\u016f.<\/p>\n<p>V p\u0159\u00edpad\u011b ozna\u010dov\u00e1n\u00ed je t\u0159eba db\u00e1t na to, aby bylo provedeno tak, aby zejm\u00e9na kone\u010dn\u00ed z\u00e1kazn\u00edci rozum\u011bli zna\u010dk\u00e1m bez dal\u0161\u00edch mezikrok\u016f. Proto je t\u0159eba se vyhnout symbol\u016fm nebo grafick\u00fdm k\u00f3d\u016fm, zejm\u00e9na \u010d\u00e1rov\u00fdm k\u00f3d\u016fm nebo takzvan\u00fdm QR k\u00f3d\u016fm. Na druhou stranu se zd\u00e1 b\u00fdt vhodn\u00e9 uv\u00e1d\u011bt na ka\u017ed\u00e9m v\u00fdrobku po\u0159adov\u00e9, a tedy individu\u00e1ln\u00ed v\u00fdrobn\u00ed \u010d\u00edslo. Krom\u011b ozna\u010den\u00ed identifikuj\u00edc\u00edho spot\u0159ebn\u00ed v\u00fdrobek mus\u00ed b\u00fdt p\u0159ipojeno tak\u00e9 jm\u00e9no a kontaktn\u00ed adresa v\u00fdrobce, nebo pokud v\u00fdrobce nen\u00ed usazen v Evropsk\u00e9m hospod\u00e1\u0159sk\u00e9m prostoru, jm\u00e9no a kontaktn\u00ed adresa zplnomocn\u011bn\u00e9ho z\u00e1stupce nebo dovozce.<\/p>\n<p>To znamen\u00e1, \u017ee pokud je v\u00fdrobce usazen v Evropsk\u00e9m hospod\u00e1\u0159sk\u00e9m prostoru, mus\u00ed b\u00fdt na spot\u0159ebn\u00edm v\u00fdrobku uvedeno jm\u00e9no a kontaktn\u00ed adresa v\u00fdrobce. V opa\u010dn\u00e9m p\u0159\u00edpad\u011b jm\u00e9no a kontaktn\u00ed adresu zplnomocn\u011bn\u00e9ho z\u00e1stupce v\u00fdrobce (vy\u017eaduje se s\u00eddlo v Evropsk\u00e9m hospod\u00e1\u0159sk\u00e9m prostoru). Jako dovozce nebo podle zn\u011bn\u00ed z\u00e1kona jako dovozce mus\u00edte uv\u00e9st sv\u00e9 jm\u00e9no a kontaktn\u00ed adresu, pokud dov\u00e1\u017e\u00edte zbo\u017e\u00ed ze zem\u00ed mimo Evropsk\u00fd hospod\u00e1\u0159sk\u00fd prostor a v\u00fdrobce nem\u00e1 v Evropsk\u00e9m hospod\u00e1\u0159sk\u00e9m prostoru alespo\u0148 jednoho zplnomocn\u011bn\u00e9ho z\u00e1stupce, jeho\u017e adresa je vyti\u0161t\u011bna na v\u00fdrobku.<\/p>\n<p><strong>Druh\u00e9 shrnut\u00ed:<\/strong><\/p>\n<p>Jako distributor reklamn\u00edch v\u00fdrobk\u016f jste podle \u00a7 6 ProdSG povinni opat\u0159it spot\u0159ebn\u00ed v\u00fdrobky ozna\u010den\u00edm, kter\u00e9 identifikuje spot\u0159ebn\u00ed v\u00fdrobek a va\u0161e jm\u00e9no a kontaktn\u00ed adresu, pokud v\u00fdrobce s\u00eddl\u00ed mimo EU a z\u00e1rove\u0148 na v\u00fdrobek neum\u00edstil kontaktn\u00ed adresu zplnomocn\u011bn\u00e9ho z\u00e1stupce v EU.<\/p>\n<p>V opa\u010dn\u00e9m p\u0159\u00edpad\u011b byste m\u011bli vyzvat evropsk\u00e9 v\u00fdrobce, aby p\u0159ipojili n\u00e1zev a kontaktn\u00ed adresu a ozna\u010den\u00ed identifikuj\u00edc\u00ed spot\u0159ebitelsk\u00fd v\u00fdrobek.<\/p>\n<p>Spot\u0159ebitelsk\u00fd v\u00fdrobek by m\u011bl b\u00fdt identifikov\u00e1n nap\u0159\u00edklad po\u0159adov\u00fdm, a tedy individu\u00e1ln\u00edm v\u00fdrobn\u00edm \u010d\u00edslem (s\u00e9riov\u00fdm \u010d\u00edslem), nikoli v\u0161ak nesrozumiteln\u00fdmi grafick\u00fdmi k\u00f3dy nebo jin\u00fdm ozna\u010den\u00edm.<\/p>\n<p>Ve v\u00fdjime\u010dn\u00fdch p\u0159\u00edpadech lze od po\u017eadavku na ozna\u010dov\u00e1n\u00ed upustit, pokud by to vy\u017eadovalo nep\u0159im\u011b\u0159en\u00e9 \u00fasil\u00ed. K tomuto bodu v\u0161ak dosud neexistuje \u017e\u00e1dn\u00e1 judikatura. Podle na\u0161eho n\u00e1zoru se v\u0161ak m\u016f\u017ee jednat pouze o p\u0159\u00edpady, kdy um\u00edst\u011bn\u00ed identifika\u010dn\u00edho \u010d\u00edsla apod. nen\u00ed v podstat\u011b mo\u017en\u00e9 vzhledem k povaze v\u00fdrobku (nap\u0159. obzvl\u00e1\u0161t\u011b mal\u00e9ho).<\/p>\n<p>V p\u0159\u00edpad\u011b poru\u0161en\u00ed jsou stanoveny pokuty a pen\u00e1le. Zde hroz\u00ed pokuta a\u017e do v\u00fd\u0161e 100 000 EUR. Krom\u011b toho existuje dal\u0161\u00ed ustanoven\u00ed o pokut\u00e1ch, kter\u00e9 umo\u017e\u0148uje dodate\u010dn\u011b vyb\u00edrat pokutu za od\u010derp\u00e1n\u00ed zisku.<\/p>\n<p>Podle stejn\u00fdch v\u00fd\u0161e uveden\u00fdch z\u00e1sad jste nav\u00edc vy nebo v\u00fdrobce povinni opat\u0159it spot\u0159ebitelsk\u00fd v\u00fdrobek n\u00e1vodem k pou\u017eit\u00ed, pokud by bez tohoto n\u00e1vodu bylo pou\u017e\u00edv\u00e1n\u00ed v\u00fdrobku spojeno s riziky.<\/p>\n<p><strong>3. kter\u00fdch produkt\u016f se to t\u00fdk\u00e1?<\/strong><\/p>\n<p>Na tuto ot\u00e1zku lze odpov\u011bd\u011bt pom\u011brn\u011b stru\u010dn\u011b: V\u0160E, pokud je d\u00e1n reklamn\u00ed prostor a p\u0159im\u011b\u0159enost \u00fasil\u00ed pro aplikaci. Pokud si nejste jisti sv\u00fdm preferovan\u00fdm modelem, n\u00e1\u0161 servisn\u00ed t\u00fdm v\u00e1m r\u00e1d pom\u016f\u017ee. R\u00e1di v\u00e1m porad\u00edme.<\/p>\n<p><strong>4. jak\u00fd je nejlep\u0161\u00ed zp\u016fsob implementace nov\u00fdch po\u017eadavk\u016f?<\/strong><\/p>\n<p>Vzhledem k tomu, \u017ee mnoho tiskov\u00fdch motiv\u016f neobsahuje pot\u0159ebn\u00e9 informace, mus\u00edte je p\u0159esto uv\u00e9st. Lze to v\u0161ak prov\u00e9st i mal\u00fdm a diskr\u00e9tn\u00edm zp\u016fsobem. Na p\u0159\u00edkladu ta\u0161ky jsme pro v\u00e1s vypracovali n\u011bkolik mo\u017enost\u00ed implementace a douf\u00e1me, \u017ee v\u00e1m pomohou p\u0159i rozhodov\u00e1n\u00ed.<\/p>\n<p>Gem\u00e4\u00df Produktsicherheitsgesetz (ProdSG \u00a76) werden Produkte standardm\u00e4\u00dfig mit den Kontakt- und Adressdaten der HIKITEC GmbH gekennzeichnet, sofern der Kunde diesbez\u00fcglich keine anderen Angaben macht.<\/p>\n<p>V p\u0159\u00edpad\u011b pot\u0159eby lze odchylku prov\u00e9st pouze proti v\u00fdpo\u010dtu n\u00e1kladov\u00e9 ceny.<\/p>\n<\/div><\/section>\n<section class=\"av_textblock_section \"  itemscope=\"itemscope\" itemtype=\"https:\/\/schema.org\/CreativeWork\" ><div class='avia_textblock  '   itemprop=\"text\" ><input type=\"button\" value=\"Zp\u011bt\" class=\"alg_back_button_input \" style=\"\" onclick=\"window.history.back()\" \/>\n<\/div><\/section>\n","protected":false},"excerpt":{"rendered":"","protected":false},"author":2,"featured_media":0,"parent":0,"menu_order":0,"comment_status":"closed","ping_status":"closed","template":"","meta":{"footnotes":""},"class_list":["post-128114","page","type-page","status-publish","hentry"],"_links":{"self":[{"href":"https:\/\/hikitec.de\/cs\/wp-json\/wp\/v2\/pages\/128114","targetHints":{"allow":["GET"]}}],"collection":[{"href":"https:\/\/hikitec.de\/cs\/wp-json\/wp\/v2\/pages"}],"about":[{"href":"https:\/\/hikitec.de\/cs\/wp-json\/wp\/v2\/types\/page"}],"author":[{"embeddable":true,"href":"https:\/\/hikitec.de\/cs\/wp-json\/wp\/v2\/users\/2"}],"replies":[{"embeddable":true,"href":"https:\/\/hikitec.de\/cs\/wp-json\/wp\/v2\/comments?post=128114"}],"version-history":[{"count":8,"href":"https:\/\/hikitec.de\/cs\/wp-json\/wp\/v2\/pages\/128114\/revisions"}],"predecessor-version":[{"id":128122,"href":"https:\/\/hikitec.de\/cs\/wp-json\/wp\/v2\/pages\/128114\/revisions\/128122"}],"wp:attachment":[{"href":"https:\/\/hikitec.de\/cs\/wp-json\/wp\/v2\/media?parent=128114"}],"curies":[{"name":"wp","href":"https:\/\/api.w.org\/{rel}","templated":true}]}}