{"id":128177,"date":"2021-04-26T16:13:55","date_gmt":"2021-04-26T14:13:55","guid":{"rendered":"https:\/\/hikitec.de\/doba-vyroby-2\/"},"modified":"2021-04-26T16:13:56","modified_gmt":"2021-04-26T14:13:56","slug":"doba-vyroby-2","status":"publish","type":"page","link":"https:\/\/hikitec.de\/cs\/doba-vyroby-2\/","title":{"rendered":"Doba v\u00fdroby"},"content":{"rendered":"<section class=\"av_textblock_section \"  itemscope=\"itemscope\" itemtype=\"https:\/\/schema.org\/CreativeWork\" ><div class='avia_textblock  '   itemprop=\"text\" ><p><strong>Jak\u00e9 jsou dodac\u00ed lh\u016fty?<\/strong><\/p>\n<\/div><\/section>\n<section class=\"av_textblock_section \"  itemscope=\"itemscope\" itemtype=\"https:\/\/schema.org\/CreativeWork\" ><div class='avia_textblock  '   itemprop=\"text\" ><p>Pokud na va\u0161\u00ed i na\u0161\u00ed stran\u011b nejsou \u017e\u00e1dn\u00e9 dal\u0161\u00ed dotazy ohledn\u011b objedn\u00e1vky, trv\u00e1 obvykle 10 a\u017e 15 pracovn\u00edch dn\u016f, ne\u017e zbo\u017e\u00ed doraz\u00ed k v\u00e1m. Podrobn\u011bj\u0161\u00ed p\u0159edb\u011b\u017en\u00e9 informace najdete v potvrzen\u00ed objedn\u00e1vky. Tam se op\u011bt dozv\u00edte p\u0159edpokl\u00e1dan\u00fd term\u00edn dod\u00e1n\u00ed po objasn\u011bn\u00ed objedn\u00e1vky.<\/p>\n<\/div><\/section>\n<section class=\"av_textblock_section \"  itemscope=\"itemscope\" itemtype=\"https:\/\/schema.org\/CreativeWork\" ><div class='avia_textblock  '   itemprop=\"text\" ><input type=\"button\" value=\"Zp\u011bt\" class=\"alg_back_button_input \" style=\"\" onclick=\"window.history.back()\" \/>\n<\/div><\/section>\n","protected":false},"excerpt":{"rendered":"","protected":false},"author":2,"featured_media":0,"parent":0,"menu_order":0,"comment_status":"closed","ping_status":"closed","template":"","meta":{"footnotes":""},"class_list":["post-128177","page","type-page","status-publish","hentry"],"_links":{"self":[{"href":"https:\/\/hikitec.de\/cs\/wp-json\/wp\/v2\/pages\/128177","targetHints":{"allow":["GET"]}}],"collection":[{"href":"https:\/\/hikitec.de\/cs\/wp-json\/wp\/v2\/pages"}],"about":[{"href":"https:\/\/hikitec.de\/cs\/wp-json\/wp\/v2\/types\/page"}],"author":[{"embeddable":true,"href":"https:\/\/hikitec.de\/cs\/wp-json\/wp\/v2\/users\/2"}],"replies":[{"embeddable":true,"href":"https:\/\/hikitec.de\/cs\/wp-json\/wp\/v2\/comments?post=128177"}],"version-history":[{"count":2,"href":"https:\/\/hikitec.de\/cs\/wp-json\/wp\/v2\/pages\/128177\/revisions"}],"predecessor-version":[{"id":128179,"href":"https:\/\/hikitec.de\/cs\/wp-json\/wp\/v2\/pages\/128177\/revisions\/128179"}],"wp:attachment":[{"href":"https:\/\/hikitec.de\/cs\/wp-json\/wp\/v2\/media?parent=128177"}],"curies":[{"name":"wp","href":"https:\/\/api.w.org\/{rel}","templated":true}]}}