{"id":128241,"date":"2021-04-28T14:29:35","date_gmt":"2021-04-28T12:29:35","guid":{"rendered":"https:\/\/hikitec.de\/stiznost\/"},"modified":"2021-04-28T14:29:37","modified_gmt":"2021-04-28T12:29:37","slug":"stiznost","status":"publish","type":"page","link":"https:\/\/hikitec.de\/cs\/stiznost\/","title":{"rendered":"St\u00ed\u017enost"},"content":{"rendered":"<section class=\"av_textblock_section \"  itemscope=\"itemscope\" itemtype=\"https:\/\/schema.org\/CreativeWork\" ><div class='avia_textblock  '   itemprop=\"text\" ><p><strong>Jak \u0159e\u0161it st\u00ed\u017enosti?<\/strong><\/p>\n<\/div><\/section>\n<section class=\"av_textblock_section \"  itemscope=\"itemscope\" itemtype=\"https:\/\/schema.org\/CreativeWork\" ><div class='avia_textblock  '   itemprop=\"text\" ><p>Klademe velk\u00fd d\u016fraz na to, abychom va\u0161i objedn\u00e1vku provedli a vyrobili p\u0159esn\u011b podle va\u0161ich p\u0159edstav. Pokud se v\u0161ak n\u011bco pokaz\u00ed, va\u0161e spokojenost je na prvn\u00edm m\u00edst\u011b. Nev\u00e1hejte se obr\u00e1tit na svou osobn\u00ed kontaktn\u00ed osobu a my se pokus\u00edme chybu co nejd\u0159\u00edve napravit.<br \/>\nDa alle Produkte auf Wunsch und nach Ihren individuellen Vorstellungen angefertigt werden, gelten keine allgemeinen K\u00fcndigungsbestimmungen oder Widerrufsrechte.<\/p>\n<\/div><\/section>\n<section class=\"av_textblock_section \"  itemscope=\"itemscope\" itemtype=\"https:\/\/schema.org\/CreativeWork\" ><div class='avia_textblock  '   itemprop=\"text\" ><input type=\"button\" value=\"Zp\u011bt\" class=\"alg_back_button_input \" style=\"\" onclick=\"window.history.back()\" \/>\n<\/div><\/section>\n","protected":false},"excerpt":{"rendered":"","protected":false},"author":2,"featured_media":0,"parent":0,"menu_order":0,"comment_status":"closed","ping_status":"closed","template":"","meta":{"footnotes":""},"class_list":["post-128241","page","type-page","status-publish","hentry"],"_links":{"self":[{"href":"https:\/\/hikitec.de\/cs\/wp-json\/wp\/v2\/pages\/128241","targetHints":{"allow":["GET"]}}],"collection":[{"href":"https:\/\/hikitec.de\/cs\/wp-json\/wp\/v2\/pages"}],"about":[{"href":"https:\/\/hikitec.de\/cs\/wp-json\/wp\/v2\/types\/page"}],"author":[{"embeddable":true,"href":"https:\/\/hikitec.de\/cs\/wp-json\/wp\/v2\/users\/2"}],"replies":[{"embeddable":true,"href":"https:\/\/hikitec.de\/cs\/wp-json\/wp\/v2\/comments?post=128241"}],"version-history":[{"count":5,"href":"https:\/\/hikitec.de\/cs\/wp-json\/wp\/v2\/pages\/128241\/revisions"}],"predecessor-version":[{"id":128246,"href":"https:\/\/hikitec.de\/cs\/wp-json\/wp\/v2\/pages\/128241\/revisions\/128246"}],"wp:attachment":[{"href":"https:\/\/hikitec.de\/cs\/wp-json\/wp\/v2\/media?parent=128241"}],"curies":[{"name":"wp","href":"https:\/\/api.w.org\/{rel}","templated":true}]}}