{"id":128282,"date":"2021-04-28T15:24:18","date_gmt":"2021-04-28T13:24:18","guid":{"rendered":"https:\/\/hikitec.de\/sluzba-zpetneho-volani\/"},"modified":"2021-04-28T15:29:34","modified_gmt":"2021-04-28T13:29:34","slug":"sluzba-zpetneho-volani","status":"publish","type":"page","link":"https:\/\/hikitec.de\/cs\/sluzba-zpetneho-volani\/","title":{"rendered":"Slu\u017eba zp\u011btn\u00e9ho vol\u00e1n\u00ed"},"content":{"rendered":"<form action=\"https:\/\/hikitec.de\/cs\/sluzba-zpetneho-volani\/\" method=\"post\"  class=\"avia_ajax_form av-form-labels-visible   avia-builder-el-0  avia-builder-el-no-sibling   \" data-avia-form-id=\"1\" data-avia-redirect='' ><h3 class=''>Slu\u017eba zp\u011btn\u00e9ho vol\u00e1n\u00ed<\/h3><fieldset><p class='  first_form  form_element form_fullwidth' id='element_avia_1_1'><label for=\"avia_1_1\">Jm\u00e9no a p\u0159\u00edjmen\u00ed<\/label> <input name=\"avia_1_1\" class=\"text_input \" type=\"text\" id=\"avia_1_1\" value=\"\" \/><\/p><p class='  first_form  form_element form_fullwidth' id='element_avia_2_1'><label for=\"avia_2_1\">Telefonn\u00ed \u010d\u00edslo <abbr class=\"required\" title=\"required\">*<\/abbr><\/label> <input name=\"avia_2_1\" class=\"text_input is_phone\" type=\"text\" id=\"avia_2_1\" value=\"\" \/><\/p><p class=' first_form  form_element form_fullwidth' id='element_avia_3_1'>    <input  name=\"avia_3_1\" class=\"input_checkbox is_empty\" type=\"checkbox\" id=\"avia_3_1\" value=\"true\"\/><label class=\"input_checkbox_label\" for=\"avia_3_1\">Ich habe den Datenschutzhinweis gelesen und zur Kenntnis genommen. <abbr class=\"required\" title=\"required\">*<\/abbr><\/label><\/p><div id='avia_4_1' class='av-form-text'><p>\n* Vzal\/a jsem na v\u011bdom\u00ed informace o <a href=\"http:\/\/hikitec.de\/datenschutz\/\" target=\"_blank\" rel=\"noopener\">ochran\u011b osobn\u00edch \u00fadaj\u016f<\/a>, jako\u017e i informace o odvol\u00e1n\u00ed a souhlas\u00edm s nimi.Kompakt: Informace o ochran\u011b osobn\u00edch \u00fadaj\u016f Va\u0161e e-mailov\u00e1 adresa bude pou\u017eita pouze za \u00fa\u010delem vy\u0159\u00edzen\u00ed va\u0161\u00ed \u017e\u00e1dosti spole\u010dnosti HIKITEC. Obsahuje informace o produktech, sez\u00f3nn\u00edch akc\u00edch nebo novink\u00e1ch. Va\u0161e e-mailov\u00e1 adresa nebude nikdy p\u0159ed\u00e1na t\u0159et\u00edm stran\u00e1m pro reklamn\u00ed \u00fa\u010dely a bude pou\u017eita pouze v r\u00e1mci zas\u00edl\u00e1n\u00ed newsletteru.<\/p>\n<p>Upozorn\u011bn\u00ed na odvolatelnost Tento souhlas m\u016f\u017eete kdykoli odvolat odhl\u00e1\u0161en\u00edm ze seznamu. Pokyny k odhl\u00e1\u0161en\u00ed jsou sou\u010d\u00e1st\u00ed ka\u017ed\u00e9ho newsletteru.<\/p>\n<\/div><p class=\"hidden\"><input type=\"text\" name=\"avia_5_1\" class=\"hidden \" id=\"avia_5_1\" value=\"\" \/><\/p><p class=\"form_element \"><input type=\"hidden\" value=\"1\" name=\"avia_generated_form1\" \/><input type=\"submit\" value=\"Odvol\u00e1n\u00ed\" class=\"button\"  data-sending-label=\"Sending\"\/><\/p><\/fieldset><\/form><div id=\"ajaxresponse_1\" class=\"ajaxresponse ajaxresponse_1 hidden\"><\/div>\n","protected":false},"excerpt":{"rendered":"","protected":false},"author":2,"featured_media":0,"parent":0,"menu_order":0,"comment_status":"closed","ping_status":"closed","template":"","meta":{"footnotes":""},"class_list":["post-128282","page","type-page","status-publish","hentry"],"_links":{"self":[{"href":"https:\/\/hikitec.de\/cs\/wp-json\/wp\/v2\/pages\/128282","targetHints":{"allow":["GET"]}}],"collection":[{"href":"https:\/\/hikitec.de\/cs\/wp-json\/wp\/v2\/pages"}],"about":[{"href":"https:\/\/hikitec.de\/cs\/wp-json\/wp\/v2\/types\/page"}],"author":[{"embeddable":true,"href":"https:\/\/hikitec.de\/cs\/wp-json\/wp\/v2\/users\/2"}],"replies":[{"embeddable":true,"href":"https:\/\/hikitec.de\/cs\/wp-json\/wp\/v2\/comments?post=128282"}],"version-history":[{"count":4,"href":"https:\/\/hikitec.de\/cs\/wp-json\/wp\/v2\/pages\/128282\/revisions"}],"predecessor-version":[{"id":128294,"href":"https:\/\/hikitec.de\/cs\/wp-json\/wp\/v2\/pages\/128282\/revisions\/128294"}],"wp:attachment":[{"href":"https:\/\/hikitec.de\/cs\/wp-json\/wp\/v2\/media?parent=128282"}],"curies":[{"name":"wp","href":"https:\/\/api.w.org\/{rel}","templated":true}]}}