{"id":128708,"date":"2021-04-28T16:20:58","date_gmt":"2021-04-28T14:20:58","guid":{"rendered":"https:\/\/hikitec.de\/zvlastni-clanek\/"},"modified":"2021-04-28T16:20:58","modified_gmt":"2021-04-28T14:20:58","slug":"zvlastni-clanek","status":"publish","type":"page","link":"https:\/\/hikitec.de\/cs\/zvlastni-clanek\/","title":{"rendered":"Zvl\u00e1\u0161tn\u00ed \u010dl\u00e1nek"},"content":{"rendered":"<section class=\"av_textblock_section \"  itemscope=\"itemscope\" itemtype=\"https:\/\/schema.org\/CreativeWork\" ><div class='avia_textblock  '   itemprop=\"text\" ><p><b>Nab\u00edz\u00ed HIKITEC tak\u00e9 zbo\u017e\u00ed, kter\u00e9 nen\u00ed k dispozici v obchod\u011b?<\/b><\/p>\n<\/div><\/section>\n<section class=\"av_textblock_section \"  itemscope=\"itemscope\" itemtype=\"https:\/\/schema.org\/CreativeWork\" ><div class='avia_textblock  '   itemprop=\"text\" ><p>Ano, na vy\u017e\u00e1d\u00e1n\u00ed v\u00e1m m\u016f\u017eeme nab\u00eddnout \u0161irokou \u0161k\u00e1lu dal\u0161\u00edch \u010dl\u00e1nk\u016f. Pat\u0159\u00ed sem i neobvykl\u00e1 speci\u00e1ln\u00ed p\u0159\u00e1n\u00ed a jedine\u010dn\u00e9 v\u00fdrobky na zak\u00e1zku. Krom\u011b toho pro v\u00e1s r\u00e1di sestav\u00edme jednotliv\u00e9 sady propaga\u010dn\u00edch produkt\u016f nebo pro v\u00e1s vyhled\u00e1me ten spr\u00e1vn\u00fd propaga\u010dn\u00ed produkt. Kontaktujte n\u00e1s, r\u00e1di v\u00e1m pom\u016f\u017eeme!<\/p>\n<\/div><\/section>\n<section class=\"av_textblock_section \"  itemscope=\"itemscope\" itemtype=\"https:\/\/schema.org\/CreativeWork\" ><div class='avia_textblock  '   itemprop=\"text\" ><input type=\"button\" value=\"Zp\u011bt\" class=\"alg_back_button_input \" style=\"\" onclick=\"window.history.back()\" \/>\n<\/div><\/section>\n","protected":false},"excerpt":{"rendered":"","protected":false},"author":2,"featured_media":0,"parent":0,"menu_order":0,"comment_status":"closed","ping_status":"closed","template":"","meta":{"footnotes":""},"class_list":["post-128708","page","type-page","status-publish","hentry"],"_links":{"self":[{"href":"https:\/\/hikitec.de\/cs\/wp-json\/wp\/v2\/pages\/128708","targetHints":{"allow":["GET"]}}],"collection":[{"href":"https:\/\/hikitec.de\/cs\/wp-json\/wp\/v2\/pages"}],"about":[{"href":"https:\/\/hikitec.de\/cs\/wp-json\/wp\/v2\/types\/page"}],"author":[{"embeddable":true,"href":"https:\/\/hikitec.de\/cs\/wp-json\/wp\/v2\/users\/2"}],"replies":[{"embeddable":true,"href":"https:\/\/hikitec.de\/cs\/wp-json\/wp\/v2\/comments?post=128708"}],"version-history":[{"count":2,"href":"https:\/\/hikitec.de\/cs\/wp-json\/wp\/v2\/pages\/128708\/revisions"}],"predecessor-version":[{"id":128710,"href":"https:\/\/hikitec.de\/cs\/wp-json\/wp\/v2\/pages\/128708\/revisions\/128710"}],"wp:attachment":[{"href":"https:\/\/hikitec.de\/cs\/wp-json\/wp\/v2\/media?parent=128708"}],"curies":[{"name":"wp","href":"https:\/\/api.w.org\/{rel}","templated":true}]}}