{"id":128751,"date":"2021-04-29T08:18:35","date_gmt":"2021-04-29T06:18:35","guid":{"rendered":"https:\/\/hikitec.de\/pripojeni-k-obchodu\/"},"modified":"2021-04-29T08:18:44","modified_gmt":"2021-04-29T06:18:44","slug":"pripojeni-k-obchodu","status":"publish","type":"page","link":"https:\/\/hikitec.de\/cs\/pripojeni-k-obchodu\/","title":{"rendered":"P\u0159ipojen\u00ed k obchodu"},"content":{"rendered":"\n<style type=\"text\/css\" id=\"style-css-av-4tsi39n-6bcf9f9e7c8997be6d1e91cbda745bc3\">\n#top .flex_column.av-4tsi39n-6bcf9f9e7c8997be6d1e91cbda745bc3{\nborder-radius:0px;\n-webkit-border-radius:0px;\n-moz-border-radius:0px;\npadding:0px;\n}\n<\/style>\n<div class='flex_column av-4tsi39n-6bcf9f9e7c8997be6d1e91cbda745bc3 av_one_full  avia-builder-el-0  el_before_av_one_half  avia-builder-el-first  first flex_column_div av-zero-column-padding '   ><section class=\"av_textblock_section \"  itemscope=\"itemscope\" itemtype=\"https:\/\/schema.org\/CreativeWork\" ><div class='avia_textblock  '   itemprop=\"text\" ><p><strong>Implementace na\u0161ich produkt\u016f ve va\u0161em internetov\u00e9m obchod\u011b!<\/strong><\/p>\n<p>Provozujete internetov\u00fd obchod a r\u00e1di byste ho doplnili na\u0161imi \u010dl\u00e1nky? Pova\u017eujete \u010dasto se m\u011bn\u00edc\u00ed ceny za v\u00fdzvu, kterou byste obt\u00ed\u017en\u011b zvl\u00e1dali sami z hlediska person\u00e1lu?<br \/>\n<strong><strong>Na\u0161i profesion\u00e1ln\u00ed technici v\u00e1m r\u00e1di pomohou s realizac\u00ed va\u0161ich n\u00e1pad\u016f nebo implementac\u00ed na\u0161ich produkt\u016f do va\u0161eho internetov\u00e9ho obchodu!<\/strong> &#8211; aby ob\u011b strany mohly optim\u00e1ln\u011b pracovat a vyu\u017e\u00edt sv\u00fdch v\u00fdhod.<\/strong> Vyberte si z n\u011bkolika p\u0159ipraven\u00fdch CSV pro import do webov\u00e9ho obchodu nebo si nechte naprogramovat vlastn\u00ed rozhran\u00ed.<\/p>\n<\/div><\/section><\/div>\n<style type=\"text\/css\" id=\"style-css-av-4jx4ga3-18a013b116f794b3b4b6f991bed71822\">\n#top .flex_column.av-4jx4ga3-18a013b116f794b3b4b6f991bed71822{\nborder-radius:0px;\n-webkit-border-radius:0px;\n-moz-border-radius:0px;\npadding:0px;\n}\n<\/style>\n<div class='flex_column av-4jx4ga3-18a013b116f794b3b4b6f991bed71822 av_one_half  avia-builder-el-2  el_after_av_one_full  el_before_av_one_half  first flex_column_div av-zero-column-padding column-top-margin'   ><section class=\"av_textblock_section \"  itemscope=\"itemscope\" itemtype=\"https:\/\/schema.org\/CreativeWork\" ><div class='avia_textblock  '   itemprop=\"text\" ><p><img decoding=\"async\" id=\"imi\" class=\"n3VNCb\" src=\"https:\/\/www.dsconsult.de\/wp-content\/uploads\/2020\/09\/photocase_3378584.jpg\" alt=\"V\u00fdsledek obr\u00e1zku pro P\u0159ipojen\u00ed k obchodu\" data-deferred=\"1\" data-w=\"2450\" data-h=\"1633\" data-atf=\"true\" data-iml=\"1028\"><\/p>\n<\/div><\/section><\/div><\/p>\n\n<style type=\"text\/css\" id=\"style-css-av-3u6d417-a6d3f434f213fd7d2b63c985a9ba8cfa\">\n#top .flex_column.av-3u6d417-a6d3f434f213fd7d2b63c985a9ba8cfa{\nborder-radius:0px;\n-webkit-border-radius:0px;\n-moz-border-radius:0px;\npadding:0px;\n}\n<\/style>\n<div class='flex_column av-3u6d417-a6d3f434f213fd7d2b63c985a9ba8cfa av_one_half  avia-builder-el-4  el_after_av_one_half  el_before_av_one_half  flex_column_div av-zero-column-padding column-top-margin'   ><section class=\"av_textblock_section \"  itemscope=\"itemscope\" itemtype=\"https:\/\/schema.org\/CreativeWork\" ><div class='avia_textblock  '   itemprop=\"text\" ><p class=\"hl-wawi\"><strong>Vyu\u017eijte v\u0161echny v\u00fdhody!<\/strong><\/p>\n<p>Vyu\u017eijte v\u0161echny v\u00fdhody! Rozhran\u00ed umo\u017e\u0148uje optimalizovat dal\u0161\u00ed kroky v ka\u017edodenn\u00ed pr\u00e1ci &#8211; a\u0165 u\u017e p\u0159i prodeji, p\u0159\u00edprav\u011b nab\u00eddek nebo prezentaci obchodu. \u0160irok\u00e1 \u0161k\u00e1la mo\u017enost\u00ed automatizace v\u00e1m pom\u016f\u017ee efektivn\u011b \u0159e\u0161it opakuj\u00edc\u00ed se \u00falohy. To v\u00e1m d\u00e1v\u00e1 volnost, kterou pot\u0159ebujete pro n\u00e1ro\u010dn\u00e9 strategick\u00e9 \u010dinnosti.<\/p>\n<p>V\u00fdm\u011bna dat mezi va\u0161\u00edm syst\u00e9mem a na\u0161\u00edm portfoliem produkt\u016f m\u016f\u017ee b\u00fdt zcela automatizovan\u00e1. Data o produktech dod\u00e1v\u00e1me ve form\u00e1tu CSV nebo XML prost\u0159ednictv\u00edm FTP nebo jako URL.<\/p>\n<p>To umo\u017e\u0148uje p\u0159\u00edm\u00e9 propojen\u00ed s r\u016fzn\u00fdmi syst\u00e9my, jako jsou internetov\u00e9 obchody, spr\u00e1va zbo\u017e\u00ed nebo tr\u017ei\u0161t\u011b, aby bylo mo\u017en\u00e9 realizovat propojen\u00ed s dodavateli.<\/p>\n<p>plentymarkets<br \/>\nMagento<br \/>\nShopware<br \/>\nVeloconnect<br \/>\nPriceminister<br \/>\nP\u0159ecen\u011bn\u00ed slu\u017eeb pro automatickou optimalizaci cen<br \/>\nP\u0159ipojen\u00ed libovoln\u00e9ho syst\u00e9mu prost\u0159ednictv\u00edm n\u00e1stroj\u016f API-Connector (nap\u0159. pro v\u0161echna p\u0159ipojen\u00ed API, CSV nebo XML).<\/p>\n<\/div><\/section><\/div>\n<style type=\"text\/css\" id=\"style-css-av-1azttd7-8d290d0f63a478e7fef4c53484856741\">\n#top .flex_column.av-1azttd7-8d290d0f63a478e7fef4c53484856741{\nborder-radius:0px;\n-webkit-border-radius:0px;\n-moz-border-radius:0px;\npadding:0px;\n}\n<\/style>\n<div class='flex_column av-1azttd7-8d290d0f63a478e7fef4c53484856741 av_one_half  avia-builder-el-6  el_after_av_one_half  el_before_av_one_half  first flex_column_div av-zero-column-padding column-top-margin'   ><section class=\"av_textblock_section \"  itemscope=\"itemscope\" itemtype=\"https:\/\/schema.org\/CreativeWork\" ><div class='avia_textblock  '   itemprop=\"text\" ><p class=\"display-4\"><strong>Vzbudili jsme v\u00e1\u0161 z\u00e1jem?<\/strong><\/p>\n<p>Zaregistrujte se nyn\u00ed zdarma. Pou\u017e\u00edvejte v\u0161echna dostupn\u00e1 rozhran\u00ed a funkce zdarma.<\/p>\n<\/div><\/section><\/div>\n<style type=\"text\/css\" id=\"style-css-av-mp81pn-c09501cdc96b2638634489734cab2388\">\n#top .flex_column.av-mp81pn-c09501cdc96b2638634489734cab2388{\nborder-radius:0px;\n-webkit-border-radius:0px;\n-moz-border-radius:0px;\npadding:0px;\n}\n<\/style>\n<div class='flex_column av-mp81pn-c09501cdc96b2638634489734cab2388 av_one_half  avia-builder-el-8  el_after_av_one_half  el_before_av_one_full  flex_column_div av-zero-column-padding column-top-margin'   ><\/div><\/p>\n\n<style type=\"text\/css\" id=\"style-css-av-2w92mtn-d0ad08941405190dd19c32dc9e2c65ec\">\n#top .flex_column.av-2w92mtn-d0ad08941405190dd19c32dc9e2c65ec{\nborder-radius:0px;\n-webkit-border-radius:0px;\n-moz-border-radius:0px;\npadding:0px;\n}\n<\/style>\n<div class='flex_column av-2w92mtn-d0ad08941405190dd19c32dc9e2c65ec av_one_full  avia-builder-el-9  el_after_av_one_half  el_before_av_one_full  first flex_column_div av-zero-column-padding column-top-margin'   ><form action=\"https:\/\/hikitec.de\/cs\/pripojeni-k-obchodu\/\" method=\"post\"  class=\"avia_ajax_form av-form-labels-visible   avia-builder-el-10  avia-builder-el-no-sibling   \" data-avia-form-id=\"1\" data-avia-redirect='' ><fieldset><p class='  first_form  form_element form_fullwidth' id='element_avia_1_1'><label for=\"avia_1_1\">N\u00e1zev <abbr class=\"required\" title=\"required\">*<\/abbr><\/label> <input name=\"avia_1_1\" class=\"text_input is_empty\" type=\"text\" id=\"avia_1_1\" value=\"\" \/><\/p><p class='  first_form  form_element form_fullwidth' id='element_avia_2_1'><label for=\"avia_2_1\">E-mail <abbr class=\"required\" title=\"required\">*<\/abbr><\/label> <input name=\"avia_2_1\" class=\"text_input is_email\" type=\"text\" id=\"avia_2_1\" value=\"\" \/><\/p><div id='avia_3_1' class='av-form-text'><p>\nP\u0159ipojen\u00ed k obchodu<\/p>\n<\/div><p class='  first_form  form_element form_fullwidth' id='element_avia_4_1'><label for=\"avia_4_1\" class=\"textare_label hidden textare_label_avia_4_1\">Zpr\u00e1va <abbr class=\"required\" title=\"required\">*<\/abbr><\/label><textarea  name=\"avia_4_1\" class=\"text_area is_empty\" cols=\"40\" rows=\"7\" id=\"avia_4_1\" ><\/textarea><\/p><p class=\"hidden\"><input type=\"text\" name=\"avia_5_1\" class=\"hidden \" id=\"avia_5_1\" value=\"\" \/><\/p><p class='   form_element form_fullwidth' id='element_avia_6_1'><span class='value_verifier_label'>6 + 1 = ?<\/span><input name=\"avia_6_1_verifier\" type=\"hidden\" id=\"avia_6_1_verifier\" value=\"878477414\"\/><label for=\"avia_6_1\">Please prove that you are human by solving the equation <abbr class=\"required\" title=\"required\">*<\/abbr><\/label><input name=\"avia_6_1\" class=\"text_input captcha\" type=\"text\" id=\"avia_6_1\" value=\"\"\/><\/p><p class=\"form_element \"><input type=\"hidden\" value=\"1\" name=\"avia_generated_form1\" \/><input type=\"submit\" value=\"Senden\" class=\"button\"  data-sending-label=\"Sending\"\/><\/p><\/fieldset><\/form><div id=\"ajaxresponse_1\" class=\"ajaxresponse ajaxresponse_1 hidden\"><\/div><\/div>\n\n<style type=\"text\/css\" id=\"style-css-av-p411pn-f626285fd8ce9d12826db4fe914e8ba8\">\n#top .flex_column.av-p411pn-f626285fd8ce9d12826db4fe914e8ba8{\nborder-radius:0px;\n-webkit-border-radius:0px;\n-moz-border-radius:0px;\npadding:0px;\n}\n<\/style>\n<div class='flex_column av-p411pn-f626285fd8ce9d12826db4fe914e8ba8 av_one_full  avia-builder-el-11  el_after_av_one_full  avia-builder-el-last  first flex_column_div av-zero-column-padding column-top-margin'   ><section class=\"av_textblock_section \"  itemscope=\"itemscope\" itemtype=\"https:\/\/schema.org\/CreativeWork\" ><div class='avia_textblock  '   itemprop=\"text\" ><input type=\"button\" value=\"Zp\u011bt\" class=\"alg_back_button_input \" style=\"\" onclick=\"window.history.back()\" \/>\n<\/div><\/section><\/div>\n","protected":false},"excerpt":{"rendered":"","protected":false},"author":2,"featured_media":0,"parent":0,"menu_order":0,"comment_status":"closed","ping_status":"closed","template":"","meta":{"footnotes":""},"class_list":["post-128751","page","type-page","status-publish","hentry"],"_links":{"self":[{"href":"https:\/\/hikitec.de\/cs\/wp-json\/wp\/v2\/pages\/128751","targetHints":{"allow":["GET"]}}],"collection":[{"href":"https:\/\/hikitec.de\/cs\/wp-json\/wp\/v2\/pages"}],"about":[{"href":"https:\/\/hikitec.de\/cs\/wp-json\/wp\/v2\/types\/page"}],"author":[{"embeddable":true,"href":"https:\/\/hikitec.de\/cs\/wp-json\/wp\/v2\/users\/2"}],"replies":[{"embeddable":true,"href":"https:\/\/hikitec.de\/cs\/wp-json\/wp\/v2\/comments?post=128751"}],"version-history":[{"count":11,"href":"https:\/\/hikitec.de\/cs\/wp-json\/wp\/v2\/pages\/128751\/revisions"}],"predecessor-version":[{"id":128762,"href":"https:\/\/hikitec.de\/cs\/wp-json\/wp\/v2\/pages\/128751\/revisions\/128762"}],"wp:attachment":[{"href":"https:\/\/hikitec.de\/cs\/wp-json\/wp\/v2\/media?parent=128751"}],"curies":[{"name":"wp","href":"https:\/\/api.w.org\/{rel}","templated":true}]}}