{"id":128829,"date":"2021-04-29T08:38:36","date_gmt":"2021-04-29T06:38:36","guid":{"rendered":"https:\/\/hikitec.de\/pudorys\/"},"modified":"2021-04-29T08:38:41","modified_gmt":"2021-04-29T06:38:41","slug":"pudorys","status":"publish","type":"page","link":"https:\/\/hikitec.de\/cs\/pudorys\/","title":{"rendered":"P\u016fdorys"},"content":{"rendered":"<section class=\"av_textblock_section \"  itemscope=\"itemscope\" itemtype=\"https:\/\/schema.org\/CreativeWork\" ><div class='avia_textblock  '   itemprop=\"text\" ><p><strong>Co je to n\u00e1\u010drtek stojanu &#8211; virtu\u00e1ln\u00ed n\u00e1hled tisku?<\/strong><\/p>\n<\/div><\/section>\n\n<style type=\"text\/css\" id=\"style-css-av-bawoqv-d6b62303bb25afa3e85bde3d6e144e8a\">\n#top .flex_column.av-bawoqv-d6b62303bb25afa3e85bde3d6e144e8a{\nborder-radius:0px;\n-webkit-border-radius:0px;\n-moz-border-radius:0px;\npadding:0px;\n}\n<\/style>\n<div class='flex_column av-bawoqv-d6b62303bb25afa3e85bde3d6e144e8a av_one_full  avia-builder-el-1  el_after_av_textblock  el_before_av_one_half  first flex_column_div av-zero-column-padding column-top-margin'   ><section class=\"av_textblock_section \"  itemscope=\"itemscope\" itemtype=\"https:\/\/schema.org\/CreativeWork\" ><div class='avia_textblock  '   itemprop=\"text\" ><p><strong>Virtu\u00e1ln\u00ed n\u00e1hled tisku<\/strong> je elektronick\u00fd dokument (obvykle soubor pdf), kter\u00fd ukazuje, jak bude va\u0161e logo vypadat na p\u0159\u00edslu\u0161n\u00e9m produktu.<\/p>\n<p><strong>P\u0159\u00edklad:<\/strong><\/p>\n<\/div><\/section><\/div>\n\n<style type=\"text\/css\" id=\"style-css-av-8qlutz-4ae6f8d6cbc44eb205bc8c3077b60056\">\n#top .flex_column.av-8qlutz-4ae6f8d6cbc44eb205bc8c3077b60056{\nborder-radius:0px;\n-webkit-border-radius:0px;\n-moz-border-radius:0px;\npadding:0px;\n}\n<\/style>\n<div class='flex_column av-8qlutz-4ae6f8d6cbc44eb205bc8c3077b60056 av_one_half  avia-builder-el-3  el_after_av_one_full  el_before_av_one_half  first flex_column_div av-zero-column-padding column-top-margin'   ><section class=\"av_textblock_section \"  itemscope=\"itemscope\" itemtype=\"https:\/\/schema.org\/CreativeWork\" ><div class='avia_textblock  '   itemprop=\"text\" ><p><img loading=\"lazy\" decoding=\"async\" class=\"size-large wp-image-10149 alignleft\" src=\"https:\/\/hikitec.de\/wp-content\/uploads\/2020\/05\/Standskizze_Beispiel-776x1030.png\" alt=\"\" width=\"776\" height=\"1030\" srcset=\"https:\/\/hikitec.de\/wp-content\/uploads\/2020\/05\/Standskizze_Beispiel-776x1030.png 776w, https:\/\/hikitec.de\/wp-content\/uploads\/2020\/05\/Standskizze_Beispiel-226x300.png 226w, https:\/\/hikitec.de\/wp-content\/uploads\/2020\/05\/Standskizze_Beispiel-768x1019.png 768w, https:\/\/hikitec.de\/wp-content\/uploads\/2020\/05\/Standskizze_Beispiel-1157x1536.png 1157w, https:\/\/hikitec.de\/wp-content\/uploads\/2020\/05\/Standskizze_Beispiel-1543x2048.png 1543w, https:\/\/hikitec.de\/wp-content\/uploads\/2020\/05\/Standskizze_Beispiel-1130x1500.png 1130w, https:\/\/hikitec.de\/wp-content\/uploads\/2020\/05\/Standskizze_Beispiel-531x705.png 531w, https:\/\/hikitec.de\/wp-content\/uploads\/2020\/05\/Standskizze_Beispiel-450x597.png 450w\" sizes=\"auto, (max-width: 776px) 100vw, 776px\" \/><\/p>\n<\/div><\/section><\/div>\n\n<style type=\"text\/css\" id=\"style-css-av-7kq0fb-0de1b6ba01e8141760f0334c41be0457\">\n#top .flex_column.av-7kq0fb-0de1b6ba01e8141760f0334c41be0457{\nborder-radius:0px;\n-webkit-border-radius:0px;\n-moz-border-radius:0px;\npadding:0px;\n}\n<\/style>\n<div class='flex_column av-7kq0fb-0de1b6ba01e8141760f0334c41be0457 av_one_half  avia-builder-el-5  el_after_av_one_half  el_before_av_one_full  flex_column_div av-zero-column-padding column-top-margin'   ><section class=\"av_textblock_section \"  itemscope=\"itemscope\" itemtype=\"https:\/\/schema.org\/CreativeWork\" ><div class='avia_textblock  '   itemprop=\"text\" ><p>*1: Informace o modelu<\/p>\n<p>*2: Pohled zep\u0159edu, obvykle horn\u00ed strana po zapojen\u00ed do portu USB<\/p>\n<p>*3: Grafika se zjemn\u011bnou oblast\u00ed p\u0159edn\u00ed strany<\/p>\n<p>*4: Informace o povrchov\u00e9 \u00faprav\u011b p\u0159edn\u00ed strany<\/p>\n<p>*5: Pohled zezadu, obvykle spodn\u00ed strana p\u0159i zapojen\u00ed do portu USB<\/p>\n<p>*6: Grafika se zadn\u00ed zu\u0161lech\u0165ovac\u00ed plochou<\/p>\n<p>*7: Informace o povrchov\u00e9 \u00faprav\u011b zadn\u00ed strany<\/p>\n<p>*8: Podrobn\u00fd text pozn\u00e1mky<\/p>\n<\/div><\/section><\/div>\n\n<style type=\"text\/css\" id=\"style-css-av-5co2fb-af36fa8946b6477495d70a3e5908634c\">\n#top .flex_column.av-5co2fb-af36fa8946b6477495d70a3e5908634c{\nborder-radius:0px;\n-webkit-border-radius:0px;\n-moz-border-radius:0px;\npadding:0px;\n}\n<\/style>\n<div class='flex_column av-5co2fb-af36fa8946b6477495d70a3e5908634c av_one_full  avia-builder-el-7  el_after_av_one_half  el_before_av_one_full  first flex_column_div av-zero-column-padding column-top-margin'   ><section class=\"av_textblock_section \"  itemscope=\"itemscope\" itemtype=\"https:\/\/schema.org\/CreativeWork\" ><div class='avia_textblock  '   itemprop=\"text\" ><p>Pohled zep\u0159edu:<\/p>\n<p><img loading=\"lazy\" decoding=\"async\" class=\"aligncenter size-medium wp-image-9848\" src=\"https:\/\/hikitec.de\/wp-content\/uploads\/2020\/05\/1-300x300.jpg\" alt=\"\" width=\"300\" height=\"300\" srcset=\"https:\/\/hikitec.de\/wp-content\/uploads\/2020\/05\/1-300x300.jpg 300w, https:\/\/hikitec.de\/wp-content\/uploads\/2020\/05\/1-1030x1030.jpg 1030w, https:\/\/hikitec.de\/wp-content\/uploads\/2020\/05\/1-80x80.jpg 80w, https:\/\/hikitec.de\/wp-content\/uploads\/2020\/05\/1-768x768.jpg 768w, https:\/\/hikitec.de\/wp-content\/uploads\/2020\/05\/1-1536x1536.jpg 1536w, https:\/\/hikitec.de\/wp-content\/uploads\/2020\/05\/1-36x36.jpg 36w, https:\/\/hikitec.de\/wp-content\/uploads\/2020\/05\/1-180x180.jpg 180w, https:\/\/hikitec.de\/wp-content\/uploads\/2020\/05\/1-1500x1500.jpg 1500w, https:\/\/hikitec.de\/wp-content\/uploads\/2020\/05\/1-705x705.jpg 705w, https:\/\/hikitec.de\/wp-content\/uploads\/2020\/05\/1-120x120.jpg 120w, https:\/\/hikitec.de\/wp-content\/uploads\/2020\/05\/1-450x450.jpg 450w, https:\/\/hikitec.de\/wp-content\/uploads\/2020\/05\/1.jpg 1728w\" sizes=\"auto, (max-width: 300px) 100vw, 300px\" \/><\/p>\n<\/div><\/section><\/div>\n\n<style type=\"text\/css\" id=\"style-css-av-3t6w9z-15162e444cc9422c676491d51ac5dc1b\">\n#top .flex_column.av-3t6w9z-15162e444cc9422c676491d51ac5dc1b{\nborder-radius:0px;\n-webkit-border-radius:0px;\n-moz-border-radius:0px;\npadding:0px;\n}\n<\/style>\n<div class='flex_column av-3t6w9z-15162e444cc9422c676491d51ac5dc1b av_one_full  avia-builder-el-9  el_after_av_one_full  el_before_av_one_full  first flex_column_div av-zero-column-padding column-top-margin'   ><section class=\"av_textblock_section \"  itemscope=\"itemscope\" itemtype=\"https:\/\/schema.org\/CreativeWork\" ><div class='avia_textblock  '   itemprop=\"text\" ><p>Pot\u00e9, co n\u00e1m poskytnete sv\u00e9 logo, v\u00e1m b\u011bhem n\u011bkolika hodin zdarma vytvo\u0159\u00edme n\u00e1hled pro tisk! Pokud v\u0161ak chcete prov\u00e9st objedn\u00e1vku, slou\u017e\u00ed n\u00e1hled jako \u0161ablona pro v\u00fdrobu. Proto je d\u016fle\u017eit\u00e9, aby n\u00e1hled p\u0159esn\u011b odpov\u00eddal va\u0161im p\u0159\u00e1n\u00edm a abyste n\u00e1s informovali o p\u0159\u00edpadn\u00fdch zm\u011bn\u00e1ch.<\/p>\n<p><strong>Kontroln\u00ed seznam:<\/strong><\/p>\n<ul>\n<li>Pravopis<\/li>\n<li>Zarovn\u00e1n\u00ed loga\/textu<\/li>\n<li>Velikost a um\u00edst\u011bn\u00ed loga\/textu<\/li>\n<li><a href=\"https:\/\/hikitec.de\/pantone\/\">\u010c\u00edsla barev Pantone\u00ae<\/a><\/li>\n<li>Zvl\u00e1\u0161tn\u00ed rysy n\u00e1vrhu loga<\/li>\n<li>Zkontrolujte z\u00e1sady spole\u010dnosti<\/li>\n<\/ul>\n<p><strong>Doporu\u010den\u00ed:<\/strong><\/p>\n<ul>\n<li>V\u00fd\u0161ka p\u00edsmen by nem\u011bla b\u00fdt men\u0161\u00ed ne\u017e 1,3 mm.<\/li>\n<li>\u0160\u00ed\u0159ka \u010d\u00e1ry (i u p\u00edsmen) by nem\u011bla b\u00fdt men\u0161\u00ed ne\u017e 0,4 mm.<\/li>\n<\/ul>\n<p>Pro dosa\u017een\u00ed optim\u00e1ln\u00edho v\u00fdsledku p\u0159i dokon\u010dov\u00e1n\u00ed doporu\u010dujeme tlou\u0161\u0165ku stehu nejm\u00e9n\u011b 1 mm.<\/p>\n<p>Upozor\u0148ujeme, \u017ee seznam je pouze orienta\u010dn\u00ed a nemus\u00ed b\u00fdt \u00fapln\u00fd. Tento tiskov\u00fd n\u00e1hled slou\u017e\u00ed jako \u0161ablona pro produkton va\u0161\u00ed objedn\u00e1vky. Pe\u010dliv\u011b si d\u016fkaz zkontrolujte a informujte n\u00e1s, pokud m\u00e1te n\u011bjak\u00e9 po\u017eadavky na zm\u011bny nebo vylep\u0161en\u00ed. Upozor\u0148ujeme, \u017ee barvy v\u00fdrobk\u016f se mohou m\u00edrn\u011b li\u0161it. Zejm\u00e9na barvy tisku se mohou li\u0161it od dan\u00e9ho v\u00fdtisku v z\u00e1vislosti na barv\u011b podkladu. Nem\u016f\u017eeme n\u00e9st odpov\u011bdnost za v\u00fdrobn\u00ed chyby, kter\u00e9 jsou zjevn\u011b zalo\u017eeny na nespr\u00e1vn\u00e9m tiskov\u00e9m n\u00e1hledu.<\/p>\n<\/div><\/section><\/div>\n\n<style type=\"text\/css\" id=\"style-css-av-2swydz-62639d8fc42eca2946df4c8225a0aa00\">\n#top .flex_column.av-2swydz-62639d8fc42eca2946df4c8225a0aa00{\nborder-radius:0px;\n-webkit-border-radius:0px;\n-moz-border-radius:0px;\npadding:0px;\n}\n<\/style>\n<div class='flex_column av-2swydz-62639d8fc42eca2946df4c8225a0aa00 av_one_full  avia-builder-el-11  el_after_av_one_full  avia-builder-el-last  first flex_column_div av-zero-column-padding column-top-margin'   ><section class=\"av_textblock_section \"  itemscope=\"itemscope\" itemtype=\"https:\/\/schema.org\/CreativeWork\" ><div class='avia_textblock  '   itemprop=\"text\" ><input type=\"button\" value=\"Zp\u011bt\" class=\"alg_back_button_input \" style=\"\" onclick=\"window.history.back()\" \/>\n<\/div><\/section><\/div>\n","protected":false},"excerpt":{"rendered":"","protected":false},"author":2,"featured_media":0,"parent":0,"menu_order":0,"comment_status":"closed","ping_status":"closed","template":"","meta":{"footnotes":""},"class_list":["post-128829","page","type-page","status-publish","hentry"],"_links":{"self":[{"href":"https:\/\/hikitec.de\/cs\/wp-json\/wp\/v2\/pages\/128829","targetHints":{"allow":["GET"]}}],"collection":[{"href":"https:\/\/hikitec.de\/cs\/wp-json\/wp\/v2\/pages"}],"about":[{"href":"https:\/\/hikitec.de\/cs\/wp-json\/wp\/v2\/types\/page"}],"author":[{"embeddable":true,"href":"https:\/\/hikitec.de\/cs\/wp-json\/wp\/v2\/users\/2"}],"replies":[{"embeddable":true,"href":"https:\/\/hikitec.de\/cs\/wp-json\/wp\/v2\/comments?post=128829"}],"version-history":[{"count":8,"href":"https:\/\/hikitec.de\/cs\/wp-json\/wp\/v2\/pages\/128829\/revisions"}],"predecessor-version":[{"id":128850,"href":"https:\/\/hikitec.de\/cs\/wp-json\/wp\/v2\/pages\/128829\/revisions\/128850"}],"wp:attachment":[{"href":"https:\/\/hikitec.de\/cs\/wp-json\/wp\/v2\/media?parent=128829"}],"curies":[{"name":"wp","href":"https:\/\/api.w.org\/{rel}","templated":true}]}}