{"id":128851,"date":"2021-04-29T08:40:15","date_gmt":"2021-04-29T06:40:15","guid":{"rendered":"https:\/\/hikitec.de\/o-nas\/"},"modified":"2021-04-29T08:40:18","modified_gmt":"2021-04-29T06:40:18","slug":"o-nas","status":"publish","type":"page","link":"https:\/\/hikitec.de\/cs\/o-nas\/","title":{"rendered":"O n\u00e1s"},"content":{"rendered":"<section class=\"av_textblock_section \"  itemscope=\"itemscope\" itemtype=\"https:\/\/schema.org\/CreativeWork\" ><div class='avia_textblock  '   itemprop=\"text\" ><p><strong>HIKITEC GmbH<\/strong> je velkoobchodn\u00ed spole\u010dnost specializuj\u00edc\u00ed se na USB kl\u00ed\u010denky, powerbanky a dal\u0161\u00ed USB produkty. Spole\u010dnost HIKITEC se zam\u011b\u0159uje na dod\u00e1vky produkt\u016f pro reklamn\u00ed pr\u016fmysl.<\/p>\n<p>Na kvalitu v\u0161ech na\u0161ich v\u00fdrobk\u016f jsou kladeny velmi vysok\u00e9 n\u00e1roky! Kvalita a bezpe\u010dnost v\u00fdrobk\u016f spl\u0148uje po\u017eadavky evropsk\u00e9ho trhu. Na\u0161e v\u00fdroba v\u017edy podl\u00e9h\u00e1 kontrole kvality a kontroluje v\u0161echny v\u00fdrobky v r\u016fzn\u00fdch v\u00fdrobn\u00edch procesech od surovin a\u017e po dodan\u00fd v\u00fdrobek.<\/p>\n<p>Na\u0161e v\u00fdrobky podl\u00e9haj\u00ed p\u0159\u00edsn\u00fdm kontrol\u00e1m kvality a kontrol\u00e1m ve v\u00fdrobn\u00edch procesech od surovin a\u017e po dod\u00e1n\u00ed v\u00fdrobku.<\/p>\n<p>Opakovanou kontrolu zbo\u017e\u00ed zaji\u0161\u0165uje n\u00e1\u0161 odborn\u00fd person\u00e1l.<\/p>\n<p>D\u00edky na\u0161im certifikac\u00edm a \u00fapln\u00e9mu dodr\u017eov\u00e1n\u00ed v\u0161ech sm\u011brnic a norem m\u016f\u017eeme zaru\u010dit \u00fasp\u011bch va\u0161ich reklamn\u00edch p\u0159edm\u011bt\u016f s nejlep\u0161\u00edm sv\u011bdom\u00edm.<\/p>\n<\/div><\/section>\n<section class=\"av_textblock_section \"  itemscope=\"itemscope\" itemtype=\"https:\/\/schema.org\/CreativeWork\" ><div class='avia_textblock  '   itemprop=\"text\" ><input type=\"button\" value=\"Zp\u011bt\" class=\"alg_back_button_input \" style=\"\" onclick=\"window.history.back()\" \/>\n<\/div><\/section>\n","protected":false},"excerpt":{"rendered":"","protected":false},"author":2,"featured_media":0,"parent":0,"menu_order":0,"comment_status":"closed","ping_status":"closed","template":"","meta":{"footnotes":""},"class_list":["post-128851","page","type-page","status-publish","hentry"],"_links":{"self":[{"href":"https:\/\/hikitec.de\/cs\/wp-json\/wp\/v2\/pages\/128851","targetHints":{"allow":["GET"]}}],"collection":[{"href":"https:\/\/hikitec.de\/cs\/wp-json\/wp\/v2\/pages"}],"about":[{"href":"https:\/\/hikitec.de\/cs\/wp-json\/wp\/v2\/types\/page"}],"author":[{"embeddable":true,"href":"https:\/\/hikitec.de\/cs\/wp-json\/wp\/v2\/users\/2"}],"replies":[{"embeddable":true,"href":"https:\/\/hikitec.de\/cs\/wp-json\/wp\/v2\/comments?post=128851"}],"version-history":[{"count":5,"href":"https:\/\/hikitec.de\/cs\/wp-json\/wp\/v2\/pages\/128851\/revisions"}],"predecessor-version":[{"id":128856,"href":"https:\/\/hikitec.de\/cs\/wp-json\/wp\/v2\/pages\/128851\/revisions\/128856"}],"wp:attachment":[{"href":"https:\/\/hikitec.de\/cs\/wp-json\/wp\/v2\/media?parent=128851"}],"curies":[{"name":"wp","href":"https:\/\/api.w.org\/{rel}","templated":true}]}}