{"id":159345,"date":"2021-05-06T16:39:56","date_gmt":"2021-05-06T14:39:56","guid":{"rendered":"https:\/\/hikitec.de\/vyvoj-ceny\/"},"modified":"2021-05-06T16:39:57","modified_gmt":"2021-05-06T14:39:57","slug":"vyvoj-ceny","status":"publish","type":"page","link":"https:\/\/hikitec.de\/cs\/vyvoj-ceny\/","title":{"rendered":"V\u00fdvoj ceny"},"content":{"rendered":"\n<style type=\"text\/css\" id=\"style-css-av-av_one_full-53b0b300fb3685750664fb085c5ad19d\">\n#top .flex_column.av-av_one_full-53b0b300fb3685750664fb085c5ad19d{\nborder-radius:0px;\n-webkit-border-radius:0px;\n-moz-border-radius:0px;\npadding:0px;\n}\n<\/style>\n<div class='flex_column av-av_one_full-53b0b300fb3685750664fb085c5ad19d av_one_full  avia-builder-el-0  el_before_av_one_full  avia-builder-el-first  first flex_column_div av-zero-column-padding '   ><section class=\"av_textblock_section \"  itemscope=\"itemscope\" itemtype=\"https:\/\/schema.org\/CreativeWork\" ><div class='avia_textblock  '   itemprop=\"text\" ><p>USB kl\u00ed\u010denky a v\u0161echny produkty s pam\u011bt\u00ed flash se chovaj\u00ed podobn\u011b jako ceny akci\u00ed. Pam\u011b\u0165 flash nem\u00e1 pevnou jednotkovou cenu, ale obchoduje se s n\u00ed denn\u011b. Zde aktu\u00e1ln\u00ed denn\u00ed cenu ur\u010duje nab\u00eddka a popt\u00e1vka. P\u0159i pohledu na del\u0161\u00ed \u010dasov\u00e9 obdob\u00ed vykazuje cena flash pam\u011bt\u00ed obvykle klesaj\u00edc\u00ed tendenci. V kr\u00e1tkodob\u00e9m horizontu v\u0161ak m\u016f\u017ee doj\u00edt ke zv\u00fd\u0161en\u00ed cen nebo k jejich kol\u00eds\u00e1n\u00ed v d\u016fsledku nedostatku surovin nebo skladovac\u00edch za\u0159\u00edzen\u00ed, co\u017e je v\u017edy mo\u017en\u00e9.<\/p>\n<\/div><\/section><\/div>\n<style type=\"text\/css\" id=\"style-css-av-av_one_full-53b0b300fb3685750664fb085c5ad19d\">\n#top .flex_column.av-av_one_full-53b0b300fb3685750664fb085c5ad19d{\nborder-radius:0px;\n-webkit-border-radius:0px;\n-moz-border-radius:0px;\npadding:0px;\n}\n<\/style>\n<div class='flex_column av-av_one_full-53b0b300fb3685750664fb085c5ad19d av_one_full  avia-builder-el-2  el_after_av_one_full  avia-builder-el-last  first flex_column_div av-zero-column-padding column-top-margin'   ><section class=\"av_textblock_section \"  itemscope=\"itemscope\" itemtype=\"https:\/\/schema.org\/CreativeWork\" ><div class='avia_textblock  '   itemprop=\"text\" ><input type=\"button\" value=\"Zp\u011bt\" class=\"alg_back_button_input \" style=\"\" onclick=\"window.history.back()\" \/>\n<\/div><\/section><\/div><\/p>\n","protected":false},"excerpt":{"rendered":"","protected":false},"author":2,"featured_media":0,"parent":0,"menu_order":0,"comment_status":"closed","ping_status":"closed","template":"","meta":{"footnotes":""},"class_list":["post-159345","page","type-page","status-publish","hentry"],"_links":{"self":[{"href":"https:\/\/hikitec.de\/cs\/wp-json\/wp\/v2\/pages\/159345","targetHints":{"allow":["GET"]}}],"collection":[{"href":"https:\/\/hikitec.de\/cs\/wp-json\/wp\/v2\/pages"}],"about":[{"href":"https:\/\/hikitec.de\/cs\/wp-json\/wp\/v2\/types\/page"}],"author":[{"embeddable":true,"href":"https:\/\/hikitec.de\/cs\/wp-json\/wp\/v2\/users\/2"}],"replies":[{"embeddable":true,"href":"https:\/\/hikitec.de\/cs\/wp-json\/wp\/v2\/comments?post=159345"}],"version-history":[{"count":5,"href":"https:\/\/hikitec.de\/cs\/wp-json\/wp\/v2\/pages\/159345\/revisions"}],"predecessor-version":[{"id":159350,"href":"https:\/\/hikitec.de\/cs\/wp-json\/wp\/v2\/pages\/159345\/revisions\/159350"}],"wp:attachment":[{"href":"https:\/\/hikitec.de\/cs\/wp-json\/wp\/v2\/media?parent=159345"}],"curies":[{"name":"wp","href":"https:\/\/api.w.org\/{rel}","templated":true}]}}