{"id":159543,"date":"2021-05-07T09:17:44","date_gmt":"2021-05-07T07:17:44","guid":{"rendered":"https:\/\/hikitec.de\/vymena\/"},"modified":"2021-05-07T09:17:50","modified_gmt":"2021-05-07T07:17:50","slug":"vymena","status":"publish","type":"page","link":"https:\/\/hikitec.de\/cs\/vymena\/","title":{"rendered":"V\u00fdm\u011bna"},"content":{"rendered":"<section class=\"av_textblock_section \"  itemscope=\"itemscope\" itemtype=\"https:\/\/schema.org\/CreativeWork\" ><div class='avia_textblock  '   itemprop=\"text\" ><p><strong>Mohu si zbo\u017e\u00ed vym\u011bnit?<\/strong><\/p>\n<\/div><\/section>\n<section class=\"av_textblock_section \"  itemscope=\"itemscope\" itemtype=\"https:\/\/schema.org\/CreativeWork\" ><div class='avia_textblock  '   itemprop=\"text\" ><p>Rafinovan\u00e9 v\u00fdrobky ani v\u0161echny objedn\u00e1vky od spole\u010dnost\u00ed nelze v z\u00e1sad\u011b vym\u011bnit. Po zad\u00e1n\u00ed objedn\u00e1vky v\u010detn\u011b dokon\u010dovac\u00edch prac\u00ed od n\u00e1s obdr\u017e\u00edte digit\u00e1ln\u00ed n\u00e1hled p\u0159ed odesl\u00e1n\u00edm polo\u017eek do tisku. Teprve kdy\u017e je schv\u00e1l\u00edte, zah\u00e1j\u00edme samotnou v\u00fdrobu &#8211; tak\u017ee nakonec dostanete p\u0159esn\u011b takov\u00fd propaga\u010dn\u00ed p\u0159edm\u011bt, jak\u00fd jste si p\u0159edstavovali. Samoz\u0159ejm\u011b m\u00e1te tak\u00e9 mo\u017enost objednat si vzorek p\u0159edem. Podrobn\u00e9 informace o pr\u00e1vu na odstoupen\u00ed od smlouvy najdete v na\u0161ich <a href=\"https:\/\/hikitec.de\/agb\/?lang=cs\">v\u0161eobecn\u00fdch obchodn\u00edch podm\u00ednk\u00e1ch<\/a>.<\/p>\n<\/div><\/section>\n<section class=\"av_textblock_section \"  itemscope=\"itemscope\" itemtype=\"https:\/\/schema.org\/CreativeWork\" ><div class='avia_textblock  '   itemprop=\"text\" ><input type=\"button\" value=\"Zp\u011bt\" class=\"alg_back_button_input \" style=\"\" onclick=\"window.history.back()\" \/>\n<\/div><\/section>\n","protected":false},"excerpt":{"rendered":"","protected":false},"author":2,"featured_media":0,"parent":0,"menu_order":0,"comment_status":"closed","ping_status":"closed","template":"","meta":{"footnotes":""},"class_list":["post-159543","page","type-page","status-publish","hentry"],"_links":{"self":[{"href":"https:\/\/hikitec.de\/cs\/wp-json\/wp\/v2\/pages\/159543","targetHints":{"allow":["GET"]}}],"collection":[{"href":"https:\/\/hikitec.de\/cs\/wp-json\/wp\/v2\/pages"}],"about":[{"href":"https:\/\/hikitec.de\/cs\/wp-json\/wp\/v2\/types\/page"}],"author":[{"embeddable":true,"href":"https:\/\/hikitec.de\/cs\/wp-json\/wp\/v2\/users\/2"}],"replies":[{"embeddable":true,"href":"https:\/\/hikitec.de\/cs\/wp-json\/wp\/v2\/comments?post=159543"}],"version-history":[{"count":14,"href":"https:\/\/hikitec.de\/cs\/wp-json\/wp\/v2\/pages\/159543\/revisions"}],"predecessor-version":[{"id":159557,"href":"https:\/\/hikitec.de\/cs\/wp-json\/wp\/v2\/pages\/159543\/revisions\/159557"}],"wp:attachment":[{"href":"https:\/\/hikitec.de\/cs\/wp-json\/wp\/v2\/media?parent=159543"}],"curies":[{"name":"wp","href":"https:\/\/api.w.org\/{rel}","templated":true}]}}