{"id":159714,"date":"2021-05-07T11:49:40","date_gmt":"2021-05-07T09:49:40","guid":{"rendered":"https:\/\/hikitec.de\/formatovani-pameti-usb\/"},"modified":"2021-05-07T11:49:51","modified_gmt":"2021-05-07T09:49:51","slug":"formatovani-pameti-usb","status":"publish","type":"page","link":"https:\/\/hikitec.de\/cs\/formatovani-pameti-usb\/","title":{"rendered":"Form\u00e1tov\u00e1n\u00ed pam\u011bti USB"},"content":{"rendered":"\n<style type=\"text\/css\" id=\"style-css-av-1ktlnfq-04948dae7bde043c5b8726394724d6ab\">\n#top .flex_column.av-1ktlnfq-04948dae7bde043c5b8726394724d6ab{\nborder-radius:0px;\n-webkit-border-radius:0px;\n-moz-border-radius:0px;\npadding:0px;\n}\n<\/style>\n<div class='flex_column av-1ktlnfq-04948dae7bde043c5b8726394724d6ab av_one_full  avia-builder-el-0  el_before_av_one_full  avia-builder-el-first  first flex_column_div av-zero-column-padding '   ><section class=\"av_textblock_section \"  itemscope=\"itemscope\" itemtype=\"https:\/\/schema.org\/CreativeWork\" ><div class='avia_textblock  '   itemprop=\"text\" ><\/div><\/section><\/div>\n\n<style type=\"text\/css\" id=\"style-css-av-1ktlnfq-04948dae7bde043c5b8726394724d6ab\">\n#top .flex_column.av-1ktlnfq-04948dae7bde043c5b8726394724d6ab{\nborder-radius:0px;\n-webkit-border-radius:0px;\n-moz-border-radius:0px;\npadding:0px;\n}\n<\/style>\n<div class='flex_column av-1ktlnfq-04948dae7bde043c5b8726394724d6ab av_one_full  avia-builder-el-2  el_after_av_one_full  el_before_av_one_full  first flex_column_div av-zero-column-padding column-top-margin'   ><section class=\"av_textblock_section \"  itemscope=\"itemscope\" itemtype=\"https:\/\/schema.org\/CreativeWork\" ><div class='avia_textblock  '   itemprop=\"text\" ><p><strong>Co je exFat?<\/strong><\/p>\n<p>Syst\u00e9m exFAT byl prim\u00e1rn\u011b vyvinut jako n\u00e1hrada syst\u00e9mu FAT32 na flash disc\u00edch s c\u00edlem p\u0159ekonat omezen\u00ed syst\u00e9mu FAT \/ FAT32 z hlediska velikosti jednotliv\u00fdch soubor\u016f (max. cca 4 GB na soubor) a maxim\u00e1ln\u00ed velikosti odd\u00edlu p\u0159i zachov\u00e1n\u00ed kompatibility s mnoha r\u016fzn\u00fdmi hostitelsk\u00fdmi za\u0159\u00edzen\u00edmi.<\/p>\n<p>V\u00fdhody produktu exFat:<img loading=\"lazy\" decoding=\"async\" class=\"size-medium wp-image-24892 alignright\" src=\"https:\/\/hikitec.de\/wp-content\/uploads\/2021\/03\/exfat-226x300.jpg\" alt=\"\" width=\"226\" height=\"300\" srcset=\"https:\/\/hikitec.de\/wp-content\/uploads\/2021\/03\/exfat-226x300.jpg 226w, https:\/\/hikitec.de\/wp-content\/uploads\/2021\/03\/exfat.jpg 363w\" sizes=\"auto, (max-width: 226px) 100vw, 226px\" \/><\/p>\n<p><img loading=\"lazy\" decoding=\"async\" class=\"transparent\" src=\"https:\/\/hikitec.de\/wp-content\/uploads\/2016\/12\/zzz_HIKITEC_Favicon_32.png\" alt=\"https:\/\/hikitec.de\/wp-content\/uploads\/2016\/12\/zzz_HIKITEC_Favicon_32.png\" width=\"11\" height=\"12\"> P\u0159\u00edstup k n\u011bmu maj\u00ed t\u00e9m\u011b\u0159 v\u0161echny opera\u010dn\u00ed syst\u00e9my<br \/>\n<img loading=\"lazy\" decoding=\"async\" class=\"transparent\" src=\"https:\/\/hikitec.de\/wp-content\/uploads\/2016\/12\/zzz_HIKITEC_Favicon_32.png\" alt=\"https:\/\/hikitec.de\/wp-content\/uploads\/2016\/12\/zzz_HIKITEC_Favicon_32.png\" width=\"11\" height=\"12\"> \u017e\u00e1dn\u00e1 omezen\u00ed velikosti soubor\u016f<\/p>\n<p>Nev\u00fdhody produktu exFat:<\/p>\n<p><img loading=\"lazy\" decoding=\"async\" class=\"transparent\" src=\"https:\/\/hikitec.de\/wp-content\/uploads\/2016\/12\/zzz_HIKITEC_Favicon_32.png\" alt=\"https:\/\/hikitec.de\/wp-content\/uploads\/2016\/12\/zzz_HIKITEC_Favicon_32.png\" width=\"11\" height=\"12\"> o n\u011bco pomalej\u0161\u00ed ne\u017e NTFS<\/p>\n<div><\/div>\n<\/div><\/section><\/div>\n\n<style type=\"text\/css\" id=\"style-css-av-1ktlnfq-04948dae7bde043c5b8726394724d6ab\">\n#top .flex_column.av-1ktlnfq-04948dae7bde043c5b8726394724d6ab{\nborder-radius:0px;\n-webkit-border-radius:0px;\n-moz-border-radius:0px;\npadding:0px;\n}\n<\/style>\n<div class='flex_column av-1ktlnfq-04948dae7bde043c5b8726394724d6ab av_one_full  avia-builder-el-4  el_after_av_one_full  el_before_av_one_full  first flex_column_div av-zero-column-padding column-top-margin'   ><section class=\"av_textblock_section \"  itemscope=\"itemscope\" itemtype=\"https:\/\/schema.org\/CreativeWork\" ><div class='avia_textblock  '   itemprop=\"text\" ><p><strong>Co je to syst\u00e9m NTFS?<\/strong><\/p>\n<p>V porovn\u00e1n\u00ed se souborov\u00fdm syst\u00e9mem FAT nab\u00edz\u00ed NTFS mimo jin\u00e9 c\u00edlenou ochranu p\u0159\u00edstupu na \u00farovni soubor\u016f a vy\u0161\u0161\u00ed bezpe\u010dnost dat d\u00edky \u017eurn\u00e1lov\u00e1n\u00ed. Kompatibilita v\u0161ak nen\u00ed tak \u0161irok\u00e1 jako u FAT. Dal\u0161\u00ed v\u00fdhodou syst\u00e9mu NTFS je, \u017ee velikost souboru nen\u00ed omezena na p\u0159ibli\u017en\u011b 4 GB jako u syst\u00e9mu FAT16\/32.<\/p>\n<p>V\u00fdhody syst\u00e9mu NTFS:<strong><img loading=\"lazy\" decoding=\"async\" class=\"size-medium wp-image-24881 alignright\" src=\"https:\/\/hikitec.de\/wp-content\/uploads\/2021\/03\/NTFS-222x300.jpg\" alt=\"\" width=\"222\" height=\"300\" srcset=\"https:\/\/hikitec.de\/wp-content\/uploads\/2021\/03\/NTFS-222x300.jpg 222w, https:\/\/hikitec.de\/wp-content\/uploads\/2021\/03\/NTFS.jpg 365w\" sizes=\"auto, (max-width: 222px) 100vw, 222px\" \/><\/strong><\/p>\n<p><img loading=\"lazy\" decoding=\"async\" class=\"transparent\" src=\"https:\/\/hikitec.de\/wp-content\/uploads\/2016\/12\/zzz_HIKITEC_Favicon_32.png\" alt=\"https:\/\/hikitec.de\/wp-content\/uploads\/2016\/12\/zzz_HIKITEC_Favicon_32.png\" width=\"11\" height=\"12\"> lze na n\u011bj instalovat nov\u00e9 opera\u010dn\u00ed syst\u00e9my.<br \/>\n<img loading=\"lazy\" decoding=\"async\" class=\"transparent\" src=\"https:\/\/hikitec.de\/wp-content\/uploads\/2016\/12\/zzz_HIKITEC_Favicon_32.png\" alt=\"https:\/\/hikitec.de\/wp-content\/uploads\/2016\/12\/zzz_HIKITEC_Favicon_32.png\" width=\"11\" height=\"12\"> vy\u0161\u0161\u00ed rychlosti p\u0159enosu dat<br \/>\n<img loading=\"lazy\" decoding=\"async\" class=\"transparent\" src=\"https:\/\/hikitec.de\/wp-content\/uploads\/2016\/12\/zzz_HIKITEC_Favicon_32.png\" alt=\"https:\/\/hikitec.de\/wp-content\/uploads\/2016\/12\/zzz_HIKITEC_Favicon_32.png\" width=\"11\" height=\"12\"> Mo\u017enost soubor\u016f o velikosti a\u017e 16 TB<br \/>\n<img loading=\"lazy\" decoding=\"async\" class=\"transparent\" src=\"https:\/\/hikitec.de\/wp-content\/uploads\/2016\/12\/zzz_HIKITEC_Favicon_32.png\" alt=\"https:\/\/hikitec.de\/wp-content\/uploads\/2016\/12\/zzz_HIKITEC_Favicon_32.png\" width=\"11\" height=\"12\"> Velikost odd\u00edlu a\u017e 256 TB<br \/>\n<img loading=\"lazy\" decoding=\"async\" class=\"transparent\" src=\"https:\/\/hikitec.de\/wp-content\/uploads\/2016\/12\/zzz_HIKITEC_Favicon_32.png\" alt=\"https:\/\/hikitec.de\/wp-content\/uploads\/2016\/12\/zzz_HIKITEC_Favicon_32.png\" width=\"11\" height=\"12\"> zapisuje soubory &#8222;inteligentn\u011b&#8220;, aby se zabr\u00e1nilo fragmentaci.<br \/>\n<img loading=\"lazy\" decoding=\"async\" class=\"transparent\" src=\"https:\/\/hikitec.de\/wp-content\/uploads\/2016\/12\/zzz_HIKITEC_Favicon_32.png\" alt=\"https:\/\/hikitec.de\/wp-content\/uploads\/2016\/12\/zzz_HIKITEC_Favicon_32.png\" width=\"11\" height=\"12\"> zaznamen\u00e1v\u00e1 zm\u011bny soubor\u016f v p\u0159\u00edpad\u011b hav\u00e1ri\u00ed, aby nedo\u0161lo ke ztr\u00e1t\u011b dat.<br \/>\n<img loading=\"lazy\" decoding=\"async\" class=\"transparent\" src=\"https:\/\/hikitec.de\/wp-content\/uploads\/2016\/12\/zzz_HIKITEC_Favicon_32.png\" alt=\"https:\/\/hikitec.de\/wp-content\/uploads\/2016\/12\/zzz_HIKITEC_Favicon_32.png\" width=\"11\" height=\"12\"> Soubory lze za\u0161ifrovat<br \/>\n<img loading=\"lazy\" decoding=\"async\" class=\"transparent\" src=\"https:\/\/hikitec.de\/wp-content\/uploads\/2016\/12\/zzz_HIKITEC_Favicon_32.png\" alt=\"https:\/\/hikitec.de\/wp-content\/uploads\/2016\/12\/zzz_HIKITEC_Favicon_32.png\" width=\"11\" height=\"12\"> Mo\u017enost komprese soubor\u016f a disk\u016f<br \/>\n<img loading=\"lazy\" decoding=\"async\" class=\"transparent\" src=\"https:\/\/hikitec.de\/wp-content\/uploads\/2016\/12\/zzz_HIKITEC_Favicon_32.png\" alt=\"https:\/\/hikitec.de\/wp-content\/uploads\/2016\/12\/zzz_HIKITEC_Favicon_32.png\" width=\"11\" height=\"12\"> rychlej\u0161\u00ed defragmentace<br \/>\n<img loading=\"lazy\" decoding=\"async\" class=\"transparent\" src=\"https:\/\/hikitec.de\/wp-content\/uploads\/2016\/12\/zzz_HIKITEC_Favicon_32.png\" alt=\"https:\/\/hikitec.de\/wp-content\/uploads\/2016\/12\/zzz_HIKITEC_Favicon_32.png\" width=\"11\" height=\"12\"> P\u0159\u00edstupy k soubor\u016fm lze sledovat<br \/>\n<img loading=\"lazy\" decoding=\"async\" class=\"transparent\" src=\"https:\/\/hikitec.de\/wp-content\/uploads\/2016\/12\/zzz_HIKITEC_Favicon_32.png\" alt=\"https:\/\/hikitec.de\/wp-content\/uploads\/2016\/12\/zzz_HIKITEC_Favicon_32.png\" width=\"11\" height=\"12\"> U\u017eivatel\u016fm lze p\u0159id\u011blit pam\u011b\u0165ov\u00e9 kv\u00f3ty<\/p>\n<p>Nev\u00fdhody syst\u00e9mu NTFS:<\/p>\n<p><img loading=\"lazy\" decoding=\"async\" class=\"transparent\" src=\"https:\/\/hikitec.de\/wp-content\/uploads\/2016\/12\/zzz_HIKITEC_Favicon_32.png\" alt=\"https:\/\/hikitec.de\/wp-content\/uploads\/2016\/12\/zzz_HIKITEC_Favicon_32.png\" width=\"11\" height=\"12\"> pln\u00e1 podpora pouze v opera\u010dn\u00edch syst\u00e9mech Windows<br \/>\n<img loading=\"lazy\" decoding=\"async\" class=\"transparent\" src=\"https:\/\/hikitec.de\/wp-content\/uploads\/2016\/12\/zzz_HIKITEC_Favicon_32.png\" alt=\"https:\/\/hikitec.de\/wp-content\/uploads\/2016\/12\/zzz_HIKITEC_Favicon_32.png\" width=\"11\" height=\"12\"> nen\u00ed \u010diteln\u00fd mnoha za\u0159\u00edzen\u00edmi<\/p>\n<\/div><\/section><\/div>\n\n<style type=\"text\/css\" id=\"style-css-av-ediejra-939f81adbc998a6793d30a432c5f62c2\">\n#top .flex_column.av-ediejra-939f81adbc998a6793d30a432c5f62c2{\nborder-radius:0px;\n-webkit-border-radius:0px;\n-moz-border-radius:0px;\npadding:0px;\n}\n<\/style>\n<div class='flex_column av-ediejra-939f81adbc998a6793d30a432c5f62c2 av_one_full  avia-builder-el-6  el_after_av_one_full  el_before_av_one_full  first flex_column_div av-zero-column-padding column-top-margin'   ><p><section class=\"av_textblock_section \"  itemscope=\"itemscope\" itemtype=\"https:\/\/schema.org\/CreativeWork\" ><div class='avia_textblock  '   itemprop=\"text\" ><p><strong>Jak\u00e9 jsou nejd\u016fle\u017eit\u011bj\u0161\u00ed souborov\u00e9 syst\u00e9my v syst\u00e9mu Windows?<\/strong><\/p>\n<\/div><\/section><br \/>\n<div  class='avia-table av-1eju2ue-2b5fe5b31460b7aa97f1cf1e99b10fdc main_color avia-pricing-table-container avia_pricing_default  avia-builder-el-8  el_after_av_textblock  avia-builder-el-last  avia-table-1 '  itemscope=\"itemscope\" itemtype=\"https:\/\/schema.org\/Table\" ><div class=\"pricing-table-wrap\"><ul class='pricing-table '><li class=''><div class='first-table-item'>Souborov\u00fd syst\u00e9m<\/div><span class='pricing-extra'><\/span><\/li><li class=''>FAT32<\/li><li class=''>exFAT<\/li><li class=''>NTFS 1.0, 1.1, 2<\/li><li class=''>NTFS 3.0, 3.1, TxF<\/li><\/ul><\/div><div class=\"pricing-table-wrap\"><ul class='pricing-table '><li class=''><div class='first-table-item'>max. Rozd\u011blen\u00ed<\/div><span class='pricing-extra'><\/span><\/li><li class=''>8 TB<\/li><li class=''>&gt;8 TB<\/li><li class=''>&gt;8 TB<\/li><li class=''>&gt;8 TB<\/li><\/ul><\/div><div class=\"pricing-table-wrap\"><ul class='pricing-table '><li class=''><div class='first-table-item'>Pou\u017eijte<\/div><span class='pricing-extra'><\/span><\/li><li class=''>Windows 95b, Windows 98, Windows ME<\/li><li class=''>Windows CE, pam\u011b\u0165ov\u00e1 m\u00e9dia Flash<\/li><li class=''>Windows NT 3.1 bis Windows NT 4.0<\/li><li class=''>Windows 2000, Windowx XP, Windows Vista, Windows 7<\/li><\/ul><\/div><\/div><\/p><\/div>\n\n<style type=\"text\/css\" id=\"style-css-av-jjkgqu-9ad277fd797eabb3d092612aad3559f3\">\n#top .flex_column.av-jjkgqu-9ad277fd797eabb3d092612aad3559f3{\nborder-radius:0px;\n-webkit-border-radius:0px;\n-moz-border-radius:0px;\npadding:0px;\n}\n<\/style>\n<div class='flex_column av-jjkgqu-9ad277fd797eabb3d092612aad3559f3 av_one_full  avia-builder-el-9  el_after_av_one_full  el_before_av_one_full  first flex_column_div av-zero-column-padding column-top-margin'   ><section class=\"av_textblock_section \"  itemscope=\"itemscope\" itemtype=\"https:\/\/schema.org\/CreativeWork\" ><div class='avia_textblock  '   itemprop=\"text\" ><p><strong>Jak naform\u00e1tuji disk USB v syst\u00e9mu Windows:<\/strong><\/p>\n<p><img loading=\"lazy\" decoding=\"async\" class=\"transparent\" src=\"https:\/\/hikitec.de\/wp-content\/uploads\/2016\/12\/zzz_HIKITEC_Favicon_32.png\" alt=\"https:\/\/hikitec.de\/wp-content\/uploads\/2016\/12\/zzz_HIKITEC_Favicon_32.png\" width=\"11\" height=\"12\"> P\u0159ipojte USB disk k po\u010d\u00edta\u010di\/notebooku tak, \u017ee jej zapoj\u00edte do voln\u00e9ho portu USB.<strong><img loading=\"lazy\" decoding=\"async\" class=\"size-medium wp-image-24884 alignright\" src=\"https:\/\/hikitec.de\/wp-content\/uploads\/2021\/03\/Wie-formatieren-ueber-explorer-167x300.jpg\" alt=\"\" width=\"167\" height=\"300\" srcset=\"https:\/\/hikitec.de\/wp-content\/uploads\/2021\/03\/Wie-formatieren-ueber-explorer-167x300.jpg 167w, https:\/\/hikitec.de\/wp-content\/uploads\/2021\/03\/Wie-formatieren-ueber-explorer.jpg 254w\" sizes=\"auto, (max-width: 167px) 100vw, 167px\" \/><\/strong><br \/>\n<img loading=\"lazy\" decoding=\"async\" class=\"transparent\" src=\"https:\/\/hikitec.de\/wp-content\/uploads\/2016\/12\/zzz_HIKITEC_Favicon_32.png\" alt=\"https:\/\/hikitec.de\/wp-content\/uploads\/2016\/12\/zzz_HIKITEC_Favicon_32.png\" width=\"11\" height=\"12\"> Klikn\u011bte na ikonu Start syst\u00e9mu Windows v lev\u00e9m doln\u00edm rohu a potom na polo\u017eku Po\u010d\u00edta\u010d. Zde vid\u00edte p\u0159ipojen\u00fd vym\u011bniteln\u00fd disk.<br \/>\n<img loading=\"lazy\" decoding=\"async\" class=\"transparent\" src=\"https:\/\/hikitec.de\/wp-content\/uploads\/2016\/12\/zzz_HIKITEC_Favicon_32.png\" alt=\"https:\/\/hikitec.de\/wp-content\/uploads\/2016\/12\/zzz_HIKITEC_Favicon_32.png\" width=\"11\" height=\"12\"> Klikn\u011bte prav\u00fdm tla\u010d\u00edtkem my\u0161i na USB disk a lev\u00fdm tla\u010d\u00edtkem my\u0161i vyberte mo\u017enost &#8222;Form\u00e1tovat &#8230;&#8220;. Otev\u0159e se nov\u00e9 okno.<br \/>\n<img loading=\"lazy\" decoding=\"async\" class=\"transparent\" src=\"https:\/\/hikitec.de\/wp-content\/uploads\/2016\/12\/zzz_HIKITEC_Favicon_32.png\" alt=\"https:\/\/hikitec.de\/wp-content\/uploads\/2016\/12\/zzz_HIKITEC_Favicon_32.png\" width=\"11\" height=\"12\"> Zde m\u016f\u017eete vybrat po\u017eadovan\u00fd souborov\u00fd syst\u00e9m. Pokud chcete disk USB pou\u017e\u00edvat s jin\u00fdmi opera\u010dn\u00edmi syst\u00e9my, doporu\u010dujeme v\u00fdchoz\u00ed nastaven\u00ed &#8222;NTFS&#8220;.<br \/>\n<img loading=\"lazy\" decoding=\"async\" class=\"transparent\" src=\"https:\/\/hikitec.de\/wp-content\/uploads\/2016\/12\/zzz_HIKITEC_Favicon_32.png\" alt=\"https:\/\/hikitec.de\/wp-content\/uploads\/2016\/12\/zzz_HIKITEC_Favicon_32.png\" width=\"11\" height=\"12\"> Pokud chcete disk stejn\u011b sp\u00e1rovat pouze se syst\u00e9my Windows, m\u016f\u017eete zvolit nastaven\u00ed &#8222;FAT32&#8220;. Tento souborov\u00fd syst\u00e9m v\u0161ak lze pou\u017e\u00edt pouze na pam\u011b\u0165ov\u00fdch za\u0159\u00edzen\u00edch USB s kapacitou do 32 GB.<br \/>\n<img loading=\"lazy\" decoding=\"async\" class=\"transparent\" src=\"https:\/\/hikitec.de\/wp-content\/uploads\/2016\/12\/zzz_HIKITEC_Favicon_32.png\" alt=\"https:\/\/hikitec.de\/wp-content\/uploads\/2016\/12\/zzz_HIKITEC_Favicon_32.png\" width=\"11\" height=\"12\"> Chcete-li naform\u00e1tovat disk v\u011bt\u0161\u00ed ne\u017e 32 GByte pomoc\u00ed FAT32, pot\u0159ebujete dal\u0161\u00ed program, nap\u0159\u00edklad FAT32Formatter.<br \/>\n<img loading=\"lazy\" decoding=\"async\" class=\"transparent\" src=\"https:\/\/hikitec.de\/wp-content\/uploads\/2016\/12\/zzz_HIKITEC_Favicon_32.png\" alt=\"https:\/\/hikitec.de\/wp-content\/uploads\/2016\/12\/zzz_HIKITEC_Favicon_32.png\" width=\"11\" height=\"12\"> Hodnoty &#8222;Storage capacity&#8220; a &#8222;Size of allocation units&#8220; m\u016f\u017eete ponechat beze zm\u011bny.<br \/>\n<img loading=\"lazy\" decoding=\"async\" class=\"transparent\" src=\"https:\/\/hikitec.de\/wp-content\/uploads\/2016\/12\/zzz_HIKITEC_Favicon_32.png\" alt=\"https:\/\/hikitec.de\/wp-content\/uploads\/2016\/12\/zzz_HIKITEC_Favicon_32.png\" width=\"11\" height=\"12\"> Za polo\u017ekou &#8222;Volume label&#8220; m\u016f\u017eete definovat n\u00e1zev pam\u011bti USB. Tento \u00fadaj m\u016f\u017eete kdykoli po form\u00e1tov\u00e1n\u00ed zm\u011bnit.<br \/>\n<img loading=\"lazy\" decoding=\"async\" class=\"transparent\" src=\"https:\/\/hikitec.de\/wp-content\/uploads\/2016\/12\/zzz_HIKITEC_Favicon_32.png\" alt=\"https:\/\/hikitec.de\/wp-content\/uploads\/2016\/12\/zzz_HIKITEC_Favicon_32.png\" width=\"11\" height=\"12\"> Zpravidla m\u016f\u017eete ponechat nebo nastavit zatr\u017e\u00edtko p\u0159ed polo\u017ekou &#8222;Rychl\u00e9 form\u00e1tov\u00e1n\u00ed&#8220;, proto\u017ee tento typ form\u00e1tov\u00e1n\u00ed je ve v\u011bt\u0161in\u011b p\u0159\u00edpad\u016f zcela dosta\u010duj\u00edc\u00ed. Pokud v\u0161ak chcete b\u00fdt p\u0159i maz\u00e1n\u00ed dat v bezpe\u010d\u00ed, m\u016f\u017eete za\u0161krtnut\u00ed odstranit.<br \/>\n<img loading=\"lazy\" decoding=\"async\" class=\"transparent\" src=\"https:\/\/hikitec.de\/wp-content\/uploads\/2016\/12\/zzz_HIKITEC_Favicon_32.png\" alt=\"https:\/\/hikitec.de\/wp-content\/uploads\/2016\/12\/zzz_HIKITEC_Favicon_32.png\" width=\"11\" height=\"12\"> Klikn\u011bte na tla\u010d\u00edtko &#8222;Start&#8220; a potvr\u010fte bezpe\u010dnostn\u00ed v\u00fdzvu. Pot\u00e9 bude disk USB naform\u00e1tov\u00e1n.<\/p>\n<\/div><\/section><\/div>\n\n<style type=\"text\/css\" id=\"style-css-av-jjkgqu-9ad277fd797eabb3d092612aad3559f3\">\n#top .flex_column.av-jjkgqu-9ad277fd797eabb3d092612aad3559f3{\nborder-radius:0px;\n-webkit-border-radius:0px;\n-moz-border-radius:0px;\npadding:0px;\n}\n<\/style>\n<div class='flex_column av-jjkgqu-9ad277fd797eabb3d092612aad3559f3 av_one_full  avia-builder-el-11  el_after_av_one_full  el_before_av_one_full  first flex_column_div av-zero-column-padding column-top-margin'   ><section class=\"av_textblock_section \"  itemscope=\"itemscope\" itemtype=\"https:\/\/schema.org\/CreativeWork\" ><div class='avia_textblock  '   itemprop=\"text\" ><p><strong>Jak naform\u00e1tuji USB disk pod CDM*:<\/strong><\/p>\n<p><img loading=\"lazy\" decoding=\"async\" class=\"transparent\" src=\"https:\/\/hikitec.de\/wp-content\/uploads\/2016\/12\/zzz_HIKITEC_Favicon_32.png\" alt=\"https:\/\/hikitec.de\/wp-content\/uploads\/2016\/12\/zzz_HIKITEC_Favicon_32.png\" width=\"11\" height=\"12\"> P\u0159ipojte pam\u011b\u0165 USB k po\u010d\u00edta\u010di tak, \u017ee ji zapoj\u00edte do voln\u00e9ho portu USB.<img loading=\"lazy\" decoding=\"async\" class=\"size-medium wp-image-24888 alignright\" src=\"https:\/\/hikitec.de\/wp-content\/uploads\/2021\/03\/Formatierung-unter-CDM-300x156.jpg\" alt=\"\" width=\"300\" height=\"156\" srcset=\"https:\/\/hikitec.de\/wp-content\/uploads\/2021\/03\/Formatierung-unter-CDM-300x156.jpg 300w, https:\/\/hikitec.de\/wp-content\/uploads\/2021\/03\/Formatierung-unter-CDM-768x400.jpg 768w, https:\/\/hikitec.de\/wp-content\/uploads\/2021\/03\/Formatierung-unter-CDM-705x368.jpg 705w, https:\/\/hikitec.de\/wp-content\/uploads\/2021\/03\/Formatierung-unter-CDM-450x235.jpg 450w, https:\/\/hikitec.de\/wp-content\/uploads\/2021\/03\/Formatierung-unter-CDM.jpg 980w\" sizes=\"auto, (max-width: 300px) 100vw, 300px\" \/><br \/>\n<img loading=\"lazy\" decoding=\"async\" class=\"transparent\" src=\"https:\/\/hikitec.de\/wp-content\/uploads\/2016\/12\/zzz_HIKITEC_Favicon_32.png\" alt=\"https:\/\/hikitec.de\/wp-content\/uploads\/2016\/12\/zzz_HIKITEC_Favicon_32.png\" width=\"11\" height=\"12\"> Stiskn\u011bte kl\u00e1vesy WINDOWS + R<br \/>\n<img loading=\"lazy\" decoding=\"async\" class=\"transparent\" src=\"https:\/\/hikitec.de\/wp-content\/uploads\/2016\/12\/zzz_HIKITEC_Favicon_32.png\" alt=\"https:\/\/hikitec.de\/wp-content\/uploads\/2016\/12\/zzz_HIKITEC_Favicon_32.png\" width=\"11\" height=\"12\"> Zadejte &#8222;CMD&#8220; a stiskn\u011bte kl\u00e1vesu Enter. Otev\u0159e se nov\u00e9 \u010dern\u00e9 okno (konzola).<br \/>\n<img loading=\"lazy\" decoding=\"async\" class=\"transparent\" src=\"https:\/\/hikitec.de\/wp-content\/uploads\/2016\/12\/zzz_HIKITEC_Favicon_32.png\" alt=\"https:\/\/hikitec.de\/wp-content\/uploads\/2016\/12\/zzz_HIKITEC_Favicon_32.png\" width=\"11\" height=\"12\"> Zde mus\u00edte zadat &#8222;format&#8220;, pak p\u00edsmeno jednotky, zde v p\u0159\u00edkladu &#8222;E:&#8220;, pak &#8222;\/FS&#8220; pro form\u00e1tov\u00e1n\u00ed a pak form\u00e1t, zde v p\u0159\u00edkladu &#8222;FAT32&#8220;. Zad\u00e1n\u00ed potvr\u010fte kl\u00e1vesou Enter. &#8222;format E: \/FS:FAT32&#8220; ) V\u00edce informac\u00ed naleznete zde: https:\/\/ss64.com\/nt\/format.html.<br \/>\n<img loading=\"lazy\" decoding=\"async\" class=\"transparent\" src=\"https:\/\/hikitec.de\/wp-content\/uploads\/2016\/12\/zzz_HIKITEC_Favicon_32.png\" alt=\"https:\/\/hikitec.de\/wp-content\/uploads\/2016\/12\/zzz_HIKITEC_Favicon_32.png\" width=\"11\" height=\"12\"> Nyn\u00ed z\u00edsk\u00e1te p\u0159ehled o pam\u011bti USB op\u011bt zde v p\u0159\u00edkladu &#8220; TYP souborov\u00e9ho syst\u00e9mu&#8220;, velikost pam\u011bti a jak\u00e9 form\u00e1tov\u00e1n\u00ed bylo zvoleno. Pokud je v\u0161e v po\u0159\u00e1dku, potvr\u010fte to stisknut\u00edm kl\u00e1ves J + Enter.<br \/>\n<img loading=\"lazy\" decoding=\"async\" class=\"transparent\" src=\"https:\/\/hikitec.de\/wp-content\/uploads\/2016\/12\/zzz_HIKITEC_Favicon_32.png\" alt=\"https:\/\/hikitec.de\/wp-content\/uploads\/2016\/12\/zzz_HIKITEC_Favicon_32.png\" width=\"11\" height=\"12\"> Pot\u00e9 m\u016f\u017eete kl\u00ed\u010di USB p\u0159id\u011blit ozna\u010den\u00ed jednotky (11 znak\u016f) a potvrdit kl\u00e1vesou Enter.<br \/>\n<img loading=\"lazy\" decoding=\"async\" class=\"transparent\" src=\"https:\/\/hikitec.de\/wp-content\/uploads\/2016\/12\/zzz_HIKITEC_Favicon_32.png\" alt=\"https:\/\/hikitec.de\/wp-content\/uploads\/2016\/12\/zzz_HIKITEC_Favicon_32.png\" width=\"11\" height=\"12\"> Pot\u00e9 bude disk USB naform\u00e1tov\u00e1n.<\/p>\n<p><strong>Pot\u00e9 bude disk USB naform\u00e1tov\u00e1n. P\u0159i nespr\u00e1vn\u00e9m pou\u017eit\u00ed m\u016f\u017eete ne\u00famysln\u011b odstranit d\u016fle\u017eit\u00e1 data.<\/strong><\/p>\n<\/div><\/section><\/div>\n<style type=\"text\/css\" id=\"style-css-av-quhhhi-f9b08ee2d3bece9668d7bba6309792b5\">\n#top .flex_column.av-quhhhi-f9b08ee2d3bece9668d7bba6309792b5{\nborder-radius:0px;\n-webkit-border-radius:0px;\n-moz-border-radius:0px;\npadding:0px;\n}\n<\/style>\n<div class='flex_column av-quhhhi-f9b08ee2d3bece9668d7bba6309792b5 av_one_full  avia-builder-el-13  el_after_av_one_full  avia-builder-el-last  first flex_column_div av-zero-column-padding column-top-margin'   ><section class=\"av_textblock_section \"  itemscope=\"itemscope\" itemtype=\"https:\/\/schema.org\/CreativeWork\" ><div class='avia_textblock  '   itemprop=\"text\" ><input type=\"button\" value=\"Zp\u011bt\" class=\"alg_back_button_input \" style=\"\" onclick=\"window.history.back()\" \/>\n<\/div><\/section><\/div><\/p>\n","protected":false},"excerpt":{"rendered":"","protected":false},"author":2,"featured_media":0,"parent":0,"menu_order":0,"comment_status":"closed","ping_status":"closed","template":"","meta":{"footnotes":""},"class_list":["post-159714","page","type-page","status-publish","hentry"],"_links":{"self":[{"href":"https:\/\/hikitec.de\/cs\/wp-json\/wp\/v2\/pages\/159714","targetHints":{"allow":["GET"]}}],"collection":[{"href":"https:\/\/hikitec.de\/cs\/wp-json\/wp\/v2\/pages"}],"about":[{"href":"https:\/\/hikitec.de\/cs\/wp-json\/wp\/v2\/types\/page"}],"author":[{"embeddable":true,"href":"https:\/\/hikitec.de\/cs\/wp-json\/wp\/v2\/users\/2"}],"replies":[{"embeddable":true,"href":"https:\/\/hikitec.de\/cs\/wp-json\/wp\/v2\/comments?post=159714"}],"version-history":[{"count":9,"href":"https:\/\/hikitec.de\/cs\/wp-json\/wp\/v2\/pages\/159714\/revisions"}],"predecessor-version":[{"id":159728,"href":"https:\/\/hikitec.de\/cs\/wp-json\/wp\/v2\/pages\/159714\/revisions\/159728"}],"wp:attachment":[{"href":"https:\/\/hikitec.de\/cs\/wp-json\/wp\/v2\/media?parent=159714"}],"curies":[{"name":"wp","href":"https:\/\/api.w.org\/{rel}","templated":true}]}}