{"id":159813,"date":"2021-05-07T12:00:42","date_gmt":"2021-05-07T10:00:42","guid":{"rendered":"https:\/\/hikitec.de\/kvalita-pameti-usb\/"},"modified":"2021-05-07T12:00:47","modified_gmt":"2021-05-07T10:00:47","slug":"kvalita-pameti-usb","status":"publish","type":"page","link":"https:\/\/hikitec.de\/cs\/kvalita-pameti-usb\/","title":{"rendered":"Kvalita pam\u011bti USB"},"content":{"rendered":"\n<style type=\"text\/css\" id=\"style-css-av-3p2w78-24049acaa6a2e0701469b1ca0f45ebc2\">\n#top .flex_column.av-3p2w78-24049acaa6a2e0701469b1ca0f45ebc2{\nborder-radius:0px;\n-webkit-border-radius:0px;\n-moz-border-radius:0px;\npadding:0px;\n}\n<\/style>\n<div class='flex_column av-3p2w78-24049acaa6a2e0701469b1ca0f45ebc2 av_one_full  avia-builder-el-0  el_before_av_one_full  avia-builder-el-first  first flex_column_div av-zero-column-padding '   ><section class=\"av_textblock_section \"  itemscope=\"itemscope\" itemtype=\"https:\/\/schema.org\/CreativeWork\" ><div class='avia_textblock  '   itemprop=\"text\" ><p>Spole\u010dnost HIKITEC GmbH pou\u017e\u00edv\u00e1 pouze zna\u010dkovou kvalitu. Pou\u017e\u00edvaj\u00ed se nap\u0159\u00edklad takzvan\u00e9 pam\u011bti NAND Flash od spole\u010dnost\u00ed Micron, Hynix, Samsung,<em><span style=\"font-family: 'Calibri',sans-serif; font-style: normal;\">Toshiba<\/span><\/em>, Sandisk nebo Intel. Vzhledem k tomu, \u017ee USB flash disky se neskl\u00e1daj\u00ed pouze z pam\u011b\u0165ov\u00e9ho za\u0159\u00edzen\u00ed NAND flash, ale \u0159adi\u010d USB je dal\u0161\u00ed kl\u00ed\u010dovou sou\u010d\u00e1st\u00ed, kter\u00e1 zaji\u0161\u0165uje \u00fasp\u011b\u0161n\u00e9 nasazen\u00ed \u0159e\u0161en\u00ed NAND flash na b\u00e1zi USB, pou\u017e\u00edv\u00e1me samoz\u0159ejm\u011b tak\u00e9 zna\u010dkovou kvalitu \u0159adi\u010de, nap\u0159\u00edklad SMI, Chipsbank nebo Alcor. P\u0159i realizaci va\u0161\u00ed objedn\u00e1vky pro v\u00e1s vybereme vhodn\u00e9 zna\u010dkov\u00e9 komponenty, kter\u00e9 v dan\u00e9m okam\u017eiku p\u0159edstavuj\u00ed nejlep\u0161\u00ed kombinaci pro v\u00e1\u0161 <span class=\"hgkelc\"><b>pom\u011br<\/b> <b>ceny a v\u00fdkonu.<\/b><\/span><br \/>\nPokud pot\u0159ebujete USB kl\u00ed\u010de pro speci\u00e1ln\u00ed po\u017eadavky, je nutn\u00e9, abyste n\u00e1s o nich informovali p\u0159edem. V p\u0159\u00edpad\u011b zvl\u00e1\u0161tn\u00edch v\u00fdzev m\u016f\u017ee m\u00edt smysl objednat p\u0159edb\u011b\u017en\u00fd vzorek k testov\u00e1n\u00ed.<\/p>\n<\/div><\/section><\/div>\n<style type=\"text\/css\" id=\"style-css-av-o7ejhg-a231903f4c15badd27b1592e27b23bc3\">\n#top .flex_column.av-o7ejhg-a231903f4c15badd27b1592e27b23bc3{\nborder-radius:0px;\n-webkit-border-radius:0px;\n-moz-border-radius:0px;\npadding:0px;\n}\n<\/style>\n<div class='flex_column av-o7ejhg-a231903f4c15badd27b1592e27b23bc3 av_one_full  avia-builder-el-2  el_after_av_one_full  avia-builder-el-last  first flex_column_div av-zero-column-padding column-top-margin'   ><section class=\"av_textblock_section \"  itemscope=\"itemscope\" itemtype=\"https:\/\/schema.org\/CreativeWork\" ><div class='avia_textblock  '   itemprop=\"text\" ><input type=\"button\" value=\"Zp\u011bt\" class=\"alg_back_button_input \" style=\"\" onclick=\"window.history.back()\" \/>\n<\/div><\/section><\/div><\/p>\n","protected":false},"excerpt":{"rendered":"","protected":false},"author":2,"featured_media":0,"parent":0,"menu_order":0,"comment_status":"closed","ping_status":"closed","template":"","meta":{"footnotes":""},"class_list":["post-159813","page","type-page","status-publish","hentry"],"_links":{"self":[{"href":"https:\/\/hikitec.de\/cs\/wp-json\/wp\/v2\/pages\/159813","targetHints":{"allow":["GET"]}}],"collection":[{"href":"https:\/\/hikitec.de\/cs\/wp-json\/wp\/v2\/pages"}],"about":[{"href":"https:\/\/hikitec.de\/cs\/wp-json\/wp\/v2\/types\/page"}],"author":[{"embeddable":true,"href":"https:\/\/hikitec.de\/cs\/wp-json\/wp\/v2\/users\/2"}],"replies":[{"embeddable":true,"href":"https:\/\/hikitec.de\/cs\/wp-json\/wp\/v2\/comments?post=159813"}],"version-history":[{"count":8,"href":"https:\/\/hikitec.de\/cs\/wp-json\/wp\/v2\/pages\/159813\/revisions"}],"predecessor-version":[{"id":159821,"href":"https:\/\/hikitec.de\/cs\/wp-json\/wp\/v2\/pages\/159813\/revisions\/159821"}],"wp:attachment":[{"href":"https:\/\/hikitec.de\/cs\/wp-json\/wp\/v2\/media?parent=159813"}],"curies":[{"name":"wp","href":"https:\/\/api.w.org\/{rel}","templated":true}]}}