{"id":159859,"date":"2021-05-07T12:21:40","date_gmt":"2021-05-07T10:21:40","guid":{"rendered":"https:\/\/hikitec.de\/vektorova-vs-pixelova-data\/"},"modified":"2021-05-07T12:22:39","modified_gmt":"2021-05-07T10:22:39","slug":"vektorova-vs-pixelova-data","status":"publish","type":"page","link":"https:\/\/hikitec.de\/cs\/vektorova-vs-pixelova-data\/","title":{"rendered":"Vektorov\u00e1 vs. pixelov\u00e1 data"},"content":{"rendered":"<section class=\"av_textblock_section \"  itemscope=\"itemscope\" itemtype=\"https:\/\/schema.org\/CreativeWork\" ><div class='avia_textblock  '   itemprop=\"text\" ><p><strong>Vektorov\u00e1 vs. pixelov\u00e1 data<\/strong><\/p>\n<\/div><\/section>\n\n<style type=\"text\/css\" id=\"style-css-av-1qf0c52-c396f8c79b6094e9a3845ad77b1ad49d\">\n#top .flex_column.av-1qf0c52-c396f8c79b6094e9a3845ad77b1ad49d{\nborder-radius:0px;\n-webkit-border-radius:0px;\n-moz-border-radius:0px;\npadding:0px;\n}\n<\/style>\n<div class='flex_column av-1qf0c52-c396f8c79b6094e9a3845ad77b1ad49d av_one_full  avia-builder-el-1  el_after_av_textblock  el_before_av_one_full  first flex_column_div av-zero-column-padding column-top-margin'   ><section class=\"av_textblock_section \"  itemscope=\"itemscope\" itemtype=\"https:\/\/schema.org\/CreativeWork\" ><div class='avia_textblock  '   itemprop=\"text\" ><div><strong>Vektorov\u00e1 data:<\/strong><\/div>\n<div><\/div>\n<div><img loading=\"lazy\" decoding=\"async\" class=\"aligncenter size-large wp-image-12893\" src=\"https:\/\/hikitec.de\/wp-content\/uploads\/2020\/07\/Vektor-1030x314.jpg\" alt=\"\" width=\"1030\" height=\"314\" srcset=\"https:\/\/hikitec.de\/wp-content\/uploads\/2020\/07\/Vektor-1030x314.jpg 1030w, https:\/\/hikitec.de\/wp-content\/uploads\/2020\/07\/Vektor-300x91.jpg 300w, https:\/\/hikitec.de\/wp-content\/uploads\/2020\/07\/Vektor-768x234.jpg 768w, https:\/\/hikitec.de\/wp-content\/uploads\/2020\/07\/Vektor-705x215.jpg 705w, https:\/\/hikitec.de\/wp-content\/uploads\/2020\/07\/Vektor-450x137.jpg 450w, https:\/\/hikitec.de\/wp-content\/uploads\/2020\/07\/Vektor.jpg 1038w\" sizes=\"auto, (max-width: 1030px) 100vw, 1030px\" \/><\/div>\n<div>Vektorov\u00e1 grafika je zalo\u017eena na popisu obr\u00e1zku, kter\u00fd p\u0159esn\u011b definuje va\u0161e logo. Vektory jsou grafick\u00e9 prvky, kter\u00e9 se skl\u00e1daj\u00ed z popsan\u00fdch k\u0159ivek a bod\u016f. Abyste mohli tato data beze ztr\u00e1t \u0161k\u00e1lovat. Vektorov\u00e1 grafika poskytuje lep\u0161\u00ed ostrost obrazu a men\u0161\u00ed velikost dat.<\/div>\n<div>B\u011b\u017en\u00e9 p\u0159\u00edpony soubor\u016f pro vektorov\u00e1 data jsou: eps, pdf, ai, cdr.<\/div>\n<\/div><\/section><\/div>\n\n<style type=\"text\/css\" id=\"style-css-av-17u5z5i-09acd9422d4e3f7c40f001041b9e443f\">\n#top .flex_column.av-17u5z5i-09acd9422d4e3f7c40f001041b9e443f{\nborder-radius:0px;\n-webkit-border-radius:0px;\n-moz-border-radius:0px;\npadding:0px;\n}\n<\/style>\n<div class='flex_column av-17u5z5i-09acd9422d4e3f7c40f001041b9e443f av_one_full  avia-builder-el-3  el_after_av_one_full  el_before_av_one_full  first flex_column_div av-zero-column-padding column-top-margin'   ><section class=\"av_textblock_section \"  itemscope=\"itemscope\" itemtype=\"https:\/\/schema.org\/CreativeWork\" ><div class='avia_textblock  '   itemprop=\"text\" ><div>\n<div>\n<div><strong>Pixelov\u00e1 data:<\/strong><\/div>\n<\/div>\n<\/div>\n<div><img loading=\"lazy\" decoding=\"async\" class=\"aligncenter size-full wp-image-12894\" src=\"https:\/\/hikitec.de\/wp-content\/uploads\/2020\/07\/Pixel.jpg\" alt=\"\" width=\"1018\" height=\"330\" srcset=\"https:\/\/hikitec.de\/wp-content\/uploads\/2020\/07\/Pixel.jpg 1018w, https:\/\/hikitec.de\/wp-content\/uploads\/2020\/07\/Pixel-300x97.jpg 300w, https:\/\/hikitec.de\/wp-content\/uploads\/2020\/07\/Pixel-768x249.jpg 768w, https:\/\/hikitec.de\/wp-content\/uploads\/2020\/07\/Pixel-705x229.jpg 705w, https:\/\/hikitec.de\/wp-content\/uploads\/2020\/07\/Pixel-450x146.jpg 450w\" sizes=\"auto, (max-width: 1018px) 100vw, 1018px\" \/><\/div>\n<div>\n<div><\/div>\n<div>Pixelov\u00e1 grafika, naz\u00fdvan\u00e1 tak\u00e9 bitmapov\u00e1 nebo rastrov\u00e1 grafika, jsou data slo\u017een\u00e1 z jednotliv\u00fdch pixel\u016f uspo\u0159\u00e1dan\u00fdch do m\u0159\u00ed\u017eky. Tento soubor je definov\u00e1n v\u00fd\u0161kou a \u0161\u00ed\u0159kou v pixelech. Pixelov\u00e1 grafika je vhodn\u00e1 pro zobrazen\u00ed fotografi\u00ed v nastaven\u00e9 velikosti, pokud ji zm\u011bn\u00edte, m\u016f\u017ee se rozmazat B\u011b\u017en\u00e9 p\u0159\u00edpony soubor\u016f pro pixelov\u00e1 data jsou: jpg, bmp, gif, png.<\/div>\n<\/div>\n<\/div><\/section><\/div>\n\n<style type=\"text\/css\" id=\"style-css-av-shjfg6-191e0b031d3397dd7c9ede05423c60ae\">\n#top .flex_column.av-shjfg6-191e0b031d3397dd7c9ede05423c60ae{\nborder-radius:0px;\n-webkit-border-radius:0px;\n-moz-border-radius:0px;\npadding:0px;\n}\n<\/style>\n<div class='flex_column av-shjfg6-191e0b031d3397dd7c9ede05423c60ae av_one_full  avia-builder-el-5  el_after_av_one_full  avia-builder-el-last  first flex_column_div av-zero-column-padding column-top-margin'   ><section class=\"av_textblock_section \"  itemscope=\"itemscope\" itemtype=\"https:\/\/schema.org\/CreativeWork\" ><div class='avia_textblock  '   itemprop=\"text\" ><input type=\"button\" value=\"Zp\u011bt\" class=\"alg_back_button_input \" style=\"\" onclick=\"window.history.back()\" \/>\n<\/div><\/section><\/div>\n","protected":false},"excerpt":{"rendered":"","protected":false},"author":2,"featured_media":0,"parent":0,"menu_order":0,"comment_status":"closed","ping_status":"closed","template":"","meta":{"footnotes":""},"class_list":["post-159859","page","type-page","status-publish","hentry"],"_links":{"self":[{"href":"https:\/\/hikitec.de\/cs\/wp-json\/wp\/v2\/pages\/159859","targetHints":{"allow":["GET"]}}],"collection":[{"href":"https:\/\/hikitec.de\/cs\/wp-json\/wp\/v2\/pages"}],"about":[{"href":"https:\/\/hikitec.de\/cs\/wp-json\/wp\/v2\/types\/page"}],"author":[{"embeddable":true,"href":"https:\/\/hikitec.de\/cs\/wp-json\/wp\/v2\/users\/2"}],"replies":[{"embeddable":true,"href":"https:\/\/hikitec.de\/cs\/wp-json\/wp\/v2\/comments?post=159859"}],"version-history":[{"count":5,"href":"https:\/\/hikitec.de\/cs\/wp-json\/wp\/v2\/pages\/159859\/revisions"}],"predecessor-version":[{"id":159866,"href":"https:\/\/hikitec.de\/cs\/wp-json\/wp\/v2\/pages\/159859\/revisions\/159866"}],"wp:attachment":[{"href":"https:\/\/hikitec.de\/cs\/wp-json\/wp\/v2\/media?parent=159859"}],"curies":[{"name":"wp","href":"https:\/\/api.w.org\/{rel}","templated":true}]}}