{"id":159919,"date":"2021-05-07T13:43:59","date_gmt":"2021-05-07T11:43:59","guid":{"rendered":"https:\/\/hikitec.de\/sluzba-zuslechtovani\/"},"modified":"2021-05-07T13:44:21","modified_gmt":"2021-05-07T11:44:21","slug":"sluzba-zuslechtovani","status":"publish","type":"page","link":"https:\/\/hikitec.de\/cs\/sluzba-zuslechtovani\/","title":{"rendered":"Slu\u017eba zu\u0161lech\u0165ov\u00e1n\u00ed"},"content":{"rendered":"<section class=\"av_textblock_section \"  itemscope=\"itemscope\" itemtype=\"https:\/\/schema.org\/CreativeWork\" ><div class='avia_textblock  '   itemprop=\"text\" ><p><strong>Jak\u00e9 jsou typy dokon\u010dovac\u00edch prac\u00ed?<\/strong><\/p>\n<\/div><\/section>\n<section class=\"av_textblock_section \"  itemscope=\"itemscope\" itemtype=\"https:\/\/schema.org\/CreativeWork\" ><div class='avia_textblock  '   itemprop=\"text\" ><p><strong>Zp\u0159esn\u011bn\u00ed jsou r\u016fzn\u00e9 varianty pro individu\u00e1ln\u00ed p\u0159izp\u016fsoben\u00ed na\u0161ich v\u00fdrobk\u016f. V z\u00e1vislosti na charakteru povrchu jsou mo\u017en\u00e9 r\u016fzn\u00e9 typy:<\/strong><\/p>\n<p><strong>S\u00edtotisk<\/strong><\/p>\n<p>Jedn\u00e1 se o p\u0159\u00edm\u00fd tisk, p\u0159i kter\u00e9m se barva protla\u010duje skrz tkaninu p\u0159\u00edmo na potiskovan\u00fd v\u00fdrobek. Otvory v tkanin\u011b jsou v m\u00edstech, kudy barva nem\u00e1 proch\u00e1zet, nepropustn\u00e9 pro barvu. Tiskov\u00e1 forma je upevn\u011bna ve stroji a tiskov\u00e1 barva je nan\u00e1\u0161ena&#8230;..<\/p>\n<p><strong>Tamponov\u00fd tisk<\/strong><\/p>\n<p>Tamponov\u00fd tisk je nep\u0159\u00edm\u00fd tiskov\u00fd proces, p\u0159i kter\u00e9m se nejprve vytvo\u0159\u00ed tiskov\u00e1 forma a motiv tisku se pot\u00e9 p\u0159enese na v\u00fdrobek pomoc\u00ed raz\u00edtka ze silikonov\u00e9 pry\u017ee. D\u00edky pru\u017enosti raz\u00edtka lze touto metodou dob\u0159e potisknout i m\u00edrn\u011b zak\u0159iven\u00e9 plochy.<\/p>\n<p><strong>Grav\u00edrov\u00e1n\u00ed<\/strong><\/p>\n<p>Grav\u00edrov\u00e1n\u00ed nebo laserov\u00e9 zna\u010den\u00ed jsou povrchov\u00e9 \u00fapravy, kter\u00e9 vyu\u017e\u00edvaj\u00ed intenzivn\u00ed laserov\u00fd paprsek k nan\u00e1\u0161en\u00ed loga na kovov\u00e9 povrchy. D\u00edky odstran\u011bn\u00ed materi\u00e1lu jsou laserov\u00e9 zna\u010dky vod\u011bodoln\u00e9, odoln\u00e9 proti rozmaz\u00e1n\u00ed a velmi trvanliv\u00e9.<\/p>\n<p><strong>Doming<\/strong><\/p>\n<p>Doming je n\u00e1zev technologie v\u00fdroby 3D samolepky s povrchovou \u00fapravou, kter\u00e1 m\u00e1 obvykle sklovit\u00fd, vysoce pr\u016fhledn\u00fd vzhled. Tento povlak lze pou\u017e\u00edt k \u00fa\u010dinn\u00e9mu zv\u00fd\u0161en\u00ed estetick\u00e9ho \u00fa\u010dinku na mnoha povr\u0161\u00edch.<\/p>\n<p><strong>Digit\u00e1ln\u00ed tisk ( C M Y K )<\/strong><\/p>\n<p>P\u0159i tomto tiskov\u00e9m procesu se ti\u0161t\u011bn\u00fd obraz p\u0159en\u00e1\u0161\u00ed p\u0159\u00edmo z po\u010d\u00edta\u010de do tiskov\u00e9ho stroje bez pou\u017eit\u00ed statick\u00e9 tiskov\u00e9 formy. Tiskov\u00fd syst\u00e9m je obvykle elektrografick\u00fd tiskov\u00fd syst\u00e9m, nap\u0159\u00edklad laserov\u00e1 tisk\u00e1rna ur\u010den\u00e1 pro velkoobjemov\u00fd tisk.<\/p>\n<p><strong>UV-Digitaldruck ( W + C M Y K )<\/strong><\/p>\n<p>Der Hauptunterschied zum herk\u00f6mmlichen Digitaldruck besteht darin, dass die Tinte nicht vollst\u00e4ndig in das Material eindringt, sondern auf der Oberfl\u00e4che des Druckmaterials liegt. Dadurch ist es m\u00f6glich, auf fast allen Materialien zu drucken. Barva se vytvrzuje ultrafialov\u00fdm sv\u011btlem, tak\u017ee b\u00edl\u00e1 je zde mo\u017en\u00e1 i jako p\u00e1t\u00e1 sm\u00ed\u0161en\u00e1 barva.<\/p>\n<p><a href=\"https:\/\/hikitec.de\/tiskovy-proces-cmyk-velikost-dat-a-spravna-spadavka\/?lang=cs\">Dal\u0161\u00ed informace o &#8222;Velikosti dat a spr\u00e1vn\u00e9m o\u0159ez\u00e1v\u00e1n\u00ed&#8220; naleznete zde.<\/a><\/p>\n<p><strong>Slep\u00e9 ra\u017een\u00ed<\/strong><\/p>\n<p>Jedn\u00e1 se o reli\u00e9fn\u00ed tisk bez inkoustu. Slepotisk je vhodn\u00fd pro m\u011bkk\u00e9 podkladov\u00e9 materi\u00e1ly, jako je k\u016f\u017ee nebo imitace k\u016f\u017ee, a d\u00edky n\u011bmu p\u016fsob\u00ed motiv tisku u\u0161lechtile a nen\u00e1padn\u011b.<\/p>\n<p><strong>Ra\u017eba za tepla<\/strong><\/p>\n<p>Hork\u00e1 ra\u017eba je &#8222;ra\u017eba za tepla&#8220; bez pou\u017eit\u00ed inkoustu, p\u0159i\u010dem\u017e rozd\u00edl oproti b\u011b\u017en\u00e9 slepotisku spo\u010d\u00edv\u00e1 v tom, \u017ee raznice je do materi\u00e1lu vtla\u010dena za tepla.<\/p>\n<p><a href=\"https:\/\/hikitec.de\/vektorova-vs-pixelova-data\/?lang=cs\">Informace o vektorov\u00fdch a pixelov\u00fdch souborech<\/a><\/p>\n<\/div><\/section>\n<section class=\"av_textblock_section \"  itemscope=\"itemscope\" itemtype=\"https:\/\/schema.org\/CreativeWork\" ><div class='avia_textblock  '   itemprop=\"text\" ><input type=\"button\" value=\"Zp\u011bt\" class=\"alg_back_button_input \" style=\"\" onclick=\"window.history.back()\" \/>\n<\/div><\/section>\n","protected":false},"excerpt":{"rendered":"","protected":false},"author":2,"featured_media":0,"parent":0,"menu_order":0,"comment_status":"closed","ping_status":"closed","template":"","meta":{"footnotes":""},"class_list":["post-159919","page","type-page","status-publish","hentry"],"_links":{"self":[{"href":"https:\/\/hikitec.de\/cs\/wp-json\/wp\/v2\/pages\/159919","targetHints":{"allow":["GET"]}}],"collection":[{"href":"https:\/\/hikitec.de\/cs\/wp-json\/wp\/v2\/pages"}],"about":[{"href":"https:\/\/hikitec.de\/cs\/wp-json\/wp\/v2\/types\/page"}],"author":[{"embeddable":true,"href":"https:\/\/hikitec.de\/cs\/wp-json\/wp\/v2\/users\/2"}],"replies":[{"embeddable":true,"href":"https:\/\/hikitec.de\/cs\/wp-json\/wp\/v2\/comments?post=159919"}],"version-history":[{"count":11,"href":"https:\/\/hikitec.de\/cs\/wp-json\/wp\/v2\/pages\/159919\/revisions"}],"predecessor-version":[{"id":159930,"href":"https:\/\/hikitec.de\/cs\/wp-json\/wp\/v2\/pages\/159919\/revisions\/159930"}],"wp:attachment":[{"href":"https:\/\/hikitec.de\/cs\/wp-json\/wp\/v2\/media?parent=159919"}],"curies":[{"name":"wp","href":"https:\/\/api.w.org\/{rel}","templated":true}]}}