{"id":211558,"date":"2021-05-27T16:42:52","date_gmt":"2021-05-27T14:42:52","guid":{"rendered":"https:\/\/hikitec.de\/naklady-na-dopravu-a-dodaci-lhuta\/"},"modified":"2021-05-27T16:42:52","modified_gmt":"2021-05-27T14:42:52","slug":"naklady-na-dopravu-a-dodaci-lhuta","status":"publish","type":"page","link":"https:\/\/hikitec.de\/cs\/naklady-na-dopravu-a-dodaci-lhuta\/","title":{"rendered":"N\u00e1klady na dopravu a dodac\u00ed lh\u016fta"},"content":{"rendered":"<p><strong>P\u0159eprava v r\u00e1mci N\u011bmecka<\/strong><\/p>\n<p>Odes\u00edl\u00e1n\u00ed v r\u00e1mci N\u011bmecka prob\u00edh\u00e1 prost\u0159ednictv\u00edm n\u00e1mi objednan\u00e9 z\u00e1silkov\u00e9 slu\u017eby.<\/p>\n<p>P\u0159epravn\u00ed n\u00e1klady \u00fa\u010dtujeme podle v\u00fddaj\u016f \/ po\u010dtu kus\u016f a poji\u0161t\u011bn\u00ed p\u0159epravy.<\/p>\n<p>Doru\u010dujeme bu\u010f p\u0159\u00edmo na adresu va\u0161\u00ed spole\u010dnosti, nebo neutr\u00e1ln\u011b na v\u00e1mi zvolenou doru\u010dovac\u00ed adresu s v\u00e1mi dodan\u00fdm dodac\u00edm listem.<\/p>\n<p>Pro doru\u010den\u00ed zbo\u017e\u00ed pot\u0159ebujeme po\u0161tovn\u00ed adresu, na kter\u00e9 v\u00e1s nebo va\u0161eho z\u00e1kazn\u00edka skute\u010dn\u011b zastihneme a kde si m\u016f\u017eete zbo\u017e\u00ed osobn\u011b p\u0159evz\u00edt. Jedin\u011b tak lze zaru\u010dit doru\u010den\u00ed. Dod\u00e1n\u00ed do balic\u00edch stanic bohu\u017eel nen\u00ed mo\u017en\u00e9. P\u0159\u00edm\u00e1 dod\u00e1vka na veletrh mus\u00ed b\u00fdt dohodnuta p\u0159edem a je mo\u017en\u00e1 pouze v omezen\u00e9m rozsahu; mohou vzniknout dodate\u010dn\u00e9 n\u00e1klady.<\/p>\n<p>Vzhledem k tomu, \u017ee v\u00edcen\u00e1sobn\u00e9 doru\u010den\u00ed z\u00e1silky poskytovatelem p\u0159epravn\u00edch slu\u017eeb m\u016f\u017ee b\u00fdt spojeno s dal\u0161\u00edmi n\u00e1klady, d\u016frazn\u011b \u017e\u00e1d\u00e1me na\u0161e z\u00e1kazn\u00edky, aby se ujistili, \u017ee jsou p\u0159ipraveni z\u00e1silku p\u0159evz\u00edt. Sou\u010dasn\u011b s odesl\u00e1n\u00edm zbo\u017e\u00ed od n\u00e1s obdr\u017e\u00edte sledovac\u00ed \u010d\u00edslo, pod kter\u00fdm m\u016f\u017eete sledovat stav doru\u010den\u00ed a p\u0159edpokl\u00e1dan\u00fd term\u00edn dod\u00e1n\u00ed.<\/p>\n<p>&nbsp;<\/p>\n<p><strong>Speci\u00e1ln\u00ed funkce pro p\u0159epravu v r\u00e1mci EU<\/strong><\/p>\n<p>V r\u00e1mci EU je na\u0161e zbo\u017e\u00ed zas\u00edl\u00e1no tak\u00e9 prost\u0159ednictv\u00edm doru\u010dovac\u00ed slu\u017eby UPS. P\u0159epravn\u00ed n\u00e1klady z\u00e1vis\u00ed na tarifn\u00ed z\u00f3n\u011b UPS v p\u0159\u00edslu\u0161n\u00e9 zemi doru\u010den\u00ed a jsou obvykle vy\u0161\u0161\u00ed ne\u017e p\u0159i p\u0159eprav\u011b v r\u00e1mci N\u011bmecka. Zde po\u010d\u00edt\u00e1me n\u00e1klady podle v\u00fddaj\u016f \/ po\u010dtu kus\u016f a poji\u0161t\u011bn\u00ed p\u0159epravy.<\/p>\n<p>V ostatn\u00edch p\u0159\u00edpadech plat\u00ed pro dod\u00e1n\u00ed zbo\u017e\u00ed stejn\u00e9 podm\u00ednky jako pro p\u0159epravu v r\u00e1mci N\u011bmecka.<\/p>\n<p><strong> <\/strong><\/p>\n<p><strong>Dod\u00e1n\u00ed do \u0160v\u00fdcarska a dal\u0161\u00edch zem\u00ed mimo EU<\/strong><\/p>\n<p>Doru\u010dujeme tak\u00e9 do \u0160v\u00fdcarska a v p\u0159\u00edpad\u011b pot\u0159eby i do dal\u0161\u00edch zem\u00ed mimo EU. Zde je t\u0159eba vz\u00edt v \u00favahu n\u011bkter\u00e9 speci\u00e1ln\u00ed funkce. N\u00e1klady na dopravu jsou obvykle vy\u0161\u0161\u00ed, proto\u017ee se plat\u00ed zvl\u00e1\u0161tn\u00ed poplatky a je t\u0159eba vynalo\u017eit v\u011bt\u0161\u00ed \u00fasil\u00ed na vy\u0159\u00edzen\u00ed z\u00e1silky. Pro p\u0159epravu zbo\u017e\u00ed do t\u011bchto zem\u00ed pot\u0159ebujeme od na\u0161ich z\u00e1kazn\u00edk\u016f proforma fakturu. Plat\u00ed, \u017ee v\u00fdvozce mus\u00ed v\u017edy vypracovat v\u00fdvozn\u00ed prohl\u00e1\u0161en\u00ed pro zbo\u017e\u00ed v hodnot\u011b 1 000 eur nebo o hmotnosti 1 000 kilogram\u016f a v\u00edce.<\/p>\n<p>&nbsp;<\/p>\n<p><strong>Dod\u00e1n\u00ed jako neutr\u00e1ln\u00ed z\u00e1silka p\u0159\u00edmo va\u0161im z\u00e1kazn\u00edk\u016fm<\/strong><\/p>\n<p>R\u00e1di p\u0159evezmeme odesl\u00e1n\u00ed zbo\u017e\u00ed p\u0159\u00edmo a neutr\u00e1ln\u011b va\u0161emu z\u00e1kazn\u00edkovi s va\u0161\u00edm dodac\u00edm listem a na va\u0161e jm\u00e9no. Pot\u0159ebujeme od v\u00e1s pouze dodac\u00ed adresu a dodac\u00ed list ve form\u00e1tu pdf. P\u0159\u00edm\u00e1 p\u0159eprava \u0161et\u0159\u00ed \u010das i n\u00e1klady, proto\u017ee odpadaj\u00ed dal\u0161\u00ed p\u0159epravn\u00ed trasy a zbo\u017e\u00ed se k z\u00e1kazn\u00edkovi dostane rychleji. Dal\u0161\u00edm pozitivn\u00edm vedlej\u0161\u00edm efektem je sn\u00ed\u017een\u00ed emis\u00ed CO<sub>2<\/sub>, \u010d\u00edm\u017e p\u0159isp\u00edv\u00e1me k ochran\u011b \u017eivotn\u00edho prost\u0159ed\u00ed. Je\u0161t\u011b jedna pozn\u00e1mka: P\u0159i odes\u00edl\u00e1n\u00ed zbo\u017e\u00ed nejsou ke zbo\u017e\u00ed p\u0159ilo\u017eeny \u017e\u00e1dn\u00e9 propaga\u010dn\u00ed bro\u017eury.<\/p>\n<p>&nbsp;<\/p>\n<p><strong>Expresn\u00ed p\u0159eprava<\/strong><\/p>\n<p>Pokud pot\u0159ebujete zbo\u017e\u00ed s krat\u0161\u00ed dodac\u00ed lh\u016ftou, m\u016f\u017eeme v\u00e1m na po\u017e\u00e1d\u00e1n\u00ed nab\u00eddnout i expresn\u00ed p\u0159epravu. Ceny z\u00e1vis\u00ed na hmotnosti z\u00e1silky, po\u017eadovan\u00e9 dob\u011b doru\u010den\u00ed a m\u00edst\u011b doru\u010den\u00ed. Za t\u00edmto \u00fa\u010delem n\u00e1s pros\u00edm kontaktujte p\u0159\u00edmo.<\/p>\n<p>&nbsp;<\/p>\n<p><strong>Dodac\u00ed lh\u016fty<\/strong><\/p>\n<p>Na\u0161e standardn\u00ed dodac\u00ed lh\u016fta pro standardn\u00ed produkty je p\u0159ibli\u017en\u011b 10 pracovn\u00edch dn\u016f od vyjasn\u011bn\u00ed objedn\u00e1vky ze skladu v N\u011bmecku, tj. po vyjasn\u011bn\u00ed v\u0161ech p\u0159edpoklad\u016f nezbytn\u00fdch pro v\u00fdrobu, jako je schv\u00e1len\u00ed tisku. Dodac\u00ed lh\u016fta z\u00e1vis\u00ed na produktu, u n\u011bkter\u00fdch produkt\u016f, jako jsou konkr\u00e9tn\u00ed USB kl\u00ed\u010denky nebo powerbanky, m\u016f\u017ee b\u00fdt dodac\u00ed lh\u016fta del\u0161\u00ed. Proto v\u00e1s \u017e\u00e1d\u00e1me, abyste se v\u010das informovali o dodac\u00ed lh\u016ft\u011b po\u017eadovan\u00e9ho v\u00fdrobku.<\/p>\n<p>Vzhledem k prob\u00edhaj\u00edc\u00ed pandemii Corony m\u016f\u017ee v sou\u010dasn\u00e9 dob\u011b doj\u00edt ke zpo\u017ed\u011bn\u00ed dod\u00e1vek a\u017e o p\u0159ibli\u017en\u011b 10 pracovn\u00edch dn\u016f.<\/p>\n<p>Vezm\u011bte pros\u00edm na v\u011bdom\u00ed, \u017ee p\u0159i odes\u00edl\u00e1n\u00ed je t\u0159eba dodate\u010dn\u011b zohlednit p\u0159\u00edpadn\u00e9 souvisej\u00edc\u00ed celn\u00ed procesy a tak\u00e9 sv\u00e1tky. To plat\u00ed zejm\u00e9na pro dod\u00e1vky do zahrani\u010d\u00ed.<\/p>\n<p>Bohu\u017eel nem\u016f\u017eeme p\u0159evz\u00edt \u017e\u00e1dnou odpov\u011bdnost za zpo\u017ed\u011bn\u00ed v p\u0159eprav\u011b zp\u016fsoben\u00e9 zavin\u011bn\u00edm poskytovatele p\u0159epravn\u00edch slu\u017eeb nebo vy\u0161\u0161\u00ed moc\u00ed.<\/p>\n<p>Sna\u017e\u00edme se v\u017edy odeslat zbo\u017e\u00ed v\u010das, a t\u00edm co nejv\u00edce zkr\u00e1tit dodac\u00ed lh\u016ftu.<\/p>\n","protected":false},"excerpt":{"rendered":"<p>P\u0159eprava v r\u00e1mci N\u011bmecka Odes\u00edl\u00e1n\u00ed v r\u00e1mci N\u011bmecka prob\u00edh\u00e1 prost\u0159ednictv\u00edm n\u00e1mi objednan\u00e9 z\u00e1silkov\u00e9 slu\u017eby. P\u0159epravn\u00ed n\u00e1klady \u00fa\u010dtujeme podle v\u00fddaj\u016f \/ po\u010dtu kus\u016f a poji\u0161t\u011bn\u00ed p\u0159epravy. Doru\u010dujeme bu\u010f p\u0159\u00edmo na adresu va\u0161\u00ed spole\u010dnosti, nebo neutr\u00e1ln\u011b na v\u00e1mi zvolenou doru\u010dovac\u00ed adresu s v\u00e1mi dodan\u00fdm dodac\u00edm listem. Pro doru\u010den\u00ed zbo\u017e\u00ed pot\u0159ebujeme po\u0161tovn\u00ed adresu, na kter\u00e9 v\u00e1s nebo va\u0161eho [&hellip;]<\/p>\n","protected":false},"author":2,"featured_media":0,"parent":0,"menu_order":0,"comment_status":"closed","ping_status":"closed","template":"","meta":{"footnotes":""},"class_list":["post-211558","page","type-page","status-publish","hentry"],"_links":{"self":[{"href":"https:\/\/hikitec.de\/cs\/wp-json\/wp\/v2\/pages\/211558","targetHints":{"allow":["GET"]}}],"collection":[{"href":"https:\/\/hikitec.de\/cs\/wp-json\/wp\/v2\/pages"}],"about":[{"href":"https:\/\/hikitec.de\/cs\/wp-json\/wp\/v2\/types\/page"}],"author":[{"embeddable":true,"href":"https:\/\/hikitec.de\/cs\/wp-json\/wp\/v2\/users\/2"}],"replies":[{"embeddable":true,"href":"https:\/\/hikitec.de\/cs\/wp-json\/wp\/v2\/comments?post=211558"}],"version-history":[{"count":0,"href":"https:\/\/hikitec.de\/cs\/wp-json\/wp\/v2\/pages\/211558\/revisions"}],"wp:attachment":[{"href":"https:\/\/hikitec.de\/cs\/wp-json\/wp\/v2\/media?parent=211558"}],"curies":[{"name":"wp","href":"https:\/\/api.w.org\/{rel}","templated":true}]}}