{"id":286831,"date":"2021-06-10T16:03:13","date_gmt":"2021-06-10T14:03:13","guid":{"rendered":"https:\/\/hikitec.de\/prohlaseni-weee-elektrog\/"},"modified":"2021-06-10T16:03:13","modified_gmt":"2021-06-10T14:03:13","slug":"prohlaseni-weee-elektrog","status":"publish","type":"page","link":"https:\/\/hikitec.de\/cs\/prohlaseni-weee-elektrog\/","title":{"rendered":"Prohl\u00e1\u0161en\u00ed WEEE ElektroG"},"content":{"rendered":"<section class=\"av_textblock_section \"  itemscope=\"itemscope\" itemtype=\"https:\/\/schema.org\/CreativeWork\" ><div class='avia_textblock  '   itemprop=\"text\" ><p>Jist\u011b jste s velkou pozornost\u00ed sledovali z\u00e1kon o zp\u011btn\u00e9m odb\u011bru a ekologick\u00e9 likvidaci elektrick\u00fdch a elektronick\u00fdch za\u0159\u00edzen\u00ed v souladu se sm\u011brnicemi EU &#8222;RoHS&#8220; a &#8222;WEEE&#8220;. V\u00fdrobky vyr\u00e1b\u011bn\u00e9 a\/nebo distribuovan\u00e9 spole\u010dnost\u00ed HIKITEC GmbH podl\u00e9haj\u00ed sm\u011brnic\u00edm WEEE a jsou ozna\u010deny ve smyslu tohoto na\u0159\u00edzen\u00ed. Slo\u017eili jsme z\u00e1ruku odolnou proti platebn\u00ed neschopnosti na financov\u00e1n\u00ed na\u0161\u00ed povinnosti odkupu. Spole\u010dnost HIKITEC GmbH je registrov\u00e1na u nadace EAR, kter\u00e1 byla jmenov\u00e1na spole\u010dn\u00fdm org\u00e1nem, pod registra\u010dn\u00edm \u010d\u00edslem DE 88269453.<\/p>\n<\/div><\/section>\n<section class=\"av_textblock_section \"  itemscope=\"itemscope\" itemtype=\"https:\/\/schema.org\/CreativeWork\" ><div class='avia_textblock  '   itemprop=\"text\" ><input type=\"button\" value=\"Zp\u011bt\" class=\"alg_back_button_input \" style=\"\" onclick=\"window.history.back()\" \/>\n<\/div><\/section>\n","protected":false},"excerpt":{"rendered":"","protected":false},"author":2,"featured_media":0,"parent":0,"menu_order":0,"comment_status":"closed","ping_status":"closed","template":"","meta":{"footnotes":""},"class_list":["post-286831","page","type-page","status-publish","hentry"],"_links":{"self":[{"href":"https:\/\/hikitec.de\/cs\/wp-json\/wp\/v2\/pages\/286831","targetHints":{"allow":["GET"]}}],"collection":[{"href":"https:\/\/hikitec.de\/cs\/wp-json\/wp\/v2\/pages"}],"about":[{"href":"https:\/\/hikitec.de\/cs\/wp-json\/wp\/v2\/types\/page"}],"author":[{"embeddable":true,"href":"https:\/\/hikitec.de\/cs\/wp-json\/wp\/v2\/users\/2"}],"replies":[{"embeddable":true,"href":"https:\/\/hikitec.de\/cs\/wp-json\/wp\/v2\/comments?post=286831"}],"version-history":[{"count":5,"href":"https:\/\/hikitec.de\/cs\/wp-json\/wp\/v2\/pages\/286831\/revisions"}],"predecessor-version":[{"id":286836,"href":"https:\/\/hikitec.de\/cs\/wp-json\/wp\/v2\/pages\/286831\/revisions\/286836"}],"wp:attachment":[{"href":"https:\/\/hikitec.de\/cs\/wp-json\/wp\/v2\/media?parent=286831"}],"curies":[{"name":"wp","href":"https:\/\/api.w.org\/{rel}","templated":true}]}}