{"id":286855,"date":"2021-06-10T16:15:15","date_gmt":"2021-06-10T14:15:15","guid":{"rendered":"https:\/\/hikitec.de\/platebni-podminky\/"},"modified":"2021-06-10T16:15:20","modified_gmt":"2021-06-10T14:15:20","slug":"platebni-podminky","status":"publish","type":"page","link":"https:\/\/hikitec.de\/cs\/platebni-podminky\/","title":{"rendered":"Platebn\u00ed podm\u00ednky"},"content":{"rendered":"<section class=\"av_textblock_section \"  itemscope=\"itemscope\" itemtype=\"https:\/\/schema.org\/CreativeWork\" ><div class='avia_textblock  '   itemprop=\"text\" ><p><strong>Jak\u00e9 platebn\u00ed metody jsou k dispozici?<\/strong><\/p>\n<\/div><\/section>\n<section class=\"av_textblock_section \"  itemscope=\"itemscope\" itemtype=\"https:\/\/schema.org\/CreativeWork\" ><div class='avia_textblock  '   itemprop=\"text\" ><p><strong>hotovost p\u0159edem<\/strong><\/p>\n<p>V procesu objedn\u00e1vky zvol\u00edte zp\u016fsob platby &#8222;Platba p\u0159edem&#8220;. V\u00fd\u0161i z\u00e1lohov\u00e9 faktury k \u00fahrad\u011b naleznete v z\u00e1lohov\u00e9 faktu\u0159e, kter\u00e1 v\u00e1m byla zasl\u00e1na e-mailem. Na z\u00e1lohov\u00e9 faktu\u0159e je uvedena lh\u016fta splatnosti. Je pro n\u00e1s velmi d\u016fle\u017eit\u00e9, abyste je dodr\u017eovali, abychom mohli va\u0161e zbo\u017e\u00ed vyrobit v\u010das a nedo\u0161lo ke zpo\u017ed\u011bn\u00ed term\u00ednu dod\u00e1n\u00ed. Dokud nebude \u010d\u00e1stka p\u0159ips\u00e1na na jeden z na\u0161ich n\u00ed\u017ee uveden\u00fdch \u00fa\u010dt\u016f, nebude zah\u00e1jena v\u00fdroba va\u0161eho zbo\u017e\u00ed.<\/p>\n<p>\u010c\u00e1stku uvedenou na z\u00e1lohov\u00e9 faktu\u0159e s uveden\u00edm \u010d\u00edsla faktury pros\u00edm p\u0159eve\u010fte na adresu:<\/p>\n<p>P\u0159\u00edjemce: HIKITEC GmbH<br \/>\nBanka: Stadtsparkasse D\u00fcsseldorf<br \/>\nIBAN: DE96 3005 0110 1007 6369 11<br \/>\nBIC: DUSSDEDDXXX<\/p>\n<p><strong>Platba na \u00fa\u010det* po kontrole kreditu<br \/>\n<\/strong><\/p>\n<p>Objedn\u00e1vejte pohodln\u011b na \u00fa\u010det a po obdr\u017een\u00ed zbo\u017e\u00ed uhra\u010fte fakturovanou \u010d\u00e1stku. \u010c\u00e1stku, kterou je t\u0159eba zaplatit, naleznete na faktu\u0159e, kter\u00e1 v\u00e1m bude zasl\u00e1na po dod\u00e1n\u00ed zbo\u017e\u00ed. Fakturu v\u00e1m za\u0161leme e-mailem.<\/p>\n<p>P\u0159eve\u010fte pros\u00edm \u010d\u00e1stku s \u010d\u00edslem faktury na adresu:<\/p>\n<p>P\u0159\u00edjemce: HIKITEC GmbH<br \/>\nBanka: Stadtsparkasse D\u00fcsseldorf<br \/>\nIBAN: DE96 3005 0110 1007 6369 11<br \/>\nBIC: DUSSDEDDXXX<\/p>\n<p>*V\u0161echno dodan\u00e9 zbo\u017e\u00ed z\u016fst\u00e1v\u00e1 majetkem spole\u010dnosti HIKITEC GmbH a\u017e do spln\u011bn\u00ed v\u0161ech na\u0161ich n\u00e1rok\u016f.<\/p>\n<p>Pokud jste v prodlen\u00ed s platbou, budeme v\u00e1m \u00fa\u010dtovat poplatky za upom\u00ednky a \u00faroky.<\/p>\n<\/div><\/section>\n<section class=\"av_textblock_section \"  itemscope=\"itemscope\" itemtype=\"https:\/\/schema.org\/CreativeWork\" ><div class='avia_textblock  '   itemprop=\"text\" ><input type=\"button\" value=\"Zp\u011bt\" class=\"alg_back_button_input \" style=\"\" onclick=\"window.history.back()\" \/>\n<\/div><\/section>\n","protected":false},"excerpt":{"rendered":"","protected":false},"author":2,"featured_media":0,"parent":0,"menu_order":0,"comment_status":"closed","ping_status":"closed","template":"","meta":{"footnotes":""},"class_list":["post-286855","page","type-page","status-publish","hentry"],"_links":{"self":[{"href":"https:\/\/hikitec.de\/cs\/wp-json\/wp\/v2\/pages\/286855","targetHints":{"allow":["GET"]}}],"collection":[{"href":"https:\/\/hikitec.de\/cs\/wp-json\/wp\/v2\/pages"}],"about":[{"href":"https:\/\/hikitec.de\/cs\/wp-json\/wp\/v2\/types\/page"}],"author":[{"embeddable":true,"href":"https:\/\/hikitec.de\/cs\/wp-json\/wp\/v2\/users\/2"}],"replies":[{"embeddable":true,"href":"https:\/\/hikitec.de\/cs\/wp-json\/wp\/v2\/comments?post=286855"}],"version-history":[{"count":5,"href":"https:\/\/hikitec.de\/cs\/wp-json\/wp\/v2\/pages\/286855\/revisions"}],"predecessor-version":[{"id":286860,"href":"https:\/\/hikitec.de\/cs\/wp-json\/wp\/v2\/pages\/286855\/revisions\/286860"}],"wp:attachment":[{"href":"https:\/\/hikitec.de\/cs\/wp-json\/wp\/v2\/media?parent=286855"}],"curies":[{"name":"wp","href":"https:\/\/api.w.org\/{rel}","templated":true}]}}