{"id":286904,"date":"2021-06-11T13:44:02","date_gmt":"2021-06-11T11:44:02","guid":{"rendered":"https:\/\/hikitec.de\/stahnete-si-nacrty-stanku\/"},"modified":"2021-06-25T11:22:30","modified_gmt":"2021-06-25T09:22:30","slug":"stahnete-si-nacrty-stanku","status":"publish","type":"page","link":"https:\/\/hikitec.de\/cs\/stahnete-si-nacrty-stanku\/","title":{"rendered":"St\u00e1hn\u011bte si n\u00e1\u010drty st\u00e1nk\u016f"},"content":{"rendered":"\n<style type=\"text\/css\" id=\"style-css-av-kjqnul7-57555e281ae0dd8c76737de86dd0fa25\">\n#top .flex_column.av-kjqnul7-57555e281ae0dd8c76737de86dd0fa25{\nborder-radius:0px;\n-webkit-border-radius:0px;\n-moz-border-radius:0px;\npadding:0px;\n}\n<\/style>\n<div class='flex_column av-kjqnul7-57555e281ae0dd8c76737de86dd0fa25 av_one_half  avia-builder-el-0  el_before_av_one_half  avia-builder-el-first  first flex_column_div av-zero-column-padding '   ><section class=\"av_textblock_section \"  itemscope=\"itemscope\" itemtype=\"https:\/\/schema.org\/CreativeWork\" ><div class='avia_textblock  '   itemprop=\"text\" ><p><img loading=\"lazy\" decoding=\"async\" class=\"aligncenter size-large wp-image-346941\" src=\"https:\/\/hikitec.de\/wp-content\/uploads\/2021\/06\/PDF-1030x304.jpg\" alt=\"\" width=\"1030\" height=\"304\" srcset=\"https:\/\/hikitec.de\/wp-content\/uploads\/2021\/06\/PDF-1030x304.jpg 1030w, https:\/\/hikitec.de\/wp-content\/uploads\/2021\/06\/PDF-300x88.jpg 300w, https:\/\/hikitec.de\/wp-content\/uploads\/2021\/06\/PDF-768x226.jpg 768w, https:\/\/hikitec.de\/wp-content\/uploads\/2021\/06\/PDF-1536x453.jpg 1536w, https:\/\/hikitec.de\/wp-content\/uploads\/2021\/06\/PDF-1500x442.jpg 1500w, https:\/\/hikitec.de\/wp-content\/uploads\/2021\/06\/PDF-705x208.jpg 705w, https:\/\/hikitec.de\/wp-content\/uploads\/2021\/06\/PDF.jpg 1926w\" sizes=\"auto, (max-width: 1030px) 100vw, 1030px\" \/><\/p>\n<\/div><\/section><\/div>\n\n<style type=\"text\/css\" id=\"style-css-av-es060yj-dc5cdaf1c17206afa88efb790440b46c\">\n#top .flex_column.av-es060yj-dc5cdaf1c17206afa88efb790440b46c{\nborder-radius:0px;\n-webkit-border-radius:0px;\n-moz-border-radius:0px;\npadding:0px;\n}\n<\/style>\n<div class='flex_column av-es060yj-dc5cdaf1c17206afa88efb790440b46c av_one_half  avia-builder-el-2  el_after_av_one_half  el_before_av_one_half  flex_column_div av-zero-column-padding '   ><form action=\"https:\/\/hikitec.de\/cs\/stahnete-si-nacrty-stanku\/\" method=\"post\"  class=\"avia_ajax_form av-form-labels-visible   avia-builder-el-3  avia-builder-el-no-sibling   \" data-avia-form-id=\"1\" data-avia-redirect='' ><h3 class=''>N\u00e1\u010drtky stojan\u016f ke sta\u017een\u00ed ve form\u00e1tu PDF<\/h3><fieldset><p class='  first_form  form_element form_fullwidth' id='element_avia_1_1'><label for=\"avia_1_1\">Spole\u010dnost <abbr class=\"required\" title=\"required\">*<\/abbr><\/label> <input name=\"avia_1_1\" class=\"text_input is_empty\" type=\"text\" id=\"avia_1_1\" value=\"\" \/><\/p><p class='  first_form  form_element form_element_third' id='element_avia_2_1'><label for=\"avia_2_1\">Pozdrav <abbr class=\"required\" title=\"required\">*<\/abbr><\/label> <input name=\"avia_2_1\" class=\"text_input is_empty\" type=\"text\" id=\"avia_2_1\" value=\"\" \/><\/p><p class='  form_element form_element_third' id='element_avia_3_1'><label for=\"avia_3_1\">K\u0159estn\u00ed jm\u00e9no <abbr class=\"required\" title=\"required\">*<\/abbr><\/label> <input name=\"avia_3_1\" class=\"text_input is_empty\" type=\"text\" id=\"avia_3_1\" value=\"\" \/><\/p><p class='  form_element form_element_third' id='element_avia_4_1'><label for=\"avia_4_1\">P\u0159\u00edjmen\u00ed<\/label> <input name=\"avia_4_1\" class=\"text_input \" type=\"text\" id=\"avia_4_1\" value=\"\" \/><\/p><p class='  first_form  form_element form_fullwidth' id='element_avia_5_1'><label for=\"avia_5_1\">E-mail <abbr class=\"required\" title=\"required\">*<\/abbr><\/label> <input name=\"avia_5_1\" class=\"text_input is_email\" type=\"text\" id=\"avia_5_1\" value=\"\" \/><\/p><p class=' first_form  form_element form_fullwidth' id='element_avia_6_1'>    <input  name=\"avia_6_1\" class=\"input_checkbox is_empty\" type=\"checkbox\" id=\"avia_6_1\" value=\"true\"\/><label class=\"input_checkbox_label\" for=\"avia_6_1\">P\u0159e\u010detl\/a jsem si podm\u00ednky a vzal\/a jsem je na v\u011bdom\u00ed. <abbr class=\"required\" title=\"required\">*<\/abbr><\/label><\/p><p class=' first_form  form_element form_fullwidth' id='element_avia_7_1'>    <input  name=\"avia_7_1\" class=\"input_checkbox is_empty\" type=\"checkbox\" id=\"avia_7_1\" value=\"true\"\/><label class=\"input_checkbox_label\" for=\"avia_7_1\">P\u0159e\u010detl\/a jsem si ozn\u00e1men\u00ed o ochran\u011b osobn\u00edch \u00fadaj\u016f a vzal\/a jsem ho na v\u011bdom\u00ed. <abbr class=\"required\" title=\"required\">*<\/abbr><\/label><\/p><div id='avia_8_1' class='av-form-text'><p>\n* Vzal\/a jsem na v\u011bdom\u00ed informace o <a href=\"http:\/\/hikitec.de\/datenschutz\/\"><strong>ochran\u011b osobn\u00edch \u00fadaj\u016f<\/strong>,<\/a><a href=\"https:\/\/hikitec.de\/agb\/?lang=cs\"><strong>v\u0161eobecn\u00e9 smluvn\u00ed a obchodn\u00ed podm\u00ednky spole\u010dnosti HIKITEC GmbH<\/strong><\/a> a souhlas\u00edm s nimi, stejn\u011b jako s informacemi o odvol\u00e1n\u00ed.<\/p>\n<p>Kompakt: Informace o ochran\u011b osobn\u00edch \u00fadaj\u016f Va\u0161e e-mailov\u00e1 adresa bude pou\u017eita pouze pro \u00fa\u010dely vy\u0159\u00edzen\u00ed va\u0161\u00ed \u017e\u00e1dosti spole\u010dnost\u00ed HIKITEC. Obsahuje informace o produktech, sez\u00f3nn\u00edch akc\u00edch nebo novink\u00e1ch. Va\u0161e e-mailov\u00e1 adresa nebude nikdy p\u0159ed\u00e1na t\u0159et\u00edm stran\u00e1m pro reklamn\u00ed \u00fa\u010dely a bude pou\u017eita pouze v r\u00e1mci zas\u00edl\u00e1n\u00ed newsletteru.<\/p>\n<\/div><p class=\"hidden\"><input type=\"text\" name=\"avia_9_1\" class=\"hidden \" id=\"avia_9_1\" value=\"\" \/><\/p><p class='   form_element form_fullwidth' id='element_avia_10_1'><span class='value_verifier_label'>2 + 5 = ?<\/span><input name=\"avia_10_1_verifier\" type=\"hidden\" id=\"avia_10_1_verifier\" value=\"343577774\"\/><label for=\"avia_10_1\">Please prove that you are human by solving the equation <abbr class=\"required\" title=\"required\">*<\/abbr><\/label><input name=\"avia_10_1\" class=\"text_input captcha\" type=\"text\" id=\"avia_10_1\" value=\"\"\/><\/p><p class=\"form_element \"><input type=\"hidden\" value=\"1\" name=\"avia_generated_form1\" \/><input type=\"submit\" value=\"St\u00e1hnout anfordern\" class=\"button\"  data-sending-label=\"Sending\"\/><\/p><\/fieldset><\/form><div id=\"ajaxresponse_1\" class=\"ajaxresponse ajaxresponse_1 hidden\"><\/div><\/div>\n<style type=\"text\/css\" id=\"style-css-av-cfyh4nv-b791dbf948e6eb6b5376bec13aab959d\">\n#top .flex_column.av-cfyh4nv-b791dbf948e6eb6b5376bec13aab959d{\nborder-radius:0px;\n-webkit-border-radius:0px;\n-moz-border-radius:0px;\npadding:0px;\n}\n<\/style>\n<div class='flex_column av-cfyh4nv-b791dbf948e6eb6b5376bec13aab959d av_one_half  avia-builder-el-4  el_after_av_one_half  el_before_av_one_half  first flex_column_div av-zero-column-padding column-top-margin'   ><\/div><\/p>\n\n<style type=\"text\/css\" id=\"style-css-av-7i2mpy3-da665a18f044c3f4146358c6ce5bb78b\">\n#top .flex_column.av-7i2mpy3-da665a18f044c3f4146358c6ce5bb78b{\nborder-radius:0px;\n-webkit-border-radius:0px;\n-moz-border-radius:0px;\npadding:0px;\n}\n<\/style>\n<div class='flex_column av-7i2mpy3-da665a18f044c3f4146358c6ce5bb78b av_one_half  avia-builder-el-5  el_after_av_one_half  el_before_av_one_full  flex_column_div av-zero-column-padding column-top-margin'   ><\/div>\n\n<style type=\"text\/css\" id=\"style-css-av-5dcoumz-7eaa25af527310aa359909c4f8ef2111\">\n#top .flex_column.av-5dcoumz-7eaa25af527310aa359909c4f8ef2111{\nborder-radius:0px;\n-webkit-border-radius:0px;\n-moz-border-radius:0px;\npadding:0px;\n}\n<\/style>\n<div class='flex_column av-5dcoumz-7eaa25af527310aa359909c4f8ef2111 av_one_full  avia-builder-el-6  el_after_av_one_half  avia-builder-el-last  first flex_column_div av-zero-column-padding column-top-margin'   ><section class=\"av_textblock_section \"  itemscope=\"itemscope\" itemtype=\"https:\/\/schema.org\/CreativeWork\" ><div class='avia_textblock  '   itemprop=\"text\" ><input type=\"button\" value=\"Zp\u011bt\" class=\"alg_back_button_input \" style=\"\" onclick=\"window.history.back()\" \/>\n<\/div><\/section><\/div>\n","protected":false},"excerpt":{"rendered":"","protected":false},"author":2,"featured_media":0,"parent":0,"menu_order":0,"comment_status":"closed","ping_status":"closed","template":"","meta":{"footnotes":""},"class_list":["post-286904","page","type-page","status-publish","hentry"],"_links":{"self":[{"href":"https:\/\/hikitec.de\/cs\/wp-json\/wp\/v2\/pages\/286904","targetHints":{"allow":["GET"]}}],"collection":[{"href":"https:\/\/hikitec.de\/cs\/wp-json\/wp\/v2\/pages"}],"about":[{"href":"https:\/\/hikitec.de\/cs\/wp-json\/wp\/v2\/types\/page"}],"author":[{"embeddable":true,"href":"https:\/\/hikitec.de\/cs\/wp-json\/wp\/v2\/users\/2"}],"replies":[{"embeddable":true,"href":"https:\/\/hikitec.de\/cs\/wp-json\/wp\/v2\/comments?post=286904"}],"version-history":[{"count":23,"href":"https:\/\/hikitec.de\/cs\/wp-json\/wp\/v2\/pages\/286904\/revisions"}],"predecessor-version":[{"id":383593,"href":"https:\/\/hikitec.de\/cs\/wp-json\/wp\/v2\/pages\/286904\/revisions\/383593"}],"wp:attachment":[{"href":"https:\/\/hikitec.de\/cs\/wp-json\/wp\/v2\/media?parent=286904"}],"curies":[{"name":"wp","href":"https:\/\/api.w.org\/{rel}","templated":true}]}}