{"id":30477,"date":"2021-03-29T11:44:47","date_gmt":"2021-03-29T09:44:47","guid":{"rendered":"https:\/\/hikitec.de\/zpravy-2\/"},"modified":"2021-03-29T11:44:49","modified_gmt":"2021-03-29T09:44:49","slug":"zpravy-2","status":"publish","type":"page","link":"https:\/\/hikitec.de\/cs\/zpravy-2\/","title":{"rendered":"Zpr\u00e1vy"},"content":{"rendered":"<h1>Zpr\u00e1vy<\/h1>\n      <div id=\"post-grid-lazy-18831\" class=\"post-grid-lazy\"><img decoding=\"async\" alt=\"\" src=\"\" \/><\/div>\n    <script>\n      jQuery('#post-grid-lazy-18831').ready(function($) {\n        $('#post-grid-lazy-18831').fadeOut();\n        $('#post-grid-18831   ').fadeIn();\n      })\n    <\/script>\n    <style type=\"text\/css\">\n      #post-grid-18831 {\n        display: none;\n      }\n\n      .post-grid-lazy {\n        text-align: center;\n      }\n    <\/style>\n    <div data-options='{&quot;id&quot;:&quot;18831&quot;,&quot;lazy_load&quot;:&quot;yes&quot;,&quot;masonry_enable&quot;:&quot;no&quot;,&quot;view_type&quot;:&quot;grid&quot;}' id=\"post-grid-18831\" class=\"post-grid grid\">\n    \n\n\n    <div class=\"grid-items\">\n      <div class=\"item item-159729 skin flat even 0 \">\n        <div class=\"layer-wrapper layout-\">\n        <div class=\"layer-media\"><a href=\"https:\/\/hikitec.de\/cs\/usb-klicenky-od-vyrobcu-certifikovanych-bsci\/\"><img decoding=\"async\" alt=\"\" src=\"https:\/\/hikitec.de\/wp-content\/uploads\/2021\/05\/amfori_BCSI_2-1030x1030.jpg\" \/><\/a><\/div>\n  <div class=\"layer-content\">\n        <div\r\n        class=\"element element_0  element-media \">\r\n        <a target=\"_self\" href=\"https:\/\/hikitec.de\/cs\/usb-klicenky-od-vyrobcu-certifikovanych-bsci\/\"><img loading=\"lazy\" decoding=\"async\" width=\"1030\" height=\"1030\" src=\"https:\/\/hikitec.de\/wp-content\/uploads\/2021\/05\/amfori_BCSI_2-1030x1030.jpg\" class=\"wp-image-159252 avia-img-lazy-loading-159252 attachment-large size-large wp-post-image\" alt=\"\" srcset=\"https:\/\/hikitec.de\/wp-content\/uploads\/2021\/05\/amfori_BCSI_2-1030x1030.jpg 1030w, https:\/\/hikitec.de\/wp-content\/uploads\/2021\/05\/amfori_BCSI_2-300x300.jpg 300w, https:\/\/hikitec.de\/wp-content\/uploads\/2021\/05\/amfori_BCSI_2-80x80.jpg 80w, https:\/\/hikitec.de\/wp-content\/uploads\/2021\/05\/amfori_BCSI_2-768x768.jpg 768w, https:\/\/hikitec.de\/wp-content\/uploads\/2021\/05\/amfori_BCSI_2-1536x1536.jpg 1536w, https:\/\/hikitec.de\/wp-content\/uploads\/2021\/05\/amfori_BCSI_2-2048x2048.jpg 2048w, https:\/\/hikitec.de\/wp-content\/uploads\/2021\/05\/amfori_BCSI_2-36x36.jpg 36w, https:\/\/hikitec.de\/wp-content\/uploads\/2021\/05\/amfori_BCSI_2-180x180.jpg 180w, https:\/\/hikitec.de\/wp-content\/uploads\/2021\/05\/amfori_BCSI_2-1500x1500.jpg 1500w, https:\/\/hikitec.de\/wp-content\/uploads\/2021\/05\/amfori_BCSI_2-705x705.jpg 705w\" sizes=\"auto, (max-width: 1030px) 100vw, 1030px\" \/><\/a>    <\/div>\r\n    <div class=\"element element_1  title_link \">\r\n                    <a target=\"\"\r\n                href=\"https:\/\/hikitec.de\/cs\/usb-klicenky-od-vyrobcu-certifikovanych-bsci\/\">USB kl\u00ed\u010denky z v\u00fdroby certifikovan\u00e9 BSCI<\/a>\r\n            <\/div>\r\n    <div class=\"element element_2  excerpt \">\r\n                    <\/div>\r\n            <a class=\"element element_3  read_more \"\r\n            target=\"\"\r\n            href=\"https:\/\/hikitec.de\/cs\/usb-klicenky-od-vyrobcu-certifikovanych-bsci\/\"><\/a>\r\n      <\/div>\n    <\/div>\n  <\/div><div class=\"item item-122097 skin flat odd 1 \">\n        <div class=\"layer-wrapper layout-\">\n        <div class=\"layer-media\"><a href=\"https:\/\/hikitec.de\/cs\/udrzitelnost-v-praxi-usb-klicenky-z-pla\/\"><img decoding=\"async\" alt=\"\" src=\"https:\/\/hikitec.de\/wp-content\/uploads\/2017\/06\/PLA-1030x1030.jpg\" \/><\/a><\/div>\n  <div class=\"layer-content\">\n        <div\r\n        class=\"element element_0  element-media \">\r\n        <a target=\"_self\" href=\"https:\/\/hikitec.de\/cs\/udrzitelnost-v-praxi-usb-klicenky-z-pla\/\"><img loading=\"lazy\" decoding=\"async\" width=\"1030\" height=\"1030\" src=\"https:\/\/hikitec.de\/wp-content\/uploads\/2017\/06\/PLA-1030x1030.jpg\" class=\"wp-image-122099 avia-img-lazy-loading-122099 attachment-large size-large wp-post-image\" alt=\"\" srcset=\"https:\/\/hikitec.de\/wp-content\/uploads\/2017\/06\/PLA-1030x1030.jpg 1030w, https:\/\/hikitec.de\/wp-content\/uploads\/2017\/06\/PLA-300x300.jpg 300w, https:\/\/hikitec.de\/wp-content\/uploads\/2017\/06\/PLA-80x80.jpg 80w, https:\/\/hikitec.de\/wp-content\/uploads\/2017\/06\/PLA-768x768.jpg 768w, https:\/\/hikitec.de\/wp-content\/uploads\/2017\/06\/PLA-1536x1536.jpg 1536w, https:\/\/hikitec.de\/wp-content\/uploads\/2017\/06\/PLA-36x36.jpg 36w, https:\/\/hikitec.de\/wp-content\/uploads\/2017\/06\/PLA-180x180.jpg 180w, https:\/\/hikitec.de\/wp-content\/uploads\/2017\/06\/PLA-1500x1500.jpg 1500w, https:\/\/hikitec.de\/wp-content\/uploads\/2017\/06\/PLA-705x705.jpg 705w, https:\/\/hikitec.de\/wp-content\/uploads\/2017\/06\/PLA-120x120.jpg 120w, https:\/\/hikitec.de\/wp-content\/uploads\/2017\/06\/PLA-450x450.jpg 450w, https:\/\/hikitec.de\/wp-content\/uploads\/2017\/06\/PLA.jpg 1728w\" sizes=\"auto, (max-width: 1030px) 100vw, 1030px\" \/><\/a>    <\/div>\r\n    <div class=\"element element_1  title_link \">\r\n                    <a target=\"\"\r\n                href=\"https:\/\/hikitec.de\/cs\/udrzitelnost-v-praxi-usb-klicenky-z-pla\/\">Udr\u017eitelnost v praxi &#8211; USB kl\u00ed\u010denky z PLA<\/a>\r\n            <\/div>\r\n    <div class=\"element element_2  excerpt \">\r\n                    <\/div>\r\n            <a class=\"element element_3  read_more \"\r\n            target=\"\"\r\n            href=\"https:\/\/hikitec.de\/cs\/udrzitelnost-v-praxi-usb-klicenky-z-pla\/\"><\/a>\r\n      <\/div>\n    <\/div>\n  <\/div><div class=\"item item-122055 skin flat even 2 \">\n        <div class=\"layer-wrapper layout-\">\n        <div class=\"layer-media\"><a href=\"https:\/\/hikitec.de\/cs\/idealni-na-krouzek-na-klice\/\"><img decoding=\"async\" alt=\"\" src=\"https:\/\/hikitec.de\/wp-content\/uploads\/2017\/08\/KY.jpg\" \/><\/a><\/div>\n  <div class=\"layer-content\">\n        <div\r\n        class=\"element element_0  element-media \">\r\n        <a target=\"_self\" href=\"https:\/\/hikitec.de\/cs\/idealni-na-krouzek-na-klice\/\"><img loading=\"lazy\" decoding=\"async\" width=\"501\" height=\"500\" src=\"https:\/\/hikitec.de\/wp-content\/uploads\/2017\/08\/KY.jpg\" class=\"wp-image-122056 avia-img-lazy-loading-122056 attachment-large size-large wp-post-image\" alt=\"\" srcset=\"https:\/\/hikitec.de\/wp-content\/uploads\/2017\/08\/KY.jpg 501w, https:\/\/hikitec.de\/wp-content\/uploads\/2017\/08\/KY-300x300.jpg 300w, https:\/\/hikitec.de\/wp-content\/uploads\/2017\/08\/KY-80x80.jpg 80w, https:\/\/hikitec.de\/wp-content\/uploads\/2017\/08\/KY-36x36.jpg 36w, https:\/\/hikitec.de\/wp-content\/uploads\/2017\/08\/KY-180x180.jpg 180w, https:\/\/hikitec.de\/wp-content\/uploads\/2017\/08\/KY-120x120.jpg 120w, https:\/\/hikitec.de\/wp-content\/uploads\/2017\/08\/KY-450x449.jpg 450w\" sizes=\"auto, (max-width: 501px) 100vw, 501px\" \/><\/a>    <\/div>\r\n    <div class=\"element element_1  title_link \">\r\n                    <a target=\"\"\r\n                href=\"https:\/\/hikitec.de\/cs\/idealni-na-krouzek-na-klice\/\">Ide\u00e1ln\u00ed na krou\u017eek na kl\u00ed\u010de<\/a>\r\n            <\/div>\r\n    <div class=\"element element_2  excerpt \">\r\n                    <\/div>\r\n            <a class=\"element element_3  read_more \"\r\n            target=\"\"\r\n            href=\"https:\/\/hikitec.de\/cs\/idealni-na-krouzek-na-klice\/\"><\/a>\r\n      <\/div>\n    <\/div>\n  <\/div><div class=\"item item-121999 skin flat odd 3 \">\n        <div class=\"layer-wrapper layout-\">\n        <div class=\"layer-media\"><a href=\"https:\/\/hikitec.de\/cs\/kdo-pise-ten-zustava-kulickove-pero-na-usb-flash-disk\/\"><img decoding=\"async\" alt=\"\" src=\"https:\/\/hikitec.de\/wp-content\/uploads\/2017\/08\/BK-1030x1030.jpg\" \/><\/a><\/div>\n  <div class=\"layer-content\">\n        <div\r\n        class=\"element element_0  element-media \">\r\n        <a target=\"_self\" href=\"https:\/\/hikitec.de\/cs\/kdo-pise-ten-zustava-kulickove-pero-na-usb-flash-disk\/\"><img loading=\"lazy\" decoding=\"async\" width=\"1030\" height=\"1030\" src=\"https:\/\/hikitec.de\/wp-content\/uploads\/2017\/08\/BK-1030x1030.jpg\" class=\"wp-image-122000 avia-img-lazy-loading-122000 attachment-large size-large wp-post-image\" alt=\"\" srcset=\"https:\/\/hikitec.de\/wp-content\/uploads\/2017\/08\/BK-1030x1030.jpg 1030w, https:\/\/hikitec.de\/wp-content\/uploads\/2017\/08\/BK-300x300.jpg 300w, https:\/\/hikitec.de\/wp-content\/uploads\/2017\/08\/BK-80x80.jpg 80w, https:\/\/hikitec.de\/wp-content\/uploads\/2017\/08\/BK-768x768.jpg 768w, https:\/\/hikitec.de\/wp-content\/uploads\/2017\/08\/BK-1536x1536.jpg 1536w, https:\/\/hikitec.de\/wp-content\/uploads\/2017\/08\/BK-36x36.jpg 36w, https:\/\/hikitec.de\/wp-content\/uploads\/2017\/08\/BK-180x180.jpg 180w, https:\/\/hikitec.de\/wp-content\/uploads\/2017\/08\/BK-1500x1500.jpg 1500w, https:\/\/hikitec.de\/wp-content\/uploads\/2017\/08\/BK-705x705.jpg 705w, https:\/\/hikitec.de\/wp-content\/uploads\/2017\/08\/BK-120x120.jpg 120w, https:\/\/hikitec.de\/wp-content\/uploads\/2017\/08\/BK-450x450.jpg 450w, https:\/\/hikitec.de\/wp-content\/uploads\/2017\/08\/BK.jpg 1728w\" sizes=\"auto, (max-width: 1030px) 100vw, 1030px\" \/><\/a>    <\/div>\r\n    <div class=\"element element_1  title_link \">\r\n                    <a target=\"\"\r\n                href=\"https:\/\/hikitec.de\/cs\/kdo-pise-ten-zustava-kulickove-pero-na-usb-flash-disk\/\">Kdo p\u00ed\u0161e, ten z\u016fst\u00e1v\u00e1 &#8211; Kuli\u010dkov\u00e9 pero na USB flash disk<\/a>\r\n            <\/div>\r\n    <div class=\"element element_2  excerpt \">\r\n                    <\/div>\r\n            <a class=\"element element_3  read_more \"\r\n            target=\"\"\r\n            href=\"https:\/\/hikitec.de\/cs\/kdo-pise-ten-zustava-kulickove-pero-na-usb-flash-disk\/\"><\/a>\r\n      <\/div>\n    <\/div>\n  <\/div><div class=\"item item-121973 skin flat even 4 \">\n        <div class=\"layer-wrapper layout-\">\n        <div class=\"layer-media\"><a href=\"https:\/\/hikitec.de\/cs\/otg-usb-klicenky-pro-vas-smartphone\/\"><img decoding=\"async\" alt=\"\" src=\"https:\/\/hikitec.de\/wp-content\/uploads\/2021\/01\/OTG-1030x1030.jpg\" \/><\/a><\/div>\n  <div class=\"layer-content\">\n        <div\r\n        class=\"element element_0  element-media \">\r\n        <a target=\"_self\" href=\"https:\/\/hikitec.de\/cs\/otg-usb-klicenky-pro-vas-smartphone\/\"><img loading=\"lazy\" decoding=\"async\" width=\"1030\" height=\"1030\" src=\"https:\/\/hikitec.de\/wp-content\/uploads\/2021\/01\/OTG-1030x1030.jpg\" class=\"wp-image-121974 avia-img-lazy-loading-121974 attachment-large size-large wp-post-image\" alt=\"\" srcset=\"https:\/\/hikitec.de\/wp-content\/uploads\/2021\/01\/OTG-1030x1030.jpg 1030w, https:\/\/hikitec.de\/wp-content\/uploads\/2021\/01\/OTG-300x300.jpg 300w, https:\/\/hikitec.de\/wp-content\/uploads\/2021\/01\/OTG-80x80.jpg 80w, https:\/\/hikitec.de\/wp-content\/uploads\/2021\/01\/OTG-768x768.jpg 768w, https:\/\/hikitec.de\/wp-content\/uploads\/2021\/01\/OTG-1536x1536.jpg 1536w, https:\/\/hikitec.de\/wp-content\/uploads\/2021\/01\/OTG-36x36.jpg 36w, https:\/\/hikitec.de\/wp-content\/uploads\/2021\/01\/OTG-180x180.jpg 180w, https:\/\/hikitec.de\/wp-content\/uploads\/2021\/01\/OTG-1500x1500.jpg 1500w, https:\/\/hikitec.de\/wp-content\/uploads\/2021\/01\/OTG-705x705.jpg 705w, https:\/\/hikitec.de\/wp-content\/uploads\/2021\/01\/OTG-120x120.jpg 120w, https:\/\/hikitec.de\/wp-content\/uploads\/2021\/01\/OTG-450x450.jpg 450w, https:\/\/hikitec.de\/wp-content\/uploads\/2021\/01\/OTG.jpg 1728w\" sizes=\"auto, (max-width: 1030px) 100vw, 1030px\" \/><\/a>    <\/div>\r\n    <div class=\"element element_1  title_link \">\r\n                    <a target=\"\"\r\n                href=\"https:\/\/hikitec.de\/cs\/otg-usb-klicenky-pro-vas-smartphone\/\">OTG &#8211; USB kl\u00ed\u010denky pro v\u00e1\u0161 smartphone<\/a>\r\n            <\/div>\r\n    <div class=\"element element_2  excerpt \">\r\n                    <\/div>\r\n            <a class=\"element element_3  read_more \"\r\n            target=\"\"\r\n            href=\"https:\/\/hikitec.de\/cs\/otg-usb-klicenky-pro-vas-smartphone\/\"><\/a>\r\n      <\/div>\n    <\/div>\n  <\/div><div class=\"item item-121919 skin flat odd 5 \">\n        <div class=\"layer-wrapper layout-\">\n        <div class=\"layer-media\"><a href=\"https:\/\/hikitec.de\/cs\/individualni-ucinek-usb-flash-disk-ve-specialni-forme-2\/\"><img decoding=\"async\" alt=\"\" src=\"https:\/\/hikitec.de\/wp-content\/uploads\/2021\/01\/Sonderform.jpg\" \/><\/a><\/div>\n  <div class=\"layer-content\">\n        <div\r\n        class=\"element element_0  element-media \">\r\n        <a target=\"_self\" href=\"https:\/\/hikitec.de\/cs\/individualni-ucinek-usb-flash-disk-ve-specialni-forme-2\/\"><img loading=\"lazy\" decoding=\"async\" width=\"1000\" height=\"1000\" src=\"https:\/\/hikitec.de\/wp-content\/uploads\/2021\/01\/Sonderform.jpg\" class=\"wp-image-121920 avia-img-lazy-loading-121920 attachment-large size-large wp-post-image\" alt=\"\" srcset=\"https:\/\/hikitec.de\/wp-content\/uploads\/2021\/01\/Sonderform.jpg 1000w, https:\/\/hikitec.de\/wp-content\/uploads\/2021\/01\/Sonderform-300x300.jpg 300w, https:\/\/hikitec.de\/wp-content\/uploads\/2021\/01\/Sonderform-80x80.jpg 80w, https:\/\/hikitec.de\/wp-content\/uploads\/2021\/01\/Sonderform-768x768.jpg 768w, https:\/\/hikitec.de\/wp-content\/uploads\/2021\/01\/Sonderform-36x36.jpg 36w, https:\/\/hikitec.de\/wp-content\/uploads\/2021\/01\/Sonderform-180x180.jpg 180w, https:\/\/hikitec.de\/wp-content\/uploads\/2021\/01\/Sonderform-705x705.jpg 705w, https:\/\/hikitec.de\/wp-content\/uploads\/2021\/01\/Sonderform-120x120.jpg 120w, https:\/\/hikitec.de\/wp-content\/uploads\/2021\/01\/Sonderform-450x450.jpg 450w\" sizes=\"auto, (max-width: 1000px) 100vw, 1000px\" \/><\/a>    <\/div>\r\n    <div class=\"element element_1  title_link \">\r\n                    <a target=\"\"\r\n                href=\"https:\/\/hikitec.de\/cs\/individualni-ucinek-usb-flash-disk-ve-specialni-forme-2\/\">Individu\u00e1ln\u00ed \u00fa\u010dinek &#8211; USB flash disk ve speci\u00e1ln\u00ed form\u011b<\/a>\r\n            <\/div>\r\n    <div class=\"element element_2  excerpt \">\r\n                    <\/div>\r\n            <a class=\"element element_3  read_more \"\r\n            target=\"\"\r\n            href=\"https:\/\/hikitec.de\/cs\/individualni-ucinek-usb-flash-disk-ve-specialni-forme-2\/\"><\/a>\r\n      <\/div>\n    <\/div>\n  <\/div><div class=\"item item-97856 skin flat even 6 \">\n        <div class=\"layer-wrapper layout-\">\n        <div class=\"layer-media\"><a href=\"https:\/\/hikitec.de\/cs\/usb-klicenky-ze-dreva\/\"><img decoding=\"async\" alt=\"\" src=\"https:\/\/hikitec.de\/wp-content\/uploads\/2017\/05\/Forest_Stewardship_Council_Logo.svg_-990x1030.png\" \/><\/a><\/div>\n  <div class=\"layer-content\">\n        <div\r\n        class=\"element element_0  element-media \">\r\n        <a target=\"_self\" href=\"https:\/\/hikitec.de\/cs\/usb-klicenky-ze-dreva\/\"><img loading=\"lazy\" decoding=\"async\" width=\"990\" height=\"1030\" src=\"https:\/\/hikitec.de\/wp-content\/uploads\/2017\/05\/Forest_Stewardship_Council_Logo.svg_-990x1030.png\" class=\"wp-image-97857 avia-img-lazy-loading-97857 attachment-large size-large wp-post-image\" alt=\"\" srcset=\"https:\/\/hikitec.de\/wp-content\/uploads\/2017\/05\/Forest_Stewardship_Council_Logo.svg_-990x1030.png 990w, https:\/\/hikitec.de\/wp-content\/uploads\/2017\/05\/Forest_Stewardship_Council_Logo.svg_-288x300.png 288w, https:\/\/hikitec.de\/wp-content\/uploads\/2017\/05\/Forest_Stewardship_Council_Logo.svg_-768x799.png 768w, https:\/\/hikitec.de\/wp-content\/uploads\/2017\/05\/Forest_Stewardship_Council_Logo.svg_-36x36.png 36w, https:\/\/hikitec.de\/wp-content\/uploads\/2017\/05\/Forest_Stewardship_Council_Logo.svg_-678x705.png 678w, https:\/\/hikitec.de\/wp-content\/uploads\/2017\/05\/Forest_Stewardship_Council_Logo.svg_-450x468.png 450w, https:\/\/hikitec.de\/wp-content\/uploads\/2017\/05\/Forest_Stewardship_Council_Logo.svg_.png 1024w\" sizes=\"auto, (max-width: 990px) 100vw, 990px\" \/><\/a>    <\/div>\r\n    <div class=\"element element_1  title_link \">\r\n                    <a target=\"\"\r\n                href=\"https:\/\/hikitec.de\/cs\/usb-klicenky-ze-dreva\/\">USB kl\u00ed\u010denky ze d\u0159eva<\/a>\r\n            <\/div>\r\n    <div class=\"element element_2  excerpt \">\r\n                    <\/div>\r\n            <a class=\"element element_3  read_more \"\r\n            target=\"\"\r\n            href=\"https:\/\/hikitec.de\/cs\/usb-klicenky-ze-dreva\/\"><\/a>\r\n      <\/div>\n    <\/div>\n  <\/div><div class=\"item item-97790 skin flat odd 7 \">\n        <div class=\"layer-wrapper layout-\">\n        <div class=\"layer-media\"><a href=\"https:\/\/hikitec.de\/cs\/kopirovaci-sluzba-kopirovani-pameti-usb\/\"><img decoding=\"async\" alt=\"\" src=\"https:\/\/hikitec.de\/wp-content\/uploads\/2021\/03\/Datenservice-e1615380861293.jpg\" \/><\/a><\/div>\n  <div class=\"layer-content\">\n        <div\r\n        class=\"element element_0  element-media \">\r\n        <a target=\"_self\" href=\"https:\/\/hikitec.de\/cs\/kopirovaci-sluzba-kopirovani-pameti-usb\/\"><img loading=\"lazy\" decoding=\"async\" width=\"300\" height=\"300\" src=\"https:\/\/hikitec.de\/wp-content\/uploads\/2021\/03\/Datenservice-e1615380861293.jpg\" class=\"wp-image-97791 avia-img-lazy-loading-97791 attachment-large size-large wp-post-image\" alt=\"\" srcset=\"https:\/\/hikitec.de\/wp-content\/uploads\/2021\/03\/Datenservice-e1615380861293.jpg 300w, https:\/\/hikitec.de\/wp-content\/uploads\/2021\/03\/Datenservice-e1615380861293-80x80.jpg 80w, https:\/\/hikitec.de\/wp-content\/uploads\/2021\/03\/Datenservice-e1615380861293-36x36.jpg 36w, https:\/\/hikitec.de\/wp-content\/uploads\/2021\/03\/Datenservice-e1615380861293-180x180.jpg 180w, https:\/\/hikitec.de\/wp-content\/uploads\/2021\/03\/Datenservice-e1615380861293-120x120.jpg 120w\" sizes=\"auto, (max-width: 300px) 100vw, 300px\" \/><\/a>    <\/div>\r\n    <div class=\"element element_1  title_link \">\r\n                    <a target=\"\"\r\n                href=\"https:\/\/hikitec.de\/cs\/kopirovaci-sluzba-kopirovani-pameti-usb\/\">Kop\u00edrovac\u00ed slu\u017eba &#8211; Kop\u00edrov\u00e1n\u00ed pam\u011bti USB<\/a>\r\n            <\/div>\r\n    <div class=\"element element_2  excerpt \">\r\n                    <\/div>\r\n            <a class=\"element element_3  read_more \"\r\n            target=\"\"\r\n            href=\"https:\/\/hikitec.de\/cs\/kopirovaci-sluzba-kopirovani-pameti-usb\/\"><\/a>\r\n      <\/div>\n    <\/div>\n  <\/div><div class=\"item item-97771 skin flat even 8 \">\n        <div class=\"layer-wrapper layout-\">\n        <div class=\"layer-media\"><a href=\"https:\/\/hikitec.de\/cs\/slozka-the-usb-stick-for-filing\/\"><img decoding=\"async\" src=\"https:\/\/hikitec.de\/wp-content\/uploads\/20217-66-00000_02.jpg\" \/><\/a><\/div>\n  <div class=\"layer-content\">\n        <div\r\n        class=\"element element_0  element-media \">\r\n            <\/div>\r\n    <div class=\"element element_1  title_link \">\r\n                    <a target=\"\"\r\n                href=\"https:\/\/hikitec.de\/cs\/slozka-the-usb-stick-for-filing\/\">Slo\u017eka &#8211; Pam\u011b\u0165 USB pro ukl\u00e1d\u00e1n\u00ed dokument\u016f<\/a>\r\n            <\/div>\r\n    <div class=\"element element_2  excerpt \">\r\n                    <\/div>\r\n            <a class=\"element element_3  read_more \"\r\n            target=\"\"\r\n            href=\"https:\/\/hikitec.de\/cs\/slozka-the-usb-stick-for-filing\/\"><\/a>\r\n      <\/div>\n    <\/div>\n  <\/div><div class=\"item item-68116 skin flat odd 9 \">\n        <div class=\"layer-wrapper layout-\">\n        <div class=\"layer-media\"><a href=\"https:\/\/hikitec.de\/cs\/beton-se-potkava-s-usb\/\"><img decoding=\"async\" alt=\"\" src=\"https:\/\/hikitec.de\/wp-content\/uploads\/2019\/05\/Betonspeicher-1030x1030.jpg\" \/><\/a><\/div>\n  <div class=\"layer-content\">\n        <div\r\n        class=\"element element_0  element-media \">\r\n        <a target=\"_self\" href=\"https:\/\/hikitec.de\/cs\/beton-se-potkava-s-usb\/\"><img loading=\"lazy\" decoding=\"async\" width=\"1030\" height=\"1030\" src=\"https:\/\/hikitec.de\/wp-content\/uploads\/2019\/05\/Betonspeicher-1030x1030.jpg\" class=\"wp-image-68119 avia-img-lazy-loading-68119 attachment-large size-large wp-post-image\" alt=\"\" srcset=\"https:\/\/hikitec.de\/wp-content\/uploads\/2019\/05\/Betonspeicher-1030x1030.jpg 1030w, https:\/\/hikitec.de\/wp-content\/uploads\/2019\/05\/Betonspeicher-300x300.jpg 300w, https:\/\/hikitec.de\/wp-content\/uploads\/2019\/05\/Betonspeicher-80x80.jpg 80w, https:\/\/hikitec.de\/wp-content\/uploads\/2019\/05\/Betonspeicher-768x768.jpg 768w, https:\/\/hikitec.de\/wp-content\/uploads\/2019\/05\/Betonspeicher-1536x1536.jpg 1536w, https:\/\/hikitec.de\/wp-content\/uploads\/2019\/05\/Betonspeicher-36x36.jpg 36w, https:\/\/hikitec.de\/wp-content\/uploads\/2019\/05\/Betonspeicher-180x180.jpg 180w, https:\/\/hikitec.de\/wp-content\/uploads\/2019\/05\/Betonspeicher-1500x1500.jpg 1500w, https:\/\/hikitec.de\/wp-content\/uploads\/2019\/05\/Betonspeicher-705x705.jpg 705w, https:\/\/hikitec.de\/wp-content\/uploads\/2019\/05\/Betonspeicher-120x120.jpg 120w, https:\/\/hikitec.de\/wp-content\/uploads\/2019\/05\/Betonspeicher-450x450.jpg 450w, https:\/\/hikitec.de\/wp-content\/uploads\/2019\/05\/Betonspeicher.jpg 1728w\" sizes=\"auto, (max-width: 1030px) 100vw, 1030px\" \/><\/a>    <\/div>\r\n    <div class=\"element element_1  title_link \">\r\n                    <a target=\"\"\r\n                href=\"https:\/\/hikitec.de\/cs\/beton-se-potkava-s-usb\/\">Beton se potk\u00e1v\u00e1 s USB<\/a>\r\n            <\/div>\r\n    <div class=\"element element_2  excerpt \">\r\n                    <\/div>\r\n            <a class=\"element element_3  read_more \"\r\n            target=\"\"\r\n            href=\"https:\/\/hikitec.de\/cs\/beton-se-potkava-s-usb\/\"><\/a>\r\n      <\/div>\n    <\/div>\n  <\/div>    <\/div>\n    <div class=\"pagination\">\n      <div class=\"paginate\">\n      <\/div>\n  <style type=\"text\/css\">\n    #post-grid-18831 .pagination .page-numbers {\n      font-size: 16px;\n      color: #fff;\n      background: #646464;\n    }\n\n    #post-grid-18831 .pagination .page-numbers:hover,\n    #post-grid-18831 .pagination .page-numbers.current {\n      background: #4b4b4b;\n    }\n  <\/style>\n  <\/div>\n      <script>\n          <\/script>\n    <style type=\"text\/css\">\n    #post-grid-18831 .element_0 {\n      display: block;font-size: 21px;line-height: normal;padding: 5px 10px;text-align: left; text-decoration: none;    }\n\n    #post-grid-18831 .element_1 {\n      display: block;font-size: 21px;line-height: normal;padding: 5px 10px;text-align: left; text-decoration: none;    }\n\n    #post-grid-18831 .element_2 {\n      display: block;font-size: 14px;padding: 5px 10px;text-align: left;    }\n\n    #post-grid-18831 .element_3 {\n      display: block;font-size: 12px;font-weight: bold;padding: 0 10px;text-align: left;text-decoration: none;    }\n\n    #post-grid-18831 .element_0:hover{}#post-grid-18831 .element_1:hover{}#post-grid-18831 .element_2:hover{}#post-grid-18831 .element_3:hover{}  <\/style>\n  <style type=\"text\/css\">\n    #post-grid-18831 {\n      padding: 10px;\n          }\n\n    #post-grid-18831 .item {\n      padding: 0px;\n      background: ;\n          }\n\n    #post-grid-18831 .item .layer-media {\n      height:auto;    }\n\n    @media only screen and (min-width: 0px) and (max-width: 767px) {\n      #post-grid-18831 .grid-items {\n        text-align: center;\n              }\n\n      #post-grid-18831 .item {\n        width: 90%;\n        margin: 10px;\n        display: inline-block;\n        vertical-align: top;\n        height:auto;      }\n    }\n\n    @media only screen and (min-width: 768px) and (max-width: 1023px) {\n      #post-grid-18831 .grid-items {\n        text-align: center;\n              }\n\n      #post-grid-18831 .item {\n        width: 280px;\n        margin: 10px;\n        display: inline-block;\n        vertical-align: top;\n        max-height:auto;      }\n    }\n\n    @media only screen and (min-width: 1024px) {\n      #post-grid-18831 .grid-items {\n        text-align: center;\n              }\n\n      #post-grid-18831 .item {\n        width: 280px;\n        display: inline-block;\n        margin: 10px;\n        vertical-align: top;\n        height:auto;      }\n    }\n\n      <\/style>\n  <\/div>\n\n","protected":false},"excerpt":{"rendered":"<p>Zpr\u00e1vy<\/p>\n","protected":false},"author":2,"featured_media":0,"parent":0,"menu_order":0,"comment_status":"closed","ping_status":"closed","template":"","meta":{"footnotes":""},"class_list":["post-30477","page","type-page","status-publish","hentry"],"_links":{"self":[{"href":"https:\/\/hikitec.de\/cs\/wp-json\/wp\/v2\/pages\/30477","targetHints":{"allow":["GET"]}}],"collection":[{"href":"https:\/\/hikitec.de\/cs\/wp-json\/wp\/v2\/pages"}],"about":[{"href":"https:\/\/hikitec.de\/cs\/wp-json\/wp\/v2\/types\/page"}],"author":[{"embeddable":true,"href":"https:\/\/hikitec.de\/cs\/wp-json\/wp\/v2\/users\/2"}],"replies":[{"embeddable":true,"href":"https:\/\/hikitec.de\/cs\/wp-json\/wp\/v2\/comments?post=30477"}],"version-history":[{"count":1,"href":"https:\/\/hikitec.de\/cs\/wp-json\/wp\/v2\/pages\/30477\/revisions"}],"predecessor-version":[{"id":30478,"href":"https:\/\/hikitec.de\/cs\/wp-json\/wp\/v2\/pages\/30477\/revisions\/30478"}],"wp:attachment":[{"href":"https:\/\/hikitec.de\/cs\/wp-json\/wp\/v2\/media?parent=30477"}],"curies":[{"name":"wp","href":"https:\/\/api.w.org\/{rel}","templated":true}]}}