{"id":30487,"date":"2021-03-29T11:46:39","date_gmt":"2021-03-29T09:46:39","guid":{"rendered":"https:\/\/hikitec.de\/objednavka\/"},"modified":"2021-03-29T11:46:47","modified_gmt":"2021-03-29T09:46:47","slug":"objednavka","status":"publish","type":"page","link":"https:\/\/hikitec.de\/cs\/objednavka\/","title":{"rendered":"Objedn\u00e1vka"},"content":{"rendered":"<section class=\"av_textblock_section \"  itemscope=\"itemscope\" itemtype=\"https:\/\/schema.org\/CreativeWork\" ><div class='avia_textblock  '   itemprop=\"text\" ><p><strong>Jak si mohu u spole\u010dnosti HIKITEC objednat zbo\u017e\u00ed?<\/strong><\/p>\n<\/div><\/section>\n<section class=\"av_textblock_section \"  itemscope=\"itemscope\" itemtype=\"https:\/\/schema.org\/CreativeWork\" ><div class='avia_textblock  '   itemprop=\"text\" ><p>Jak se v\u00e1m l\u00edb\u00ed!<\/p>\n<p>Nejjednodu\u0161\u0161\u00ed zp\u016fsob je prost\u0159ednictv\u00edm e-mailu: Sta\u010d\u00ed vybrat polo\u017eky, zadat mno\u017estv\u00ed a po\u017eadovan\u00e9 mo\u017enosti tisku a objednat.<\/p>\n<p>V\u011bnujte pros\u00edm pozornost uveden\u00fdm minim\u00e1ln\u00edm objednac\u00edm mno\u017estv\u00edm (s v\u00fdjimkou objedn\u00e1vek vzork\u016f).<\/p>\n<p>Objedn\u00e1vat m\u016f\u017eete samoz\u0159ejm\u011b tak\u00e9 e-mailem, faxem nebo po\u0161tou.<\/p>\n<\/div><\/section>\n<section class=\"av_textblock_section \"  itemscope=\"itemscope\" itemtype=\"https:\/\/schema.org\/CreativeWork\" ><div class='avia_textblock  '   itemprop=\"text\" ><input type=\"button\" value=\"Zp\u011bt\" class=\"alg_back_button_input \" style=\"\" onclick=\"window.history.back()\" \/>\n<\/div><\/section>\n","protected":false},"excerpt":{"rendered":"","protected":false},"author":2,"featured_media":0,"parent":0,"menu_order":0,"comment_status":"closed","ping_status":"closed","template":"","meta":{"footnotes":""},"class_list":["post-30487","page","type-page","status-publish","hentry"],"_links":{"self":[{"href":"https:\/\/hikitec.de\/cs\/wp-json\/wp\/v2\/pages\/30487","targetHints":{"allow":["GET"]}}],"collection":[{"href":"https:\/\/hikitec.de\/cs\/wp-json\/wp\/v2\/pages"}],"about":[{"href":"https:\/\/hikitec.de\/cs\/wp-json\/wp\/v2\/types\/page"}],"author":[{"embeddable":true,"href":"https:\/\/hikitec.de\/cs\/wp-json\/wp\/v2\/users\/2"}],"replies":[{"embeddable":true,"href":"https:\/\/hikitec.de\/cs\/wp-json\/wp\/v2\/comments?post=30487"}],"version-history":[{"count":5,"href":"https:\/\/hikitec.de\/cs\/wp-json\/wp\/v2\/pages\/30487\/revisions"}],"predecessor-version":[{"id":30494,"href":"https:\/\/hikitec.de\/cs\/wp-json\/wp\/v2\/pages\/30487\/revisions\/30494"}],"wp:attachment":[{"href":"https:\/\/hikitec.de\/cs\/wp-json\/wp\/v2\/media?parent=30487"}],"curies":[{"name":"wp","href":"https:\/\/api.w.org\/{rel}","templated":true}]}}