{"id":30495,"date":"2021-03-29T11:48:20","date_gmt":"2021-03-29T09:48:20","guid":{"rendered":"https:\/\/hikitec.de\/zakon-o-bateriich\/"},"modified":"2021-03-29T11:48:21","modified_gmt":"2021-03-29T09:48:21","slug":"zakon-o-bateriich","status":"publish","type":"page","link":"https:\/\/hikitec.de\/cs\/zakon-o-bateriich\/","title":{"rendered":"Z\u00e1kon o bateri\u00edch"},"content":{"rendered":"<section class=\"av_textblock_section \"  itemscope=\"itemscope\" itemtype=\"https:\/\/schema.org\/CreativeWork\" ><div class='avia_textblock  '   itemprop=\"text\" ><p>Povinn\u00e9 a technick\u00e9 informace pro baterie nebo akumul\u00e1tory<\/p>\n<p>Povinnost p\u0159evz\u00edt zp\u011bt jako distributor:<\/p>\n<p>V BattG jsme ze z\u00e1kona povinni p\u0159evz\u00edt zp\u011bt baterie nebo akumul\u00e1tory, kter\u00e9 byly u n\u00e1s z\u00edsk\u00e1ny bezplatn\u011b. P\u0159ijm\u011bte pros\u00edm tuto nab\u00eddku a pomozte s jejich ekologickou likvidac\u00ed.<\/p>\n<p>Povinnost vr\u00e1tit se jako spot\u0159ebitel:<\/p>\n<p><img loading=\"lazy\" decoding=\"async\" class=\"shrinkToFit alignleft\" src=\"http:\/\/hikitec.de\/wp-content\/uploads\/2017\/01\/muelltonne.jpg\" width=\"60\" height=\"60\"><\/p>\n<p>Baterie nebo akumul\u00e1tory ozna\u010den\u00e9 symbolem p\u0159e\u0161krtnut\u00e9 popelnice se nesm\u00ed likvidovat spole\u010dn\u011b s domovn\u00edm odpadem. Vyhl\u00e1\u0161ka o bateri\u00edch ukl\u00e1d\u00e1 v\u0161em kone\u010dn\u00fdm u\u017eivatel\u016fm povinnost likvidovat baterie nebo akumul\u00e1tory v\u00fdhradn\u011b prost\u0159ednictv\u00edm obchodu nebo sb\u011brn\u00fdch m\u00edst speci\u00e1ln\u011b z\u0159\u00edzen\u00fdch pro tento \u00fa\u010del. Pokud chcete u n\u00e1s zakoupen\u00e9 baterie nebo akumul\u00e1tory vr\u00e1tit, za\u0161lete n\u00e1m je zdarma zp\u011bt s pozn\u00e1mkou &#8222;Entsorgung BattG&#8220; a s kopi\u00ed faktury.<\/p>\n<\/div><\/section>\n<section class=\"av_textblock_section \"  itemscope=\"itemscope\" itemtype=\"https:\/\/schema.org\/CreativeWork\" ><div class='avia_textblock  '   itemprop=\"text\" ><input type=\"button\" value=\"Zp\u011bt\" class=\"alg_back_button_input \" style=\"\" onclick=\"window.history.back()\" \/>\n<\/div><\/section>\n","protected":false},"excerpt":{"rendered":"","protected":false},"author":2,"featured_media":0,"parent":0,"menu_order":0,"comment_status":"closed","ping_status":"closed","template":"","meta":{"footnotes":""},"class_list":["post-30495","page","type-page","status-publish","hentry"],"_links":{"self":[{"href":"https:\/\/hikitec.de\/cs\/wp-json\/wp\/v2\/pages\/30495","targetHints":{"allow":["GET"]}}],"collection":[{"href":"https:\/\/hikitec.de\/cs\/wp-json\/wp\/v2\/pages"}],"about":[{"href":"https:\/\/hikitec.de\/cs\/wp-json\/wp\/v2\/types\/page"}],"author":[{"embeddable":true,"href":"https:\/\/hikitec.de\/cs\/wp-json\/wp\/v2\/users\/2"}],"replies":[{"embeddable":true,"href":"https:\/\/hikitec.de\/cs\/wp-json\/wp\/v2\/comments?post=30495"}],"version-history":[{"count":2,"href":"https:\/\/hikitec.de\/cs\/wp-json\/wp\/v2\/pages\/30495\/revisions"}],"predecessor-version":[{"id":30497,"href":"https:\/\/hikitec.de\/cs\/wp-json\/wp\/v2\/pages\/30495\/revisions\/30497"}],"wp:attachment":[{"href":"https:\/\/hikitec.de\/cs\/wp-json\/wp\/v2\/media?parent=30495"}],"curies":[{"name":"wp","href":"https:\/\/api.w.org\/{rel}","templated":true}]}}