{"id":30508,"date":"2021-03-29T11:51:25","date_gmt":"2021-03-29T09:51:25","guid":{"rendered":"https:\/\/hikitec.de\/ce\/"},"modified":"2021-03-29T11:51:25","modified_gmt":"2021-03-29T09:51:25","slug":"ce","status":"publish","type":"page","link":"https:\/\/hikitec.de\/cs\/ce\/","title":{"rendered":"CE"},"content":{"rendered":"<section class=\"av_textblock_section \"  itemscope=\"itemscope\" itemtype=\"https:\/\/schema.org\/CreativeWork\" ><div class='avia_textblock  '   itemprop=\"text\" ><p><strong>Mus\u00ed m\u00edt v\u00fdrobky ozna\u010den\u00ed CE?<\/strong><\/p>\n<\/div><\/section>\n<section class=\"av_textblock_section \"  itemscope=\"itemscope\" itemtype=\"https:\/\/schema.org\/CreativeWork\" ><div class='avia_textblock  '   itemprop=\"text\" ><p>Ozna\u010den\u00ed CE je &#8222;MUS\u00cd&#8220; pro prodej technick\u00fdch v\u00fdrobk\u016f v EU.<\/p>\n<p>Z\u00e1kladem ozna\u010den\u00ed CE jsou pr\u00e1vn\u00ed po\u017eadavky (platn\u00e9 z\u00e1kony, sm\u011brnice ES a normy DIN EN).<\/p>\n<\/div><\/section>\n<section class=\"av_textblock_section \"  itemscope=\"itemscope\" itemtype=\"https:\/\/schema.org\/CreativeWork\" ><div class='avia_textblock  '   itemprop=\"text\" ><input type=\"button\" value=\"Zp\u011bt\" class=\"alg_back_button_input \" style=\"\" onclick=\"window.history.back()\" \/>\n<\/div><\/section>\n","protected":false},"excerpt":{"rendered":"","protected":false},"author":2,"featured_media":0,"parent":0,"menu_order":0,"comment_status":"closed","ping_status":"closed","template":"","meta":{"footnotes":""},"class_list":["post-30508","page","type-page","status-publish","hentry"],"_links":{"self":[{"href":"https:\/\/hikitec.de\/cs\/wp-json\/wp\/v2\/pages\/30508","targetHints":{"allow":["GET"]}}],"collection":[{"href":"https:\/\/hikitec.de\/cs\/wp-json\/wp\/v2\/pages"}],"about":[{"href":"https:\/\/hikitec.de\/cs\/wp-json\/wp\/v2\/types\/page"}],"author":[{"embeddable":true,"href":"https:\/\/hikitec.de\/cs\/wp-json\/wp\/v2\/users\/2"}],"replies":[{"embeddable":true,"href":"https:\/\/hikitec.de\/cs\/wp-json\/wp\/v2\/comments?post=30508"}],"version-history":[{"count":2,"href":"https:\/\/hikitec.de\/cs\/wp-json\/wp\/v2\/pages\/30508\/revisions"}],"predecessor-version":[{"id":30510,"href":"https:\/\/hikitec.de\/cs\/wp-json\/wp\/v2\/pages\/30508\/revisions\/30510"}],"wp:attachment":[{"href":"https:\/\/hikitec.de\/cs\/wp-json\/wp\/v2\/media?parent=30508"}],"curies":[{"name":"wp","href":"https:\/\/api.w.org\/{rel}","templated":true}]}}