{"id":30511,"date":"2021-03-29T12:02:39","date_gmt":"2021-03-29T10:02:39","guid":{"rendered":"https:\/\/hikitec.de\/tiskovy-proces-cmyk-velikost-dat-a-spravna-spadavka\/"},"modified":"2021-03-29T12:02:40","modified_gmt":"2021-03-29T10:02:40","slug":"tiskovy-proces-cmyk-velikost-dat-a-spravna-spadavka","status":"publish","type":"page","link":"https:\/\/hikitec.de\/cs\/tiskovy-proces-cmyk-velikost-dat-a-spravna-spadavka\/","title":{"rendered":"Tiskov\u00fd proces CMYK &#8211; velikost dat a spr\u00e1vn\u00e1 spad\u00e1vka"},"content":{"rendered":"<section class=\"av_textblock_section \"  itemscope=\"itemscope\" itemtype=\"https:\/\/schema.org\/CreativeWork\" ><div class='avia_textblock  '   itemprop=\"text\" ><p><strong>Upozorn\u011bn\u00ed k tisku CMYK t\u00fdkaj\u00edc\u00ed se form\u00e1t\u016f, barev, velikosti dat, rozli\u0161en\u00ed a spad\u00e1vky:<\/strong><\/p>\n<p><strong>Velikost dat \/ rozli\u0161en\u00ed<\/strong><br \/>\nPo\u017eadujeme tiskov\u00e1 data v rozli\u0161en\u00ed alespo\u0148 300 dpi pro pixelov\u00e1 data, jako je JPG, bitmapa, tiff, v\u010detn\u011b spad\u00e1vky <strong>3<\/strong> mm na ka\u017ed\u00e9 stran\u011b bez spad\u00e1vek.<br \/>\nP\u0159\u00edpadn\u011b m\u016f\u017eete poskytnout \u0161k\u00e1lovateln\u00e1 vektorov\u00e1 data ve form\u00e1tech EPS, PDF, CDR &#8230;.. Pokud tyto soubory obsahuj\u00ed p\u00edsma, mus\u00ed b\u00fdt vlo\u017eena. Pokud tento soubor obsahuje vlo\u017een\u00e1 pixelov\u00e1 data, vy\u017eaduj\u00ed op\u011bt minim\u00e1ln\u00ed rozli\u0161en\u00ed 300 dpi.<\/p>\n<p><strong>Digit\u00e1ln\u00ed tisk (C M Y K):<\/strong><br \/>\nTiskov\u00e1 data p\u0159i tisku CMYK vy\u017eaduj\u00ed rozli\u0161en\u00ed 300 dpi a p\u016fvodn\u00ed velikost ti\u0161t\u011bn\u00e9 oblasti. Tiskov\u00fd soubor v\u00e1m m\u016f\u017eeme zmen\u0161it, ale m\u016f\u017ee doj\u00edt ke ztr\u00e1t\u011b kvality. Upozor\u0148ujeme, \u017ee b\u00edlou barvu nelze tisknout standardn\u00edm digit\u00e1ln\u00edm tiskem. B\u00edl\u00e9 plochy se ve v\u00fdsledku tisku netisknou (jsou pr\u016fhledn\u00e9). Materi\u00e1l substr\u00e1tu je zde tedy viditeln\u00fd. Chcete-li tisknout b\u00edlou jako p\u00e1tou sm\u00ed\u0161enou barvu, pou\u017eijte UV digit\u00e1ln\u00ed tisk.<\/p>\n<p><strong>Digit\u00e1ln\u00ed tisk HD (C M Y K):<br \/>\n<\/strong> Pro velmi podrobn\u00e9 tiskov\u00e9 \u00fadaje doporu\u010dujeme zvolit digit\u00e1ln\u00ed tisk HD. Zde je na stejnou tiskovou plochu vyti\u0161t\u011bno v\u00edce bod\u016f.<\/p>\n<p><strong>UV digit\u00e1ln\u00ed tisk ( W + C M Y K )<\/strong><br \/>\nHlavn\u00ed rozd\u00edl oproti b\u011b\u017en\u00e9mu digit\u00e1ln\u00edmu tisku spo\u010d\u00edv\u00e1 v tom, \u017ee barva nepronik\u00e1 zcela do materi\u00e1lu, ale le\u017e\u00ed na povrchu tiskov\u00e9ho materi\u00e1lu. D\u00edky tomu je mo\u017en\u00e9 tisknout t\u00e9m\u011b\u0159 na v\u0161echny materi\u00e1ly. Barva se vytvrzuje ultrafialov\u00fdm sv\u011btlem. B\u00edl\u00e1 barva je v tomto tiskov\u00e9m procesu mo\u017en\u00e1 tak\u00e9 jako p\u00e1t\u00e1 sm\u00ed\u0161en\u00e1 barva.<\/p>\n<p><strong>Pot\u0159ebujeme va\u0161e tiskov\u00e1 data ve form\u00e1tu PDF, Tiff nebo JPG.<\/strong><br \/>\nJe t\u0159eba nastavit barevn\u00fd re\u017eim CMYK &#8211; tento barevn\u00fd re\u017eim je z\u00e1kladn\u00edm po\u017eadavkem pro modern\u00ed \u010dty\u0159barevn\u00fd tisk. CMYK znamen\u00e1 z\u00e1kladn\u00ed barvy azurov\u00e1, purpurov\u00e1, \u017elut\u00e1 a \u010dern\u00e1. Barevn\u00fd obraz je rozd\u011blen do \u010dty\u0159 tiskov\u00fdch barev pomoc\u00ed polot\u00f3nov\u00fdch bod\u016f. Ton\u00e1ln\u00ed hodnota je ovlivn\u011bna velikost\u00ed polot\u00f3nov\u00fdch bod\u016f &#8211; mal\u00e9 body vytv\u00e1\u0159ej\u00ed sv\u011btl\u00fd t\u00f3n, velk\u00e9 tmav\u00fd. Tip: Pro jednolitou \u010dernou barvu doporu\u010dujeme pou\u017e\u00edt 100% \u010dernou a 45% azurovou.<\/p>\n<p><strong>PDF<\/strong><br \/>\nTen se stal sv\u011btov\u00fdm standardem pro v\u00fdm\u011bnu dat a je nez\u00e1visl\u00fd na platform\u011b. Chcete-li zajistit hladk\u00fd pr\u016fb\u011bh pr\u00e1ce, pou\u017eijte standard PDF\/X 1a 2001.<\/p>\n<p><strong>Tiff<\/strong><br \/>\nPro tiffy zvolte kompresi LZW, abyste dos\u00e1hli nejvy\u0161\u0161\u00ed v\u00fdstupn\u00ed kvality.<\/p>\n<p><strong>JPG<\/strong><br \/>\nUkl\u00e1dejte soubory JPG v nejvy\u0161\u0161\u00ed kvalit\u011b.<\/p>\n<p><strong>Vytvo\u0159en\u00ed spr\u00e1vn\u00e9 spad\u00e1vky pro celoplo\u0161n\u00fd tisk :<\/strong><br \/>\nU v\u0161ech tiskovin pou\u017e\u00edvejte sp\u00e1d 3 mm. Spad\u00e1vku pot\u0159ebujeme ke kompenzaci tiskov\u00fdch toleranc\u00ed p\u0159i v\u00fdrob\u011b tisku.<\/p>\n<p><strong>Spr\u00e1vn\u00e1 vzd\u00e1lenost v\u0161ech d\u016fle\u017eit\u00fdch objekt\u016f od okraje<\/strong><br \/>\nPro v\u0161echny d\u016fle\u017eit\u00e9 objekty a p\u00edsma doporu\u010dujeme pr\u016fm\u011brnou vzd\u00e1lenost 3-5 mm od okraje.<\/p>\n<p><strong>POZN\u00c1MKA:<br \/>\n<\/strong>Upozor\u0148ujeme, \u017ee nespr\u00e1vn\u011b vytvo\u0159en\u00e1 tiskov\u00e1 data mohou zp\u016fsobit ztr\u00e1tu kvality.<\/p>\n<\/div><\/section>\n<section class=\"av_textblock_section \"  itemscope=\"itemscope\" itemtype=\"https:\/\/schema.org\/CreativeWork\" ><div class='avia_textblock  '   itemprop=\"text\" ><input type=\"button\" value=\"Zp\u011bt\" class=\"alg_back_button_input \" style=\"\" onclick=\"window.history.back()\" \/>\n<\/div><\/section>\n","protected":false},"excerpt":{"rendered":"","protected":false},"author":2,"featured_media":0,"parent":0,"menu_order":0,"comment_status":"closed","ping_status":"closed","template":"","meta":{"footnotes":""},"class_list":["post-30511","page","type-page","status-publish","hentry"],"_links":{"self":[{"href":"https:\/\/hikitec.de\/cs\/wp-json\/wp\/v2\/pages\/30511","targetHints":{"allow":["GET"]}}],"collection":[{"href":"https:\/\/hikitec.de\/cs\/wp-json\/wp\/v2\/pages"}],"about":[{"href":"https:\/\/hikitec.de\/cs\/wp-json\/wp\/v2\/types\/page"}],"author":[{"embeddable":true,"href":"https:\/\/hikitec.de\/cs\/wp-json\/wp\/v2\/users\/2"}],"replies":[{"embeddable":true,"href":"https:\/\/hikitec.de\/cs\/wp-json\/wp\/v2\/comments?post=30511"}],"version-history":[{"count":2,"href":"https:\/\/hikitec.de\/cs\/wp-json\/wp\/v2\/pages\/30511\/revisions"}],"predecessor-version":[{"id":30513,"href":"https:\/\/hikitec.de\/cs\/wp-json\/wp\/v2\/pages\/30511\/revisions\/30513"}],"wp:attachment":[{"href":"https:\/\/hikitec.de\/cs\/wp-json\/wp\/v2\/media?parent=30511"}],"curies":[{"name":"wp","href":"https:\/\/api.w.org\/{rel}","templated":true}]}}