{"id":30548,"date":"2021-03-29T12:44:13","date_gmt":"2021-03-29T10:44:13","guid":{"rendered":"https:\/\/hikitec.de\/zaznam-dat\/"},"modified":"2021-03-29T12:44:13","modified_gmt":"2021-03-29T10:44:13","slug":"zaznam-dat","status":"publish","type":"page","link":"https:\/\/hikitec.de\/cs\/zaznam-dat\/","title":{"rendered":"Z\u00e1znam dat"},"content":{"rendered":"\n<style type=\"text\/css\" id=\"style-css-av-1duggy-4f1643736bc77dd1debbdad9c9106241\">\n#top .flex_column.av-1duggy-4f1643736bc77dd1debbdad9c9106241{\nborder-radius:0px;\n-webkit-border-radius:0px;\n-moz-border-radius:0px;\npadding:0px;\n}\n<\/style>\n<div class='flex_column av-1duggy-4f1643736bc77dd1debbdad9c9106241 av_one_full  avia-builder-el-0  el_before_av_one_full  avia-builder-el-first  first flex_column_div av-zero-column-padding '   ><section class=\"av_textblock_section \"  itemscope=\"itemscope\" itemtype=\"https:\/\/schema.org\/CreativeWork\" ><div class='avia_textblock  '   itemprop=\"text\" ><p><strong>Nahr\u00e1v\u00e1n\u00ed dat na pam\u011b\u0165ov\u00e9 za\u0159\u00edzen\u00ed USB<br \/>\n<\/strong><\/p>\n<p>Na USB kl\u00ed\u010de m\u016f\u017eeme bez probl\u00e9m\u016f nahr\u00e1vat individu\u00e1ln\u00ed data (katalog, obr\u00e1zky atd.). Va\u0161e ty\u010dinka s individu\u00e1ln\u00edmi \u00fadaji je cenov\u011b v\u00fdhodnou alternativou k pap\u00edrov\u00e9 reklamn\u00ed bro\u017eu\u0159e. Pam\u011b\u0165 USB se z\u00e1znamem dat je udr\u017eiteln\u011bj\u0161\u00ed ne\u017e pap\u00edrov\u00e9 sd\u011blen\u00ed, proto\u017ee kdy\u017e z\u00e1kazn\u00edk odstran\u00ed data, nad\u00e1le pou\u017e\u00edv\u00e1 pam\u011b\u0165 USB s va\u0161\u00edm reklamn\u00edm sd\u011blen\u00edm. Naproti tomu pap\u00edr po kr\u00e1tk\u00e9 dob\u011b skon\u010d\u00ed v ko\u0161i. Na\u0161im z\u00e1kazn\u00edk\u016fm tak\u00e9 nab\u00edz\u00edme individu\u00e1ln\u00ed nahr\u00e1v\u00e1n\u00ed ka\u017ed\u00e9ho USB flash disku a p\u0159\u00edsn\u011b d\u016fv\u011brn\u00e9 zach\u00e1zen\u00ed s va\u0161imi \u00fadaji. Nev\u00e1hejte se obr\u00e1tit na t\u00fdm spole\u010dnosti HIKITEC GmbH.<\/p>\n<p>Va\u0161e data nahrajeme na n\u00e1mi vyrobenou pam\u011b\u0165ovou kartu USB <u>nebo<\/u> n\u00e1m poskytnete svou pam\u011b\u0165ovou kartu USB a my je n\u00e1sledn\u011b nahrajeme. Za\u0161lete n\u00e1m data spolu s objedn\u00e1vkou (nebo i o n\u011bkolik dn\u00ed pozd\u011bji) e-mailem\/FTP\/odkazem ke sta\u017een\u00ed nebo <a href=\"https:\/\/wetransfer.com\/\" target=\"_blank\" rel=\"noopener\"><img loading=\"lazy\" decoding=\"async\" class=\"alignnone size-full wp-image-9014\" src=\"https:\/\/hikitec.de\/wp-content\/uploads\/2020\/05\/wetransfer.gif\" alt=\"\" width=\"102\" height=\"18\"><\/a> a my v\u00e1m dopln\u00edme palivo na USB flash disk. Jednoduch\u00e9, bezpe\u010dn\u00e9 a rychl\u00e9.<\/p>\n<\/div><\/section><\/div>\n\n<style type=\"text\/css\" id=\"style-css-av-13m7iy-22fa7a734fd720b59842470314828c86\">\n#top .flex_column.av-13m7iy-22fa7a734fd720b59842470314828c86{\nborder-radius:0px;\n-webkit-border-radius:0px;\n-moz-border-radius:0px;\npadding:0px;\n}\n<\/style>\n<div class='flex_column av-13m7iy-22fa7a734fd720b59842470314828c86 av_one_full  avia-builder-el-2  el_after_av_one_full  el_before_av_one_full  first flex_column_div av-zero-column-padding column-top-margin'   ><section class=\"av_textblock_section \"  itemscope=\"itemscope\" itemtype=\"https:\/\/schema.org\/CreativeWork\" ><div class='avia_textblock  '   itemprop=\"text\" ><p><strong>Obsah<\/strong><\/p>\n<ul>\n<li><a href=\"#DPC\"><strong>Z\u00e1znam dat ve v\u00fdrob\u011b<\/strong><\/a><\/li>\n<li><a href=\"#DIDBL\"><strong>Z\u00e1znam dat v N\u011bmecku<\/strong><\/a><\/li>\n<li><a href=\"#VDD\"><strong>D\u016fv\u011brn\u00e9 \u00fadaje zaznamenan\u00e9 v N\u011bmecku<\/strong><\/a><\/li>\n<li><a href=\"#DLA\"><strong>Nahr\u00e1v\u00e1n\u00ed dat s mo\u017enost\u00ed vymaz\u00e1n\u00ed<\/strong><\/a><\/li>\n<li><a href=\"#DUA\"><strong>Importov\u00e1n\u00ed dat nesmazateln\u00fdm zp\u016fsobem<\/strong><\/a><\/li>\n<li><a href=\"#LWN\"><strong>Ozna\u010den\u00ed n\u00e1zvu jednotky<\/strong><\/a><\/li>\n<\/ul>\n<\/div><\/section><\/div>\n\n<style type=\"text\/css\" id=\"style-css-av-13m7iy-22fa7a734fd720b59842470314828c86\">\n#top .flex_column.av-13m7iy-22fa7a734fd720b59842470314828c86{\nborder-radius:0px;\n-webkit-border-radius:0px;\n-moz-border-radius:0px;\npadding:0px;\n}\n<\/style>\n<div class='flex_column av-13m7iy-22fa7a734fd720b59842470314828c86 av_one_full  avia-builder-el-4  el_after_av_one_full  el_before_av_one_full  first flex_column_div av-zero-column-padding column-top-margin'   ><section class=\"av_textblock_section \"  itemscope=\"itemscope\" itemtype=\"https:\/\/schema.org\/CreativeWork\" ><div class='avia_textblock  '   itemprop=\"text\" ><p id=\"DPC\" class=\"pt-20\"><strong>Z\u00e1znam dat ve v\u00fdrob\u011b<\/strong><\/p>\n<p>Po\u0161lete n\u00e1m data (nebo i o n\u011bkolik dn\u00ed pozd\u011bji) e-mailem\/FTP\/odkazem ke sta\u017een\u00ed nebo <a class=\"alignnone\" href=\"https:\/\/wetransfer.com\/\" target=\"_blank\" rel=\"noopener\"><img loading=\"lazy\" decoding=\"async\" class=\"alignnone size-full wp-image-9014\" src=\"https:\/\/hikitec.de\/wp-content\/uploads\/2020\/05\/wetransfer.gif\" alt=\"\" width=\"102\" height=\"18\"><\/a> a my v\u00e1m dopln\u00edme palivo na USB flash disk. Jednoduch\u00e9, bezpe\u010dn\u00e9 a rychl\u00e9.<\/p>\n<p><strong>Doba trv\u00e1n\u00ed<\/strong><\/p>\n<p>Na\u010d\u00edt\u00e1n\u00ed dat <u>neprodlu\u017euje<\/u> dobu v\u00fdroby!<\/p>\n<\/div><\/section><\/div>\n\n<style type=\"text\/css\" id=\"style-css-av-13m7iy-22fa7a734fd720b59842470314828c86\">\n#top .flex_column.av-13m7iy-22fa7a734fd720b59842470314828c86{\nborder-radius:0px;\n-webkit-border-radius:0px;\n-moz-border-radius:0px;\npadding:0px;\n}\n<\/style>\n<div class='flex_column av-13m7iy-22fa7a734fd720b59842470314828c86 av_one_full  avia-builder-el-6  el_after_av_one_full  el_before_av_one_full  first flex_column_div av-zero-column-padding column-top-margin'   ><section class=\"av_textblock_section \"  itemscope=\"itemscope\" itemtype=\"https:\/\/schema.org\/CreativeWork\" ><div class='avia_textblock  '   itemprop=\"text\" ><p id=\"DIDBL\" class=\"pt-20\"><strong>Z\u00e1znam dat v N\u011bmecku<\/strong><\/p>\n<p>Po\u0161lete n\u00e1m sv\u00e9 USB kl\u00ed\u010de, z nich\u017e <u>1<\/u> by ji\u017e m\u011bl b\u00fdt nahran\u00fd s po\u017eadovan\u00fdmi daty, tzv. <strong>hlavn\u00ed USB kl\u00ed\u010d<\/strong>. Tento postup zopakujeme u v\u0161ech ostatn\u00edch pam\u011bt\u00ed USB a znovu zkontrolujeme spr\u00e1vnost a \u010ditelnost pam\u011bti USB. Vadn\u00e9 kl\u00ed\u010de USB odpov\u00eddaj\u00edc\u00edm zp\u016fsobem t\u0159\u00edd\u00edme.<\/p>\n<p><strong>Doba trv\u00e1n\u00ed<\/strong><\/p>\n<p>B\u011b\u017en\u00e1 doba p\u0159ehr\u00e1v\u00e1n\u00ed je od 3 pracovn\u00edch dn\u016f na 5000 kus\u016f (v z\u00e1vislosti na velikosti dat a balen\u00ed). Nezapome\u0148te n\u00e1s pros\u00edm v\u010das informovat o v\u0161ech nadch\u00e1zej\u00edc\u00edch hrac\u00edch term\u00ednech. Expresn\u00ed v\u00fdroba (tent\u00fd\u017e den) po dohod\u011b. B\u011b\u017en\u00e9 a men\u0161\u00ed d\u00e1vky vzork\u016f obvykle vy\u017eaduj\u00ed maxim\u00e1ln\u011b jednu. dva pracovn\u00ed dny.<\/p>\n<p>Po\u0161lete n\u00e1m sv\u00e9 vlastn\u00ed kl\u00ed\u010de USB a my p\u0159eneseme va\u0161e data na va\u0161e pam\u011b\u0165ov\u00e9 m\u00e9dium.<br \/>\nPot\u00e9 se data porovnaj\u00ed (ov\u011b\u0159\u00ed) s origin\u00e1lem. Vadn\u00e1 m\u00e9dia jsou detekov\u00e1na, vyt\u0159\u00edd\u011bna a zabalena zvl\u00e1\u0161\u0165.<\/p>\n<p>V\u00fdrobn\u00ed proces<strong><br \/>\n<\/strong><\/p>\n<p>1. ozn\u00e1m\u00edte svou objedn\u00e1vku p\u0159edem.<br \/>\n2. za\u0161lete n\u00e1m nosi\u010de dat co nejd\u0159\u00edve.<br \/>\n3. rozbal\u00edme ka\u017edou jednotku USB.<br \/>\n4. 2 a\u017e 3 kl\u00ed\u010de USB podrob\u00edme kr\u00e1tk\u00e9mu testu funk\u010dnosti.<br \/>\n5. za\u0161lete n\u00e1m \u00fadaje o sv\u00e9 kopii online nebo po\u0161tou.<br \/>\n6. v p\u0159\u00edpad\u011b pot\u0159eby vytvo\u0159\u00edme hlavn\u00ed disk USB.<br \/>\n7. uvoln\u011bn\u00ed n\u00e1m poskytnete na z\u00e1klad\u011b testovac\u00edho souboru nebo vzorku dat.<br \/>\n8. zkop\u00edrujeme a otestujeme ty\u010dinky.<br \/>\n9. sestav\u00edme a zabal\u00edme ty\u010dinky.<br \/>\n10. p\u0159eprava k v\u00e1m nebo p\u0159\u00edmo k va\u0161emu z\u00e1kazn\u00edkovi.<\/p>\n<\/div><\/section><\/div>\n\n<style type=\"text\/css\" id=\"style-css-av-zdim2-2cfa4d4eb3959b3e9ca4fc8611307c8d\">\n#top .flex_column.av-zdim2-2cfa4d4eb3959b3e9ca4fc8611307c8d{\nborder-radius:0px;\n-webkit-border-radius:0px;\n-moz-border-radius:0px;\npadding:0px;\n}\n<\/style>\n<div class='flex_column av-zdim2-2cfa4d4eb3959b3e9ca4fc8611307c8d av_one_full  avia-builder-el-8  el_after_av_one_full  el_before_av_one_full  first flex_column_div av-zero-column-padding column-top-margin'   ><section class=\"av_textblock_section \"  itemscope=\"itemscope\" itemtype=\"https:\/\/schema.org\/CreativeWork\" ><div class='avia_textblock  '   itemprop=\"text\" ><p><a id=\"VDD\"><\/a><strong>D\u016fv\u011brn\u00e9 \u00fadaje zaznamenan\u00e9 v N\u011bmecku<\/strong><\/p>\n<p>M\u00e1te d\u016fv\u011brn\u00e1 a velmi d\u016fle\u017eit\u00e1 data, kter\u00e1 je t\u0159eba p\u0159en\u00e9st na USB disk? T\u011b\u0161\u00ed n\u00e1s, \u017ee v\u00e1m m\u016f\u017eeme nab\u00eddnout tuto speci\u00e1ln\u00ed slu\u017ebu. Po\u0161lete n\u00e1m sv\u00e9 USB kl\u00ed\u010de, z nich\u017e <u>1<\/u> by ji\u017e m\u011bl b\u00fdt nahran\u00fd s po\u017eadovan\u00fdmi daty, tzv. <strong>hlavn\u00ed USB kl\u00ed\u010d<\/strong>. (ne p\u0159es dropbox, wetransfer nebo jinou ve\u0159ejnou slu\u017ebu). Tento postup zopakujeme u v\u0161ech ostatn\u00edch pam\u011bt\u00ed USB a znovu zkontrolujeme spr\u00e1vnost a \u010ditelnost pam\u011bti USB. Vadn\u00e9 kl\u00ed\u010de USB odpov\u00eddaj\u00edc\u00edm zp\u016fsobem t\u0159\u00edd\u00edme. Va\u0161e data nekop\u00edrujeme lok\u00e1ln\u011b do po\u010d\u00edta\u010de ani nevytv\u00e1\u0159\u00edme hlavn\u00ed USB disk. Va\u0161e \u00fadaje nejsou v kontaktu s na\u0161\u00ed s\u00edt\u00ed a\/nebo jsou n\u00e1mi ulo\u017eeny lok\u00e1ln\u011b v po\u010d\u00edta\u010d\u00edch. V den nahr\u00e1v\u00e1n\u00ed je ur\u010dena odpov\u011bdn\u00e1 osoba, kter\u00e1 je zodpov\u011bdn\u00e1 za nahr\u00e1v\u00e1n\u00ed a hlavn\u00ed USB disk. Tato osoba sleduje nahr\u00e1vku a\u017e po jej\u00ed odesl\u00e1n\u00ed. To n\u00e1m umo\u017e\u0148uje zaru\u010dit bezprobl\u00e9mov\u00fd proces z na\u0161\u00ed strany. R\u00e1di s v\u00e1mi tak\u00e9 podep\u00ed\u0161eme dohodu o ml\u010denlivosti.<\/p>\n<p><strong>Doba trv\u00e1n\u00ed<\/strong><\/p>\n<p>B\u011b\u017en\u00e1 doba p\u0159ehr\u00e1v\u00e1n\u00ed je od 3 pracovn\u00edch dn\u016f na 5000 kus\u016f (v z\u00e1vislosti na velikosti dat a balen\u00ed). Nezapome\u0148te n\u00e1s pros\u00edm v\u010das informovat o v\u0161ech nadch\u00e1zej\u00edc\u00edch hrac\u00edch term\u00ednech. Expresn\u00ed v\u00fdroba (tent\u00fd\u017e den) po dohod\u011b. B\u011b\u017en\u00e9 a men\u0161\u00ed d\u00e1vky vzork\u016f obvykle vy\u017eaduj\u00ed maxim\u00e1ln\u011b jednu. dva pracovn\u00ed dny.<\/p>\n<p>Po\u0161lete n\u00e1m sv\u00e9 vlastn\u00ed kl\u00ed\u010de USB a my p\u0159eneseme va\u0161e data na va\u0161e pam\u011b\u0165ov\u00e9 m\u00e9dium.<br \/>\nPot\u00e9 se data porovnaj\u00ed (ov\u011b\u0159\u00ed) s origin\u00e1lem. Vadn\u00e1 m\u00e9dia jsou detekov\u00e1na, vyt\u0159\u00edd\u011bna a zabalena zvl\u00e1\u0161\u0165.<\/p>\n<p><strong>V\u00fdrobn\u00ed proces<br \/>\n<\/strong><\/p>\n<p>1. ozn\u00e1m\u00edte svou objedn\u00e1vku p\u0159edem.<br \/>\n2. za\u0161lete n\u00e1m nosi\u010de dat co nejd\u0159\u00edve.<br \/>\n3. rozbal\u00edme ka\u017edou jednotku USB.<br \/>\n4. 2 a\u017e 3 kl\u00ed\u010de USB podrob\u00edme kr\u00e1tk\u00e9mu testu funk\u010dnosti.<br \/>\n5. po\u0161lete n\u00e1m sv\u016fj hlavn\u00ed disk USB.<br \/>\n6. zkop\u00edrujeme a zkontrolujeme ty\u010dinky.<br \/>\n7. sestav\u00edme a zabal\u00edme ty\u010dinky.<br \/>\n8. p\u0159eprava k v\u00e1m nebo p\u0159\u00edmo k va\u0161emu z\u00e1kazn\u00edkovi.<\/p>\n<\/div><\/section><\/div>\n\n<style type=\"text\/css\" id=\"style-css-av-qoyaq-c6ce64bab3e42d2b29105200dbaebcf9\">\n#top .flex_column.av-qoyaq-c6ce64bab3e42d2b29105200dbaebcf9{\nborder-radius:0px;\n-webkit-border-radius:0px;\n-moz-border-radius:0px;\npadding:0px;\n}\n<\/style>\n<div class='flex_column av-qoyaq-c6ce64bab3e42d2b29105200dbaebcf9 av_one_full  avia-builder-el-10  el_after_av_one_full  el_before_av_one_full  first flex_column_div av-zero-column-padding column-top-margin'   ><section class=\"av_textblock_section \"  itemscope=\"itemscope\" itemtype=\"https:\/\/schema.org\/CreativeWork\" ><div class='avia_textblock  '   itemprop=\"text\" ><p><a id=\"DLA\"><\/a><strong>Nahr\u00e1v\u00e1n\u00ed dat s mo\u017enost\u00ed vymaz\u00e1n\u00ed<\/strong><\/p>\n<p>Koncov\u00fd u\u017eivatel obdr\u017e\u00ed flash disk s va\u0161imi individu\u00e1ln\u00edmi \u00fadaji, se kter\u00fdmi m\u016f\u017ee voln\u011b nakl\u00e1dat\/rozhodovat.<\/p>\n<\/div><\/section><\/div>\n\n<style type=\"text\/css\" id=\"style-css-av-nh4jm-bc85565081e976db16930af39a6652e0\">\n#top .flex_column.av-nh4jm-bc85565081e976db16930af39a6652e0{\nborder-radius:0px;\n-webkit-border-radius:0px;\n-moz-border-radius:0px;\npadding:0px;\n}\n<\/style>\n<div class='flex_column av-nh4jm-bc85565081e976db16930af39a6652e0 av_one_full  avia-builder-el-12  el_after_av_one_full  el_before_av_one_full  first flex_column_div av-zero-column-padding column-top-margin'   ><section class=\"av_textblock_section \"  itemscope=\"itemscope\" itemtype=\"https:\/\/schema.org\/CreativeWork\" ><div class='avia_textblock  '   itemprop=\"text\" ><p><a id=\"DUA\"><\/a><strong>Importov\u00e1n\u00ed dat nesmazateln\u00fdm zp\u016fsobem<\/strong><\/p>\n<p>Na disku USB jsou vytvo\u0159eny dva odd\u00edly. Odd\u00edl je vytvo\u0159en jako jednotka pouze pro \u010dten\u00ed. Tato jednotka m\u00e1 stejnou funkci jako CD nebo DVD, kter\u00e9 jsou tak\u00e9 chr\u00e1n\u011bny pod \u00fatvarem. Zb\u00fdvaj\u00edc\u00ed voln\u00e1 pam\u011b\u0165 je naform\u00e1tov\u00e1na jako jednotka pro z\u00e1pis a \u010dten\u00ed, u\u017eivatel m\u016f\u017ee s t\u00edmto druh\u00fdm odd\u00edlem voln\u011b nakl\u00e1dat a ukl\u00e1dat do n\u011bj sv\u00e1 osobn\u00ed data, v p\u0159\u00edpad\u011b pot\u0159eby tento odd\u00edl odstranit a naform\u00e1tovat.<\/p>\n<p>Vezm\u011bte pros\u00edm na v\u011bdom\u00ed, \u017ee nahr\u00e1v\u00e1me kl\u00ed\u010de USB s daty ex works a rozd\u011blujeme je p\u0159\u00edmo. N\u00e1sledn\u00e9 rozd\u011blen\u00ed v N\u011bmecku <u>nen\u00ed mo\u017en\u00e9<\/u>.<\/p>\n<\/div><\/section><\/div>\n\n<style type=\"text\/css\" id=\"style-css-av-eb78a-94656ec42f31d4e0eb53b968cbf58313\">\n#top .flex_column.av-eb78a-94656ec42f31d4e0eb53b968cbf58313{\nborder-radius:0px;\n-webkit-border-radius:0px;\n-moz-border-radius:0px;\npadding:0px;\n}\n<\/style>\n<div class='flex_column av-eb78a-94656ec42f31d4e0eb53b968cbf58313 av_one_full  avia-builder-el-14  el_after_av_one_full  el_before_av_one_full  first flex_column_div av-zero-column-padding column-top-margin'   ><section class=\"av_textblock_section \"  itemscope=\"itemscope\" itemtype=\"https:\/\/schema.org\/CreativeWork\" ><div class='avia_textblock  '   itemprop=\"text\" ><p><a id=\"LWN\"><\/a><strong>\u0160t\u00edtek pohonu<\/strong><\/p>\n<p>Pomoc\u00ed ozna\u010dov\u00e1n\u00ed jednotek m\u016f\u017eete p\u0159edem nastavit, jak se maj\u00ed kl\u00ed\u010denky USB zobrazovat v po\u010d\u00edta\u010di jako n\u00e1zev. Z\u00e1kazn\u00edk tak p\u0159esn\u011b v\u00ed, kter\u00e1 z nich je jeho, i kdy\u017e pou\u017e\u00edv\u00e1 v\u00edce ty\u010dinek. Upozor\u0148ujeme, \u017ee k dispozici je pouze 1<strong>1 znak\u016f<\/strong>. D\u00e9lka vypl\u00fdv\u00e1 ze star\u00fdch konvenc\u00ed pojmenov\u00e1n\u00ed v dob\u011b DOSu: 8+3=11 znak\u016f. Jedin\u00fdm povolen\u00fdm speci\u00e1ln\u00edm znakem je podtr\u017e\u00edtko &#8222;_&#8220;.<\/p>\n<\/div><\/section><\/div>\n\n<style type=\"text\/css\" id=\"style-css-av-7me8y-939388d2d40753a90d0a46e0acca8803\">\n#top .flex_column.av-7me8y-939388d2d40753a90d0a46e0acca8803{\nborder-radius:0px;\n-webkit-border-radius:0px;\n-moz-border-radius:0px;\npadding:0px;\n}\n<\/style>\n<div class='flex_column av-7me8y-939388d2d40753a90d0a46e0acca8803 av_one_full  avia-builder-el-16  el_after_av_one_full  el_before_av_textblock  first flex_column_div av-zero-column-padding column-top-margin'   ><section class=\"av_textblock_section \"  itemscope=\"itemscope\" itemtype=\"https:\/\/schema.org\/CreativeWork\" ><div class='avia_textblock  '   itemprop=\"text\" ><p><strong>Doporu\u010den\u00ed<\/strong><\/p>\n<p>N\u00e1zvy soubor\u016f \/ pojmenov\u00e1n\u00ed nesm\u00ed obsahovat speci\u00e1ln\u00ed znaky, proto\u017ee speci\u00e1ln\u00ed znaky jsou v\u0161echna p\u00edsmena a znaky mimo 26 z\u00e1kladn\u00edch p\u00edsmen latinsk\u00e9 abecedy. T\u00fdk\u00e1 se to symbol\u016f (\u00a7 \/ # $ % [ } + @ \u20ac &#8230;) i dal\u0161\u00edch p\u00edsmen (\u00f0 ? ? ? ? \u00fe &#8230;), ligatur dvou p\u00edsmen (&amp; \u00df \u00e6 \u0153 &#8230;) a zejm\u00e9na p\u00edsmen s tzv. diakritick\u00fdmi znam\u00e9nky (\u00fc \u00e1 \u00f4 \u00e8 \u00f1 \u00e5 \u00e7 \u00f8 \u0161 ? ? ? ? ? ? ? ? ? &#8230;). Upozor\u0148ujeme, \u017ee \u00fadaje mus\u00ed b\u00fdt v\u00edcejazy\u010dn\u00e9!<\/p>\n<\/div><\/section><\/div>\n<section class=\"av_textblock_section \"  itemscope=\"itemscope\" itemtype=\"https:\/\/schema.org\/CreativeWork\" ><div class='avia_textblock  '   itemprop=\"text\" ><input type=\"button\" value=\"Zp\u011bt\" class=\"alg_back_button_input \" style=\"\" onclick=\"window.history.back()\" \/>\n<\/div><\/section>\n","protected":false},"excerpt":{"rendered":"","protected":false},"author":2,"featured_media":0,"parent":0,"menu_order":0,"comment_status":"closed","ping_status":"closed","template":"","meta":{"footnotes":""},"class_list":["post-30548","page","type-page","status-publish","hentry"],"_links":{"self":[{"href":"https:\/\/hikitec.de\/cs\/wp-json\/wp\/v2\/pages\/30548","targetHints":{"allow":["GET"]}}],"collection":[{"href":"https:\/\/hikitec.de\/cs\/wp-json\/wp\/v2\/pages"}],"about":[{"href":"https:\/\/hikitec.de\/cs\/wp-json\/wp\/v2\/types\/page"}],"author":[{"embeddable":true,"href":"https:\/\/hikitec.de\/cs\/wp-json\/wp\/v2\/users\/2"}],"replies":[{"embeddable":true,"href":"https:\/\/hikitec.de\/cs\/wp-json\/wp\/v2\/comments?post=30548"}],"version-history":[{"count":5,"href":"https:\/\/hikitec.de\/cs\/wp-json\/wp\/v2\/pages\/30548\/revisions"}],"predecessor-version":[{"id":30554,"href":"https:\/\/hikitec.de\/cs\/wp-json\/wp\/v2\/pages\/30548\/revisions\/30554"}],"wp:attachment":[{"href":"https:\/\/hikitec.de\/cs\/wp-json\/wp\/v2\/media?parent=30548"}],"curies":[{"name":"wp","href":"https:\/\/api.w.org\/{rel}","templated":true}]}}