{"id":33718,"date":"2021-03-29T13:06:10","date_gmt":"2021-03-29T11:06:10","guid":{"rendered":"https:\/\/hikitec.de\/zaruka\/"},"modified":"2021-03-29T13:06:11","modified_gmt":"2021-03-29T11:06:11","slug":"zaruka","status":"publish","type":"page","link":"https:\/\/hikitec.de\/cs\/zaruka\/","title":{"rendered":"Z\u00e1ruka"},"content":{"rendered":"<section class=\"av_textblock_section \"  itemscope=\"itemscope\" itemtype=\"https:\/\/schema.org\/CreativeWork\" ><div class='avia_textblock  '   itemprop=\"text\" ><p><strong>Jak\u00e1 je z\u00e1ruka?<\/strong><\/p>\n<\/div><\/section>\n<section class=\"av_textblock_section \"  itemscope=\"itemscope\" itemtype=\"https:\/\/schema.org\/CreativeWork\" ><div class='avia_textblock  '   itemprop=\"text\" ><p><strong>Jak dlouho plat\u00ed z\u00e1ruka?<\/strong><\/p>\n<p>Z\u00e1ruka je 10 let na USB kl\u00ed\u010de a 2 roky na v\u0161echny ostatn\u00ed produkty a plat\u00ed od data vystaven\u00ed faktury.<\/p>\n<p><strong>Na co se vztahuje z\u00e1ruka?<\/strong><\/p>\n<p>Z\u00e1ruka se nevztahuje na \u0161kody zp\u016fsoben\u00e9 opravou nebo v\u00fdm\u011bnou sou\u010d\u00e1st\u00ed, nespr\u00e1vn\u00fdm pou\u017e\u00edv\u00e1n\u00edm, nehodami, \u00fapravami v\u00fdrobku, nevhodn\u00fdm provozn\u00edm prost\u0159ed\u00edm nebo nespr\u00e1vnou \u00fadr\u017ebou. Z\u00e1ruka se nevztahuje na selh\u00e1n\u00ed nebo nespr\u00e1vn\u00fd provoz, pokud jsou produkty pou\u017e\u00edv\u00e1ny ve spojen\u00ed s profesion\u00e1ln\u00edm nebo zak\u00e1zkov\u00fdm hardwarem nebo jsou pou\u017e\u00edv\u00e1ny v jin\u00fdch aplikac\u00edch, ne\u017e je obecn\u00e9 ukl\u00e1d\u00e1n\u00ed nekritick\u00fdch dat.<\/p>\n<p><strong>Je na v\u0161echny nab\u00edzen\u00e9 produkty poskytov\u00e1na z\u00e1ruka?<\/strong><\/p>\n<p>Na v\u0161echny nab\u00edzen\u00e9 produkty se vztahuje z\u00e1ruka bez po\u0161kozen\u00ed a funk\u010dn\u00edch vad.<\/p>\n<p><strong>Za jak\u00fdch okolnost\u00ed z\u00e1ruka zanik\u00e1?<\/strong><\/p>\n<p>Pro ov\u011b\u0159en\u00ed z\u00e1ru\u010dn\u00ed doby je vy\u017eadov\u00e1n doklad o koupi nebo datum odesl\u00e1n\u00ed. Z\u00e1ruka zanik\u00e1, pokud je v\u00fdrobek pozm\u011bn\u011bn, nespr\u00e1vn\u011b pou\u017e\u00edv\u00e1n, nespr\u00e1vn\u00fdm p\u0159eform\u00e1tov\u00e1n\u00edm se stane nepou\u017eiteln\u00fdm, je po\u0161kozen nehodou nebo nedbalost\u00ed nebo pokud u\u017eivatel nespr\u00e1vn\u011b nainstaluje nebo vym\u011bn\u00ed d\u00edly.<\/p>\n<\/div><\/section>\n<section class=\"av_textblock_section \"  itemscope=\"itemscope\" itemtype=\"https:\/\/schema.org\/CreativeWork\" ><div class='avia_textblock  '   itemprop=\"text\" ><input type=\"button\" value=\"Zp\u011bt\" class=\"alg_back_button_input \" style=\"\" onclick=\"window.history.back()\" \/>\n<\/div><\/section>\n","protected":false},"excerpt":{"rendered":"","protected":false},"author":2,"featured_media":0,"parent":0,"menu_order":0,"comment_status":"closed","ping_status":"closed","template":"","meta":{"footnotes":""},"class_list":["post-33718","page","type-page","status-publish","hentry"],"_links":{"self":[{"href":"https:\/\/hikitec.de\/cs\/wp-json\/wp\/v2\/pages\/33718","targetHints":{"allow":["GET"]}}],"collection":[{"href":"https:\/\/hikitec.de\/cs\/wp-json\/wp\/v2\/pages"}],"about":[{"href":"https:\/\/hikitec.de\/cs\/wp-json\/wp\/v2\/types\/page"}],"author":[{"embeddable":true,"href":"https:\/\/hikitec.de\/cs\/wp-json\/wp\/v2\/users\/2"}],"replies":[{"embeddable":true,"href":"https:\/\/hikitec.de\/cs\/wp-json\/wp\/v2\/comments?post=33718"}],"version-history":[{"count":2,"href":"https:\/\/hikitec.de\/cs\/wp-json\/wp\/v2\/pages\/33718\/revisions"}],"predecessor-version":[{"id":33720,"href":"https:\/\/hikitec.de\/cs\/wp-json\/wp\/v2\/pages\/33718\/revisions\/33720"}],"wp:attachment":[{"href":"https:\/\/hikitec.de\/cs\/wp-json\/wp\/v2\/media?parent=33718"}],"curies":[{"name":"wp","href":"https:\/\/api.w.org\/{rel}","templated":true}]}}