{"id":33738,"date":"2021-03-29T13:56:34","date_gmt":"2021-03-29T11:56:34","guid":{"rendered":"https:\/\/hikitec.de\/impressum\/"},"modified":"2023-03-01T16:06:17","modified_gmt":"2023-03-01T15:06:17","slug":"impressum","status":"publish","type":"page","link":"https:\/\/hikitec.de\/cs\/impressum\/","title":{"rendered":"Impressum"},"content":{"rendered":"<section class=\"av_textblock_section \"  itemscope=\"itemscope\" itemtype=\"https:\/\/schema.org\/CreativeWork\" ><div class='avia_textblock  '   itemprop=\"text\" ><p>HIKITEC GmbH<br \/>\nQuettinger Stra\u00dfe 171<br \/>\n51381 Leverkusen<br \/>\nGermany<\/p>\n<p>Telefon: +49 (0) 2103 71 54 266<br \/>\nFax: +49 (0) 2103 71 54 259<\/p>\n<p>E-Mail: anfrage@hikitec.de<\/p>\n<p>V\u00fdkonn\u00fd \u0159editel: Daniel Pitschke<\/p>\n<p>M\u00edstn\u00ed soud D\u00fcsseldorf HRB 79996<br \/>\nUst.-ID: DE310612604<\/p>\n<p>Tento otisk se vztahuje tak\u00e9 na str\u00e1nku &#8222;Google+&#8220; https:\/\/www&#8230;&#8230;&#8230;<\/p>\n<\/div><\/section>\n<section class=\"av_textblock_section \"  itemscope=\"itemscope\" itemtype=\"https:\/\/schema.org\/CreativeWork\" ><div class='avia_textblock  '   itemprop=\"text\" ><input type=\"button\" value=\"Zp\u011bt\" class=\"alg_back_button_input \" style=\"\" onclick=\"window.history.back()\" \/>\n<\/div><\/section>\n","protected":false},"excerpt":{"rendered":"","protected":false},"author":2,"featured_media":0,"parent":0,"menu_order":0,"comment_status":"closed","ping_status":"closed","template":"","meta":{"footnotes":""},"class_list":["post-33738","page","type-page","status-publish","hentry"],"_links":{"self":[{"href":"https:\/\/hikitec.de\/cs\/wp-json\/wp\/v2\/pages\/33738","targetHints":{"allow":["GET"]}}],"collection":[{"href":"https:\/\/hikitec.de\/cs\/wp-json\/wp\/v2\/pages"}],"about":[{"href":"https:\/\/hikitec.de\/cs\/wp-json\/wp\/v2\/types\/page"}],"author":[{"embeddable":true,"href":"https:\/\/hikitec.de\/cs\/wp-json\/wp\/v2\/users\/2"}],"replies":[{"embeddable":true,"href":"https:\/\/hikitec.de\/cs\/wp-json\/wp\/v2\/comments?post=33738"}],"version-history":[{"count":9,"href":"https:\/\/hikitec.de\/cs\/wp-json\/wp\/v2\/pages\/33738\/revisions"}],"predecessor-version":[{"id":717679,"href":"https:\/\/hikitec.de\/cs\/wp-json\/wp\/v2\/pages\/33738\/revisions\/717679"}],"wp:attachment":[{"href":"https:\/\/hikitec.de\/cs\/wp-json\/wp\/v2\/media?parent=33738"}],"curies":[{"name":"wp","href":"https:\/\/api.w.org\/{rel}","templated":true}]}}