{"id":383804,"date":"2021-06-30T14:14:18","date_gmt":"2021-06-30T12:14:18","guid":{"rendered":"https:\/\/hikitec.de\/nahled\/"},"modified":"2021-06-30T14:14:27","modified_gmt":"2021-06-30T12:14:27","slug":"nahled","status":"publish","type":"page","link":"https:\/\/hikitec.de\/cs\/nahled\/","title":{"rendered":"N\u00e1hled"},"content":{"rendered":"<section class=\"av_textblock_section \"  itemscope=\"itemscope\" itemtype=\"https:\/\/schema.org\/CreativeWork\" ><div class='avia_textblock  '   itemprop=\"text\" ><p><strong>Jak bude vypadat m\u00e9 logo na propaga\u010dn\u00edm produktu? Je k dispozici n\u00e1hled?<\/strong><\/p>\n<\/div><\/section>\n<section class=\"av_textblock_section \"  itemscope=\"itemscope\" itemtype=\"https:\/\/schema.org\/CreativeWork\" ><div class='avia_textblock  '   itemprop=\"text\" ><p>V p\u0159\u00edpad\u011b objedn\u00e1vky nebo na vy\u017e\u00e1d\u00e1n\u00ed v r\u00e1mci cenov\u00e9 nab\u00eddky v\u00e1m zdarma za\u0161leme virtu\u00e1ln\u00ed n\u00e1hled tisku (n\u00e1\u010drtek stojanu) va\u0161eho propaga\u010dn\u00edho p\u0159edm\u011btu s va\u0161\u00edm logem nebo obr\u00e1zkem.<br \/>\nSta\u010d\u00ed n\u00e1m zaslat po\u017eadovan\u00fd motiv e-mailem na adresu anfrage@hikitec.de. Pot\u00e9 um\u00edst\u00edme motiv na propaga\u010dn\u00ed p\u0159edm\u011bt a za\u0161leme v\u00e1m n\u00e1kres stojanu.<br \/>\nokam\u017eit\u011b.<\/p>\n<\/div><\/section>\n<section class=\"av_textblock_section \"  itemscope=\"itemscope\" itemtype=\"https:\/\/schema.org\/CreativeWork\" ><div class='avia_textblock  '   itemprop=\"text\" ><input type=\"button\" value=\"Zp\u011bt\" class=\"alg_back_button_input \" style=\"\" onclick=\"window.history.back()\" \/>\n<\/div><\/section>\n","protected":false},"excerpt":{"rendered":"","protected":false},"author":2,"featured_media":0,"parent":0,"menu_order":0,"comment_status":"closed","ping_status":"closed","template":"","meta":{"footnotes":""},"class_list":["post-383804","page","type-page","status-publish","hentry"],"_links":{"self":[{"href":"https:\/\/hikitec.de\/cs\/wp-json\/wp\/v2\/pages\/383804","targetHints":{"allow":["GET"]}}],"collection":[{"href":"https:\/\/hikitec.de\/cs\/wp-json\/wp\/v2\/pages"}],"about":[{"href":"https:\/\/hikitec.de\/cs\/wp-json\/wp\/v2\/types\/page"}],"author":[{"embeddable":true,"href":"https:\/\/hikitec.de\/cs\/wp-json\/wp\/v2\/users\/2"}],"replies":[{"embeddable":true,"href":"https:\/\/hikitec.de\/cs\/wp-json\/wp\/v2\/comments?post=383804"}],"version-history":[{"count":5,"href":"https:\/\/hikitec.de\/cs\/wp-json\/wp\/v2\/pages\/383804\/revisions"}],"predecessor-version":[{"id":383809,"href":"https:\/\/hikitec.de\/cs\/wp-json\/wp\/v2\/pages\/383804\/revisions\/383809"}],"wp:attachment":[{"href":"https:\/\/hikitec.de\/cs\/wp-json\/wp\/v2\/media?parent=383804"}],"curies":[{"name":"wp","href":"https:\/\/api.w.org\/{rel}","templated":true}]}}