{"id":39003,"date":"2021-03-29T14:42:43","date_gmt":"2021-03-29T12:42:43","guid":{"rendered":"https:\/\/hikitec.de\/formulare\/"},"modified":"2021-03-29T14:42:45","modified_gmt":"2021-03-29T12:42:45","slug":"formulare","status":"publish","type":"page","link":"https:\/\/hikitec.de\/cs\/formulare\/","title":{"rendered":"Formul\u00e1\u0159e"},"content":{"rendered":"<section class=\"av_textblock_section \"  itemscope=\"itemscope\" itemtype=\"https:\/\/schema.org\/CreativeWork\" ><div class='avia_textblock  '   itemprop=\"text\" ><table>\n<tbody>\n<tr>\n<td>V\u00fdvozn\u00ed certifik\u00e1t V\u00fdvozn\u00ed certifik\u00e1t<\/td>\n<td><a href=\"http:\/\/hikitec.de\/wp-content\/uploads\/2017\/02\/Ausfuhrbest%C3%A4tigung_Export-Certificate.pdf\" target=\"_blank\" rel=\"noopener\"><img decoding=\"async\" class=\"transparent aligncenter\" src=\"http:\/\/hikitec.de\/wp-content\/uploads\/2017\/01\/pdf_Download.png\" alt=\"http:\/\/hikitec.de\/wp-content\/uploads\/2017\/01\/pdf_Download.png\" width=\"44\" height=\"100%\"><\/a><\/td>\n<\/tr>\n<tr>\n<td>Certifik\u00e1t zna\u010dky pro dokon\u010dovac\u00ed zak\u00e1zku<\/td>\n<td><a href=\"http:\/\/hikitec.de\/wp-content\/uploads\/2017\/02\/Marke-Bescheinigung-zum-Veredelungauftrag.pdf\" target=\"_blank\" rel=\"noopener\"><img decoding=\"async\" class=\"transparent aligncenter\" src=\"http:\/\/hikitec.de\/wp-content\/uploads\/2017\/01\/pdf_Download.png\" alt=\"http:\/\/hikitec.de\/wp-content\/uploads\/2017\/01\/pdf_Download.png\" width=\"44\" height=\"100%\"><\/a><\/td>\n<\/tr>\n<tr>\n<td>Samopoji\u0161t\u011bn\u00ed Doprava<\/td>\n<td><a href=\"http:\/\/hikitec.de\/wp-content\/uploads\/2017\/02\/Selbstversicherung_Transport.pdf\" target=\"_blank\" rel=\"noopener\"><img decoding=\"async\" class=\"transparent aligncenter\" src=\"http:\/\/hikitec.de\/wp-content\/uploads\/2017\/01\/pdf_Download.png\" alt=\"http:\/\/hikitec.de\/wp-content\/uploads\/2017\/01\/pdf_Download.png\" width=\"44\" height=\"100%\"><\/a><\/td>\n<\/tr>\n<tr>\n<td>Ztr\u00e1ty a po\u0161kozen\u00ed p\u0159i p\u0159eprav\u011b<\/td>\n<td><a href=\"http:\/\/hikitec.de\/wp-content\/uploads\/2017\/02\/Verlust-und-Transportschaden-Protokoll.pdf\" target=\"_blank\" rel=\"noopener\"><img decoding=\"async\" class=\"transparent aligncenter\" src=\"http:\/\/hikitec.de\/wp-content\/uploads\/2017\/01\/pdf_Download.png\" alt=\"http:\/\/hikitec.de\/wp-content\/uploads\/2017\/01\/pdf_Download.png\" width=\"44\" height=\"100%\"><\/a><\/td>\n<\/tr>\n<tr>\n<td>St\u00ed\u017enost RMA<\/td>\n<td><a href=\"http:\/\/hikitec.de\/wp-content\/uploads\/2017\/02\/RMA_Reklamation_Return_Merchandise_Authorizatio.pdf\" target=\"_blank\" rel=\"noopener\"><img decoding=\"async\" class=\"transparent aligncenter\" src=\"http:\/\/hikitec.de\/wp-content\/uploads\/2017\/01\/pdf_Download.png\" alt=\"http:\/\/hikitec.de\/wp-content\/uploads\/2017\/01\/pdf_Download.png\" width=\"44\" height=\"100%\"><\/a><\/td>\n<\/tr>\n<\/tbody>\n<\/table>\n<\/div><\/section>\n<section class=\"av_textblock_section \"  itemscope=\"itemscope\" itemtype=\"https:\/\/schema.org\/CreativeWork\" ><div class='avia_textblock  '   itemprop=\"text\" ><input type=\"button\" value=\"Zp\u011bt\" class=\"alg_back_button_input \" style=\"\" onclick=\"window.history.back()\" \/>\n<\/div><\/section>\n","protected":false},"excerpt":{"rendered":"","protected":false},"author":2,"featured_media":0,"parent":0,"menu_order":0,"comment_status":"closed","ping_status":"closed","template":"","meta":{"footnotes":""},"class_list":["post-39003","page","type-page","status-publish","hentry"],"_links":{"self":[{"href":"https:\/\/hikitec.de\/cs\/wp-json\/wp\/v2\/pages\/39003","targetHints":{"allow":["GET"]}}],"collection":[{"href":"https:\/\/hikitec.de\/cs\/wp-json\/wp\/v2\/pages"}],"about":[{"href":"https:\/\/hikitec.de\/cs\/wp-json\/wp\/v2\/types\/page"}],"author":[{"embeddable":true,"href":"https:\/\/hikitec.de\/cs\/wp-json\/wp\/v2\/users\/2"}],"replies":[{"embeddable":true,"href":"https:\/\/hikitec.de\/cs\/wp-json\/wp\/v2\/comments?post=39003"}],"version-history":[{"count":5,"href":"https:\/\/hikitec.de\/cs\/wp-json\/wp\/v2\/pages\/39003\/revisions"}],"predecessor-version":[{"id":39026,"href":"https:\/\/hikitec.de\/cs\/wp-json\/wp\/v2\/pages\/39003\/revisions\/39026"}],"wp:attachment":[{"href":"https:\/\/hikitec.de\/cs\/wp-json\/wp\/v2\/media?parent=39003"}],"curies":[{"name":"wp","href":"https:\/\/api.w.org\/{rel}","templated":true}]}}