{"id":41016,"date":"2021-03-29T15:03:10","date_gmt":"2021-03-29T13:03:10","guid":{"rendered":"https:\/\/hikitec.de\/tisknutelna-data\/"},"modified":"2021-03-29T15:03:11","modified_gmt":"2021-03-29T13:03:11","slug":"tisknutelna-data","status":"publish","type":"page","link":"https:\/\/hikitec.de\/cs\/tisknutelna-data\/","title":{"rendered":"tisknuteln\u00e1 data"},"content":{"rendered":"<section class=\"av_textblock_section \"  itemscope=\"itemscope\" itemtype=\"https:\/\/schema.org\/CreativeWork\" ><div class='avia_textblock  '   itemprop=\"text\" ><p><strong>M\u016f\u017eeme v\u00e1m pomoci, pokud nem\u00e1te k dispozici tisknuteln\u00e1 data?<\/strong><\/p>\n<\/div><\/section>\n<section class=\"av_textblock_section \"  itemscope=\"itemscope\" itemtype=\"https:\/\/schema.org\/CreativeWork\" ><div class='avia_textblock  '   itemprop=\"text\" ><p>Ano. Tuto slu\u017ebu v\u00e1m r\u00e1di nab\u00eddneme. Po\u0161lete n\u00e1m sv\u00e9 logo a my v\u00e1m ho za poplatek vektorizujeme.<\/p>\n<p>Vektorizace pomoc\u00ed online n\u00e1stroje &#8211; Jedn\u00e1 se o nejjednodu\u0161\u0161\u00ed mo\u017enost.<\/p>\n<p><strong>Pozor:<\/strong> Online vektoriza\u010dn\u00ed n\u00e1stroje lze pou\u017e\u00edt pouze pro laserov\u00e9 grav\u00edrov\u00e1n\u00ed a jednobarevn\u00e9 s\u00edtotisky a tamponov\u00e9 tisky.<\/p>\n<p>Nezapome\u0148te v programu pro rozvr\u017een\u00ed zadat \u010d\u00edsla barev. V na\u0161ich testech dos\u00e1hla bezplatn\u00e1 slu\u017eba &#8222;<a href=\"https:\/\/www.vectorization.org\/\">Vectorization.org<\/a>&#8220; pom\u011brn\u011b dobr\u00fdch v\u00fdsledk\u016f.<\/p>\n<p>Ru\u010dn\u00ed trasov\u00e1n\u00ed pomoc\u00ed offline program\u016f. Pokud nejste spokojeni s v\u00fdsledkem vektoriza\u010dn\u00edho n\u00e1stroje online, m\u016f\u017eete pixelovou grafiku obkreslit tak\u00e9 ve vektorov\u00fdch programech, jako je Adobe Illustrator nebo Inkscape.<\/p>\n<p>Pov\u011b\u0159en\u00ed zvl\u00e1\u0161tn\u00ed agentury pro vektory. P\u0159\u00edpadn\u011b je vhodn\u00e9 najmout si na vektorizaci profesion\u00e1ln\u00ed agenturu. To plat\u00ed zejm\u00e9na pro dvoubarevnou nebo v\u00edcebarevnou grafiku nebo \u010dasto pou\u017e\u00edvanou grafiku, nap\u0159\u00edklad loga.<\/p>\n<\/div><\/section>\n<section class=\"av_textblock_section \"  itemscope=\"itemscope\" itemtype=\"https:\/\/schema.org\/CreativeWork\" ><div class='avia_textblock  '   itemprop=\"text\" ><input type=\"button\" value=\"Zp\u011bt\" class=\"alg_back_button_input \" style=\"\" onclick=\"window.history.back()\" \/>\n<\/div><\/section>\n","protected":false},"excerpt":{"rendered":"","protected":false},"author":2,"featured_media":0,"parent":0,"menu_order":0,"comment_status":"closed","ping_status":"closed","template":"","meta":{"footnotes":""},"class_list":["post-41016","page","type-page","status-publish","hentry"],"_links":{"self":[{"href":"https:\/\/hikitec.de\/cs\/wp-json\/wp\/v2\/pages\/41016","targetHints":{"allow":["GET"]}}],"collection":[{"href":"https:\/\/hikitec.de\/cs\/wp-json\/wp\/v2\/pages"}],"about":[{"href":"https:\/\/hikitec.de\/cs\/wp-json\/wp\/v2\/types\/page"}],"author":[{"embeddable":true,"href":"https:\/\/hikitec.de\/cs\/wp-json\/wp\/v2\/users\/2"}],"replies":[{"embeddable":true,"href":"https:\/\/hikitec.de\/cs\/wp-json\/wp\/v2\/comments?post=41016"}],"version-history":[{"count":5,"href":"https:\/\/hikitec.de\/cs\/wp-json\/wp\/v2\/pages\/41016\/revisions"}],"predecessor-version":[{"id":41022,"href":"https:\/\/hikitec.de\/cs\/wp-json\/wp\/v2\/pages\/41016\/revisions\/41022"}],"wp:attachment":[{"href":"https:\/\/hikitec.de\/cs\/wp-json\/wp\/v2\/media?parent=41016"}],"curies":[{"name":"wp","href":"https:\/\/api.w.org\/{rel}","templated":true}]}}