{"id":43821,"date":"2021-03-29T15:31:22","date_gmt":"2021-03-29T13:31:22","guid":{"rendered":"https:\/\/hikitec.de\/casto-kladene-dotazy\/"},"modified":"2023-03-01T15:51:01","modified_gmt":"2023-03-01T14:51:01","slug":"casto-kladene-dotazy","status":"publish","type":"page","link":"https:\/\/hikitec.de\/cs\/casto-kladene-dotazy\/","title":{"rendered":"\u010cASTO KLADEN\u00c9 DOTAZY"},"content":{"rendered":"<div id='av_section_1'  class='avia-section av-fvjo6-0d5254b2c881c5829c60a1dddcb5aa7b main_color avia-section-default avia-no-border-styling  avia-builder-el-0  el_before_av_toggle_container  avia-builder-el-first  avia-bg-style-scroll  container_wrap fullsize'  ><div class='container av-section-cont-open' ><main  role=\"main\" itemprop=\"mainContentOfPage\"  class='template-page content  av-content-full alpha units'><div class='post-entry post-entry-type-page post-entry-43821'><div class='entry-content-wrapper clearfix'>\n\n<style type=\"text\/css\" id=\"style-css-av-35a28m-8bccc125ce8bb830b69f56c4ed5589a3\">\n#top .flex_column.av-35a28m-8bccc125ce8bb830b69f56c4ed5589a3{\nborder-radius:0px;\n-webkit-border-radius:0px;\n-moz-border-radius:0px;\npadding:0px;\n}\n<\/style>\n<div class='flex_column av-35a28m-8bccc125ce8bb830b69f56c4ed5589a3 av_one_full  avia-builder-el-1  avia-builder-el-no-sibling  first flex_column_div av-zero-column-padding '   ><section class=\"av_textblock_section \"  itemscope=\"itemscope\" itemtype=\"https:\/\/schema.org\/CreativeWork\" ><div class='avia_textblock  '   itemprop=\"text\" ><div>\n<h3><strong>\u010cASTO<\/strong> <strong>KLADEN\u00c9 DOTAZY<\/strong><strong><img loading=\"lazy\" decoding=\"async\" class=\"size-thumbnail wp-image-9115 alignright\" src=\"https:\/\/hikitec.de\/wp-content\/uploads\/2020\/05\/Erklaerung-80x80.png\" alt=\"\" width=\"80\" height=\"80\" srcset=\"https:\/\/hikitec.de\/wp-content\/uploads\/2020\/05\/Erklaerung-80x80.png 80w, https:\/\/hikitec.de\/wp-content\/uploads\/2020\/05\/Erklaerung-36x36.png 36w, https:\/\/hikitec.de\/wp-content\/uploads\/2020\/05\/Erklaerung-180x180.png 180w, https:\/\/hikitec.de\/wp-content\/uploads\/2020\/05\/Erklaerung-120x120.png 120w, https:\/\/hikitec.de\/wp-content\/uploads\/2020\/05\/Erklaerung-450x450.png 450w\" sizes=\"auto, (max-width: 80px) 100vw, 80px\" \/><\/strong><\/h3>\n<\/div>\n<div class=\"after\">Najd\u011bte odpov\u011bdi na sv\u00e9 ot\u00e1zky t\u00fdkaj\u00edc\u00ed se d\u016fle\u017eit\u00fdch t\u00e9mat<\/div>\n<\/div><\/section><\/div>\n<\/div><\/div><\/main><!-- close content main element --><\/div><\/div><div id='after_section_1'  class='main_color av_default_container_wrap container_wrap fullsize'  ><div class='container av-section-cont-open' ><div class='template-page content  av-content-full alpha units'><div class='post-entry post-entry-type-page post-entry-43821'><div class='entry-content-wrapper clearfix'>\n<\/div><\/div><\/div><!-- close content main div --><\/div><\/div><div id='av_section_2'  class='avia-section av-1rf0bq-183fae09a56627684d823c740cce80bd main_color avia-section-default avia-no-border-styling avia-bg-style-scroll  container_wrap fullsize'  ><div class='container av-section-cont-open' ><div class='template-page content  av-content-full alpha units'><div class='post-entry post-entry-type-page post-entry-43821'><div class='entry-content-wrapper clearfix'>\n\n<style type=\"text\/css\" id=\"style-css-av-gfn7nq-e7061757412d00677e9bddd5246a8030\">\n.togglecontainer.av-gfn7nq-e7061757412d00677e9bddd5246a8030 p.toggler{\ncolor:#000000;\nbackground-color:#ffffff;\nborder-color:#745f7e;\n}\n.togglecontainer.av-gfn7nq-e7061757412d00677e9bddd5246a8030 p.toggler .toggle_icon{\nborder-color:#000000;\n}\n.togglecontainer.av-gfn7nq-e7061757412d00677e9bddd5246a8030 .toggle_wrap .toggle_content{\ncolor:#000000;\nbackground-color:#ffffff;\nborder-color:#745f7e;\n}\n<\/style>\n<div  class='togglecontainer av-gfn7nq-e7061757412d00677e9bddd5246a8030 av-minimal-toggle  avia-builder-el-3  el_after_av_section  el_before_av_textblock  avia-builder-el-first  toggle_close_all ' >\n<section class='av_toggle_section av-elggc6-17352fee69d4769384e018d52801d3ce'  itemscope=\"itemscope\" itemtype=\"https:\/\/schema.org\/CreativeWork\" ><div role=\"tablist\" class=\"single_toggle\" data-tags=\"{All} \"  ><p data-fake-id='#toggle-id-1' class='toggler hasCustomColor  av-inherit-font-color av-inherit-border-color'  itemprop=\"headline\"  role='tab' tabindex='0' aria-controls='toggle-id-1'>OBJEDN\u00c1VKA &amp; PO\u0158\u00c1DEK<span class=\"toggle_icon\"><span class=\"vert_icon\"><\/span><span class=\"hor_icon\"><\/span><\/span><\/p><div id='toggle-id-1' class='toggle_wrap  '  ><div class='toggle_content invers-color av-inherit-font-color av-inherit-border-color'  itemprop=\"text\" ><p><a href=\"https:\/\/hikitec.de\/de\/auftrag\/\">Wie kann ich Waren bei HIKITEC bestellen?<\/a><br \/>\n<a href=\"https:\/\/hikitec.de\/de\/standskizze\/\">Co je to n\u00e1\u010drtek stojanu &#8211; virtu\u00e1ln\u00ed n\u00e1hled tisku?<\/a><br \/>\n<a href=\"https:\/\/hikitec.de\/de\/produktionszeit\/\">Jak\u00e9 jsou dodac\u00ed lh\u016fty?<\/a><br \/>\n<a href=\"https:\/\/hikitec.de\/de\/preisentwicklung\/\">Pro\u010d mohou ceny USB flash disk\u016f kol\u00edsat?<\/a><br \/>\n<a href=\"https:\/\/hikitec.de\/de\/nachbestellungen\/\">Co je t\u0159eba vz\u00edt v \u00favahu p\u0159i opakovan\u00fdch objedn\u00e1vk\u00e1ch 1:1?<\/a><br \/>\n<a href=\"https:\/\/hikitec.de\/cs\/kopirovaci-sluzba\/lieferung-2\/\">Kam m\u016f\u017ee spole\u010dnost HIKITEC doru\u010dovat?<\/a><br \/>\n<a href=\"https:\/\/hikitec.de\/de\/zahlungsbedingungen\/\">Jak\u00e9 platebn\u00ed metody jsou k dispozici?<\/a><br \/>\n<a href=\"https:\/\/hikitec.de\/de\/umtausch\/\">Mohu si zbo\u017e\u00ed vym\u011bnit?<\/a><br \/>\n<a href=\"https:\/\/hikitec.de\/de\/garantie\/\">Jak\u00e1 je z\u00e1ruka?<\/a><br \/>\n<a href=\"https:\/\/hikitec.de\/de\/prodsg\/\">Co je to z\u00e1kon o bezpe\u010dnosti v\u00fdrobk\u016f?<\/a><br \/>\n<a href=\"https:\/\/hikitec.de\/de\/batteriegesetz\/\">Jak\u00fd je z\u00e1kon o bateri\u00edch?<\/a><br \/>\n<a href=\"https:\/\/hikitec.de\/de\/agb\/\">Kde najdu podm\u00ednky?<\/a><br \/>\n<a href=\"https:\/\/hikitec.de\/de\/weee-elektrog-erklaerung\/\">Kde najdu \u010d\u00edslo WEEE?<\/a><br \/>\n<a href=\"https:\/\/hikitec.de\/de\/lucid\/\">Kde najdu \u010d\u00edslo LUCID?<\/a><br \/>\n<a href=\"https:\/\/hikitec.de\/de\/ce\/\">Mus\u00ed m\u00edt v\u00fdrobky ozna\u010den\u00ed CE?<\/a><br \/>\n<a href=\"https:\/\/hikitec.de\/de\/bsci\/\">Maj\u00ed va\u0161e v\u00fdrobky audit BSCI?<\/a><\/p>\n<\/div><\/div><\/div><\/section>\n<section class='av_toggle_section av-cmfvau-40e5c087dd01c5f0ef79d7c6cc542f81'  itemscope=\"itemscope\" itemtype=\"https:\/\/schema.org\/CreativeWork\" ><div role=\"tablist\" class=\"single_toggle\" data-tags=\"{All} \"  ><p data-fake-id='#toggle-id-2' class='toggler hasCustomColor  av-inherit-font-color av-inherit-border-color'  itemprop=\"headline\"  role='tab' tabindex='0' aria-controls='toggle-id-2'>\u00daDAJE O REKLAM\u011a A TISKU<span class=\"toggle_icon\"><span class=\"vert_icon\"><\/span><span class=\"hor_icon\"><\/span><\/span><\/p><div id='toggle-id-2' class='toggle_wrap  '  ><div class='toggle_content invers-color av-inherit-font-color av-inherit-border-color'  itemprop=\"text\" ><p><a href=\"https:\/\/hikitec.de\/de\/veredelungsservice\/\">Jak\u00e9 jsou typy dokon\u010dovac\u00edch prac\u00ed?<\/a><br \/>\n<a href=\"https:\/\/hikitec.de\/de\/vektordaten\/\">Jak\u00e9 \u00fadaje mus\u00edm poskytnout?<br \/>\n<a href=\"https:\/\/hikitec.de\/de\/\/vektor-vs-pixel-daten\/\">Vektorov\u00e1 vs. pixelov\u00e1 data<\/a><br \/>\n<a href=\"https:\/\/hikitec.de\/de\/pantone\/\">Pro\u010d definice barev v PANTONE?<\/a><br \/>\n<a href=\"https:\/\/hikitec.de\/de\/vorabansicht\/\">Jak bude vypadat m\u00e9 logo na propaga\u010dn\u00edm produktu? Je k dispozici n\u00e1hled?<\/a><br \/>\n<a href=\"https:\/\/hikitec.de\/de\/druckdaten\/\">Jak\u00fd form\u00e1t mus\u00ed m\u00edt moje tiskov\u00e1 data?<\/a><br \/>\n<a href=\"https:\/\/hikitec.de\/de\/cmyk-druckverfahren-datengroesse-und-richtiger-beschnitt\/\">Co mus\u00edm zohlednit p\u0159i tisku CMYK, pokud jde o velikost dat a spr\u00e1vnou spad\u00e1vku?<\/a><br \/>\n<a href=\"https:\/\/hikitec.de\/de\/druckfaehigen_daten\/\">M\u016f\u017eete mi pomoci, kdy\u017e nem\u00e1m k dispozici \u00fadaje pro tisk?<\/a><br \/>\n<a href=\"https:\/\/hikitec.de\/de\/differenzen\/\"> Existuj\u00ed rozd\u00edly ve v\u00fdrob\u011b?\/?<\/a><\/p>\n<\/div><\/div><\/div><\/section>\n<section class='av_toggle_section av-ab496u-29a9e7ae5f21b4887c35a865c55d357c'  itemscope=\"itemscope\" itemtype=\"https:\/\/schema.org\/CreativeWork\" ><div role=\"tablist\" class=\"single_toggle\" data-tags=\"{All} \"  ><p data-fake-id='#toggle-id-3' class='toggler hasCustomColor  av-inherit-font-color av-inherit-border-color'  itemprop=\"headline\"  role='tab' tabindex='0' aria-controls='toggle-id-3'>PLATBA &amp; FAKTURA<span class=\"toggle_icon\"><span class=\"vert_icon\"><\/span><span class=\"hor_icon\"><\/span><\/span><\/p><div id='toggle-id-3' class='toggle_wrap  '  ><div class='toggle_content invers-color av-inherit-font-color av-inherit-border-color'  itemprop=\"text\" ><p><strong><img loading=\"lazy\" decoding=\"async\" class=\"transparent lazy loaded\" src=\"https:\/\/hikitec.de\/wp-content\/uploads\/2021\/04\/zzz_HIKITEC_Favicon_weiss_32.png\" alt=\"https:\/\/hikitec.de\/wp-content\/uploads\/2021\/04\/zzz_HIKITEC_Favicon_weiss_32.png\" width=\"11\" height=\"12\" data-src=\"https:\/\/hikitec.de\/wp-content\/uploads\/2021\/04\/zzz_HIKITEC_Favicon_weiss_32.png\" data-was-processed=\"true\"> <\/strong><a href=\"https:\/\/hikitec.de\/cs\/platebni-podminky\/\">Jak\u00e9 platebn\u00ed metody jsou k dispozici?<\/a><br \/>\n<strong><img loading=\"lazy\" decoding=\"async\" class=\"transparent lazy loaded\" src=\"https:\/\/hikitec.de\/wp-content\/uploads\/2021\/04\/zzz_HIKITEC_Favicon_weiss_32.png\" alt=\"https:\/\/hikitec.de\/wp-content\/uploads\/2021\/04\/zzz_HIKITEC_Favicon_weiss_32.png\" width=\"11\" height=\"12\" data-src=\"https:\/\/hikitec.de\/wp-content\/uploads\/2021\/04\/zzz_HIKITEC_Favicon_weiss_32.png\" data-was-processed=\"true\"> <\/strong><a href=\"https:\/\/hikitec.de\/cs\/odeslani-faktury\/\">Jak obdr\u017e\u00edm faktury?<\/a><\/p>\n<\/div><\/div><\/div><\/section>\n<section class='av_toggle_section av-8shb06-551c715cf707f48d111a4e58a8e0a95d'  itemscope=\"itemscope\" itemtype=\"https:\/\/schema.org\/CreativeWork\" ><div role=\"tablist\" class=\"single_toggle\" data-tags=\"{All} \"  ><p data-fake-id='#toggle-id-4' class='toggler hasCustomColor  av-inherit-font-color av-inherit-border-color'  itemprop=\"headline\"  role='tab' tabindex='0' aria-controls='toggle-id-4'>P\u0158EPRAVA A DOD\u00c1N\u00cd<span class=\"toggle_icon\"><span class=\"vert_icon\"><\/span><span class=\"hor_icon\"><\/span><\/span><\/p><div id='toggle-id-4' class='toggle_wrap  '  ><div class='toggle_content invers-color av-inherit-font-color av-inherit-border-color'  itemprop=\"text\" ><p><strong><img loading=\"lazy\" decoding=\"async\" class=\"transparent lazy loaded\" src=\"..\/wp-content\/uploads\/2021\/04\/zzz_HIKITEC_Favicon_weiss_32.png\" alt=\"https:\/\/hikitec.de\/wp-content\/uploads\/2021\/04\/zzz_HIKITEC_Favicon_weiss_32.png\" width=\"11\" height=\"12\" data-src=\"https:\/\/hikitec.de\/wp-content\/uploads\/2021\/04\/zzz_HIKITEC_Favicon_weiss_32.png\" data-was-processed=\"true\"> <\/strong><a href=\"..\/produktionszeit\/\">Jak\u00e9 jsou dodac\u00ed lh\u016fty?<\/a><br \/>\n<strong><img loading=\"lazy\" decoding=\"async\" class=\"transparent lazy loaded\" src=\"..\/wp-content\/uploads\/2021\/04\/zzz_HIKITEC_Favicon_weiss_32.png\" alt=\"https:\/\/hikitec.de\/wp-content\/uploads\/2021\/04\/zzz_HIKITEC_Favicon_weiss_32.png\" width=\"11\" height=\"12\" data-src=\"https:\/\/hikitec.de\/wp-content\/uploads\/2021\/04\/zzz_HIKITEC_Favicon_weiss_32.png\" data-was-processed=\"true\"> <\/strong><a href=\"..\/lieferung\/\">Kam m\u016f\u017ee spole\u010dnost HIKITEC doru\u010dovat?<\/a><br \/>\n<strong><img loading=\"lazy\" decoding=\"async\" class=\"transparent lazy loaded\" src=\"..\/wp-content\/uploads\/2021\/04\/zzz_HIKITEC_Favicon_weiss_32.png\" alt=\"https:\/\/hikitec.de\/wp-content\/uploads\/2021\/04\/zzz_HIKITEC_Favicon_weiss_32.png\" width=\"11\" height=\"12\" data-src=\"https:\/\/hikitec.de\/wp-content\/uploads\/2021\/04\/zzz_HIKITEC_Favicon_weiss_32.png\" data-was-processed=\"true\"> <\/strong><a href=\"..\/versandkosten-und-lieferzeit\/\">Jak\u00e9 jsou n\u00e1klady na dopravu?<\/a><br \/>\n<span id=\"Informationen_zur_Ausfuhrbegleitdokument_Erstellung\"><strong><img loading=\"lazy\" decoding=\"async\" class=\"transparent lazy loaded\" src=\"..\/wp-content\/uploads\/2021\/04\/zzz_HIKITEC_Favicon_weiss_32.png\" alt=\"https:\/\/hikitec.de\/wp-content\/uploads\/2021\/04\/zzz_HIKITEC_Favicon_weiss_32.png\" width=\"11\" height=\"12\" data-src=\"https:\/\/hikitec.de\/wp-content\/uploads\/2021\/04\/zzz_HIKITEC_Favicon_weiss_32.png\" data-was-processed=\"true\"> <\/strong><a href=\"..\/ausfuhrbegleitdokument\/\">Kdy mus\u00ed b\u00fdt vystaven v\u00fdvozn\u00ed doprovodn\u00fd doklad (ABD)?<\/a><br \/>\n<\/span><\/p>\n<\/div><\/div><\/div><\/section>\n<section class='av_toggle_section av-7vv6hi-e307bbfa4400a8c95deb42cbe03da99e'  itemscope=\"itemscope\" itemtype=\"https:\/\/schema.org\/CreativeWork\" ><div role=\"tablist\" class=\"single_toggle\" data-tags=\"{All} \"  ><p data-fake-id='#toggle-id-5' class='toggler hasCustomColor  av-inherit-font-color av-inherit-border-color'  itemprop=\"headline\"  role='tab' tabindex='0' aria-controls='toggle-id-5'>SORTIMENT PRODUKT\u016e<span class=\"toggle_icon\"><span class=\"vert_icon\"><\/span><span class=\"hor_icon\"><\/span><\/span><\/p><div id='toggle-id-5' class='toggle_wrap  '  ><div class='toggle_content invers-color av-inherit-font-color av-inherit-border-color'  itemprop=\"text\" ><p><strong><img loading=\"lazy\" decoding=\"async\" class=\"transparent lazy loaded\" src=\"https:\/\/hikitec.de\/wp-content\/uploads\/2021\/04\/zzz_HIKITEC_Favicon_weiss_32.png\" alt=\"https:\/\/hikitec.de\/wp-content\/uploads\/2021\/04\/zzz_HIKITEC_Favicon_weiss_32.png\" width=\"11\" height=\"12\" data-src=\"https:\/\/hikitec.de\/wp-content\/uploads\/2021\/04\/zzz_HIKITEC_Favicon_weiss_32.png\" data-was-processed=\"true\"> <\/strong><a href=\"https:\/\/hikitec.de\/cs\/zvlastni-clanek\/\">Nab\u00edz\u00ed HIKITEC tak\u00e9 zbo\u017e\u00ed, kter\u00e9 nen\u00ed k dispozici v obchod\u011b?<\/a><br \/>\n<strong><img loading=\"lazy\" decoding=\"async\" class=\"transparent lazy loaded\" src=\"https:\/\/hikitec.de\/wp-content\/uploads\/2021\/04\/zzz_HIKITEC_Favicon_weiss_32.png\" alt=\"https:\/\/hikitec.de\/wp-content\/uploads\/2021\/04\/zzz_HIKITEC_Favicon_weiss_32.png\" width=\"11\" height=\"12\" data-src=\"https:\/\/hikitec.de\/wp-content\/uploads\/2021\/04\/zzz_HIKITEC_Favicon_weiss_32.png\" data-was-processed=\"true\"> <\/strong><a href=\"https:\/\/hikitec.de\/cs\/pripojeni-k-obchodu\/\">Jak mohu \u010dl\u00e1nky HIKITEC za\u010dlenit do sv\u00e9ho SHOPU?<\/a><br \/>\n<strong><img loading=\"lazy\" decoding=\"async\" class=\"transparent lazy loaded\" src=\"https:\/\/hikitec.de\/wp-content\/uploads\/2021\/04\/zzz_HIKITEC_Favicon_weiss_32.png\" alt=\"https:\/\/hikitec.de\/wp-content\/uploads\/2021\/04\/zzz_HIKITEC_Favicon_weiss_32.png\" width=\"11\" height=\"12\" data-src=\"https:\/\/hikitec.de\/wp-content\/uploads\/2021\/04\/zzz_HIKITEC_Favicon_weiss_32.png\" data-was-processed=\"true\"> <\/strong><a href=\"https:\/\/hikitec.de\/cs\/specialni-formular\/\">Vyr\u00e1b\u00ed spole\u010dnost HIKITEC individu\u00e1ln\u00ed v\u00fdrobky na zak\u00e1zku?<\/a><br \/>\n<strong><img loading=\"lazy\" decoding=\"async\" class=\"transparent lazy loaded\" src=\"https:\/\/hikitec.de\/wp-content\/uploads\/2021\/04\/zzz_HIKITEC_Favicon_weiss_32.png\" alt=\"https:\/\/hikitec.de\/wp-content\/uploads\/2021\/04\/zzz_HIKITEC_Favicon_weiss_32.png\" width=\"11\" height=\"12\" data-src=\"https:\/\/hikitec.de\/wp-content\/uploads\/2021\/04\/zzz_HIKITEC_Favicon_weiss_32.png\" data-was-processed=\"true\"> <\/strong><a href=\"https:\/\/hikitec.de\/cs\/kvalita-pameti-usb\/\">Jak\u00e1 je kvalita kl\u00ed\u010d\u016f USB?<\/a><br \/>\n<strong><img loading=\"lazy\" decoding=\"async\" class=\"transparent lazy loaded\" src=\"https:\/\/hikitec.de\/wp-content\/uploads\/2021\/04\/zzz_HIKITEC_Favicon_weiss_32.png\" alt=\"https:\/\/hikitec.de\/wp-content\/uploads\/2021\/04\/zzz_HIKITEC_Favicon_weiss_32.png\" width=\"11\" height=\"12\" data-src=\"https:\/\/hikitec.de\/wp-content\/uploads\/2021\/04\/zzz_HIKITEC_Favicon_weiss_32.png\" data-was-processed=\"true\"> <\/strong><a href=\"https:\/\/hikitec.de\/cs\/usb-2-0-vs-3-0\/\">Jak\u00fd je rozd\u00edl mezi USB 2.0 a 3.0?<\/a><br \/>\n<strong><img loading=\"lazy\" decoding=\"async\" class=\"transparent lazy loaded\" src=\"https:\/\/hikitec.de\/wp-content\/uploads\/2021\/04\/zzz_HIKITEC_Favicon_weiss_32.png\" alt=\"https:\/\/hikitec.de\/wp-content\/uploads\/2021\/04\/zzz_HIKITEC_Favicon_weiss_32.png\" width=\"11\" height=\"12\" data-src=\"https:\/\/hikitec.de\/wp-content\/uploads\/2021\/04\/zzz_HIKITEC_Favicon_weiss_32.png\" data-was-processed=\"true\"> <\/strong><a href=\"https:\/\/hikitec.de\/cs\/formatovani-pameti-usb\/\">Jak jsou pam\u011bti USB naform\u00e1tov\u00e1ny?<\/a><br \/>\n<strong><img loading=\"lazy\" decoding=\"async\" class=\"transparent lazy loaded\" src=\"https:\/\/hikitec.de\/wp-content\/uploads\/2021\/04\/zzz_HIKITEC_Favicon_weiss_32.png\" alt=\"https:\/\/hikitec.de\/wp-content\/uploads\/2021\/04\/zzz_HIKITEC_Favicon_weiss_32.png\" width=\"11\" height=\"12\" data-src=\"https:\/\/hikitec.de\/wp-content\/uploads\/2021\/04\/zzz_HIKITEC_Favicon_weiss_32.png\" data-was-processed=\"true\"> <\/strong><a href=\"https:\/\/hikitec.de\/cs\/usb-klicenky-vyrobene-z-pla\/\">Existuj\u00ed ekologick\u00e9 USB kl\u00ed\u010de z plastu PLA?<\/a><\/p>\n<\/div><\/div><\/div><\/section>\n<section class='av_toggle_section av-646nme-e0148ee5dcf84cfb253390c5ab6c0b9c'  itemscope=\"itemscope\" itemtype=\"https:\/\/schema.org\/CreativeWork\" ><div role=\"tablist\" class=\"single_toggle\" data-tags=\"{All} \"  ><p data-fake-id='#toggle-id-6' class='toggler hasCustomColor  av-inherit-font-color av-inherit-border-color'  itemprop=\"headline\"  role='tab' tabindex='0' aria-controls='toggle-id-6'>UK\u00c1ZKOV\u00c9 \u010cL\u00c1NKY<span class=\"toggle_icon\"><span class=\"vert_icon\"><\/span><span class=\"hor_icon\"><\/span><\/span><\/p><div id='toggle-id-6' class='toggle_wrap  '  ><div class='toggle_content invers-color av-inherit-font-color av-inherit-border-color'  itemprop=\"text\" ><p><strong><img loading=\"lazy\" decoding=\"async\" class=\"transparent lazy loaded\" src=\"https:\/\/hikitec.de\/wp-content\/uploads\/2021\/04\/zzz_HIKITEC_Favicon_weiss_32.png\" alt=\"https:\/\/hikitec.de\/wp-content\/uploads\/2021\/04\/zzz_HIKITEC_Favicon_weiss_32.png\" width=\"11\" height=\"12\" data-src=\"https:\/\/hikitec.de\/wp-content\/uploads\/2021\/04\/zzz_HIKITEC_Favicon_weiss_32.png\" data-was-processed=\"true\"> <\/strong>Mohu si objednat vzorky propaga\u010dn\u00edch p\u0159edm\u011bt\u016f?<br \/>\n<strong><img loading=\"lazy\" decoding=\"async\" class=\"transparent lazy loaded\" src=\"https:\/\/hikitec.de\/wp-content\/uploads\/2021\/04\/zzz_HIKITEC_Favicon_weiss_32.png\" alt=\"https:\/\/hikitec.de\/wp-content\/uploads\/2021\/04\/zzz_HIKITEC_Favicon_weiss_32.png\" width=\"11\" height=\"12\" data-src=\"https:\/\/hikitec.de\/wp-content\/uploads\/2021\/04\/zzz_HIKITEC_Favicon_weiss_32.png\" data-was-processed=\"true\"> <\/strong>Mohu si nechat vytisknout vzorky?<br \/>\n<strong><img loading=\"lazy\" decoding=\"async\" class=\"transparent lazy loaded\" src=\"https:\/\/hikitec.de\/wp-content\/uploads\/2021\/04\/zzz_HIKITEC_Favicon_weiss_32.png\" alt=\"https:\/\/hikitec.de\/wp-content\/uploads\/2021\/04\/zzz_HIKITEC_Favicon_weiss_32.png\" width=\"11\" height=\"12\" data-src=\"https:\/\/hikitec.de\/wp-content\/uploads\/2021\/04\/zzz_HIKITEC_Favicon_weiss_32.png\" data-was-processed=\"true\"> <\/strong>Jak se vypo\u010d\u00edt\u00e1vaj\u00ed vzory?<\/p>\n<\/div><\/div><\/div><\/section>\n<section class='av_toggle_section av-4m07km-18f6f2cfdde5be14999d4d9062b8a88f'  itemscope=\"itemscope\" itemtype=\"https:\/\/schema.org\/CreativeWork\" ><div role=\"tablist\" class=\"single_toggle\" data-tags=\"{All} \"  ><p data-fake-id='#toggle-id-7' class='toggler hasCustomColor  av-inherit-font-color av-inherit-border-color'  itemprop=\"headline\"  role='tab' tabindex='0' aria-controls='toggle-id-7'>REKLAMACE<span class=\"toggle_icon\"><span class=\"vert_icon\"><\/span><span class=\"hor_icon\"><\/span><\/span><\/p><div id='toggle-id-7' class='toggle_wrap  '  ><div class='toggle_content invers-color av-inherit-font-color av-inherit-border-color'  itemprop=\"text\" ><p><strong><img loading=\"lazy\" decoding=\"async\" class=\"transparent lazy loaded\" src=\"https:\/\/hikitec.de\/wp-content\/uploads\/2021\/04\/zzz_HIKITEC_Favicon_weiss_32.png\" alt=\"https:\/\/hikitec.de\/wp-content\/uploads\/2021\/04\/zzz_HIKITEC_Favicon_weiss_32.png\" width=\"11\" height=\"12\" data-src=\"https:\/\/hikitec.de\/wp-content\/uploads\/2021\/04\/zzz_HIKITEC_Favicon_weiss_32.png\" data-was-processed=\"true\"> <\/strong><a href=\"https:\/\/hikitec.de\/cs\/stiznost\/\">Jak \u0159e\u0161it st\u00ed\u017enosti?<\/a><\/p>\n<\/div><\/div><\/div><\/section>\n<section class='av_toggle_section av-32t42u-5bb270fc403f115fc132d8b029f1350c'  itemscope=\"itemscope\" itemtype=\"https:\/\/schema.org\/CreativeWork\" ><div role=\"tablist\" class=\"single_toggle\" data-tags=\"{All} \"  ><p data-fake-id='#toggle-id-8' class='toggler hasCustomColor  av-inherit-font-color av-inherit-border-color'  itemprop=\"headline\"  role='tab' tabindex='0' aria-controls='toggle-id-8'>SLU\u017dBY<span class=\"toggle_icon\"><span class=\"vert_icon\"><\/span><span class=\"hor_icon\"><\/span><\/span><\/p><div id='toggle-id-8' class='toggle_wrap  '  ><div class='toggle_content invers-color av-inherit-font-color av-inherit-border-color'  itemprop=\"text\" ><p><strong><img loading=\"lazy\" decoding=\"async\" class=\"transparent lazy loaded\" src=\"https:\/\/hikitec.de\/wp-content\/uploads\/2021\/04\/zzz_HIKITEC_Favicon_weiss_32.png\" alt=\"https:\/\/hikitec.de\/wp-content\/uploads\/2021\/04\/zzz_HIKITEC_Favicon_weiss_32.png\" width=\"11\" height=\"12\" data-src=\"https:\/\/hikitec.de\/wp-content\/uploads\/2021\/04\/zzz_HIKITEC_Favicon_weiss_32.png\" data-was-processed=\"true\"> <\/strong><a href=\"https:\/\/hikitec.de\/cs\/sluzba-zuslechtovani\/\">Slu\u017eba zu\u0161lech\u0165ov\u00e1n\u00ed<\/a><br \/>\n<strong><img loading=\"lazy\" decoding=\"async\" class=\"transparent lazy loaded\" src=\"https:\/\/hikitec.de\/wp-content\/uploads\/2021\/04\/zzz_HIKITEC_Favicon_weiss_32.png\" alt=\"https:\/\/hikitec.de\/wp-content\/uploads\/2021\/04\/zzz_HIKITEC_Favicon_weiss_32.png\" width=\"11\" height=\"12\" data-src=\"https:\/\/hikitec.de\/wp-content\/uploads\/2021\/04\/zzz_HIKITEC_Favicon_weiss_32.png\" data-was-processed=\"true\"> <\/strong><a href=\"https:\/\/hikitec.de\/cs\/zaznam-dat\/\">Slu\u017eba z\u00e1znamu dat<\/a><\/p>\n<\/div><\/div><\/div><\/section>\n<\/div>\n<section class=\"av_textblock_section \"  itemscope=\"itemscope\" itemtype=\"https:\/\/schema.org\/CreativeWork\" ><div class='avia_textblock  '   itemprop=\"text\" ><p>Nena\u0161li jste spr\u00e1vnou odpov\u011b\u010f? <a href=\"https:\/\/hikitec.de\/cs\/kontakt\/\">Napi\u0161te n\u00e1m zpr\u00e1vu.<\/a> Va\u0161i ot\u00e1zku r\u00e1di za\u0159ad\u00edme do na\u0161ich \u010dasto kladen\u00fdch ot\u00e1zek.<\/p>\n<\/div><\/section><\/p>\n<section class=\"av_textblock_section \"  itemscope=\"itemscope\" itemtype=\"https:\/\/schema.org\/CreativeWork\" ><div class='avia_textblock  '   itemprop=\"text\" ><input type=\"button\" value=\"Zp\u011bt\" class=\"alg_back_button_input \" style=\"\" onclick=\"window.history.back()\" \/>\n<\/div><\/section>\n","protected":false},"excerpt":{"rendered":"","protected":false},"author":2,"featured_media":0,"parent":0,"menu_order":0,"comment_status":"closed","ping_status":"closed","template":"","meta":{"footnotes":""},"class_list":["post-43821","page","type-page","status-publish","hentry"],"_links":{"self":[{"href":"https:\/\/hikitec.de\/cs\/wp-json\/wp\/v2\/pages\/43821","targetHints":{"allow":["GET"]}}],"collection":[{"href":"https:\/\/hikitec.de\/cs\/wp-json\/wp\/v2\/pages"}],"about":[{"href":"https:\/\/hikitec.de\/cs\/wp-json\/wp\/v2\/types\/page"}],"author":[{"embeddable":true,"href":"https:\/\/hikitec.de\/cs\/wp-json\/wp\/v2\/users\/2"}],"replies":[{"embeddable":true,"href":"https:\/\/hikitec.de\/cs\/wp-json\/wp\/v2\/comments?post=43821"}],"version-history":[{"count":22,"href":"https:\/\/hikitec.de\/cs\/wp-json\/wp\/v2\/pages\/43821\/revisions"}],"predecessor-version":[{"id":717649,"href":"https:\/\/hikitec.de\/cs\/wp-json\/wp\/v2\/pages\/43821\/revisions\/717649"}],"wp:attachment":[{"href":"https:\/\/hikitec.de\/cs\/wp-json\/wp\/v2\/media?parent=43821"}],"curies":[{"name":"wp","href":"https:\/\/api.w.org\/{rel}","templated":true}]}}