{"id":56777,"date":"2021-04-01T11:24:55","date_gmt":"2021-04-01T09:24:55","guid":{"rendered":"https:\/\/hikitec.de\/kontakt\/"},"modified":"2023-03-02T08:35:31","modified_gmt":"2023-03-02T07:35:31","slug":"kontaktujte","status":"publish","type":"page","link":"https:\/\/hikitec.de\/cs\/kontaktujte\/","title":{"rendered":"Kontaktujte"},"content":{"rendered":"\n<style type=\"text\/css\" id=\"style-css-av-7vl9z-e9e216925efd30faa2360b6ff4d2e051\">\n#top .flex_column.av-7vl9z-e9e216925efd30faa2360b6ff4d2e051{\nborder-radius:0px;\n-webkit-border-radius:0px;\n-moz-border-radius:0px;\npadding:0px;\n}\n<\/style>\n<div class='flex_column av-7vl9z-e9e216925efd30faa2360b6ff4d2e051 av_one_half  avia-builder-el-0  el_before_av_one_half  avia-builder-el-first  first flex_column_div av-zero-column-padding '   ><section class=\"av_textblock_section \"  itemscope=\"itemscope\" itemtype=\"https:\/\/schema.org\/CreativeWork\" ><div class='avia_textblock  '   itemprop=\"text\" ><p>HIKITEC GmbH<br \/>\nQuettinger Stra\u00dfe 171<br \/>\n51381 Leverkusen<br \/>\nGermany<\/p>\n<p>Telefon: +49 (0) 2103 71 54 266<br \/>\nFax: +49 (0) 2103 71 54 259<\/p>\n<p>E-Mail: anfrage@hikitec.de<\/p>\n<\/div><\/section><\/div>\n<style type=\"text\/css\" id=\"style-css-av-6owjr-0e1ca956bd6a51e230d5ef25d166d96c\">\n#top .flex_column.av-6owjr-0e1ca956bd6a51e230d5ef25d166d96c{\nborder-radius:0px;\n-webkit-border-radius:0px;\n-moz-border-radius:0px;\npadding:0px;\n}\n<\/style>\n<div class='flex_column av-6owjr-0e1ca956bd6a51e230d5ef25d166d96c av_one_half  avia-builder-el-2  el_after_av_one_half  el_before_av_textblock  flex_column_div av-zero-column-padding '   ><form action=\"https:\/\/hikitec.de\/cs\/kontaktujte\/\" method=\"post\"  class=\"avia_ajax_form av-form-labels-visible   avia-builder-el-3  avia-builder-el-no-sibling   \" data-avia-form-id=\"1\" data-avia-redirect='' ><h3 class=''>Po\u0161lete n\u00e1m e-mail<\/h3><fieldset><p class='  first_form  form_element form_fullwidth' id='element_avia_1_1'><label for=\"avia_1_1\">Spole\u010dnost<\/label> <input name=\"avia_1_1\" class=\"text_input \" type=\"text\" id=\"avia_1_1\" value=\"\" \/><\/p><p class='  first_form  form_element form_element_third' id='element_avia_2_1'><label for=\"avia_2_1\">Pozdrav<\/label> <input name=\"avia_2_1\" class=\"text_input \" type=\"text\" id=\"avia_2_1\" value=\"\" \/><\/p><p class='  form_element form_element_third' id='element_avia_3_1'><label for=\"avia_3_1\">K\u0159estn\u00ed jm\u00e9no<\/label> <input name=\"avia_3_1\" class=\"text_input \" type=\"text\" id=\"avia_3_1\" value=\"\" \/><\/p><p class='  form_element form_element_third' id='element_avia_4_1'><label for=\"avia_4_1\">P\u0159\u00edjmen\u00ed<\/label> <input name=\"avia_4_1\" class=\"text_input \" type=\"text\" id=\"avia_4_1\" value=\"\" \/><\/p><p class='  first_form  form_element form_fullwidth' id='element_avia_5_1'><label for=\"avia_5_1\">E-mail <abbr class=\"required\" title=\"required\">*<\/abbr><\/label> <input name=\"avia_5_1\" class=\"text_input is_email\" type=\"text\" id=\"avia_5_1\" value=\"\" \/><\/p><p class='  first_form  form_element form_fullwidth' id='element_avia_6_1'><label for=\"avia_6_1\">P\u0159edm\u011bt<\/label> <input name=\"avia_6_1\" class=\"text_input \" type=\"text\" id=\"avia_6_1\" value=\"\" \/><\/p><p class='  first_form  form_element form_fullwidth' id='element_avia_7_1'><label for=\"avia_7_1\" class=\"textare_label hidden textare_label_avia_7_1\">Zpr\u00e1va<\/label><textarea  name=\"avia_7_1\" class=\"text_area \" cols=\"40\" rows=\"7\" id=\"avia_7_1\" ><\/textarea><\/p><p class=' first_form  form_element form_fullwidth' id='element_avia_8_1'>    <input  name=\"avia_8_1\" class=\"input_checkbox is_empty\" type=\"checkbox\" id=\"avia_8_1\" value=\"true\"\/><label class=\"input_checkbox_label\" for=\"avia_8_1\">P\u0159e\u010detl\/a jsem si ozn\u00e1men\u00ed o ochran\u011b osobn\u00edch \u00fadaj\u016f a vzal\/a jsem ho na v\u011bdom\u00ed. <abbr class=\"required\" title=\"required\">*<\/abbr><\/label><\/p><div id='avia_9_1' class='av-form-text'><\/p>\n<div id=\"avia_14_1\" class=\"av-form-text\">\n<p>* Vzal\/a jsem na v\u011bdom\u00ed informace o <a href=\"http:\/\/hikitec.de\/datenschutz\/\" target=\"_blank\" rel=\"noopener\">ochran\u011b osobn\u00edch \u00fadaj\u016f<\/a>, jako\u017e i informace o odvol\u00e1n\u00ed a souhlas\u00edm s nimi.Kompakt: Informace o ochran\u011b osobn\u00edch \u00fadaj\u016f Va\u0161e e-mailov\u00e1 adresa bude pou\u017eita pouze za \u00fa\u010delem vy\u0159\u00edzen\u00ed va\u0161\u00ed \u017e\u00e1dosti spole\u010dnosti HIKITEC. Obsahuje informace o produktech, sez\u00f3nn\u00edch akc\u00edch nebo novink\u00e1ch. Va\u0161e e-mailov\u00e1 adresa nebude nikdy p\u0159ed\u00e1na t\u0159et\u00edm stran\u00e1m pro reklamn\u00ed \u00fa\u010dely a bude pou\u017eita pouze v r\u00e1mci zas\u00edl\u00e1n\u00ed newsletteru.<\/p>\n<p>Upozorn\u011bn\u00ed na odvolatelnost Tento souhlas m\u016f\u017eete kdykoli odvolat odhl\u00e1\u0161en\u00edm ze seznamu. Pokyny k odhl\u00e1\u0161en\u00ed jsou sou\u010d\u00e1st\u00ed ka\u017ed\u00e9ho newsletteru.<\/p>\n<\/div>\n<p>\n<\/div><p class=\"hidden\"><input type=\"text\" name=\"avia_10_1\" class=\"hidden \" id=\"avia_10_1\" value=\"\" \/><\/p><p class=\"form_element \"><input type=\"hidden\" value=\"1\" name=\"avia_generated_form1\" \/><input type=\"submit\" value=\"Senden\" class=\"button\"  data-sending-label=\"Sending\"\/><\/p><\/fieldset><\/form><div id=\"ajaxresponse_1\" class=\"ajaxresponse ajaxresponse_1 hidden\"><\/div><\/div><\/p>\n<section class=\"av_textblock_section \"  itemscope=\"itemscope\" itemtype=\"https:\/\/schema.org\/CreativeWork\" ><div class='avia_textblock  '   itemprop=\"text\" ><input type=\"button\" value=\"Zp\u011bt\" class=\"alg_back_button_input \" style=\"\" onclick=\"window.history.back()\" \/>\n<\/div><\/section>\n","protected":false},"excerpt":{"rendered":"","protected":false},"author":2,"featured_media":0,"parent":0,"menu_order":0,"comment_status":"closed","ping_status":"closed","template":"","meta":{"footnotes":""},"class_list":["post-56777","page","type-page","status-publish","hentry"],"_links":{"self":[{"href":"https:\/\/hikitec.de\/cs\/wp-json\/wp\/v2\/pages\/56777","targetHints":{"allow":["GET"]}}],"collection":[{"href":"https:\/\/hikitec.de\/cs\/wp-json\/wp\/v2\/pages"}],"about":[{"href":"https:\/\/hikitec.de\/cs\/wp-json\/wp\/v2\/types\/page"}],"author":[{"embeddable":true,"href":"https:\/\/hikitec.de\/cs\/wp-json\/wp\/v2\/users\/2"}],"replies":[{"embeddable":true,"href":"https:\/\/hikitec.de\/cs\/wp-json\/wp\/v2\/comments?post=56777"}],"version-history":[{"count":7,"href":"https:\/\/hikitec.de\/cs\/wp-json\/wp\/v2\/pages\/56777\/revisions"}],"predecessor-version":[{"id":717719,"href":"https:\/\/hikitec.de\/cs\/wp-json\/wp\/v2\/pages\/56777\/revisions\/717719"}],"wp:attachment":[{"href":"https:\/\/hikitec.de\/cs\/wp-json\/wp\/v2\/media?parent=56777"}],"curies":[{"name":"wp","href":"https:\/\/api.w.org\/{rel}","templated":true}]}}