{"id":56817,"date":"2021-04-01T12:04:17","date_gmt":"2021-04-01T10:04:17","guid":{"rendered":"https:\/\/hikitec.de\/kopirovaci-sluzba\/"},"modified":"2021-04-26T10:00:28","modified_gmt":"2021-04-26T08:00:28","slug":"kopirovaci-sluzba","status":"publish","type":"page","link":"https:\/\/hikitec.de\/cs\/kopirovaci-sluzba\/","title":{"rendered":"Kop\u00edrovac\u00ed slu\u017eba"},"content":{"rendered":"\n<style type=\"text\/css\" id=\"style-css-av-28be1fj-d1796febf94d07585edf9cb482946c7f\">\n#top .flex_column.av-28be1fj-d1796febf94d07585edf9cb482946c7f{\nborder-radius:0px;\n-webkit-border-radius:0px;\n-moz-border-radius:0px;\npadding:0px;\n}\n<\/style>\n<div class='flex_column av-28be1fj-d1796febf94d07585edf9cb482946c7f av_one_full  avia-builder-el-0  el_before_av_one_half  avia-builder-el-first  first flex_column_div av-zero-column-padding '   ><section class=\"av_textblock_section \"  itemscope=\"itemscope\" itemtype=\"https:\/\/schema.org\/CreativeWork\" ><div class='avia_textblock  '   itemprop=\"text\" ><p><strong>USB COPY SERVICE &#8211; Klonov\u00e1n\u00ed 1:1 &#8211; Duplikace &#8211; Z\u00e1znam dat<\/strong><\/p>\n<p><span style=\"font-size: 10.0pt;font-family: inherit;color: #666666\">Chcete si nechat zkop\u00edrovat data na pam\u011b\u0165ov\u00e9 za\u0159\u00edzen\u00ed USB? Nechcete rozbalovat ka\u017edou pam\u011b\u0165ovou kartu zvl\u00e1\u0161\u0165 a investovat \u010das do nahr\u00e1v\u00e1n\u00ed v\u0161ech pam\u011bt\u00ed USB? Spole\u010dnost HIKITEC GmbH kop\u00edruje va\u0161e data na USB kl\u00ed\u010de v po\u010dtu a\u017e n\u011bkolika tis\u00edc kus\u016f. Prost\u0159ednictv\u00edm na\u0161eho profesion\u00e1ln\u00edho vybaven\u00ed doch\u00e1z\u00ed k p\u0159esn\u00e9mu kop\u00edrov\u00e1n\u00ed podle va\u0161\u00ed p\u0159edlohy (100% ov\u011b\u0159en\u00ed). Bez ohledu na to, zda se jedn\u00e1 o PDF, obr\u00e1zky nebo software, kopie 100% odpov\u00eddaj\u00ed origin\u00e1lu d\u00edky n\u00e1sledn\u00e9mu procesu bitov\u00e9ho ov\u011b\u0159en\u00ed ka\u017ed\u00e9 jednotliv\u00e9 kopie USB. N\u00e1sledn\u00e9 bitov\u00e9 ov\u011b\u0159ovac\u00ed operace zaji\u0161\u0165uj\u00ed porovn\u00e1n\u00ed obsahu hlavn\u00ed pam\u011bti a c\u00edlov\u00e9 pam\u011bti. T\u00edmto zp\u016fsobem jsou vadn\u00e9 kl\u00ed\u010de a vadn\u00e9 p\u0159enosy dat odhaleny a vy\u0159e\u0161eny a zkontrolov\u00e1ny na\u0161imi pracovn\u00edky. Pokud jsou zji\u0161t\u011bny vadn\u00e9 kl\u00ed\u010de USB, jsou vyt\u0159\u00edd\u011bny a zabaleny zvl\u00e1\u0161\u0165.<\/span><\/p>\n<\/div><\/section><\/div>\n\n<style type=\"text\/css\" id=\"style-css-av-566s2n-0c19b9fdbae566645db54869c3378ecd\">\n#top .flex_column.av-566s2n-0c19b9fdbae566645db54869c3378ecd{\nborder-radius:0px;\n-webkit-border-radius:0px;\n-moz-border-radius:0px;\npadding:0px;\n}\n<\/style>\n<div class='flex_column av-566s2n-0c19b9fdbae566645db54869c3378ecd av_one_half  avia-builder-el-2  el_after_av_one_full  el_before_av_one_half  first flex_column_div av-zero-column-padding column-top-margin'   ><p><section class=\"av_textblock_section \"  itemscope=\"itemscope\" itemtype=\"https:\/\/schema.org\/CreativeWork\" ><div class='avia_textblock  '   itemprop=\"text\" ><p><strong>AKTU\u00c1LN\u00cd<\/strong><\/p>\n<p style=\"line-height: 19.8pt;background: white;vertical-align: baseline;margin: 10.2pt 0cm 10.2pt 0cm\"><span style=\"font-size: 10.0pt;font-family: inherit;color: #666666\">Po\u0161lete n\u00e1m sv\u00e9 vlastn\u00ed kl\u00ed\u010de USB a my p\u0159eneseme va\u0161e data na va\u0161e pam\u011b\u0165ov\u00e9 m\u00e9dium. Pot\u00e9 se data porovnaj\u00ed (ov\u011b\u0159\u00ed) s origin\u00e1lem. Vadn\u00e1 m\u00e9dia jsou detekov\u00e1na, vyt\u0159\u00edd\u011bna a zabalena zvl\u00e1\u0161\u0165.<\/span><\/p>\n<\/div><\/section><br \/>\n\n<style type=\"text\/css\" id=\"style-css-av-km39vrcy-91cc20ad1a452a079bd1fa37e0e64620\">\n.togglecontainer.av-km39vrcy-91cc20ad1a452a079bd1fa37e0e64620 p.toggler{\ncolor:#ffffff;\nbackground-color:#0039a6;\nborder-color:#745f7e;\n}\n.togglecontainer.av-km39vrcy-91cc20ad1a452a079bd1fa37e0e64620 p.toggler .toggle_icon{\nborder-color:#ffffff;\n}\n.togglecontainer.av-km39vrcy-91cc20ad1a452a079bd1fa37e0e64620 .toggle_wrap .toggle_content{\ncolor:#ffffff;\nbackground-color:#0039a6;\nborder-color:#745f7e;\n}\n<\/style>\n<div  class='togglecontainer av-km39vrcy-91cc20ad1a452a079bd1fa37e0e64620  avia-builder-el-4  el_after_av_textblock  avia-builder-el-last  toggle_close_all ' >\n<section class='av_toggle_section av-14omvcv-2a51e3e1822dc0ad5d2b26aad04f030e'  itemscope=\"itemscope\" itemtype=\"https:\/\/schema.org\/CreativeWork\" ><div role=\"tablist\" class=\"single_toggle\" data-tags=\"{All} \"  ><p data-fake-id='#toggle-id-1' class='toggler hasCustomColor  av-inherit-font-color av-inherit-border-color'  itemprop=\"headline\"  role='tab' tabindex='0' aria-controls='toggle-id-1'>Produktionsprozess<span class=\"toggle_icon\"><span class=\"vert_icon\"><\/span><span class=\"hor_icon\"><\/span><\/span><\/p><div id='toggle-id-1' class='toggle_wrap  '  ><div class='toggle_content invers-color av-inherit-font-color av-inherit-border-color'  itemprop=\"text\" ><p><img loading=\"lazy\" decoding=\"async\" class=\"transparent\" src=\"https:\/\/hikitec.de\/wp-content\/uploads\/2021\/04\/zzz_HIKITEC_Favicon_weiss_32.png\" alt=\"https:\/\/hikitec.de\/wp-content\/uploads\/2021\/04\/zzz_HIKITEC_Favicon_weiss_32.png\" width=\"11\" height=\"12\"> Objedn\u00e1vku ozn\u00e1m\u00edte p\u0159edem.<br \/>\n<img loading=\"lazy\" decoding=\"async\" class=\"transparent\" src=\"https:\/\/hikitec.de\/wp-content\/uploads\/2021\/04\/zzz_HIKITEC_Favicon_weiss_32.png\" alt=\"https:\/\/hikitec.de\/wp-content\/uploads\/2021\/04\/zzz_HIKITEC_Favicon_weiss_32.png\" width=\"11\" height=\"12\"> Nosi\u010de dat n\u00e1m za\u0161lete co nejd\u0159\u00edve.<br \/>\n<img loading=\"lazy\" decoding=\"async\" class=\"transparent\" src=\"https:\/\/hikitec.de\/wp-content\/uploads\/2021\/04\/zzz_HIKITEC_Favicon_weiss_32.png\" alt=\"https:\/\/hikitec.de\/wp-content\/uploads\/2021\/04\/zzz_HIKITEC_Favicon_weiss_32.png\" width=\"11\" height=\"12\"> Rozbal\u00edme ka\u017edou jednotku USB.<br \/>\n<img loading=\"lazy\" decoding=\"async\" class=\"transparent\" src=\"https:\/\/hikitec.de\/wp-content\/uploads\/2021\/04\/zzz_HIKITEC_Favicon_weiss_32.png\" alt=\"https:\/\/hikitec.de\/wp-content\/uploads\/2021\/04\/zzz_HIKITEC_Favicon_weiss_32.png\" width=\"11\" height=\"12\"> Kr\u00e1tk\u00e9mu testu funk\u010dnosti podrob\u00edme 2 a\u017e 3 kl\u00ed\u010de USB.<br \/>\n<img loading=\"lazy\" decoding=\"async\" class=\"transparent\" src=\"https:\/\/hikitec.de\/wp-content\/uploads\/2021\/04\/zzz_HIKITEC_Favicon_weiss_32.png\" alt=\"https:\/\/hikitec.de\/wp-content\/uploads\/2021\/04\/zzz_HIKITEC_Favicon_weiss_32.png\" width=\"11\" height=\"12\"> \u00dadaje o kopii n\u00e1m za\u0161lete online nebo po\u0161tou.<br \/>\n<img loading=\"lazy\" decoding=\"async\" class=\"transparent\" src=\"https:\/\/hikitec.de\/wp-content\/uploads\/2021\/04\/zzz_HIKITEC_Favicon_weiss_32.png\" alt=\"https:\/\/hikitec.de\/wp-content\/uploads\/2021\/04\/zzz_HIKITEC_Favicon_weiss_32.png\" width=\"11\" height=\"12\"> Vytvo\u0159\u00edme hlavn\u00ed disk USB.<br \/>\n<img loading=\"lazy\" decoding=\"async\" class=\"transparent\" src=\"https:\/\/hikitec.de\/wp-content\/uploads\/2021\/04\/zzz_HIKITEC_Favicon_weiss_32.png\" alt=\"https:\/\/hikitec.de\/wp-content\/uploads\/2021\/04\/zzz_HIKITEC_Favicon_weiss_32.png\" width=\"11\" height=\"12\"> Schv\u00e1len\u00ed n\u00e1m ud\u011bl\u00edte na z\u00e1klad\u011b testovac\u00edho souboru nebo vzorku dat.<br \/>\n<img loading=\"lazy\" decoding=\"async\" class=\"transparent\" src=\"https:\/\/hikitec.de\/wp-content\/uploads\/2021\/04\/zzz_HIKITEC_Favicon_weiss_32.png\" alt=\"https:\/\/hikitec.de\/wp-content\/uploads\/2021\/04\/zzz_HIKITEC_Favicon_weiss_32.png\" width=\"11\" height=\"12\"> Kop\u00edrujeme a testujeme ty\u010dinky.<br \/>\n<img loading=\"lazy\" decoding=\"async\" class=\"transparent\" src=\"https:\/\/hikitec.de\/wp-content\/uploads\/2021\/04\/zzz_HIKITEC_Favicon_weiss_32.png\" alt=\"https:\/\/hikitec.de\/wp-content\/uploads\/2021\/04\/zzz_HIKITEC_Favicon_weiss_32.png\" width=\"11\" height=\"12\"> Ty\u010dinky sestav\u00edme a zabal\u00edme.<br \/>\n<img loading=\"lazy\" decoding=\"async\" class=\"transparent\" src=\"https:\/\/hikitec.de\/wp-content\/uploads\/2021\/04\/zzz_HIKITEC_Favicon_weiss_32.png\" alt=\"https:\/\/hikitec.de\/wp-content\/uploads\/2021\/04\/zzz_HIKITEC_Favicon_weiss_32.png\" width=\"11\" height=\"12\"> Z\u00e1silka je ur\u010dena v\u00e1m nebo p\u0159\u00edmo neutr\u00e1ln\u00edmu z\u00e1kazn\u00edkovi.<\/p>\n<\/div><\/div><\/div><\/section>\n<\/div><\/p><\/div>\n<style type=\"text\/css\" id=\"style-css-av-566s2n-7c088c33459d6a730e0cf8c21a795181\">\n#top .flex_column.av-566s2n-7c088c33459d6a730e0cf8c21a795181{\nborder-radius:0px;\n-webkit-border-radius:0px;\n-moz-border-radius:0px;\npadding:0px;\n}\n<\/style>\n<div class='flex_column av-566s2n-7c088c33459d6a730e0cf8c21a795181 av_one_half  avia-builder-el-5  el_after_av_one_half  el_before_av_one_half  flex_column_div av-zero-column-padding column-top-margin'   ><section class=\"av_textblock_section \"  itemscope=\"itemscope\" itemtype=\"https:\/\/schema.org\/CreativeWork\" ><div class='avia_textblock  '   itemprop=\"text\" ><p><img loading=\"lazy\" decoding=\"async\" class=\"aligncenter wp-image-24930 size-medium\" src=\"https:\/\/hikitec.de\/wp-content\/uploads\/2021\/03\/Datenservice-e1615380861293-300x300.jpg\" alt=\"\" width=\"300\" height=\"300\" srcset=\"https:\/\/hikitec.de\/wp-content\/uploads\/2021\/03\/Datenservice-e1615380861293.jpg 300w, https:\/\/hikitec.de\/wp-content\/uploads\/2021\/03\/Datenservice-e1615380861293-80x80.jpg 80w, https:\/\/hikitec.de\/wp-content\/uploads\/2021\/03\/Datenservice-e1615380861293-36x36.jpg 36w, https:\/\/hikitec.de\/wp-content\/uploads\/2021\/03\/Datenservice-e1615380861293-180x180.jpg 180w, https:\/\/hikitec.de\/wp-content\/uploads\/2021\/03\/Datenservice-e1615380861293-120x120.jpg 120w\" sizes=\"auto, (max-width: 300px) 100vw, 300px\" \/><\/p>\n<\/div><\/section><\/div><\/p>\n\n<style type=\"text\/css\" id=\"style-css-av-l7zynz-5fe7c979f90293e46f176a744e701721\">\n#top .flex_column.av-l7zynz-5fe7c979f90293e46f176a744e701721{\nborder-radius:0px;\n-webkit-border-radius:0px;\n-moz-border-radius:0px;\npadding:0px;\n}\n<\/style>\n<div class='flex_column av-l7zynz-5fe7c979f90293e46f176a744e701721 av_one_half  avia-builder-el-7  el_after_av_one_half  el_before_av_one_half  first flex_column_div av-zero-column-padding column-top-margin'   ><\/div>\n\n<style type=\"text\/css\" id=\"style-css-av-l7zynz-974dfb4ffbd9dc8b6b43182f36e79b47\">\n#top .flex_column.av-l7zynz-974dfb4ffbd9dc8b6b43182f36e79b47{\nborder-radius:0px;\n-webkit-border-radius:0px;\n-moz-border-radius:0px;\npadding:0px;\n}\n<\/style>\n<div class='flex_column av-l7zynz-974dfb4ffbd9dc8b6b43182f36e79b47 av_one_half  avia-builder-el-8  el_after_av_one_half  el_before_av_one_half  flex_column_div av-zero-column-padding column-top-margin'   ><section class=\"av_textblock_section \"  itemscope=\"itemscope\" itemtype=\"https:\/\/schema.org\/CreativeWork\" ><div class='avia_textblock  '   itemprop=\"text\" ><p><strong>Va\u0161e v\u00fdhody:<\/strong><\/p>\n<p><img loading=\"lazy\" decoding=\"async\" class=\"transparent\" src=\"https:\/\/hikitec.de\/wp-content\/uploads\/2016\/12\/zzz_HIKITEC_Favicon_32.png\" alt=\"https:\/\/hikitec.de\/wp-content\/uploads\/2016\/12\/zzz_HIKITEC_Favicon_32.png\" width=\"11\" height=\"12\"> Servis Made in Germany<br \/>\n<img loading=\"lazy\" decoding=\"async\" class=\"transparent\" src=\"https:\/\/hikitec.de\/wp-content\/uploads\/2016\/12\/zzz_HIKITEC_Favicon_32.png\" alt=\"https:\/\/hikitec.de\/wp-content\/uploads\/2016\/12\/zzz_HIKITEC_Favicon_32.png\" width=\"11\" height=\"12\"> 100% kontrola<br \/>\n<img loading=\"lazy\" decoding=\"async\" class=\"transparent\" src=\"https:\/\/hikitec.de\/wp-content\/uploads\/2016\/12\/zzz_HIKITEC_Favicon_32.png\" alt=\"https:\/\/hikitec.de\/wp-content\/uploads\/2016\/12\/zzz_HIKITEC_Favicon_32.png\" width=\"11\" height=\"12\"> Rychl\u00e1 doba v\u00fdroby<br \/>\n<img loading=\"lazy\" decoding=\"async\" class=\"transparent\" src=\"https:\/\/hikitec.de\/wp-content\/uploads\/2016\/12\/zzz_HIKITEC_Favicon_32.png\" alt=\"https:\/\/hikitec.de\/wp-content\/uploads\/2016\/12\/zzz_HIKITEC_Favicon_32.png\" width=\"11\" height=\"12\"> Individu\u00e1ln\u00ed mont\u00e1\u017e<br \/>\n<img loading=\"lazy\" decoding=\"async\" class=\"transparent\" src=\"https:\/\/hikitec.de\/wp-content\/uploads\/2016\/12\/zzz_HIKITEC_Favicon_32.png\" alt=\"https:\/\/hikitec.de\/wp-content\/uploads\/2016\/12\/zzz_HIKITEC_Favicon_32.png\" width=\"11\" height=\"12\"> Neutr\u00e1ln\u00ed z\u00e1silka z\u00e1kazn\u00edkovi<\/p>\n<\/div><\/section><\/div>\n\n<style type=\"text\/css\" id=\"style-css-av-l7zynz-5fe7c979f90293e46f176a744e701721\">\n#top .flex_column.av-l7zynz-5fe7c979f90293e46f176a744e701721{\nborder-radius:0px;\n-webkit-border-radius:0px;\n-moz-border-radius:0px;\npadding:0px;\n}\n<\/style>\n<div class='flex_column av-l7zynz-5fe7c979f90293e46f176a744e701721 av_one_half  avia-builder-el-10  el_after_av_one_half  el_before_av_one_half  first flex_column_div av-zero-column-padding column-top-margin'   ><section class=\"av_textblock_section \"  itemscope=\"itemscope\" itemtype=\"https:\/\/schema.org\/CreativeWork\" ><div class='avia_textblock  '   itemprop=\"text\" ><p><strong>TRV\u00c1N\u00cd<\/strong><\/p>\n<p style=\"background: white;vertical-align: baseline;margin: 10.2pt 0cm 10.2pt 0cm\"><span style=\"font-size: 10.0pt;font-family: inherit;color: #666666\">B\u011b\u017en\u00e1 doba p\u0159ehr\u00e1v\u00e1n\u00ed je od 3 pracovn\u00edch dn\u016f na 5000 kus\u016f (v z\u00e1vislosti na velikosti dat a balen\u00ed). Nezapome\u0148te n\u00e1s v\u010das informovat o chystan\u00fdch kop\u00edrovac\u00edch zak\u00e1zk\u00e1ch. Po dohod\u011b je mo\u017en\u00e1 expresn\u00ed v\u00fdroba (tent\u00fd\u017e den). B\u011b\u017en\u00e9 a men\u0161\u00ed d\u00e1vky vzork\u016f obvykle vy\u017eaduj\u00ed maxim\u00e1ln\u011b jednu. dva pracovn\u00ed dny.<\/span><\/p>\n<p style=\"background: white;vertical-align: baseline;line-height: inherit;text-align: start;margin: 10.2pt 0cm 10.2pt 0cm\"><span style=\"font-size: 10.0pt;font-family: inherit;color: #666666\">Po\u0161lete n\u00e1m sv\u00e9 vlastn\u00ed kl\u00ed\u010de USB a my p\u0159eneseme va\u0161e data na va\u0161e pam\u011b\u0165ov\u00e9 m\u00e9dium.<br \/>\nPot\u00e9 se data porovnaj\u00ed (ov\u011b\u0159\u00ed) s origin\u00e1lem. Vadn\u00e1 m\u00e9dia jsou detekov\u00e1na, vyt\u0159\u00edd\u011bna a zabalena zvl\u00e1\u0161\u0165.<\/span><\/p>\n<\/div><\/section><\/div>\n\n<style type=\"text\/css\" id=\"style-css-av-l7zynz-974dfb4ffbd9dc8b6b43182f36e79b47\">\n#top .flex_column.av-l7zynz-974dfb4ffbd9dc8b6b43182f36e79b47{\nborder-radius:0px;\n-webkit-border-radius:0px;\n-moz-border-radius:0px;\npadding:0px;\n}\n<\/style>\n<div class='flex_column av-l7zynz-974dfb4ffbd9dc8b6b43182f36e79b47 av_one_half  avia-builder-el-12  el_after_av_one_half  el_before_av_one_full  flex_column_div av-zero-column-padding column-top-margin'   ><section class=\"av_textblock_section \"  itemscope=\"itemscope\" itemtype=\"https:\/\/schema.org\/CreativeWork\" ><div class='avia_textblock  '   itemprop=\"text\" ><p><img loading=\"lazy\" decoding=\"async\" class=\"aligncenter wp-image-24934 size-medium\" src=\"https:\/\/hikitec.de\/wp-content\/uploads\/2021\/03\/Lieferung-e1615381415663-300x232.jpg\" alt=\"\" width=\"300\" height=\"232\" srcset=\"https:\/\/hikitec.de\/wp-content\/uploads\/2021\/03\/Lieferung-e1615381415663-300x232.jpg 300w, https:\/\/hikitec.de\/wp-content\/uploads\/2021\/03\/Lieferung-e1615381415663-768x594.jpg 768w, https:\/\/hikitec.de\/wp-content\/uploads\/2021\/03\/Lieferung-e1615381415663-705x546.jpg 705w, https:\/\/hikitec.de\/wp-content\/uploads\/2021\/03\/Lieferung-e1615381415663-450x348.jpg 450w, https:\/\/hikitec.de\/wp-content\/uploads\/2021\/03\/Lieferung-e1615381415663.jpg 801w\" sizes=\"auto, (max-width: 300px) 100vw, 300px\" \/><\/p>\n<\/div><\/section><\/div>\n\n<style type=\"text\/css\" id=\"style-css-av-nnktr3-f748d71a900ddc94a69bce23d709dd46\">\n#top .flex_column.av-nnktr3-f748d71a900ddc94a69bce23d709dd46{\nborder-radius:0px;\n-webkit-border-radius:0px;\n-moz-border-radius:0px;\npadding:0px;\n}\n<\/style>\n<div class='flex_column av-nnktr3-f748d71a900ddc94a69bce23d709dd46 av_one_full  avia-builder-el-14  el_after_av_one_half  el_before_av_one_half  first flex_column_div av-zero-column-padding column-top-margin'   ><form action=\"https:\/\/hikitec.de\/cs\/kopirovaci-sluzba\/\" method=\"post\"  class=\"avia_ajax_form av-form-labels-visible   avia-builder-el-15  avia-builder-el-no-sibling   \" data-avia-form-id=\"1\" data-avia-redirect='' ><h3 class=''>Slu\u017eba kop\u00edrov\u00e1n\u00ed dotaz\u016f<\/h3><fieldset><p class='  first_form  form_element form_fullwidth' id='element_avia_1_1'><label for=\"avia_1_1\">Spole\u010dnost<\/label> <input name=\"avia_1_1\" class=\"text_input \" type=\"text\" id=\"avia_1_1\" value=\"\" \/><\/p><p class='  first_form  form_element form_element_third' id='element_avia_2_1'><label for=\"avia_2_1\">Pozdrav<\/label> <input name=\"avia_2_1\" class=\"text_input \" type=\"text\" id=\"avia_2_1\" value=\"\" \/><\/p><p class='  form_element form_element_third' id='element_avia_3_1'><label for=\"avia_3_1\">K\u0159estn\u00ed jm\u00e9no<\/label> <input name=\"avia_3_1\" class=\"text_input \" type=\"text\" id=\"avia_3_1\" value=\"\" \/><\/p><p class='  form_element form_element_third' id='element_avia_4_1'><label for=\"avia_4_1\">Nachmane<\/label> <input name=\"avia_4_1\" class=\"text_input \" type=\"text\" id=\"avia_4_1\" value=\"\" \/><\/p><p class='  first_form  form_element form_fullwidth' id='element_avia_5_1'><label for=\"avia_5_1\">E-mail <abbr class=\"required\" title=\"required\">*<\/abbr><\/label> <input name=\"avia_5_1\" class=\"text_input is_email\" type=\"text\" id=\"avia_5_1\" value=\"\" \/><\/p><p class='  first_form  form_element form_fullwidth' id='element_avia_6_1'><label for=\"avia_6_1\" class=\"textare_label hidden textare_label_avia_6_1\">Zpr\u00e1va<\/label><textarea  name=\"avia_6_1\" class=\"text_area \" cols=\"40\" rows=\"7\" id=\"avia_6_1\" ><\/textarea><\/p><p class=' first_form  form_element form_fullwidth' id='element_avia_7_1'>    <input  name=\"avia_7_1\" class=\"input_checkbox is_empty\" type=\"checkbox\" id=\"avia_7_1\" value=\"true\"\/><label class=\"input_checkbox_label\" for=\"avia_7_1\">P\u0159e\u010detl\/a jsem si ozn\u00e1men\u00ed o ochran\u011b osobn\u00edch \u00fadaj\u016f a vzal\/a jsem ho na v\u011bdom\u00ed. <abbr class=\"required\" title=\"required\">*<\/abbr><\/label><\/p><div id='avia_8_1' class='av-form-text'><p>\n* Vzal\/a jsem na v\u011bdom\u00ed informace o <a href=\"http:\/\/hikitec.de\/datenschutz\/\" target=\"_blank\" rel=\"noopener\">ochran\u011b osobn\u00edch \u00fadaj\u016f<\/a>, jako\u017e i informace o odvol\u00e1n\u00ed a souhlas\u00edm s nimi.Kompakt: Informace o ochran\u011b osobn\u00edch \u00fadaj\u016f Va\u0161e e-mailov\u00e1 adresa bude pou\u017eita pouze za \u00fa\u010delem vy\u0159\u00edzen\u00ed va\u0161\u00ed \u017e\u00e1dosti spole\u010dnosti HIKITEC. Obsahuje informace o produktech, sez\u00f3nn\u00edch akc\u00edch nebo novink\u00e1ch. Va\u0161e e-mailov\u00e1 adresa nebude nikdy p\u0159ed\u00e1na t\u0159et\u00edm stran\u00e1m pro reklamn\u00ed \u00fa\u010dely a bude pou\u017eita pouze v r\u00e1mci zas\u00edl\u00e1n\u00ed newsletteru.<\/p>\n<p>Upozorn\u011bn\u00ed na odvolatelnost Tento souhlas m\u016f\u017eete kdykoli odvolat odhl\u00e1\u0161en\u00edm ze seznamu. Pokyny k odhl\u00e1\u0161en\u00ed jsou sou\u010d\u00e1st\u00ed ka\u017ed\u00e9ho newsletteru.<\/p>\n<\/div><p class=\"hidden\"><input type=\"text\" name=\"avia_9_1\" class=\"hidden \" id=\"avia_9_1\" value=\"\" \/><\/p><p class='   form_element form_fullwidth' id='element_avia_10_1'><span class='value_verifier_label'>8 + 0 = ?<\/span><input name=\"avia_10_1_verifier\" type=\"hidden\" id=\"avia_10_1_verifier\" value=\"283568145\"\/><label for=\"avia_10_1\">Please prove that you are human by solving the equation <abbr class=\"required\" title=\"required\">*<\/abbr><\/label><input name=\"avia_10_1\" class=\"text_input captcha\" type=\"text\" id=\"avia_10_1\" value=\"\"\/><\/p><p class=\"form_element \"><input type=\"hidden\" value=\"1\" name=\"avia_generated_form1\" \/><input type=\"submit\" value=\"Dotazy\" class=\"button\"  data-sending-label=\"Sending\"\/><\/p><\/fieldset><\/form><div id=\"ajaxresponse_1\" class=\"ajaxresponse ajaxresponse_1 hidden\"><\/div><\/div>\n\n<style type=\"text\/css\" id=\"style-css-av-l7zynz-5fe7c979f90293e46f176a744e701721\">\n#top .flex_column.av-l7zynz-5fe7c979f90293e46f176a744e701721{\nborder-radius:0px;\n-webkit-border-radius:0px;\n-moz-border-radius:0px;\npadding:0px;\n}\n<\/style>\n<div class='flex_column av-l7zynz-5fe7c979f90293e46f176a744e701721 av_one_half  avia-builder-el-16  el_after_av_one_full  el_before_av_one_half  first flex_column_div av-zero-column-padding column-top-margin'   ><section class=\"av_textblock_section \"  itemscope=\"itemscope\" itemtype=\"https:\/\/schema.org\/CreativeWork\" ><div class='avia_textblock  '   itemprop=\"text\" ><p><strong>SECURITY<\/strong><\/p>\n<p>V\u0161echna data, kter\u00e1 n\u00e1m byla poskytnuta (prost\u0159ednictv\u00edm online slu\u017eeb, CD, DVD, SD karet, pevn\u00fdch disk\u016f, USB pam\u011bt\u00ed atd.), jsou v\u017edy ihned po obdr\u017een\u00ed zkontrolov\u00e1na r\u016fzn\u00fdmi antivirov\u00fdmi programy (v nejnov\u011bj\u0161\u00ed verzi). Teprve pot\u00e9 vytvo\u0159\u00edme nebo pou\u017eijeme bezchybn\u00fd nosi\u010d dat v pr\u016fb\u011bhu &#8222;masteringu&#8220;.<\/p>\n<\/div><\/section><\/div>\n\n<style type=\"text\/css\" id=\"style-css-av-l7zynz-974dfb4ffbd9dc8b6b43182f36e79b47\">\n#top .flex_column.av-l7zynz-974dfb4ffbd9dc8b6b43182f36e79b47{\nborder-radius:0px;\n-webkit-border-radius:0px;\n-moz-border-radius:0px;\npadding:0px;\n}\n<\/style>\n<div class='flex_column av-l7zynz-974dfb4ffbd9dc8b6b43182f36e79b47 av_one_half  avia-builder-el-18  el_after_av_one_half  el_before_av_one_full  flex_column_div av-zero-column-padding column-top-margin'   ><section class=\"av_textblock_section \"  itemscope=\"itemscope\" itemtype=\"https:\/\/schema.org\/CreativeWork\" ><div class='avia_textblock  '   itemprop=\"text\" ><p><img loading=\"lazy\" decoding=\"async\" class=\"aligncenter size-medium wp-image-24946\" src=\"https:\/\/hikitec.de\/wp-content\/uploads\/2021\/03\/Kopieren-1-300x300.jpeg\" alt=\"\" width=\"300\" height=\"300\" srcset=\"https:\/\/hikitec.de\/wp-content\/uploads\/2021\/03\/Kopieren-1-300x300.jpeg 300w, https:\/\/hikitec.de\/wp-content\/uploads\/2021\/03\/Kopieren-1-1030x1030.jpeg 1030w, https:\/\/hikitec.de\/wp-content\/uploads\/2021\/03\/Kopieren-1-80x80.jpeg 80w, https:\/\/hikitec.de\/wp-content\/uploads\/2021\/03\/Kopieren-1-768x768.jpeg 768w, https:\/\/hikitec.de\/wp-content\/uploads\/2021\/03\/Kopieren-1-36x36.jpeg 36w, https:\/\/hikitec.de\/wp-content\/uploads\/2021\/03\/Kopieren-1-180x180.jpeg 180w, https:\/\/hikitec.de\/wp-content\/uploads\/2021\/03\/Kopieren-1-1500x1500.jpeg 1500w, https:\/\/hikitec.de\/wp-content\/uploads\/2021\/03\/Kopieren-1-705x705.jpeg 705w, https:\/\/hikitec.de\/wp-content\/uploads\/2021\/03\/Kopieren-1-120x120.jpeg 120w, https:\/\/hikitec.de\/wp-content\/uploads\/2021\/03\/Kopieren-1-450x450.jpeg 450w, https:\/\/hikitec.de\/wp-content\/uploads\/2021\/03\/Kopieren-1.jpeg 1512w\" sizes=\"auto, (max-width: 300px) 100vw, 300px\" \/><\/p>\n<\/div><\/section><\/div>\n\n<style type=\"text\/css\" id=\"style-css-av-lpqohr-c2ca4ad580623b4af8e91243df6e01c7\">\n#top .flex_column.av-lpqohr-c2ca4ad580623b4af8e91243df6e01c7{\nborder-radius:0px;\n-webkit-border-radius:0px;\n-moz-border-radius:0px;\npadding:0px;\n}\n<\/style>\n<div class='flex_column av-lpqohr-c2ca4ad580623b4af8e91243df6e01c7 av_one_full  avia-builder-el-20  el_after_av_one_half  avia-builder-el-last  first flex_column_div av-zero-column-padding column-top-margin'   ><section class=\"av_textblock_section \"  itemscope=\"itemscope\" itemtype=\"https:\/\/schema.org\/CreativeWork\" ><div class='avia_textblock  '   itemprop=\"text\" ><input type=\"button\" value=\"Zp\u011bt\" class=\"alg_back_button_input \" style=\"\" onclick=\"window.history.back()\" \/>\n<\/div><\/section><\/div>\n","protected":false},"excerpt":{"rendered":"","protected":false},"author":2,"featured_media":0,"parent":0,"menu_order":0,"comment_status":"closed","ping_status":"closed","template":"","meta":{"footnotes":""},"class_list":["post-56817","page","type-page","status-publish","hentry"],"_links":{"self":[{"href":"https:\/\/hikitec.de\/cs\/wp-json\/wp\/v2\/pages\/56817","targetHints":{"allow":["GET"]}}],"collection":[{"href":"https:\/\/hikitec.de\/cs\/wp-json\/wp\/v2\/pages"}],"about":[{"href":"https:\/\/hikitec.de\/cs\/wp-json\/wp\/v2\/types\/page"}],"author":[{"embeddable":true,"href":"https:\/\/hikitec.de\/cs\/wp-json\/wp\/v2\/users\/2"}],"replies":[{"embeddable":true,"href":"https:\/\/hikitec.de\/cs\/wp-json\/wp\/v2\/comments?post=56817"}],"version-history":[{"count":19,"href":"https:\/\/hikitec.de\/cs\/wp-json\/wp\/v2\/pages\/56817\/revisions"}],"predecessor-version":[{"id":127962,"href":"https:\/\/hikitec.de\/cs\/wp-json\/wp\/v2\/pages\/56817\/revisions\/127962"}],"wp:attachment":[{"href":"https:\/\/hikitec.de\/cs\/wp-json\/wp\/v2\/media?parent=56817"}],"curies":[{"name":"wp","href":"https:\/\/api.w.org\/{rel}","templated":true}]}}