{"id":56881,"date":"2021-04-01T16:05:09","date_gmt":"2021-04-01T14:05:09","guid":{"rendered":"https:\/\/hikitec.de\/platforma-os\/"},"modified":"2021-04-01T16:05:09","modified_gmt":"2021-04-01T14:05:09","slug":"platforma-os","status":"publish","type":"page","link":"https:\/\/hikitec.de\/cs\/platforma-os\/","title":{"rendered":"Platforma OS"},"content":{"rendered":"<p>V souladu s na\u0159\u00edzen\u00edm EU \u010d. 524\/2013 poskytuje Komise EU internetov\u00e9 str\u00e1nky (platforma ODR) pro mimosoudn\u00ed \u0159e\u0161en\u00ed spor\u016f vypl\u00fdvaj\u00edc\u00edch z pr\u00e1vn\u00edch \u00fakon\u016f online. Platformu Evropsk\u00e9 komise pro online \u0159e\u0161en\u00ed spor\u016f najdete na tomto odkazu: <a title=\"Platforma OS\" href=\"http:\/\/ec.europa.eu\/consumers\/odr\/\" target=\"_blank\" rel=\"noopener\">http:\/\/ec.europa.eu\/consumers\/odr\/<\/a><\/p>\n<p>Na\u0161e e-mailov\u00e1 adresa je info@hikitec.de<\/p>\n","protected":false},"excerpt":{"rendered":"<p>V souladu s na\u0159\u00edzen\u00edm EU \u010d. 524\/2013 poskytuje Komise EU internetov\u00e9 str\u00e1nky (platforma ODR) pro mimosoudn\u00ed \u0159e\u0161en\u00ed spor\u016f vypl\u00fdvaj\u00edc\u00edch z pr\u00e1vn\u00edch \u00fakon\u016f online. Platformu Evropsk\u00e9 komise pro online \u0159e\u0161en\u00ed spor\u016f najdete na tomto odkazu: http:\/\/ec.europa.eu\/consumers\/odr\/ Na\u0161e e-mailov\u00e1 adresa je info@hikitec.de<\/p>\n","protected":false},"author":2,"featured_media":0,"parent":0,"menu_order":0,"comment_status":"closed","ping_status":"closed","template":"","meta":{"footnotes":""},"class_list":["post-56881","page","type-page","status-publish","hentry"],"_links":{"self":[{"href":"https:\/\/hikitec.de\/cs\/wp-json\/wp\/v2\/pages\/56881","targetHints":{"allow":["GET"]}}],"collection":[{"href":"https:\/\/hikitec.de\/cs\/wp-json\/wp\/v2\/pages"}],"about":[{"href":"https:\/\/hikitec.de\/cs\/wp-json\/wp\/v2\/types\/page"}],"author":[{"embeddable":true,"href":"https:\/\/hikitec.de\/cs\/wp-json\/wp\/v2\/users\/2"}],"replies":[{"embeddable":true,"href":"https:\/\/hikitec.de\/cs\/wp-json\/wp\/v2\/comments?post=56881"}],"version-history":[{"count":0,"href":"https:\/\/hikitec.de\/cs\/wp-json\/wp\/v2\/pages\/56881\/revisions"}],"wp:attachment":[{"href":"https:\/\/hikitec.de\/cs\/wp-json\/wp\/v2\/media?parent=56881"}],"curies":[{"name":"wp","href":"https:\/\/api.w.org\/{rel}","templated":true}]}}