{"id":56890,"date":"2021-04-01T16:13:15","date_gmt":"2021-04-01T14:13:15","guid":{"rendered":"https:\/\/hikitec.de\/odeslani-faktury\/"},"modified":"2021-04-01T16:13:15","modified_gmt":"2021-04-01T14:13:15","slug":"odeslani-faktury","status":"publish","type":"page","link":"https:\/\/hikitec.de\/cs\/odeslani-faktury\/","title":{"rendered":"Odesl\u00e1n\u00ed faktury"},"content":{"rendered":"<section class=\"av_textblock_section \"  itemscope=\"itemscope\" itemtype=\"https:\/\/schema.org\/CreativeWork\" ><div class='avia_textblock  '   itemprop=\"text\" ><p><strong>Jak obdr\u017e\u00edm sv\u00e9 \u00fa\u010dty?<\/strong><\/p>\n<\/div><\/section>\n<section class=\"av_textblock_section \"  itemscope=\"itemscope\" itemtype=\"https:\/\/schema.org\/CreativeWork\" ><div class='avia_textblock  '   itemprop=\"text\" ><p>Jako udr\u017eiteln\u00e1 spole\u010dnost v\u00e1m zas\u00edl\u00e1me faktury elektronicky e-mailem. T\u00edm se minimalizuj\u00ed hromady pap\u00edru a z\u00e1rove\u0148 se \u0161et\u0159\u00ed n\u00e1klady a \u010das.<\/p>\n<p>P\u0159ehled va\u0161ich v\u00fdhod:<\/p>\n<ul>\n<li>\u0161etrnost k \u017eivotn\u00edmu prost\u0159ed\u00ed: soubor PDF m\u00edsto pap\u00edrov\u00e9 faktury<\/li>\n<li>pohodln\u00e9: \u017e\u00e1dn\u00e9 zad\u00e1v\u00e1n\u00ed \u00fa\u010dt\u016f, referen\u010dn\u00edch \u010d\u00edsel a \u010d\u00e1stek<\/li>\n<\/ul>\n<p>Tato slu\u017eba je pro v\u00e1s samoz\u0159ejm\u011b zdarma.<\/p>\n<\/div><\/section>\n<section class=\"av_textblock_section \"  itemscope=\"itemscope\" itemtype=\"https:\/\/schema.org\/CreativeWork\" ><div class='avia_textblock  '   itemprop=\"text\" ><input type=\"button\" value=\"Zp\u011bt\" class=\"alg_back_button_input \" style=\"\" onclick=\"window.history.back()\" \/>\n<\/div><\/section>\n","protected":false},"excerpt":{"rendered":"","protected":false},"author":2,"featured_media":0,"parent":0,"menu_order":0,"comment_status":"closed","ping_status":"closed","template":"","meta":{"footnotes":""},"class_list":["post-56890","page","type-page","status-publish","hentry"],"_links":{"self":[{"href":"https:\/\/hikitec.de\/cs\/wp-json\/wp\/v2\/pages\/56890","targetHints":{"allow":["GET"]}}],"collection":[{"href":"https:\/\/hikitec.de\/cs\/wp-json\/wp\/v2\/pages"}],"about":[{"href":"https:\/\/hikitec.de\/cs\/wp-json\/wp\/v2\/types\/page"}],"author":[{"embeddable":true,"href":"https:\/\/hikitec.de\/cs\/wp-json\/wp\/v2\/users\/2"}],"replies":[{"embeddable":true,"href":"https:\/\/hikitec.de\/cs\/wp-json\/wp\/v2\/comments?post=56890"}],"version-history":[{"count":2,"href":"https:\/\/hikitec.de\/cs\/wp-json\/wp\/v2\/pages\/56890\/revisions"}],"predecessor-version":[{"id":56892,"href":"https:\/\/hikitec.de\/cs\/wp-json\/wp\/v2\/pages\/56890\/revisions\/56892"}],"wp:attachment":[{"href":"https:\/\/hikitec.de\/cs\/wp-json\/wp\/v2\/media?parent=56890"}],"curies":[{"name":"wp","href":"https:\/\/api.w.org\/{rel}","templated":true}]}}