{"id":68016,"date":"2021-04-06T09:27:33","date_gmt":"2021-04-06T07:27:33","guid":{"rendered":"https:\/\/hikitec.de\/agb\/"},"modified":"2023-03-01T15:45:56","modified_gmt":"2023-03-01T14:45:56","slug":"agb","status":"publish","type":"page","link":"https:\/\/hikitec.de\/cs\/agb\/","title":{"rendered":"AGB"},"content":{"rendered":"<section class=\"av_textblock_section \"  itemscope=\"itemscope\" itemtype=\"https:\/\/schema.org\/CreativeWork\" ><div class='avia_textblock  '   itemprop=\"text\" ><p><strong>V\u0161eobecn\u00e9 obchodn\u00ed podm\u00ednky spole\u010dnosti HIKITEC GmbH (od 10\/2021)<\/strong><\/p>\n<p><strong>1. obecn\u011b<\/strong><\/p>\n<p>Cenov\u00e9 nab\u00eddky spole\u010dnosti HIKITEC GmbH a j\u00ed vystaven\u00e9 objedn\u00e1vkov\u00e9 podm\u00ednky jsou zalo\u017eeny v\u00fdhradn\u011b na n\u00e1sleduj\u00edc\u00edch podm\u00ednk\u00e1ch. Jak\u00e9koli zm\u011bny t\u011bchto podm\u00ednek vy\u017eaduj\u00ed p\u00edsemn\u00fd souhlas spole\u010dnosti HIKITEC GmbH. Krom\u011b toho si spole\u010dnost HIKITEC GmbH vyhrazuje pr\u00e1vo p\u0159ijmout nebo odm\u00edtnout objedn\u00e1vky. Pod\u00e1n\u00ed objedn\u00e1vky na z\u00e1klad\u011b cenov\u00e9 nab\u00eddky spole\u010dnosti HIKITEC GmbH je pro spole\u010dnost HIKITEC GmbH z\u00e1vazn\u00e9 a\u017e po obdr\u017een\u00ed p\u00edsemn\u00e9ho potvrzen\u00ed objedn\u00e1vky.<\/p>\n<p><strong> 2. ceny<\/strong><\/p>\n<p>Uveden\u00e9 ceny jsou uvedeny bez DPH, v\u010detn\u011b z\u00e1konn\u00e9 dan\u011b z p\u0159idan\u00e9 hodnoty, dopravy, poji\u0161t\u011bn\u00ed, balen\u00ed a p\u0159enosu dat. Bal\u00edky jsou zas\u00edl\u00e1ny prost\u0159ednictv\u00edm bal\u00edkov\u00e9 slu\u017eby. Velk\u00e9 dod\u00e1vky prov\u00e1d\u00ed n\u00e1mi pov\u011b\u0159en\u00e1 spedi\u010dn\u00ed firma zdarma. Pokud dojde k dal\u0161\u00edmu doru\u010den\u00ed nebo doru\u010den\u00ed na jinou adresu, budou vznikl\u00e9 n\u00e1klady \u00fa\u010dtov\u00e1ny dodate\u010dn\u011b. Na\u0161e ceny nezahrnuj\u00ed n\u00e1klady na likvidaci, pokud nejsou uvedeny zvl\u00e1\u0161\u0165.<\/p>\n<p><strong> 3. kol\u00eds\u00e1n\u00ed cen<\/strong><\/p>\n<p>Uveden\u00e9 ceny jsou denn\u00ed ceny za d\u00e1lkov\u00fd dovoz a podl\u00e9haj\u00ed m\u011bnov\u00fdm a tr\u017en\u00edm v\u00fdkyv\u016fm. Vyhrazujeme si pr\u00e1vo upravit ceny (i ji\u017e potvrzen\u00e9 ceny) v p\u0159\u00edpad\u011b siln\u00fdch v\u00fdkyv\u016f, pokud to bude nutn\u00e9.<\/p>\n<p><strong> 4. n\u00e1roky na n\u00e1hradu \u0161kody<\/strong><\/p>\n<p>N\u00e1roky klienta jsou v ka\u017ed\u00e9m p\u0159\u00edpad\u011b vylou\u010deny. V p\u0159\u00edpad\u011b nep\u0159evzet\u00ed objednan\u00e9ho zbo\u017e\u00ed bude vyplacena n\u00e1hrada ve v\u00fd\u0161i 25 %.<\/p>\n<p><strong> 5. v\u00fdhrada vlastnictv\u00ed<\/strong><\/p>\n<p>Ve\u0161ker\u00e9 dodan\u00e9 zbo\u017e\u00ed z\u016fst\u00e1v\u00e1 na\u0161\u00edm majetkem (vyhrazen\u00e9 zbo\u017e\u00ed), dokud nejsou spln\u011bny v\u0161echny na\u0161e pohled\u00e1vky, a to i v p\u0159\u00edpad\u011b, \u017ee jsou provedeny platby za zvl\u00e1\u0161\u0165 ur\u010den\u00e9 pohled\u00e1vky. Kupuj\u00edc\u00ed se zavazuje prodat zbo\u017e\u00ed s v\u00fdhradou vlastnictv\u00ed pouze v b\u011b\u017en\u00e9m obchodn\u00edm styku v souladu s n\u00e1sleduj\u00edc\u00edmi ustanoven\u00edmi za sv\u00fdch b\u011b\u017en\u00fdch obchodn\u00edch podm\u00ednek a dokud nebude v prodlen\u00ed. Kupuj\u00edc\u00ed n\u00e1m t\u00edmto postupuje svou pohled\u00e1vku vypl\u00fdvaj\u00edc\u00ed z dal\u0161\u00edho prodeje. Je opr\u00e1vn\u011bn vym\u00e1hat postoupen\u00e9 pohled\u00e1vky a\u017e do na\u0161eho odvol\u00e1n\u00ed, kter\u00e9 je mo\u017en\u00e9 kdykoli. Pokud jsou na\u0161e pohled\u00e1vky splatn\u00e9, je kupuj\u00edc\u00ed povinen n\u00e1m vym\u00e1han\u00e9 pohled\u00e1vky neprodlen\u011b postoupit. Kupuj\u00edc\u00ed nen\u00ed za \u017e\u00e1dn\u00fdch okolnost\u00ed opr\u00e1vn\u011bn pohled\u00e1vku postoupit. Na na\u0161i \u017e\u00e1dost mus\u00ed kupuj\u00edc\u00ed neprodlen\u011b informovat sv\u00e9ho z\u00e1kazn\u00edka o postoupen\u00ed a poskytnout n\u00e1m d\u016fkaz o tomto ozn\u00e1men\u00ed, jako\u017e i informace a dokumenty pot\u0159ebn\u00e9 k vym\u00e1h\u00e1n\u00ed spolu s t\u00edmto ozn\u00e1men\u00edm. Kupuj\u00edc\u00ed n\u00e1s mus\u00ed doporu\u010den\u00fdm dopisem informovat o jak\u00e9mkoli p\u0159\u00edstupu t\u0159et\u00edch osob ke zbo\u017e\u00ed nebo reklamaci. Jsme opr\u00e1vn\u011bni kdykoli zak\u00e1zat dal\u0161\u00ed prodej zbo\u017e\u00ed s v\u00fdhradou vlastnictv\u00ed.<\/p>\n<p>a zru\u0161it povolen\u00ed k inkasu, pokud je kupuj\u00edc\u00ed v prodlen\u00ed nebo pokud vyjdou najevo okolnosti, kter\u00e9 by mohly sn\u00ed\u017eit jeho \u00fav\u011bruschopnost. V takov\u00e9m p\u0159\u00edpad\u011b jsme opr\u00e1vn\u011bni po\u017eadovat vr\u00e1cen\u00ed zbo\u017e\u00ed na n\u00e1klady kupuj\u00edc\u00edho, jeho odebr\u00e1n\u00ed nebo, pokud ji\u017e bylo zbo\u017e\u00ed d\u00e1le prod\u00e1no. Ale je\u0161t\u011b nen\u00ed zaplaceno v pln\u00e9 v\u00fd\u0161i, po\u017eadovat platbu p\u0159\u00edmo od z\u00e1kazn\u00edka kupuj\u00edc\u00edho.<\/p>\n<p><strong> 6. v\u00fdroba<\/strong><\/p>\n<p>Drobn\u00e9 odchylky v kvalit\u011b nebo designu jsou povoleny. Spole\u010dnost HIKITEC GmbH si vyhrazuje pr\u00e1vo prov\u00e1d\u011bt technick\u00e9 zm\u011bny za \u00fa\u010delem zlep\u0161en\u00ed v\u00fdrobku. Vzhledem k v\u00fdrobn\u00edm mo\u017enostem ve v\u00fdrobn\u00edch zem\u00edch, zejm\u00e9na v p\u0159\u00edpad\u011b hromadn\u00e9 v\u00fdroby, je standardem kvality konven\u010dn\u00ed &#8222;t\u0159\u00edd\u011bn\u00ed&#8220;. N\u00e1sledn\u00e9 drobn\u00e9 vady kone\u010dn\u00e9ho v\u00fdrobku mus\u00ed kupuj\u00edc\u00ed obecn\u011b akceptovat a nep\u0159edstavuj\u00ed d\u016fvod k reklamaci. Tiskov\u00e9 barvy se vyr\u00e1b\u011bj\u00ed podle stupnic Pantone nebo HKS. Vzhledem k podkladu je lze p\u0159izp\u016fsobit jen v omezen\u00e9 m\u00ed\u0159e a je t\u0159eba je akceptovat.<\/p>\n<p><strong> 7. tolerance<\/strong><\/p>\n<p>Proto\u017ee ve v\u00fdrob\u011b nelze zabr\u00e1nit rozd\u00edl\u016fm, jsou maxim\u00e1ln\u00ed odchylky definov\u00e1ny v toleran\u010dn\u00edch hodnot\u00e1ch o\u010dek\u00e1van\u00e9 kvality.<\/p>\n<p>Tolerance \u00b10,1 mm znamen\u00e1 odchylku 0,2 mm. Zpravidla se materi\u00e1ly zpracov\u00e1vaj\u00ed do kone\u010dn\u00fdch produkt\u016f, kter\u00e9 vykazuj\u00ed rozd\u00edly ji\u017e samy o sob\u011b a v d\u016fsledku tisku p\u0159ed kone\u010dnou \u00fapravou tisku. Proto se rozli\u0161uje mezi:<\/p>\n<p>Dov\u00e1\u017een\u00e9 rozd\u00edly<\/p>\n<p>Tolerance p\u0159i dokon\u010dov\u00e1n\u00ed tisku<\/p>\n<p><strong>8 .memory<\/strong><\/p>\n<p>Drobn\u00e9 odchylky v uveden\u00fdch \u00falo\u017en\u00fdch kapacit\u00e1ch (nap\u0159. USB kl\u00ed\u010denky) jsou zp\u016fsobeny technick\u00fdmi d\u016fvody a mus\u00ed b\u00fdt akceptov\u00e1ny. Nejsou d\u016fvodem ke st\u00ed\u017enosti.<\/p>\n<p><strong> 9. rozsah dod\u00e1vek a slu\u017eeb<\/strong><\/p>\n<p>P\u0159ebytky nebo nedostatky v dod\u00e1vk\u00e1ch do 10 % (v z\u00e1vislosti na v\u00fdrob\u011b a v\u00fdrobku) jsou zp\u016fsobeny technick\u00fdmi d\u016fvody a mus\u00ed b\u00fdt akceptov\u00e1ny. P\u0159ebyte\u010dn\u00e9 nebo nedostate\u010dn\u00e9 dod\u00e1vky budou vypo\u0159\u00e1d\u00e1ny se z\u00e1kazn\u00edkem. Nadm\u011brn\u00e9 nebo kr\u00e1tk\u00e9 dod\u00e1vky neoprav\u0148uj\u00ed z\u00e1kazn\u00edka k odm\u00edtnut\u00ed p\u0159evzet\u00ed nebo k odstoupen\u00ed od smlouvy.<\/p>\n<p><strong>10. hl\u00e1\u0161en\u00ed z\u00e1vad<\/strong><\/p>\n<p>Ozn\u00e1men\u00ed o vad\u00e1ch mus\u00ed kupuj\u00edc\u00ed u\u010dinit p\u00edsemn\u011b do 10 dn\u016f od p\u0159evzet\u00ed zbo\u017e\u00ed n\u00e1mi. Zbo\u017e\u00ed, kter\u00e9 je p\u0159edm\u011btem reklamace, n\u00e1m mus\u00ed b\u00fdt na po\u017e\u00e1d\u00e1n\u00ed zasl\u00e1no na n\u00e1klady a riziko kupuj\u00edc\u00edho. Zbo\u017e\u00ed, kter\u00e9 uzn\u00e1me za vadn\u00e9, bude podle na\u0161eho uv\u00e1\u017een\u00ed bezplatn\u011b opraveno, vym\u011bn\u011bno nebo p\u0159evzato zp\u011bt proti \u00fahrad\u011b fakturovan\u00e9 \u010d\u00e1stky. M\u00edsto toho m\u016f\u017eeme tak\u00e9 nahradit sn\u00ed\u017eenou hodnotu. Dal\u0161\u00ed n\u00e1roky kupuj\u00edc\u00edho jsou vylou\u010deny. Pr\u00e1va kupuj\u00edc\u00edho ze z\u00e1ruky zanikaj\u00ed, pokud je kupuj\u00edc\u00ed v prodlen\u00ed nebo pokud se zbo\u017e\u00edm zach\u00e1zel nevhodn\u00fdm zp\u016fsobem nebo se pokou\u0161el o opravy \u010di \u00fapravy bez na\u0161eho souhlasu nebo je nechal prov\u00e9st t\u0159et\u00edmi osobami. Za poru\u0161en\u00ed pr\u00e1v pr\u016fmyslov\u00e9ho vlastnictv\u00ed se nep\u0159eb\u00edr\u00e1 \u017e\u00e1dn\u00e1 odpov\u011bdnost. Pro dod\u00e1n\u00ed n\u00e1hradn\u00edch polo\u017eek plat\u00ed stejn\u00e9 podm\u00ednky jako pro p\u016fvodn\u00ed pln\u011bn\u00ed.<\/p>\n<p><strong> 11 Vy\u0161\u0161\u00ed moc<\/strong><\/p>\n<p>Spole\u010dnost HIKITEC GmbH nenese odpov\u011bdnost za nespln\u011bn\u00ed z\u00e1vazku vypl\u00fdvaj\u00edc\u00edho ze smlouvy, pokud je toto nespln\u011bn\u00ed p\u0159\u00edm\u00fdm nebo nep\u0159\u00edm\u00fdm d\u016fsledkem ud\u00e1losti, kterou prod\u00e1vaj\u00edc\u00ed nem\u016f\u017ee ovlivnit. To mimo jin\u00e9 zahrnuje jakoukoli vy\u0161\u0161\u00ed moc, odm\u00edtnut\u00ed, omezen\u00ed, pozastaven\u00ed nebo odn\u011bt\u00ed licence nebo povolen\u00ed nebo jin\u00e9 opat\u0159en\u00ed p\u0159\u00edslu\u0161n\u00fdch org\u00e1n\u016f, po\u017e\u00e1r, v\u00fdbuch, povode\u0148, poruchu stroj\u016f, st\u00e1vku, v\u00fdluku, nedostatek materi\u00e1lu, v\u00e1lku, povst\u00e1n\u00ed, mocensk\u00e9 nebo dopravn\u00ed spory nebo jin\u00e9 kolektivn\u00ed spory.<\/p>\n<p><strong>12. export<\/strong><\/p>\n<p>Kupuj\u00edc\u00ed si je v\u011bdom, \u017ee mohou existovat omezen\u00ed t\u00fdkaj\u00edc\u00ed se v\u00fdvozu p\u0159edm\u011bt\u016f dod\u00e1vky, zejm\u00e9na \u017ee m\u016f\u017ee b\u00fdt vy\u017eadov\u00e1no \u00fa\u0159edn\u00ed povolen\u00ed. Pokud m\u00e1 kupuj\u00edc\u00ed v \u00famyslu zp\u011btn\u011b vyv\u00e9zt p\u0159edm\u011bty dod\u00e1vky ze zem\u011b, ve kter\u00e9 m\u00e1 bydli\u0161t\u011b nebo s\u00eddlo, nebo z jin\u00e9 zem\u011b, do kter\u00e9 maj\u00ed b\u00fdt na \u017e\u00e1dost kupuj\u00edc\u00edho spole\u010dnost\u00ed HIKITEC GmbH dod\u00e1ny, informuje o tom kupuj\u00edc\u00ed spole\u010dnost HIKITEC GmbH. Po obdr\u017een\u00ed ozn\u00e1men\u00ed bude spole\u010dnost HIKITEC GmbH informovat kupuj\u00edc\u00edho o p\u0159\u00edpadn\u00fdch v\u00fdvozn\u00edch omezen\u00edch a postupu pro z\u00edsk\u00e1n\u00ed v\u00fdvozn\u00ed licence. Dal\u0161\u00ed pohled\u00e1vky v\u016f\u010di spole\u010dnosti HIKITEC GmbH neexistuj\u00ed.<\/p>\n<p><strong>13. reklama<\/strong><\/p>\n<p>Spole\u010dnost HIKITEC GmbH si vyhrazuje pr\u00e1vo pou\u017e\u00edt v\u00fdrobky vyroben\u00e9 jm\u00e9nem z\u00e1kazn\u00edka jako vzorky nebo pro reklamn\u00ed \u010di referen\u010dn\u00ed \u00fa\u010dely. Kupuj\u00edc\u00ed mus\u00ed pou\u017eit\u00ed v\u00fdslovn\u011b zak\u00e1zat p\u0159ed pod\u00e1n\u00edm objedn\u00e1vky, jinak se pou\u017eit\u00ed pova\u017euje za schv\u00e1len\u00e9.<\/p>\n<p><strong>14. platba<\/strong><\/p>\n<p>Spole\u010dnost HIKITEC GmbH si vyhrazuje pr\u00e1vo fakturovat sjednan\u00e9 slu\u017eby elektronicky e-mailem. Dod\u00e1vka zbo\u017e\u00ed se uskute\u010d\u0148uje na z\u00e1klad\u011b platby p\u0159edem, pokud se smluvn\u00ed strany v\u00fdslovn\u011b nedohodnou na jin\u00e9m zp\u016fsobu platby. Pokud nen\u00ed dohodnuto jinak, je t\u0159eba uhradit na\u0161e faktury.<\/p>\n<p><strong>15. nebezpe\u010dn\u00fd p\u0159evis<\/strong><\/p>\n<p>Riziko p\u0159ech\u00e1z\u00ed na kupuj\u00edc\u00edho, jakmile je z\u00e1silka p\u0159ed\u00e1na osob\u011b prov\u00e1d\u011bj\u00edc\u00ed p\u0159epravu. Pokud je odesl\u00e1n\u00ed na \u017e\u00e1dost z\u00e1kazn\u00edka odlo\u017eeno, p\u0159ech\u00e1z\u00ed riziko na z\u00e1kazn\u00edka okam\u017eikem ozn\u00e1men\u00ed o p\u0159ipravenosti k odesl\u00e1n\u00ed.<\/p>\n<p><strong> 16. Z\u00e1ruka<\/strong><\/p>\n<p>Spole\u010dnost HIKITEC GmbH zaru\u010duje po dobu 24 m\u011bs\u00edc\u016f od data dod\u00e1n\u00ed, \u017ee p\u0159edm\u011bty dod\u00e1vky jsou bez z\u00e1vad podle p\u0159\u00edslu\u0161n\u00e9ho stavu techniky. Z\u00e1ruka je vylou\u010dena v n\u00e1sleduj\u00edc\u00edch p\u0159\u00edpadech: B\u011b\u017en\u00e9 opot\u0159eben\u00ed, opot\u0159eben\u00ed d\u00edl\u016f, nespr\u00e1vn\u00e9 pou\u017eit\u00ed, nedodr\u017een\u00ed pokyn\u016f k pou\u017eit\u00ed, po\u017e\u00e1r, blesk, p\u0159ep\u011bt\u00ed, vlhkost jak\u00e9hokoli druhu, provoz s nespr\u00e1vn\u00fdm typem proudu nebo nap\u011bt\u00ed, z\u00e1sahy nebo opravy neopr\u00e1vn\u011bn\u00fdmi osobami, nekompatibilita s nepodporovan\u00fdmi opera\u010dn\u00edmi syst\u00e9my nebo jin\u00fdm nekompatibiln\u00edm softwarem.<\/p>\n<p>Pokud spole\u010dnost HIKITEC GmbH p\u0159ijme opraven\u00e9 z\u00e1silky po uplynut\u00ed z\u00e1ru\u010dn\u00ed doby, nem\u00e1 kupuj\u00edc\u00ed v\u016f\u010di spole\u010dnosti HIKITEC GmbH n\u00e1rok na sn\u00ed\u017een\u00ed ceny, odstoupen\u00ed od smlouvy nebo novou dod\u00e1vku. V tomto p\u0159\u00edpad\u011b spole\u010dnost HIKITEC GmbH pouze p\u0159ed\u00e1 p\u0159edm\u011bt k oprav\u011b sv\u00e9mu subdodavateli jm\u00e9nem kupuj\u00edc\u00edho, aby kupuj\u00edc\u00ed mohl vyu\u017e\u00edt p\u0159\u00edpadn\u00e9 del\u0161\u00ed z\u00e1ruky v\u00fdrobce. Zjevn\u00e9 vady je t\u0159eba p\u00edsemn\u011b ozn\u00e1mit neprodlen\u011b, nejpozd\u011bji v\u0161ak do 10 pracovn\u00edch dn\u016f od p\u0159evzet\u00ed dod\u00e1vky. Jinak jsou n\u00e1roky z vad vylou\u010deny. P\u0159i obchodn\u00edch transakc\u00edch se nav\u00edc pou\u017eij\u00ed \u00a7\u00a7377, 387 obchodn\u00edho z\u00e1kon\u00edku. Vr\u00e1cen\u00ed je mo\u017en\u00e9 pouze na z\u00e1klad\u011b \u010d\u00edsla RMA vydan\u00e9ho servisn\u00edm odd\u011blen\u00edm spole\u010dnosti HIKITEC GmbH. K tomuto vr\u00e1cen\u00ed, kter\u00e9 je v\u017edy bezplatn\u00e9, je t\u0159eba p\u0159ilo\u017eit kopii faktury a podrobn\u00fd popis z\u00e1vady. Pokud pro v\u00fdrobek nebo skupinu v\u00fdrobk\u016f existuje samostatn\u00fd servis v\u00fdrobce, mus\u00ed b\u00fdt vr\u00e1cen\u00e9 zbo\u017e\u00ed zasl\u00e1no p\u0159\u00edmo v\u00fdrobci podle jeho pokyn\u016f. Spole\u010dnost HIKITEC GmbH si vyhrazuje pr\u00e1vo vr\u00e1tit neopr\u00e1vn\u011bn\u011b, bezplatn\u011b, jako\u017e i vr\u00e1cen\u00e9 zbo\u017e\u00ed bez dokladu o koupi nebo jin\u00fdch chyb\u011bj\u00edc\u00edch doklad\u016f kupuj\u00edc\u00edmu na jeho n\u00e1klady a manipula\u010dn\u00ed poplatek podle cen\u00edku slu\u017eeb. Pokud se na p\u0159edm\u011btu dod\u00e1vky vyskytne vada, za kterou odpov\u00edd\u00e1me, je spole\u010dnost HIKITEC GmbH opr\u00e1vn\u011bna podle sv\u00e9ho uv\u00e1\u017een\u00ed vadu odstranit nebo prov\u00e9st novou dod\u00e1vku ve smyslu \u00a7 439 BGB (n\u011bmeck\u00e9ho ob\u010dansk\u00e9ho z\u00e1kon\u00edku). Dal\u0161\u00ed pr\u00e1va, zejm\u00e9na pr\u00e1vo na odstoupen\u00ed od kupn\u00ed smlouvy, m\u016f\u017eeme uplatnit a\u017e po uplynut\u00ed ur\u010dit\u00e9 lh\u016fty pro dodate\u010dn\u00e9 pln\u011bn\u00ed nebo n\u00e1pravu nebo pot\u00e9, co se to dvakr\u00e1t nepoda\u0159ilo. Po uplynut\u00ed 12 m\u011bs\u00edc\u016f od data dod\u00e1n\u00ed jsou z\u00e1ru\u010dn\u00ed n\u00e1roky omezeny na odstran\u011bn\u00ed z\u00e1vad nebo dobropis v aktu\u00e1ln\u00ed hodnot\u011b podle rozhodnut\u00ed spole\u010dnosti HIKITEC GmbH. Kupuj\u00edc\u00ed je povinen p\u0159ed vr\u00e1cen\u00edm p\u0159edm\u011btu dod\u00e1vky prov\u00e9st z\u00e1lohu j\u00edm po\u017eadovan\u00fdch \u00fadaj\u016f. Spole\u010dnost HIKITEC GmbH nenese \u017e\u00e1dnou odpov\u011bdnost za p\u0159\u00edpadnou ztr\u00e1tu dat na pam\u011b\u0165ov\u00e9m m\u00e9diu v dob\u011b vr\u00e1cen\u00ed. V d\u016fsledku v\u00fdm\u011bny d\u00edl\u016f, sestav nebo cel\u00fdch za\u0159\u00edzen\u00ed nevznik\u00e1 nov\u00e1 z\u00e1ru\u010dn\u00ed doba. Vyjmut\u00e9 nebo vym\u011bn\u011bn\u00e9 d\u00edly se st\u00e1vaj\u00ed majetkem spole\u010dnosti HIKITEC GmbH. V p\u0159\u00edpadech, kdy &#8211; i pro na\u0161eho kupuj\u00edc\u00edho &#8211; nedoch\u00e1z\u00ed v r\u00e1mci dodavatelsk\u00e9ho \u0159et\u011bzce k n\u00e1kupu spot\u0159ebn\u00edho zbo\u017e\u00ed, se ustanoven\u00ed \u00a7\u00a7 474-479 BGB nepou\u017eij\u00ed. Pokud kupuj\u00edc\u00ed zbo\u017e\u00ed d\u00e1le prod\u00e1 v r\u00e1mci koup\u011b spot\u0159ebn\u00edho zbo\u017e\u00ed, lze po\u017eadovat \u00fahradu vznikl\u00fdch n\u00e1klad\u016f ve smyslu \u00a7 478 BGB pouze tehdy, pokud je prok\u00e1z\u00e1no, \u017ee tyto n\u00e1klady vznikly. N\u00e1hrada t\u011bchto v\u00fddaj\u016f se poskytuje pouze do v\u00fd\u0161e 2 % \u010dist\u00e9 hodnoty zbo\u017e\u00ed. Dal\u0161\u00ed n\u00e1roky, kter\u00e9 se op\u00edraj\u00ed o \u00a7 478 BGB, jsou vyvr\u00e1ceny sjednanou 24m\u011bs\u00ed\u010dn\u00ed z\u00e1rukou jako rovnocennou n\u00e1hradou ve smyslu \u00a7 478 IV S. 1 BGB. Pokud nen\u00ed v\u00fdslovn\u011b dohodnuto jinak, jsou dal\u0161\u00ed n\u00e1roky kupuj\u00edc\u00edho &#8211; bez ohledu na pr\u00e1vn\u00ed d\u016fvod &#8211; vylou\u010deny. Spole\u010dnost HIKITEC GmbH proto neodpov\u00edd\u00e1 za \u0161kody, kter\u00e9 nevznikly p\u0159\u00edmo v p\u0159edm\u011btu dod\u00e1vky, zejm\u00e9na ne za u\u0161l\u00fd zisk nebo jin\u00e9 finan\u010dn\u00ed ztr\u00e1ty kupuj\u00edc\u00edho. V\u00fd\u0161e uveden\u00e9 zpro\u0161t\u011bn\u00ed odpov\u011bdnosti neplat\u00ed, pokud je \u0161koda zp\u016fsobena \u00famysln\u011b, hrubou nedbalost\u00ed, absenc\u00ed zaru\u010den\u00e9 vlastnosti, poru\u0161en\u00edm podstatn\u00fdch smluvn\u00edch povinnost\u00ed, nepln\u011bn\u00edm, nemo\u017enost\u00ed pln\u011bn\u00ed nebo n\u00e1roky na z\u00e1klad\u011b \u00a7\u00a7 1.4 z\u00e1kona o odpov\u011bdnosti za \u0161kodu zp\u016fsobenou vadou v\u00fdrobku. Spole\u010dnost HIKITEC GmbH neodpov\u00edd\u00e1 za obnovu dat, pokud ztr\u00e1tu zp\u016fsobila \u00famysln\u011b nebo hrubou nedbalost\u00ed a kupuj\u00edc\u00ed zajistil z\u00e1lohov\u00e1n\u00ed dat tak, aby bylo mo\u017en\u00e9 data s vynalo\u017een\u00edm p\u0159im\u011b\u0159en\u00e9ho \u00fasil\u00ed obnovit. N\u00e1roky na n\u00e1hradu \u0161kody lze v\u016f\u010di spole\u010dnosti HIKITEC GmbH uplatnit ve v\u0161ech p\u0159\u00edpadech, a to i v p\u0159\u00edpad\u011b ne\u00fasp\u011b\u0161n\u00e9 opravy nebo n\u00e1sledn\u00e9 dod\u00e1vky, pouze tehdy, pokud lze prok\u00e1zat, \u017ee spole\u010dnost HIKITEC GmbH jednala \u00famysln\u011b nebo z hrub\u00e9 nedbalosti, nebo pokud chyb\u00ed zaru\u010den\u00e9 vlastnosti. Pokud je vylou\u010dena odpov\u011bdnost spole\u010dnosti HIKITEC GmbH, plat\u00ed to zejm\u00e9na pro osobn\u00ed odpov\u011bdnost jej\u00edch zam\u011bstnanc\u016f, pracovn\u00edk\u016f, z\u00e1stupc\u016f a zprost\u0159edkovatel\u016f. Krom\u011b zde uveden\u00fdch bod\u016f plat\u00ed ve v\u0161ech p\u0159\u00edpadech aktu\u00e1ln\u00ed podm\u00ednky pro vr\u00e1cen\u00ed zbo\u017e\u00ed a servisn\u00ed podm\u00ednky spole\u010dnosti HIKITEC GmbH p\u0159ilo\u017een\u00e9 ke ka\u017ed\u00e9 dod\u00e1vce.<\/p>\n<p> <strong>17. poru\u0161en\u00ed smlouvy<\/strong> <strong>a platebn\u00ed neschopnost kupuj\u00edc\u00edho<\/strong><\/p>\n<p>Ani\u017e by byly dot\u010deny jak\u00e9koli jin\u00e9 n\u00e1roky nebo pr\u00e1va, m\u016f\u017ee spole\u010dnost HIKITEC GmbH ukon\u010dit smluvn\u00ed vztah bez v\u00fdpov\u011bdn\u00ed lh\u016fty, pokud kupuj\u00edc\u00ed nespln\u00ed v\u010das sv\u00e9 platebn\u00ed povinnosti nebo poru\u0161\u00ed jinou podstatnou smluvn\u00ed povinnost, ukon\u010d\u00ed svou obchodn\u00ed \u010dinnost nebo pod\u00e1 n\u00e1vrh na konkurzn\u00ed nebo vyrovn\u00e1vac\u00ed \u0159\u00edzen\u00ed, d\u00e1le pokud je na majetek kupuj\u00edc\u00edho zah\u00e1jeno konkurzn\u00ed nebo vyrovn\u00e1vac\u00ed \u0159\u00edzen\u00ed na n\u00e1vrh t\u0159et\u00ed strany.<\/p>\n<p><strong> 18. bezpe\u010dnost v\u00fdrobk\u016f<\/strong><\/p>\n<p>Gem\u00e4\u00df Produktsicherheitsgesetz (ProdSG \u00a76) werden Produkte standardm\u00e4\u00dfig mit den Kontakt- und Adressdaten der HIKITEC GmbH gekennzeichnet, sofern der Kunde diesbez\u00fcglich keine anderen Angaben macht. Die Abweichung kann nur gegen die Berechnung des Selbstkostenpreises vorgenommen werden.<\/p>\n<p><strong> 19 \u00dast\u0159edn\u00ed \u00fa\u0159ad pro pr\u00e1va soukrom\u00e9ho p\u0159evodu (ZP\u00dc)<\/strong><\/p>\n<p>Na\u0161e ceny zahrnuj\u00ed poplatky GEMA, kter\u00e9 je t\u0159eba uhradit. Povinnost distributor\u016f v\u00fdrobk\u016f podl\u00e9haj\u00edc\u00edch odm\u011bn\u011b vypl\u00fdv\u00e1 z \u00a7 54b odst. 1 a 3 UrhG. Prodejce je odpov\u011bdn\u00fd spole\u010dn\u011b a nerozd\u00edln\u011b s v\u00fdrobcem a dovozcem. Podle \u00a7 54 odst. 3 UrhG se distributor zprost\u00ed povinnosti platit licen\u010dn\u00ed poplatky, pokud do 10. ledna a 10. \u010dervence ka\u017ed\u00e9ho roku za p\u0159edchoz\u00ed kalend\u00e1\u0159n\u00ed pololet\u00ed p\u00edsemn\u011b ozn\u00e1m\u00ed ZP\u00dc, ani\u017e by k tomu byl vyzv\u00e1n, druh a po\u010det nakoupen\u00fdch za\u0159\u00edzen\u00ed a pam\u011b\u0165ov\u00fdch m\u00e9di\u00ed a zdroj jejich dod\u00e1vky (\u00a7 54b odst. 3 \u010d. 2 UrhG).<\/p>\n<p><strong> 20 Rozhodn\u00e9 pr\u00e1vo, soudn\u00ed p\u0159\u00edslu\u0161nost<\/strong><\/p>\n<p>Smlouvy stran se \u0159\u00edd\u00ed n\u011bmeck\u00fdm pr\u00e1vem. M\u00edstem p\u0159\u00edslu\u0161nosti je D\u00fcsseldorf. Pro osoby, kter\u00e9 nemaj\u00ed obecnou p\u0159\u00edslu\u0161nost v N\u011bmecku nebo ji v dob\u011b pod\u00e1n\u00ed \u017ealoby ji\u017e nemaj\u00ed, je m\u00edstn\u011b p\u0159\u00edslu\u0161n\u00fdm soudem rovn\u011b\u017e D\u00fcsseldorf. V\u00fd\u0161e uveden\u00e1 ujedn\u00e1n\u00ed o m\u00edstn\u00ed p\u0159\u00edslu\u0161nosti se vztahuj\u00ed na v\u0161echny spory vypl\u00fdvaj\u00edc\u00ed ze smlouvy a v souvislosti s n\u00ed. V\u00fd\u0161e uveden\u00e1 dohoda o soudn\u00ed p\u0159\u00edslu\u0161nosti se vztahuje tak\u00e9 na spory vypl\u00fdvaj\u00edc\u00ed z postoupen\u00fdch pr\u00e1v jednoho z na\u0161ich poskytovatel\u016f slu\u017eeb, smluvn\u00edch dom\u016f nebo jako pr\u00e1vn\u00edho z\u00e1stupce t\u011bchto osob.<\/p>\n<p><strong>21. <a href=\"http:\/\/hikitec.de\/datenschutz\/\" target=\"_blank\" rel=\"noopener noreferrer\">ochrana \u00fadaj\u016f<\/a><\/strong><\/p>\n<p>\u00dadaje pot\u0159ebn\u00e9 pro zpracov\u00e1n\u00ed objedn\u00e1vky budou ulo\u017eeny a bude s nimi zach\u00e1zeno d\u016fv\u011brn\u011b v souladu se z\u00e1konem o ochran\u011b osobn\u00edch \u00fadaj\u016f. Vyhrazujeme si pr\u00e1vo pou\u017e\u00edt \u00fadaje shrom\u00e1\u017ed\u011bn\u00e9 v souvislosti s objedn\u00e1vkou k propagaci na\u0161eho vlastn\u00edho podobn\u00e9ho zbo\u017e\u00ed. Proti tomuto pou\u017eit\u00ed m\u016f\u017eete kdykoli vzn\u00e9st n\u00e1mitku.<\/p>\n<p><strong>22. obchod<\/strong><\/p>\n<p>Spole\u010dnost HIKITEC GmbH dod\u00e1v\u00e1 v\u00fdhradn\u011b \u017eivnostn\u00edk\u016fm, soukrom\u00fdm osob\u00e1m se nedod\u00e1v\u00e1.<\/p>\n<p><strong>  23.  <\/strong><strong>Dolo\u017eka o odd\u011blitelnosti<\/strong><\/p>\n<p>Pokud by jednotliv\u00e1 ustanoven\u00ed t\u011bchto podm\u00ednek byla nebo se stala pr\u00e1vn\u011b ne\u00fa\u010dinn\u00fdmi nebo ne\u00fapln\u00fdmi vcelku nebo z\u010d\u00e1sti, nem\u00e1 to vliv na platnost ostatn\u00edch ustanoven\u00ed. Vadn\u00e9 nebo ne\u00fapln\u00e9 ustanoven\u00ed se nov\u011b vylo\u017e\u00ed jako ustanoven\u00ed, jeho\u017e ekonomick\u00fd a pr\u00e1vn\u00ed v\u00fdznam se co nejv\u00edce bl\u00ed\u017e\u00ed v\u00fdznamu vadn\u00e9ho ustanoven\u00ed, ale kter\u00e9 je \u00fa\u010dinn\u00e9 a\/nebo \u00fapln\u00e9.<\/p>\n<\/div><\/section>\n<section class=\"av_textblock_section \"  itemscope=\"itemscope\" itemtype=\"https:\/\/schema.org\/CreativeWork\" ><div class='avia_textblock  '   itemprop=\"text\" ><input type=\"button\" value=\"Zp\u011bt\" class=\"alg_back_button_input \" style=\"\" onclick=\"window.history.back()\" \/>\n<\/div><\/section>\n","protected":false},"excerpt":{"rendered":"","protected":false},"author":2,"featured_media":0,"parent":0,"menu_order":0,"comment_status":"closed","ping_status":"closed","template":"","meta":{"footnotes":""},"class_list":["post-68016","page","type-page","status-publish","hentry"],"_links":{"self":[{"href":"https:\/\/hikitec.de\/cs\/wp-json\/wp\/v2\/pages\/68016","targetHints":{"allow":["GET"]}}],"collection":[{"href":"https:\/\/hikitec.de\/cs\/wp-json\/wp\/v2\/pages"}],"about":[{"href":"https:\/\/hikitec.de\/cs\/wp-json\/wp\/v2\/types\/page"}],"author":[{"embeddable":true,"href":"https:\/\/hikitec.de\/cs\/wp-json\/wp\/v2\/users\/2"}],"replies":[{"embeddable":true,"href":"https:\/\/hikitec.de\/cs\/wp-json\/wp\/v2\/comments?post=68016"}],"version-history":[{"count":7,"href":"https:\/\/hikitec.de\/cs\/wp-json\/wp\/v2\/pages\/68016\/revisions"}],"predecessor-version":[{"id":717615,"href":"https:\/\/hikitec.de\/cs\/wp-json\/wp\/v2\/pages\/68016\/revisions\/717615"}],"wp:attachment":[{"href":"https:\/\/hikitec.de\/cs\/wp-json\/wp\/v2\/media?parent=68016"}],"curies":[{"name":"wp","href":"https:\/\/api.w.org\/{rel}","templated":true}]}}