{"id":717671,"date":"2023-03-01T16:00:09","date_gmt":"2023-03-01T15:00:09","guid":{"rendered":"https:\/\/hikitec.de\/rozdily\/"},"modified":"2023-03-01T16:00:09","modified_gmt":"2023-03-01T15:00:09","slug":"rozdily","status":"publish","type":"page","link":"https:\/\/hikitec.de\/cs\/rozdily\/","title":{"rendered":"Rozd\u00edly"},"content":{"rendered":"<p>Proto\u017ee ve v\u00fdrob\u011b nelze zabr\u00e1nit rozd\u00edl\u016fm, jsou maxim\u00e1ln\u00ed odchylky definov\u00e1ny v toleran\u010dn\u00edch hodnot\u00e1ch o\u010dek\u00e1van\u00e9 kvality.<\/p>\n<p>Tolerance \u00b10,1 mm znamen\u00e1 odchylku 0,2 mm. Zpravidla se materi\u00e1ly zpracov\u00e1vaj\u00ed do kone\u010dn\u00fdch produkt\u016f, kter\u00e9 vykazuj\u00ed rozd\u00edly ji\u017e samy o sob\u011b a v d\u016fsledku tisku p\u0159ed kone\u010dnou \u00fapravou tisku. Proto se rozli\u0161uje mezi:<\/p>\n<p>&#8211; Dov\u00e1\u017een\u00e9 rozd\u00edly<br \/>\n&#8211; Tolerance p\u0159i dokon\u010dov\u00e1n\u00ed tisku<\/p>\n","protected":false},"excerpt":{"rendered":"<p>Proto\u017ee ve v\u00fdrob\u011b nelze zabr\u00e1nit rozd\u00edl\u016fm, jsou maxim\u00e1ln\u00ed odchylky definov\u00e1ny v toleran\u010dn\u00edch hodnot\u00e1ch o\u010dek\u00e1van\u00e9 kvality. Tolerance \u00b10,1 mm znamen\u00e1 odchylku 0,2 mm. Zpravidla se materi\u00e1ly zpracov\u00e1vaj\u00ed do kone\u010dn\u00fdch produkt\u016f, kter\u00e9 vykazuj\u00ed rozd\u00edly ji\u017e samy o sob\u011b a v d\u016fsledku tisku p\u0159ed kone\u010dnou \u00fapravou tisku. Proto se rozli\u0161uje mezi: &#8211; Dov\u00e1\u017een\u00e9 rozd\u00edly &#8211; Tolerance p\u0159i dokon\u010dov\u00e1n\u00ed [&hellip;]<\/p>\n","protected":false},"author":5,"featured_media":0,"parent":0,"menu_order":0,"comment_status":"closed","ping_status":"closed","template":"","meta":{"footnotes":""},"class_list":["post-717671","page","type-page","status-publish","hentry"],"_links":{"self":[{"href":"https:\/\/hikitec.de\/cs\/wp-json\/wp\/v2\/pages\/717671","targetHints":{"allow":["GET"]}}],"collection":[{"href":"https:\/\/hikitec.de\/cs\/wp-json\/wp\/v2\/pages"}],"about":[{"href":"https:\/\/hikitec.de\/cs\/wp-json\/wp\/v2\/types\/page"}],"author":[{"embeddable":true,"href":"https:\/\/hikitec.de\/cs\/wp-json\/wp\/v2\/users\/5"}],"replies":[{"embeddable":true,"href":"https:\/\/hikitec.de\/cs\/wp-json\/wp\/v2\/comments?post=717671"}],"version-history":[{"count":0,"href":"https:\/\/hikitec.de\/cs\/wp-json\/wp\/v2\/pages\/717671\/revisions"}],"wp:attachment":[{"href":"https:\/\/hikitec.de\/cs\/wp-json\/wp\/v2\/media?parent=717671"}],"curies":[{"name":"wp","href":"https:\/\/api.w.org\/{rel}","templated":true}]}}