{"id":717769,"date":"2023-03-02T08:50:12","date_gmt":"2023-03-02T07:50:12","guid":{"rendered":"https:\/\/hikitec.de\/cenik-novy-odkaz\/"},"modified":"2023-03-02T08:50:13","modified_gmt":"2023-03-02T07:50:13","slug":"cenik-novy-odkaz","status":"publish","type":"page","link":"https:\/\/hikitec.de\/cs\/cenik-novy-odkaz\/","title":{"rendered":"Cen\u00edk nov\u00fd odkaz"},"content":{"rendered":"<section class=\"av_textblock_section \"  itemscope=\"itemscope\" itemtype=\"https:\/\/schema.org\/CreativeWork\" ><div class='avia_textblock  '   itemprop=\"text\" ><p>V\u00e1\u017een\u00fd obchodn\u00ed partner,<\/p>\n<p>Pokusili jste se st\u00e1hnout cen\u00edk HIKITEC pomoc\u00ed odkazu, kter\u00fd ji\u017e nen\u00ed aktu\u00e1ln\u00ed.<\/p>\n<p>Abychom ochr\u00e1nili cen\u00edky p\u0159ed neopr\u00e1vn\u011bn\u00fdm p\u0159\u00edstupem, aktualizujeme odkaz ke sta\u017een\u00ed jednou t\u00fddn\u011b.<br \/>\nJakmile zm\u011bn\u00edme strukturu odkaz\u016f, obdr\u017e\u00edte od n\u00e1s jako registrovan\u00fd prodejce newsletter s nov\u00fdmi odkazy ke sta\u017een\u00ed.<\/p>\n<\/div><\/section>\n\n<style type=\"text\/css\" id=\"style-css-av-1an71grs-00719d2f76f77e7536ddae2e31f537cb\">\n#top .flex_column.av-1an71grs-00719d2f76f77e7536ddae2e31f537cb{\nborder-radius:0px;\n-webkit-border-radius:0px;\n-moz-border-radius:0px;\npadding:0px;\n}\n<\/style>\n<div class='flex_column av-1an71grs-00719d2f76f77e7536ddae2e31f537cb av_one_half  avia-builder-el-1  el_after_av_textblock  el_before_av_one_half  first flex_column_div av-zero-column-padding column-top-margin'   ><p><section class=\"av_textblock_section \"  itemscope=\"itemscope\" itemtype=\"https:\/\/schema.org\/CreativeWork\" ><div class='avia_textblock  '   itemprop=\"text\" ><p>Pokud m\u00e1te z\u00e1jem o zas\u00edl\u00e1n\u00ed na\u0161eho zpravodaje, m\u016f\u017eete se zdarma zaregistrovat zde:<\/p>\n<p><a href=\"https:\/\/hikitec.de\/cs\/novi-zakaznici-04-de\/\" target=\"_blank\" rel=\"noopener\">https:\/\/hikitec.de\/newsletter\/<\/a><\/p>\n<p>Samoz\u0159ejm\u011b ch\u00e1peme, \u017ee se to na prvn\u00ed pohled m\u016f\u017ee zd\u00e1t trochu komplikovan\u00e9, ale ochrana va\u0161ich maloobchodn\u00edch a prodejn\u00edch cen za to v ka\u017ed\u00e9m p\u0159\u00edpad\u011b stoj\u00ed.<br \/>\nTento p\u0159\u00edstup m\u00e1 tak\u00e9 velkou v\u00fdhodu p\u0159i ka\u017edodenn\u00edm pou\u017e\u00edv\u00e1n\u00ed. Pro p\u0159\u00edstup nepot\u0159ebujete heslo a o nov\u00fdch cen\u00e1ch jste v\u017edy informov\u00e1ni prost\u0159ednictv\u00edm na\u0161eho newsletteru.<\/p>\n<\/div><\/section><br \/>\n<section class=\"av_textblock_section \"  itemscope=\"itemscope\" itemtype=\"https:\/\/schema.org\/CreativeWork\" ><div class='avia_textblock  '   itemprop=\"text\" ><p>Mnoho pozdrav\u016f<\/p>\n<p>V\u00e1\u0161 t\u00fdm spole\u010dnosti HIKITEC GmbH<\/p>\n<\/div><\/section><\/p><\/div>\n\n<style type=\"text\/css\" id=\"style-css-av-17em8xk8-5cc8712c3bbbf86ed3654d2915d3d929\">\n#top .flex_column.av-17em8xk8-5cc8712c3bbbf86ed3654d2915d3d929{\nborder-radius:0px;\n-webkit-border-radius:0px;\n-moz-border-radius:0px;\npadding:0px;\n}\n<\/style>\n<div class='flex_column av-17em8xk8-5cc8712c3bbbf86ed3654d2915d3d929 av_one_half  avia-builder-el-4  el_after_av_one_half  avia-builder-el-last  flex_column_div av-zero-column-padding column-top-margin'   ><form action=\"https:\/\/hikitec.de\/cs\/cenik-novy-odkaz\/\" method=\"post\"  class=\"avia_ajax_form av-form-labels-visible   avia-builder-el-5  avia-builder-el-no-sibling   \" data-avia-form-id=\"1\" data-avia-redirect='' ><h3 class=''>\u017d\u00e1dost o zas\u00edl\u00e1n\u00ed novinek Odkaz<\/h3><fieldset><p class='  first_form  form_element form_fullwidth' id='element_avia_1_1'><label for=\"avia_1_1\">Spole\u010dnost<\/label> <input name=\"avia_1_1\" class=\"text_input \" type=\"text\" id=\"avia_1_1\" value=\"\" \/><\/p><p class=' first_form  form_element form_element_third' id='element_avia_2_1'><label for=\"avia_2_1\">Pozdrav<\/label> <select  name=\"avia_2_1\" class=\"select \" id=\"avia_2_1\"><option  value ='Pan'>Pan<\/option><option  value ='pan\u00ed'>pan\u00ed<\/option><\/select><\/p><p class='  form_element form_element_third' id='element_avia_3_1'><label for=\"avia_3_1\">K\u0159estn\u00ed jm\u00e9no<\/label> <input name=\"avia_3_1\" class=\"text_input \" type=\"text\" id=\"avia_3_1\" value=\"\" \/><\/p><p class='  form_element form_element_third' id='element_avia_4_1'><label for=\"avia_4_1\">P\u0159\u00edjmen\u00ed<\/label> <input name=\"avia_4_1\" class=\"text_input \" type=\"text\" id=\"avia_4_1\" value=\"\" \/><\/p><p class='  first_form  form_element form_fullwidth' id='element_avia_5_1'><label for=\"avia_5_1\">E-mail <abbr class=\"required\" title=\"required\">*<\/abbr><\/label> <input name=\"avia_5_1\" class=\"text_input is_email\" type=\"text\" id=\"avia_5_1\" value=\"\" \/><\/p><p class=' first_form  form_element form_fullwidth' id='element_avia_6_1'>    <input checked=\"checked\" name=\"avia_6_1\" class=\"input_checkbox \" type=\"checkbox\" id=\"avia_6_1\" value=\"true\"\/><label class=\"input_checkbox_label\" for=\"avia_6_1\">P\u0159e\u010detl\/a jsem si ozn\u00e1men\u00ed o ochran\u011b osobn\u00edch \u00fadaj\u016f a vzal\/a jsem ho na v\u011bdom\u00ed. *<\/label><\/p><div id='avia_7_1' class='av-form-text'><\/p>\n<div id=\"avia_9_1\" class=\"av-form-text\">\n<div id=\"avia_14_1\" class=\"av-form-text\">\n<p>* Vzal\/a jsem na v\u011bdom\u00ed informace o <a href=\"https:\/\/hikitec.de\/cs\/ochrana-udaju\/\" target=\"_blank\" rel=\"noopener\">ochran\u011b osobn\u00edch \u00fadaj\u016f<\/a>, jako\u017e i informace o odvol\u00e1n\u00ed a souhlas\u00edm s nimi.Kompakt: Informace o ochran\u011b osobn\u00edch \u00fadaj\u016f Va\u0161e e-mailov\u00e1 adresa bude pou\u017eita pouze za \u00fa\u010delem vy\u0159\u00edzen\u00ed va\u0161\u00ed \u017e\u00e1dosti spole\u010dnosti HIKITEC. Obsahuje informace o produktech, sez\u00f3nn\u00edch akc\u00edch nebo novink\u00e1ch. Va\u0161e e-mailov\u00e1 adresa nebude nikdy p\u0159ed\u00e1na t\u0159et\u00edm stran\u00e1m pro reklamn\u00ed \u00fa\u010dely a bude pou\u017eita pouze v r\u00e1mci zas\u00edl\u00e1n\u00ed newsletteru.<\/p>\n<p>Upozorn\u011bn\u00ed na odvolatelnost Tento souhlas m\u016f\u017eete kdykoli odvolat odhl\u00e1\u0161en\u00edm ze seznamu. Pokyny k odhl\u00e1\u0161en\u00ed jsou sou\u010d\u00e1st\u00ed ka\u017ed\u00e9ho newsletteru.<\/p>\n<\/div>\n<\/div>\n<p>\n<\/div><p class=\"hidden\"><input type=\"text\" name=\"avia_8_1\" class=\"hidden \" id=\"avia_8_1\" value=\"\" \/><\/p><p class=\"form_element \"><input type=\"hidden\" value=\"1\" name=\"avia_generated_form1\" \/><input type=\"submit\" value=\"\u017d\u00e1dost\" class=\"button\"  data-sending-label=\"Sending\"\/><\/p><\/fieldset><\/form><div id=\"ajaxresponse_1\" class=\"ajaxresponse ajaxresponse_1 hidden\"><\/div><\/div>\n","protected":false},"excerpt":{"rendered":"","protected":false},"author":2,"featured_media":0,"parent":0,"menu_order":0,"comment_status":"closed","ping_status":"closed","template":"","meta":{"footnotes":""},"class_list":["post-717769","page","type-page","status-publish","hentry"],"_links":{"self":[{"href":"https:\/\/hikitec.de\/cs\/wp-json\/wp\/v2\/pages\/717769","targetHints":{"allow":["GET"]}}],"collection":[{"href":"https:\/\/hikitec.de\/cs\/wp-json\/wp\/v2\/pages"}],"about":[{"href":"https:\/\/hikitec.de\/cs\/wp-json\/wp\/v2\/types\/page"}],"author":[{"embeddable":true,"href":"https:\/\/hikitec.de\/cs\/wp-json\/wp\/v2\/users\/2"}],"replies":[{"embeddable":true,"href":"https:\/\/hikitec.de\/cs\/wp-json\/wp\/v2\/comments?post=717769"}],"version-history":[{"count":2,"href":"https:\/\/hikitec.de\/cs\/wp-json\/wp\/v2\/pages\/717769\/revisions"}],"predecessor-version":[{"id":717771,"href":"https:\/\/hikitec.de\/cs\/wp-json\/wp\/v2\/pages\/717769\/revisions\/717771"}],"wp:attachment":[{"href":"https:\/\/hikitec.de\/cs\/wp-json\/wp\/v2\/media?parent=717769"}],"curies":[{"name":"wp","href":"https:\/\/api.w.org\/{rel}","templated":true}]}}