{"id":97933,"date":"2021-04-15T10:26:47","date_gmt":"2021-04-15T08:26:47","guid":{"rendered":"https:\/\/hikitec.de\/graficke-karty\/"},"modified":"2021-04-15T10:33:00","modified_gmt":"2021-04-15T08:33:00","slug":"graficke-karty","status":"publish","type":"page","link":"https:\/\/hikitec.de\/cs\/graficke-karty\/","title":{"rendered":"Video bro\u017eura"},"content":{"rendered":"\n<style type=\"text\/css\" id=\"style-css-av-av_one_full-1df1b63c6c045939f2dc1aefbdd8e7ad\">\n#top .flex_column.av-av_one_full-1df1b63c6c045939f2dc1aefbdd8e7ad{\nborder-radius:0px;\n-webkit-border-radius:0px;\n-moz-border-radius:0px;\npadding:0px;\n}\n<\/style>\n<div class='flex_column av-av_one_full-1df1b63c6c045939f2dc1aefbdd8e7ad av_one_full  avia-builder-el-0  avia-builder-el-no-sibling  first flex_column_div av-zero-column-padding '   ><div  id=\"av-sc-portfolio-1\"  class=' grid-sort-container isotope   no_margin-container with-title-container grid-total-even grid-col-6 grid-links-' data-portfolio-id='1'><div data-ajax-id='528741' class=' grid-entry flex_column isotope-item all_sort no_margin post-entry post-entry-528741 grid-entry-overview grid-loop-1 grid-parity-odd  serie-vc-cs_sort video-cards-cs_sort  av_one_sixth first default_av_fullwidth '><article class='main_color inner-entry'  itemscope=\"itemscope\" itemtype=\"https:\/\/schema.org\/CreativeWork\" ><a href=\"https:\/\/hikitec.de\/cs\/portfoliu\/55025\/\" title='Video Brosch\u00fcre Mini 2.8 Z Soft Ob\u00e1lka Video-Cards'  data-rel='grid-1' class='grid-image avia-hover-fx'> <img decoding=\"async\" width=\"260\" height=\"185\" src=\"https:\/\/hikitec.de\/wp-content\/uploads\/55025-00-00000_01-4-260x185.jpg\" class=\"wp-image-742988 avia-img-lazy-loading-not-742988 attachment-portfolio_small size-portfolio_small wp-post-image\" alt=\"\" \/><\/a><div class='grid-content'><div class='avia-arrow'><\/div><header class=\"entry-content-header\"><h3 class='grid-entry-title entry-title '  itemprop=\"headline\" ><a href='https:\/\/hikitec.de\/cs\/portfoliu\/55025\/' title='Video Brosch\u00fcre Mini 2.8 Z Soft Ob\u00e1lka Video-Cards'>Video Brosch\u00fcre Mini 2.8 Z Soft Ob\u00e1lka Video-Cards<\/a><\/h3><\/header><\/div><footer class=\"entry-footer\"><\/footer><\/article><\/div><div data-ajax-id='528727' class=' grid-entry flex_column isotope-item all_sort no_margin post-entry post-entry-528727 grid-entry-overview grid-loop-2 grid-parity-even  serie-vc-cs_sort video-cards-cs_sort  av_one_sixth  default_av_fullwidth '><article class='main_color inner-entry'  itemscope=\"itemscope\" itemtype=\"https:\/\/schema.org\/CreativeWork\" ><a href=\"https:\/\/hikitec.de\/cs\/portfoliu\/55024\/\" title='Video Brosch\u00fcre Mini 2.4 Z Soft Ob\u00e1lka Video-Cards'  data-rel='grid-1' class='grid-image avia-hover-fx'> <img decoding=\"async\" width=\"260\" height=\"185\" src=\"https:\/\/hikitec.de\/wp-content\/uploads\/55024-00-00000_01-21-260x185.jpg\" class=\"wp-image-742952 avia-img-lazy-loading-not-742952 attachment-portfolio_small size-portfolio_small wp-post-image\" alt=\"\" \/><\/a><div class='grid-content'><div class='avia-arrow'><\/div><header class=\"entry-content-header\"><h3 class='grid-entry-title entry-title '  itemprop=\"headline\" ><a href='https:\/\/hikitec.de\/cs\/portfoliu\/55024\/' title='Video Brosch\u00fcre Mini 2.4 Z Soft Ob\u00e1lka Video-Cards'>Video Brosch\u00fcre Mini 2.4 Z Soft Ob\u00e1lka Video-Cards<\/a><\/h3><\/header><\/div><footer class=\"entry-footer\"><\/footer><\/article><\/div><div data-ajax-id='528718' class=' grid-entry flex_column isotope-item all_sort no_margin post-entry post-entry-528718 grid-entry-overview grid-loop-3 grid-parity-odd  serie-vc-cs_sort video-cards-cs_sort  av_one_sixth  default_av_fullwidth '><article class='main_color inner-entry'  itemscope=\"itemscope\" itemtype=\"https:\/\/schema.org\/CreativeWork\" ><a href=\"https:\/\/hikitec.de\/cs\/portfoliu\/55034\/\" title='Video Brosch\u00fcre A5 7.0 Z Soft Ob\u00e1lka Video-Cards'  data-rel='grid-1' class='grid-image avia-hover-fx'> <img decoding=\"async\" width=\"260\" height=\"185\" src=\"https:\/\/hikitec.de\/wp-content\/uploads\/55034-00-00000_01-15-260x185.jpg\" class=\"wp-image-742929 avia-img-lazy-loading-not-742929 attachment-portfolio_small size-portfolio_small wp-post-image\" alt=\"\" \/><\/a><div class='grid-content'><div class='avia-arrow'><\/div><header class=\"entry-content-header\"><h3 class='grid-entry-title entry-title '  itemprop=\"headline\" ><a href='https:\/\/hikitec.de\/cs\/portfoliu\/55034\/' title='Video Brosch\u00fcre A5 7.0 Z Soft Ob\u00e1lka Video-Cards'>Video Brosch\u00fcre A5 7.0 Z Soft Ob\u00e1lka Video-Cards<\/a><\/h3><\/header><\/div><footer class=\"entry-footer\"><\/footer><\/article><\/div><div data-ajax-id='528709' class=' grid-entry flex_column isotope-item all_sort no_margin post-entry post-entry-528709 grid-entry-overview grid-loop-4 grid-parity-even  serie-vc-cs_sort video-cards-cs_sort  av_one_sixth  default_av_fullwidth '><article class='main_color inner-entry'  itemscope=\"itemscope\" itemtype=\"https:\/\/schema.org\/CreativeWork\" ><a href=\"https:\/\/hikitec.de\/cs\/portfoliu\/55032\/\" title='Video Brosch\u00fcre A5 7.0 Z Hard Ob\u00e1lka Video-Cards'  data-rel='grid-1' class='grid-image avia-hover-fx'> <img decoding=\"async\" width=\"260\" height=\"185\" src=\"https:\/\/hikitec.de\/wp-content\/uploads\/55032-00-00000_01-19-260x185.jpg\" class=\"wp-image-742890 avia-img-lazy-loading-not-742890 attachment-portfolio_small size-portfolio_small wp-post-image\" alt=\"\" \/><\/a><div class='grid-content'><div class='avia-arrow'><\/div><header class=\"entry-content-header\"><h3 class='grid-entry-title entry-title '  itemprop=\"headline\" ><a href='https:\/\/hikitec.de\/cs\/portfoliu\/55032\/' title='Video Brosch\u00fcre A5 7.0 Z Hard Ob\u00e1lka Video-Cards'>Video Brosch\u00fcre A5 7.0 Z Hard Ob\u00e1lka Video-Cards<\/a><\/h3><\/header><\/div><footer class=\"entry-footer\"><\/footer><\/article><\/div><div data-ajax-id='528700' class=' grid-entry flex_column isotope-item all_sort no_margin post-entry post-entry-528700 grid-entry-overview grid-loop-5 grid-parity-odd  serie-vc-cs_sort video-cards-cs_sort  av_one_sixth  default_av_fullwidth '><article class='main_color inner-entry'  itemscope=\"itemscope\" itemtype=\"https:\/\/schema.org\/CreativeWork\" ><a href=\"https:\/\/hikitec.de\/cs\/portfoliu\/55027\/\" title='Video Brosch\u00fcre A5 5.0 Z Soft Ob\u00e1lka Video-Cards'  data-rel='grid-1' class='grid-image avia-hover-fx'> <img decoding=\"async\" width=\"260\" height=\"185\" src=\"https:\/\/hikitec.de\/wp-content\/uploads\/55027-00-00000_01-24-260x185.jpg\" class=\"wp-image-742859 avia-img-lazy-loading-not-742859 attachment-portfolio_small size-portfolio_small wp-post-image\" alt=\"\" \/><\/a><div class='grid-content'><div class='avia-arrow'><\/div><header class=\"entry-content-header\"><h3 class='grid-entry-title entry-title '  itemprop=\"headline\" ><a href='https:\/\/hikitec.de\/cs\/portfoliu\/55027\/' title='Video Brosch\u00fcre A5 5.0 Z Soft Ob\u00e1lka Video-Cards'>Video Brosch\u00fcre A5 5.0 Z Soft Ob\u00e1lka Video-Cards<\/a><\/h3><\/header><\/div><footer class=\"entry-footer\"><\/footer><\/article><\/div><div data-ajax-id='528691' class=' grid-entry flex_column isotope-item all_sort no_margin post-entry post-entry-528691 grid-entry-overview grid-loop-6 grid-parity-even  serie-vc-cs_sort video-cards-cs_sort  av_one_sixth  default_av_fullwidth '><article class='main_color inner-entry'  itemscope=\"itemscope\" itemtype=\"https:\/\/schema.org\/CreativeWork\" ><a href=\"https:\/\/hikitec.de\/cs\/portfoliu\/55030\/\" title='Video Brosch\u00fcre A5 5.0 Z Hard Ob\u00e1lka Video-Cards'  data-rel='grid-1' class='grid-image avia-hover-fx'> <img decoding=\"async\" width=\"260\" height=\"185\" src=\"https:\/\/hikitec.de\/wp-content\/uploads\/55030-00-00000_01-17-260x185.jpg\" class=\"wp-image-742833 avia-img-lazy-loading-not-742833 attachment-portfolio_small size-portfolio_small wp-post-image\" alt=\"\" \/><\/a><div class='grid-content'><div class='avia-arrow'><\/div><header class=\"entry-content-header\"><h3 class='grid-entry-title entry-title '  itemprop=\"headline\" ><a href='https:\/\/hikitec.de\/cs\/portfoliu\/55030\/' title='Video Brosch\u00fcre A5 5.0 Z Hard Ob\u00e1lka Video-Cards'>Video Brosch\u00fcre A5 5.0 Z Hard Ob\u00e1lka Video-Cards<\/a><\/h3><\/header><\/div><footer class=\"entry-footer\"><\/footer><\/article><\/div><div data-ajax-id='528677' class=' grid-entry flex_column isotope-item all_sort no_margin post-entry post-entry-528677 grid-entry-overview grid-loop-7 grid-parity-odd  serie-vc-cs_sort video-cards-cs_sort  av_one_sixth first default_av_fullwidth '><article class='main_color inner-entry'  itemscope=\"itemscope\" itemtype=\"https:\/\/schema.org\/CreativeWork\" ><a href=\"https:\/\/hikitec.de\/cs\/portfoliu\/55028\/\" title='Video Brosch\u00fcre A5 4.3 Z Soft Ob\u00e1lka Video-Cards'  data-rel='grid-1' class='grid-image avia-hover-fx'> <img decoding=\"async\" width=\"260\" height=\"185\" src=\"https:\/\/hikitec.de\/wp-content\/uploads\/55028-00-00000_01-21-260x185.jpg\" class=\"wp-image-742812 avia-img-lazy-loading-not-742812 attachment-portfolio_small size-portfolio_small wp-post-image\" alt=\"\" \/><\/a><div class='grid-content'><div class='avia-arrow'><\/div><header class=\"entry-content-header\"><h3 class='grid-entry-title entry-title '  itemprop=\"headline\" ><a href='https:\/\/hikitec.de\/cs\/portfoliu\/55028\/' title='Video Brosch\u00fcre A5 4.3 Z Soft Ob\u00e1lka Video-Cards'>Video Brosch\u00fcre A5 4.3 Z Soft Ob\u00e1lka Video-Cards<\/a><\/h3><\/header><\/div><footer class=\"entry-footer\"><\/footer><\/article><\/div><div data-ajax-id='528668' class=' grid-entry flex_column isotope-item all_sort no_margin post-entry post-entry-528668 grid-entry-overview grid-loop-8 grid-parity-even  serie-vc-cs_sort video-cards-cs_sort  av_one_sixth  default_av_fullwidth '><article class='main_color inner-entry'  itemscope=\"itemscope\" itemtype=\"https:\/\/schema.org\/CreativeWork\" ><a href=\"https:\/\/hikitec.de\/cs\/portfoliu\/55038\/\" title='Video Brosch\u00fcre A5 4.3 Z Hard Ob\u00e1lka Video-Cards'  data-rel='grid-1' class='grid-image avia-hover-fx'> <img decoding=\"async\" width=\"260\" height=\"185\" src=\"https:\/\/hikitec.de\/wp-content\/uploads\/55038-00-00000_01-19-260x185.jpg\" class=\"wp-image-742778 avia-img-lazy-loading-not-742778 attachment-portfolio_small size-portfolio_small wp-post-image\" alt=\"\" \/><\/a><div class='grid-content'><div class='avia-arrow'><\/div><header class=\"entry-content-header\"><h3 class='grid-entry-title entry-title '  itemprop=\"headline\" ><a href='https:\/\/hikitec.de\/cs\/portfoliu\/55038\/' title='Video Brosch\u00fcre A5 4.3 Z Hard Ob\u00e1lka Video-Cards'>Video Brosch\u00fcre A5 4.3 Z Hard Ob\u00e1lka Video-Cards<\/a><\/h3><\/header><\/div><footer class=\"entry-footer\"><\/footer><\/article><\/div><div data-ajax-id='528659' class=' grid-entry flex_column isotope-item all_sort no_margin post-entry post-entry-528659 grid-entry-overview grid-loop-9 grid-parity-odd  serie-vc-cs_sort video-cards-cs_sort  av_one_sixth  default_av_fullwidth '><article class='main_color inner-entry'  itemscope=\"itemscope\" itemtype=\"https:\/\/schema.org\/CreativeWork\" ><a href=\"https:\/\/hikitec.de\/cs\/portfoliu\/55035\/\" title='Video Brosch\u00fcre A4 7.0 Z Soft Ob\u00e1lka Video-Cards'  data-rel='grid-1' class='grid-image avia-hover-fx'> <img decoding=\"async\" width=\"260\" height=\"185\" src=\"https:\/\/hikitec.de\/wp-content\/uploads\/55035-00-00000_01-33-260x185.jpg\" class=\"wp-image-742736 avia-img-lazy-loading-not-742736 attachment-portfolio_small size-portfolio_small wp-post-image\" alt=\"\" \/><\/a><div class='grid-content'><div class='avia-arrow'><\/div><header class=\"entry-content-header\"><h3 class='grid-entry-title entry-title '  itemprop=\"headline\" ><a href='https:\/\/hikitec.de\/cs\/portfoliu\/55035\/' title='Video Brosch\u00fcre A4 7.0 Z Soft Ob\u00e1lka Video-Cards'>Video Brosch\u00fcre A4 7.0 Z Soft Ob\u00e1lka Video-Cards<\/a><\/h3><\/header><\/div><footer class=\"entry-footer\"><\/footer><\/article><\/div><div data-ajax-id='528650' class=' grid-entry flex_column isotope-item all_sort no_margin post-entry post-entry-528650 grid-entry-overview grid-loop-10 grid-parity-even  serie-vc-cs_sort video-cards-cs_sort  av_one_sixth  default_av_fullwidth '><article class='main_color inner-entry'  itemscope=\"itemscope\" itemtype=\"https:\/\/schema.org\/CreativeWork\" ><a href=\"https:\/\/hikitec.de\/cs\/portfoliu\/55033\/\" title='Video Brosch\u00fcre A4 7.0 Z Hard Ob\u00e1lka Video-Cards'  data-rel='grid-1' class='grid-image avia-hover-fx'> <img decoding=\"async\" width=\"260\" height=\"185\" src=\"https:\/\/hikitec.de\/wp-content\/uploads\/55033-00-00000_01-20-260x185.jpg\" class=\"wp-image-742697 avia-img-lazy-loading-not-742697 attachment-portfolio_small size-portfolio_small wp-post-image\" alt=\"\" \/><\/a><div class='grid-content'><div class='avia-arrow'><\/div><header class=\"entry-content-header\"><h3 class='grid-entry-title entry-title '  itemprop=\"headline\" ><a href='https:\/\/hikitec.de\/cs\/portfoliu\/55033\/' title='Video Brosch\u00fcre A4 7.0 Z Hard Ob\u00e1lka Video-Cards'>Video Brosch\u00fcre A4 7.0 Z Hard Ob\u00e1lka Video-Cards<\/a><\/h3><\/header><\/div><footer class=\"entry-footer\"><\/footer><\/article><\/div><div data-ajax-id='528641' class=' grid-entry flex_column isotope-item all_sort no_margin post-entry post-entry-528641 grid-entry-overview grid-loop-11 grid-parity-odd  serie-vc-cs_sort video-cards-cs_sort  av_one_sixth  default_av_fullwidth '><article class='main_color inner-entry'  itemscope=\"itemscope\" itemtype=\"https:\/\/schema.org\/CreativeWork\" ><a href=\"https:\/\/hikitec.de\/cs\/portfoliu\/55029\/\" title='Video Brosch\u00fcre A4 5.0 Z Soft Ob\u00e1lka Video-Cards'  data-rel='grid-1' class='grid-image avia-hover-fx'> <img decoding=\"async\" width=\"260\" height=\"185\" src=\"https:\/\/hikitec.de\/wp-content\/uploads\/55029-00-00000_01-3-260x185.jpg\" class=\"wp-image-742659 avia-img-lazy-loading-not-742659 attachment-portfolio_small size-portfolio_small wp-post-image\" alt=\"\" \/><\/a><div class='grid-content'><div class='avia-arrow'><\/div><header class=\"entry-content-header\"><h3 class='grid-entry-title entry-title '  itemprop=\"headline\" ><a href='https:\/\/hikitec.de\/cs\/portfoliu\/55029\/' title='Video Brosch\u00fcre A4 5.0 Z Soft Ob\u00e1lka Video-Cards'>Video Brosch\u00fcre A4 5.0 Z Soft Ob\u00e1lka Video-Cards<\/a><\/h3><\/header><\/div><footer class=\"entry-footer\"><\/footer><\/article><\/div><div data-ajax-id='528627' class=' grid-entry flex_column isotope-item all_sort no_margin post-entry post-entry-528627 grid-entry-overview grid-loop-12 grid-parity-even  serie-vc-cs_sort video-cards-cs_sort  av_one_sixth  default_av_fullwidth '><article class='main_color inner-entry'  itemscope=\"itemscope\" itemtype=\"https:\/\/schema.org\/CreativeWork\" ><a href=\"https:\/\/hikitec.de\/cs\/portfoliu\/55031\/\" title='Video Brosch\u00fcre A4 5.0 Z Hard Ob\u00e1lka Video-Cards'  data-rel='grid-1' class='grid-image avia-hover-fx'> <img decoding=\"async\" width=\"260\" height=\"185\" src=\"https:\/\/hikitec.de\/wp-content\/uploads\/55031-00-00000_01-22-260x185.jpg\" class=\"wp-image-742633 avia-img-lazy-loading-not-742633 attachment-portfolio_small size-portfolio_small wp-post-image\" alt=\"\" \/><\/a><div class='grid-content'><div class='avia-arrow'><\/div><header class=\"entry-content-header\"><h3 class='grid-entry-title entry-title '  itemprop=\"headline\" ><a href='https:\/\/hikitec.de\/cs\/portfoliu\/55031\/' title='Video Brosch\u00fcre A4 5.0 Z Hard Ob\u00e1lka Video-Cards'>Video Brosch\u00fcre A4 5.0 Z Hard Ob\u00e1lka Video-Cards<\/a><\/h3><\/header><\/div><footer class=\"entry-footer\"><\/footer><\/article><\/div><div data-ajax-id='528618' class=' grid-entry flex_column isotope-item all_sort no_margin post-entry post-entry-528618 grid-entry-overview grid-loop-13 grid-parity-odd  serie-vc-cs_sort video-cards-cs_sort  av_one_sixth first default_av_fullwidth '><article class='main_color inner-entry'  itemscope=\"itemscope\" itemtype=\"https:\/\/schema.org\/CreativeWork\" ><a href=\"https:\/\/hikitec.de\/cs\/portfoliu\/55037\/\" title='Video Brosch\u00fcre A4 10.0 Z Soft Ob\u00e1lka Video-Cards'  data-rel='grid-1' class='grid-image avia-hover-fx'> <img decoding=\"async\" width=\"260\" height=\"185\" src=\"https:\/\/hikitec.de\/wp-content\/uploads\/55037-00-00000_01-4-260x185.jpg\" class=\"wp-image-742599 avia-img-lazy-loading-not-742599 attachment-portfolio_small size-portfolio_small wp-post-image\" alt=\"\" \/><\/a><div class='grid-content'><div class='avia-arrow'><\/div><header class=\"entry-content-header\"><h3 class='grid-entry-title entry-title '  itemprop=\"headline\" ><a href='https:\/\/hikitec.de\/cs\/portfoliu\/55037\/' title='Video Brosch\u00fcre A4 10.0 Z Soft Ob\u00e1lka Video-Cards'>Video Brosch\u00fcre A4 10.0 Z Soft Ob\u00e1lka Video-Cards<\/a><\/h3><\/header><\/div><footer class=\"entry-footer\"><\/footer><\/article><\/div><div data-ajax-id='528609' class=' grid-entry flex_column isotope-item all_sort no_margin post-entry post-entry-528609 grid-entry-overview grid-loop-14 grid-parity-even  post-entry-last  serie-vc-cs_sort video-cards-cs_sort  av_one_sixth  default_av_fullwidth '><article class='main_color inner-entry'  itemscope=\"itemscope\" itemtype=\"https:\/\/schema.org\/CreativeWork\" ><a href=\"https:\/\/hikitec.de\/cs\/portfoliu\/55036\/\" title='Video Brosch\u00fcre A4 10.0 Z Hard Ob\u00e1lka Video-Cards'  data-rel='grid-1' class='grid-image avia-hover-fx'> <img decoding=\"async\" width=\"260\" height=\"185\" src=\"https:\/\/hikitec.de\/wp-content\/uploads\/55036-00-00000_01-20-260x185.jpg\" class=\"wp-image-742577 avia-img-lazy-loading-not-742577 attachment-portfolio_small size-portfolio_small wp-post-image\" alt=\"\" \/><\/a><div class='grid-content'><div class='avia-arrow'><\/div><header class=\"entry-content-header\"><h3 class='grid-entry-title entry-title '  itemprop=\"headline\" ><a href='https:\/\/hikitec.de\/cs\/portfoliu\/55036\/' title='Video Brosch\u00fcre A4 10.0 Z Hard Ob\u00e1lka Video-Cards'>Video Brosch\u00fcre A4 10.0 Z Hard Ob\u00e1lka Video-Cards<\/a><\/h3><\/header><\/div><footer class=\"entry-footer\"><\/footer><\/article><\/div><\/div><\/div>\n","protected":false},"excerpt":{"rendered":"","protected":false},"author":2,"featured_media":0,"parent":0,"menu_order":0,"comment_status":"closed","ping_status":"closed","template":"","meta":{"footnotes":""},"class_list":["post-97933","page","type-page","status-publish","hentry"],"_links":{"self":[{"href":"https:\/\/hikitec.de\/cs\/wp-json\/wp\/v2\/pages\/97933","targetHints":{"allow":["GET"]}}],"collection":[{"href":"https:\/\/hikitec.de\/cs\/wp-json\/wp\/v2\/pages"}],"about":[{"href":"https:\/\/hikitec.de\/cs\/wp-json\/wp\/v2\/types\/page"}],"author":[{"embeddable":true,"href":"https:\/\/hikitec.de\/cs\/wp-json\/wp\/v2\/users\/2"}],"replies":[{"embeddable":true,"href":"https:\/\/hikitec.de\/cs\/wp-json\/wp\/v2\/comments?post=97933"}],"version-history":[{"count":7,"href":"https:\/\/hikitec.de\/cs\/wp-json\/wp\/v2\/pages\/97933\/revisions"}],"predecessor-version":[{"id":97946,"href":"https:\/\/hikitec.de\/cs\/wp-json\/wp\/v2\/pages\/97933\/revisions\/97946"}],"wp:attachment":[{"href":"https:\/\/hikitec.de\/cs\/wp-json\/wp\/v2\/media?parent=97933"}],"curies":[{"name":"wp","href":"https:\/\/api.w.org\/{rel}","templated":true}]}}