{"id":100,"date":"2017-01-16T15:07:08","date_gmt":"2017-01-16T14:07:08","guid":{"rendered":"http:\/\/hikitec.de\/?page_id=100"},"modified":"2020-05-14T14:20:35","modified_gmt":"2020-05-14T12:20:35","slug":"batteriegesetz","status":"publish","type":"page","link":"https:\/\/hikitec.de\/de\/batteriegesetz\/","title":{"rendered":"Batteriegesetz"},"content":{"rendered":"<section class=\"av_textblock_section \"  itemscope=\"itemscope\" itemtype=\"https:\/\/schema.org\/CreativeWork\" ><div class='avia_textblock  '   itemprop=\"text\" ><p>Pflichtangaben und technische Informationen f\u00fcr Batterien oder Akkumulatoren<\/p>\n<p>Die R\u00fccknahmepflicht als Inverkehrbringer:<\/p>\n<p>Wir sind gesetzlich im BattG dazu verpflichtet, Batterien oder Akkumulatoren, die bei uns erworben wurden unentgeltlich zur\u00fcckzunehmen. Bitte nehmen Sie dieses Angebot an und helfen Sie dabei, diese umweltvertr\u00e4glich zu entsorgen.<\/p>\n<p>Die R\u00fcckgabepflicht als Verbraucher:<\/p>\n<p><img loading=\"lazy\" decoding=\"async\" class=\"shrinkToFit alignleft\" src=\"http:\/\/hikitec.de\/wp-content\/uploads\/2017\/01\/muelltonne.jpg\" width=\"60\" height=\"60\" \/><\/p>\n<p>Batterien oder Akkumulatoren die mit dem Symbol einer durchgekreutzten M\u00fclltonne gekennzeichnet sind, d\u00fcrfen nicht in den Hausm\u00fcll. Die Batterieverordnung verpflichtet alle Endnutzer, Batterien oder Akkumulatoren ausschlie\u00dflich \u00fcber den Handel oder die speziell daf\u00fcr eingerichteten Sammelstellen zu entsorgen. Falls Sie Ihre bei uns erworbenden Batterien oder Akkumulatoren an uns zur\u00fccksenden m\u00f6chten, senden Sie diese mit dem Hinweis \u201c Entsorgung BattG\u201c sowie mit der Kopie der Rechnung an uns frei zur\u00fcck.<\/p>\n<\/div><\/section>\n<section class=\"av_textblock_section \"  itemscope=\"itemscope\" itemtype=\"https:\/\/schema.org\/CreativeWork\" ><div class='avia_textblock  '   itemprop=\"text\" ><input type=\"button\" value=\"Zur\u00fcck\" class=\"alg_back_button_input \" style=\"\" onclick=\"window.history.back()\" \/>\n<\/div><\/section>\n","protected":false},"excerpt":{"rendered":"","protected":false},"author":2,"featured_media":0,"parent":0,"menu_order":0,"comment_status":"closed","ping_status":"closed","template":"","meta":{"footnotes":""},"class_list":["post-100","page","type-page","status-publish","hentry"],"_links":{"self":[{"href":"https:\/\/hikitec.de\/de\/wp-json\/wp\/v2\/pages\/100","targetHints":{"allow":["GET"]}}],"collection":[{"href":"https:\/\/hikitec.de\/de\/wp-json\/wp\/v2\/pages"}],"about":[{"href":"https:\/\/hikitec.de\/de\/wp-json\/wp\/v2\/types\/page"}],"author":[{"embeddable":true,"href":"https:\/\/hikitec.de\/de\/wp-json\/wp\/v2\/users\/2"}],"replies":[{"embeddable":true,"href":"https:\/\/hikitec.de\/de\/wp-json\/wp\/v2\/comments?post=100"}],"version-history":[{"count":10,"href":"https:\/\/hikitec.de\/de\/wp-json\/wp\/v2\/pages\/100\/revisions"}],"predecessor-version":[{"id":27664,"href":"https:\/\/hikitec.de\/de\/wp-json\/wp\/v2\/pages\/100\/revisions\/27664"}],"wp:attachment":[{"href":"https:\/\/hikitec.de\/de\/wp-json\/wp\/v2\/media?parent=100"}],"curies":[{"name":"wp","href":"https:\/\/api.w.org\/{rel}","templated":true}]}}