{"id":10208,"date":"2020-05-26T09:50:03","date_gmt":"2020-05-26T07:50:03","guid":{"rendered":"https:\/\/hikitec.de\/?page_id=10208"},"modified":"2021-03-23T15:46:55","modified_gmt":"2021-03-23T14:46:55","slug":"sonderartikel","status":"publish","type":"page","link":"https:\/\/hikitec.de\/de\/sonderartikel\/","title":{"rendered":"Sonderartikel"},"content":{"rendered":"<section class=\"av_textblock_section \"  itemscope=\"itemscope\" itemtype=\"https:\/\/schema.org\/CreativeWork\" ><div class='avia_textblock  '   itemprop=\"text\" ><p><b>Bietet HIKITEC auch Artikel, die nicht im Shop zu finden sind?<\/b><\/p>\n<\/div><\/section>\n<section class=\"av_textblock_section \"  itemscope=\"itemscope\" itemtype=\"https:\/\/schema.org\/CreativeWork\" ><div class='avia_textblock  '   itemprop=\"text\" ><p>Ja, auf Anfrage k\u00f6nnen wir Ihnen eine Vielzahl an Artikeln zus\u00e4tzlich anbieten. Dazu z\u00e4hlen auch ausgefallene Sonderw\u00fcnsche und einzigartige Sonderanfertigungen. Zudem stellen wir Ihnen gern individuelle Werbeartikel-Sets zusammen oder suchen nach dem passenden Werbeartikel f\u00fcr Sie. Kontaktieren Sie uns, wir helfen Ihnen gerne weiter!<\/p>\n<\/div><\/section>\n<section class=\"av_textblock_section \"  itemscope=\"itemscope\" itemtype=\"https:\/\/schema.org\/CreativeWork\" ><div class='avia_textblock  '   itemprop=\"text\" ><input type=\"button\" value=\"Zur\u00fcck\" class=\"alg_back_button_input \" style=\"\" onclick=\"window.history.back()\" \/>\n<\/div><\/section>\n","protected":false},"excerpt":{"rendered":"","protected":false},"author":2,"featured_media":0,"parent":0,"menu_order":0,"comment_status":"closed","ping_status":"closed","template":"","meta":{"footnotes":""},"class_list":["post-10208","page","type-page","status-publish","hentry"],"_links":{"self":[{"href":"https:\/\/hikitec.de\/de\/wp-json\/wp\/v2\/pages\/10208","targetHints":{"allow":["GET"]}}],"collection":[{"href":"https:\/\/hikitec.de\/de\/wp-json\/wp\/v2\/pages"}],"about":[{"href":"https:\/\/hikitec.de\/de\/wp-json\/wp\/v2\/types\/page"}],"author":[{"embeddable":true,"href":"https:\/\/hikitec.de\/de\/wp-json\/wp\/v2\/users\/2"}],"replies":[{"embeddable":true,"href":"https:\/\/hikitec.de\/de\/wp-json\/wp\/v2\/comments?post=10208"}],"version-history":[{"count":4,"href":"https:\/\/hikitec.de\/de\/wp-json\/wp\/v2\/pages\/10208\/revisions"}],"predecessor-version":[{"id":27750,"href":"https:\/\/hikitec.de\/de\/wp-json\/wp\/v2\/pages\/10208\/revisions\/27750"}],"wp:attachment":[{"href":"https:\/\/hikitec.de\/de\/wp-json\/wp\/v2\/media?parent=10208"}],"curies":[{"name":"wp","href":"https:\/\/api.w.org\/{rel}","templated":true}]}}