{"id":10232,"date":"2020-05-27T15:36:46","date_gmt":"2020-05-27T13:36:46","guid":{"rendered":"https:\/\/hikitec.de\/?page_id=10232"},"modified":"2021-03-23T15:28:32","modified_gmt":"2021-03-23T14:28:32","slug":"druckfaehigen_daten","status":"publish","type":"page","link":"https:\/\/hikitec.de\/de\/druckfaehigen_daten\/","title":{"rendered":"druckf\u00e4higen Daten"},"content":{"rendered":"<section class=\"av_textblock_section \"  itemscope=\"itemscope\" itemtype=\"https:\/\/schema.org\/CreativeWork\" ><div class='avia_textblock  '   itemprop=\"text\" ><p><strong>K\u00f6nnen wir helfen, wenn Sie keine druckf\u00e4higen Daten habe?<\/strong><\/p>\n<\/div><\/section>\n<section class=\"av_textblock_section \"  itemscope=\"itemscope\" itemtype=\"https:\/\/schema.org\/CreativeWork\" ><div class='avia_textblock  '   itemprop=\"text\" ><p>Ja. Diesen Service bieten wir gerne an. Senden Sie uns Ihr Logo und wir vektorisieren es gegen Entgeld f\u00fcr Sie.<\/p>\n<p>Vektorisierung mit Hilfe eines Online-Tools \u2013 Dies ist die einfachste Variante.<\/p>\n<p><strong>Achtung:<\/strong>\u00a0Online-Vektorisierungs-Tools k\u00f6nnen Sie nur f\u00fcr Lasergravuren und einfarbige Sieb- und Tampondrucke verwenden.<\/p>\n<p>Bitte denken Sie daran, die Farbnummern im Layoutprogramm anzugeben. In unseren Tests hat der kostenlose Dienst \u201e<a href=\"https:\/\/www.vectorization.org\/\">Vectorization.org<\/a>\u201c relativ gute Ergebnisse erzielt<\/p>\n<p>Manuelles Nachzeichnen mit Offline-Programmen. Wenn Sie mit dem Ergebnis des Online-Vektorisierungs-Tools nicht zufrieden sind, k\u00f6nnen Sie Pixelgrafiken auch mit Vektorprogrammen wie Adobe Illustrator oder Inkscape nachzeichnen.<\/p>\n<p>Beauftragung einer speziellen Vektor-Agentur. Alternativ kann es sinnvoll sein, eine professionelle Agentur mit der Vektorisierung zu beauftragen. Insbesondere gilt dies f\u00fcr zwei- oder mehrfarbige oder auch h\u00e4ufig ben\u00f6tigte Grafiken wie Logos.<\/p>\n<\/div><\/section>\n<section class=\"av_textblock_section \"  itemscope=\"itemscope\" itemtype=\"https:\/\/schema.org\/CreativeWork\" ><div class='avia_textblock  '   itemprop=\"text\" ><input type=\"button\" value=\"Zur\u00fcck\" class=\"alg_back_button_input \" style=\"\" onclick=\"window.history.back()\" \/>\n<\/div><\/section>\n","protected":false},"excerpt":{"rendered":"","protected":false},"author":2,"featured_media":0,"parent":0,"menu_order":0,"comment_status":"closed","ping_status":"closed","template":"","meta":{"footnotes":""},"class_list":["post-10232","page","type-page","status-publish","hentry"],"_links":{"self":[{"href":"https:\/\/hikitec.de\/de\/wp-json\/wp\/v2\/pages\/10232","targetHints":{"allow":["GET"]}}],"collection":[{"href":"https:\/\/hikitec.de\/de\/wp-json\/wp\/v2\/pages"}],"about":[{"href":"https:\/\/hikitec.de\/de\/wp-json\/wp\/v2\/types\/page"}],"author":[{"embeddable":true,"href":"https:\/\/hikitec.de\/de\/wp-json\/wp\/v2\/users\/2"}],"replies":[{"embeddable":true,"href":"https:\/\/hikitec.de\/de\/wp-json\/wp\/v2\/comments?post=10232"}],"version-history":[{"count":6,"href":"https:\/\/hikitec.de\/de\/wp-json\/wp\/v2\/pages\/10232\/revisions"}],"predecessor-version":[{"id":27678,"href":"https:\/\/hikitec.de\/de\/wp-json\/wp\/v2\/pages\/10232\/revisions\/27678"}],"wp:attachment":[{"href":"https:\/\/hikitec.de\/de\/wp-json\/wp\/v2\/media?parent=10232"}],"curies":[{"name":"wp","href":"https:\/\/api.w.org\/{rel}","templated":true}]}}