{"id":13189,"date":"2020-07-27T08:16:02","date_gmt":"2020-07-27T06:16:02","guid":{"rendered":"https:\/\/hikitec.de\/?page_id=13189"},"modified":"2021-03-23T15:31:18","modified_gmt":"2021-03-23T14:31:18","slug":"lucid","status":"publish","type":"page","link":"https:\/\/hikitec.de\/de\/lucid\/","title":{"rendered":"LUCID"},"content":{"rendered":"<section class=\"av_textblock_section \"  itemscope=\"itemscope\" itemtype=\"https:\/\/schema.org\/CreativeWork\" ><div class='avia_textblock  '   itemprop=\"text\" ><p>Seit Anfang 2019 ist ein neues Verpackungsgesetz in Kraft. Es ersetzt die vorher g\u00fcltige Verpackungsverordnung und hat weitreichende Auswirkungen auf die Meldepflicht und die Abrechnung von Beitr\u00e4gen zum dualen System. Betroffen sind sowohl H\u00e4ndler als auch Importeure, die mit Verpackungen arbeiten.<\/p>\n<p>Kurzfassung:<\/p>\n<ul>\n<li>Am 1.1.2019 ist ein neues Verpackungsgesetz in Kraft getreten. Es l\u00f6st die bisherige Verpackungsverordnung ab.<\/li>\n<li>Hersteller, Importeure und H\u00e4ndler sind seit diesem Datum verpflichtet, ihren Verbrauch an Verpackungsmaterial an einer weiteren, zentralen Stelle einzutragen.<\/li>\n<li>Die neue Meldestelle LUCID wird parallel zu bereits vorhandenen Meldesystemen arbeiten und betroffene Unternehmen m\u00fcssen ihre Verpackungsmaterialien weiterhin auch dort melden.<\/li>\n<li>F\u00fcr den Verbrauch von Verpackungsmaterial ist ab diesem Zeitpunkt eine Abgabe an das duale System f\u00e4llig.<\/li>\n<li>Auf diese Weise sollen unn\u00f6tige Verpackungen und insbesondere Umverpackungen vermieden und die Umwelt entlastet werden.<\/li>\n<\/ul>\n<p>HIKITEC GmbH wird ab 01.01.2019 als Hersteller von systembeteiligungspflichtigen Verpackungen mit den in der Anlage aufgef\u00fchrten Registrierungsdaten unter der Registrierungsnummer D E2736270202214 registriert.<\/p>\n<\/div><\/section>\n<section class=\"av_textblock_section \"  itemscope=\"itemscope\" itemtype=\"https:\/\/schema.org\/CreativeWork\" ><div class='avia_textblock  '   itemprop=\"text\" ><input type=\"button\" value=\"Zur\u00fcck\" class=\"alg_back_button_input \" style=\"\" onclick=\"window.history.back()\" \/>\n<\/div><\/section>\n","protected":false},"excerpt":{"rendered":"","protected":false},"author":2,"featured_media":0,"parent":0,"menu_order":0,"comment_status":"closed","ping_status":"closed","template":"","meta":{"footnotes":""},"class_list":["post-13189","page","type-page","status-publish","hentry"],"_links":{"self":[{"href":"https:\/\/hikitec.de\/de\/wp-json\/wp\/v2\/pages\/13189","targetHints":{"allow":["GET"]}}],"collection":[{"href":"https:\/\/hikitec.de\/de\/wp-json\/wp\/v2\/pages"}],"about":[{"href":"https:\/\/hikitec.de\/de\/wp-json\/wp\/v2\/types\/page"}],"author":[{"embeddable":true,"href":"https:\/\/hikitec.de\/de\/wp-json\/wp\/v2\/users\/2"}],"replies":[{"embeddable":true,"href":"https:\/\/hikitec.de\/de\/wp-json\/wp\/v2\/comments?post=13189"}],"version-history":[{"count":3,"href":"https:\/\/hikitec.de\/de\/wp-json\/wp\/v2\/pages\/13189\/revisions"}],"predecessor-version":[{"id":13195,"href":"https:\/\/hikitec.de\/de\/wp-json\/wp\/v2\/pages\/13189\/revisions\/13195"}],"wp:attachment":[{"href":"https:\/\/hikitec.de\/de\/wp-json\/wp\/v2\/media?parent=13189"}],"curies":[{"name":"wp","href":"https:\/\/api.w.org\/{rel}","templated":true}]}}