{"id":159121,"date":"2021-05-06T08:32:52","date_gmt":"2021-05-06T06:32:52","guid":{"rendered":"https:\/\/hikitec.de\/?page_id=159121"},"modified":"2021-05-06T10:43:45","modified_gmt":"2021-05-06T08:43:45","slug":"bsci","status":"publish","type":"page","link":"https:\/\/hikitec.de\/de\/bsci\/","title":{"rendered":"BSCI"},"content":{"rendered":"\n<style type=\"text\/css\" id=\"style-css-av-pa8ardd-7a01632fa0e29566d5ee3c84d40c7589\">\n#top .flex_column.av-pa8ardd-7a01632fa0e29566d5ee3c84d40c7589{\nborder-radius:0px;\n-webkit-border-radius:0px;\n-moz-border-radius:0px;\npadding:0px;\n}\n<\/style>\n<div class='flex_column av-pa8ardd-7a01632fa0e29566d5ee3c84d40c7589 av_one_half  avia-builder-el-0  el_before_av_one_half  avia-builder-el-first  first flex_column_div av-zero-column-padding '   ><section class=\"av_textblock_section \"  itemscope=\"itemscope\" itemtype=\"https:\/\/schema.org\/CreativeWork\" ><div class='avia_textblock  '   itemprop=\"text\" ><p id=\"firstHeading\" class=\"firstHeading\"><strong>amfori BSCI<\/strong><\/p>\n<p>Die amfori Business Social Compliance Initiative [amfori BSCI, gegr\u00fcndet 2003 als Business Social Compliance Initiative (BSCI)] ist ein Programm des wirtschaftsnahen Verbandes amfori zur Verbesserung der sozialen Standards in einer weltweiten Wertsch\u00f6pfungskette. Die Organisation mit Sitz in Br\u00fcssel bietet Wirtschaftsunternehmen die \u00dcbernahme oder Anlehnung an einen Verhaltenskodex an sowie ein systematisches \u00dcberwachungs- und Qualifikationssystem.<\/p>\n<\/div><\/section><\/div>\n\n<style type=\"text\/css\" id=\"style-css-av-k0r3hld-701f0c0fe46cca8fb3126733add78f55\">\n#top .flex_column.av-k0r3hld-701f0c0fe46cca8fb3126733add78f55{\nborder-radius:0px;\n-webkit-border-radius:0px;\n-moz-border-radius:0px;\npadding:0px;\n}\n<\/style>\n<div class='flex_column av-k0r3hld-701f0c0fe46cca8fb3126733add78f55 av_one_half  avia-builder-el-2  el_after_av_one_half  el_before_av_one_full  flex_column_div av-zero-column-padding '   ><section class=\"av_textblock_section \"  itemscope=\"itemscope\" itemtype=\"https:\/\/schema.org\/CreativeWork\" ><div class='avia_textblock  '   itemprop=\"text\" ><p><img loading=\"lazy\" decoding=\"async\" class=\"aligncenter size-large wp-image-159144\" src=\"https:\/\/hikitec.de\/wp-content\/uploads\/2021\/05\/amfori_BCSI-1030x309.jpg\" alt=\"\" width=\"1030\" height=\"309\" srcset=\"https:\/\/hikitec.de\/wp-content\/uploads\/2021\/05\/amfori_BCSI-1030x309.jpg 1030w, https:\/\/hikitec.de\/wp-content\/uploads\/2021\/05\/amfori_BCSI-300x90.jpg 300w, https:\/\/hikitec.de\/wp-content\/uploads\/2021\/05\/amfori_BCSI-768x230.jpg 768w, https:\/\/hikitec.de\/wp-content\/uploads\/2021\/05\/amfori_BCSI-1536x461.jpg 1536w, https:\/\/hikitec.de\/wp-content\/uploads\/2021\/05\/amfori_BCSI-1500x450.jpg 1500w, https:\/\/hikitec.de\/wp-content\/uploads\/2021\/05\/amfori_BCSI-705x211.jpg 705w, https:\/\/hikitec.de\/wp-content\/uploads\/2021\/05\/amfori_BCSI.jpg 1894w\" sizes=\"auto, (max-width: 1030px) 100vw, 1030px\" \/><\/p>\n<\/div><\/section><\/div>\n\n<style type=\"text\/css\" id=\"style-css-av-c4n5wcx-580acb24acc3430991bfff999cdcb8df\">\n#top .flex_column.av-c4n5wcx-580acb24acc3430991bfff999cdcb8df{\nborder-radius:0px;\n-webkit-border-radius:0px;\n-moz-border-radius:0px;\npadding:0px;\n}\n<\/style>\n<div class='flex_column av-c4n5wcx-580acb24acc3430991bfff999cdcb8df av_one_full  avia-builder-el-4  el_after_av_one_half  el_before_av_one_full  first flex_column_div av-zero-column-padding column-top-margin'   ><section class=\"av_textblock_section \"  itemscope=\"itemscope\" itemtype=\"https:\/\/schema.org\/CreativeWork\" ><div class='avia_textblock  '   itemprop=\"text\" ><p><strong><span id=\"Verhaltenskodex\" class=\"mw-headline\">Verhaltenskodex<\/span><\/strong><\/p>\n<p>BSCI bietet Unternehmen einen Verhaltenskodex an, der sie bei ihren Bem\u00fchungen eine ethische Lieferkette aufzubauen unterst\u00fctzt. Dieser Kodex beruht auf internationalen Vertr\u00e4gen zum Schutz von Arbeitnehmerrechten, dabei geht es um folgende elf Schl\u00fcsselelemente: Managementpraxis, keine bedenkliche Besch\u00e4ftigung, Arbeitszeit, Verg\u00fctung, Kinderarbeit, Zwangsarbeit (einschlie\u00dflich Gefangenenarbeit und Zwangsma\u00dfnahmen), Versammlungsfreiheit (inklusive Organisationsfreiheit und Tariffreiheit), Diskriminierung (Geschlecht, Rasse, Religion), Arbeitsbedingungen, Gesundheits- und Sozialeinrichtungen, Gesundheit und Sicherheit am Arbeitsplatz (Arbeitssicherheit), Aspekte des Umweltschutzes und besonderen Schutz junger Angestellter. Im Januar 2014 f\u00fchrte BSCI einen neuen Verhaltenskodex ein, der alle Handelspartner aktiv in den Prozess zur Einhaltung von Sozialstandards einbindet.<\/p>\n<p>Mit der Unterzeichnung des BSCI-Verhaltenskodex verpflichten sich Unternehmen, in ihrem Einflussbereich soziale Kriterien, die diesem Verhaltenskodex zu Grunde liegen, anzuerkennen und geeignete Ma\u00dfnahmen zur Umsetzung und Einhaltung im Rahmen ihrer Unternehmenspolitik durchzuf\u00fchren.<\/p>\n<p><strong>USB-Sticks von BSCI zertifizierten Herstellern<\/strong><\/p>\n<p>HIKITEC GMBH liefert USB-Sticks und elektronische Werbegeschenke. Diese sind erh\u00e4ltlich in verschiedenen Modellen und Farben. Unsere verschiedenen Produkte mit gro\u00dfer Werbefl\u00e4che sind optimal geeignet um ein Logo bzw. Firmenlogo anzubringen.<\/p>\n<p>Wir beziehen unsere Ware von Handelspartnern, Herstellern bzw. Fabriken mit denen wir langfristige Gesch\u00e4ftsbeziehungen pflegen. Dies beinhaltet auch, dass wir mit unseren Standards auf diese Unternehmen einwirken. Nicht alle Partner haben das BSCI Audit durchlaufen. Dies kann vielerlei Gr\u00fcnde haben. Sollten wir aber auf Arbeitsbedingungen sto\u00dfen, die nicht vertretbar sind, w\u00fcrden wir die Gesch\u00e4ftsbeziehungen einstellen, bzw. auf eine Verbesserung dr\u00e4ngen.<\/p>\n<p>W\u00fcnschen Sie, als unser Kunde, eine Sicherheit, dass die Produkte ausschlie\u00dflich von BSCI zertifizierten Unternehmen stammen, dann geben Sie uns das bitte bei Ihrer Anfrage an. In diesem Fall w\u00fcrden wir f\u00fcr Ihre Produkte auch nur BSCI zertifizierte Hersteller ausw\u00e4hlen.<\/p>\n<\/div><\/section><\/div>\n<style type=\"text\/css\" id=\"style-css-av-8cnegy9-a3c6560b574cae20b2b6e3b808191c9c\">\n#top .flex_column.av-8cnegy9-a3c6560b574cae20b2b6e3b808191c9c{\nborder-radius:0px;\n-webkit-border-radius:0px;\n-moz-border-radius:0px;\npadding:0px;\n}\n<\/style>\n<div class='flex_column av-8cnegy9-a3c6560b574cae20b2b6e3b808191c9c av_one_full  avia-builder-el-6  el_after_av_one_full  avia-builder-el-last  first flex_column_div av-zero-column-padding column-top-margin'   ><section class=\"av_textblock_section \"  itemscope=\"itemscope\" itemtype=\"https:\/\/schema.org\/CreativeWork\" ><div class='avia_textblock  '   itemprop=\"text\" ><input type=\"button\" value=\"Zur\u00fcck\" class=\"alg_back_button_input \" style=\"\" onclick=\"window.history.back()\" \/>\n<\/div><\/section><\/div><\/p>\n","protected":false},"excerpt":{"rendered":"","protected":false},"author":5,"featured_media":0,"parent":0,"menu_order":0,"comment_status":"closed","ping_status":"closed","template":"","meta":{"footnotes":""},"class_list":["post-159121","page","type-page","status-publish","hentry"],"_links":{"self":[{"href":"https:\/\/hikitec.de\/de\/wp-json\/wp\/v2\/pages\/159121","targetHints":{"allow":["GET"]}}],"collection":[{"href":"https:\/\/hikitec.de\/de\/wp-json\/wp\/v2\/pages"}],"about":[{"href":"https:\/\/hikitec.de\/de\/wp-json\/wp\/v2\/types\/page"}],"author":[{"embeddable":true,"href":"https:\/\/hikitec.de\/de\/wp-json\/wp\/v2\/users\/5"}],"replies":[{"embeddable":true,"href":"https:\/\/hikitec.de\/de\/wp-json\/wp\/v2\/comments?post=159121"}],"version-history":[{"count":8,"href":"https:\/\/hikitec.de\/de\/wp-json\/wp\/v2\/pages\/159121\/revisions"}],"predecessor-version":[{"id":717527,"href":"https:\/\/hikitec.de\/de\/wp-json\/wp\/v2\/pages\/159121\/revisions\/717527"}],"wp:attachment":[{"href":"https:\/\/hikitec.de\/de\/wp-json\/wp\/v2\/media?parent=159121"}],"curies":[{"name":"wp","href":"https:\/\/api.w.org\/{rel}","templated":true}]}}