{"id":16248,"date":"2020-10-05T09:57:40","date_gmt":"2020-10-05T07:57:40","guid":{"rendered":"https:\/\/hikitec.de\/?page_id=16248"},"modified":"2024-04-17T13:05:36","modified_gmt":"2024-04-17T11:05:36","slug":"ordner","status":"publish","type":"page","link":"https:\/\/hikitec.de\/de\/ordner\/","title":{"rendered":"Ordner &#8211; USB Stick zum Abheften"},"content":{"rendered":"<section class=\"av_textblock_section \"  itemscope=\"itemscope\" itemtype=\"https:\/\/schema.org\/CreativeWork\" ><div class='avia_textblock  '   itemprop=\"text\" ><p><img loading=\"lazy\" decoding=\"async\" class=\"aligncenter size-full wp-image-750344\" src=\"https:\/\/hikitec.de\/wp-content\/uploads\/U-S-B-F-I-X-I-E-R-E-N-1.jpg\" alt=\"\" width=\"2244\" height=\"473\" srcset=\"https:\/\/hikitec.de\/wp-content\/uploads\/U-S-B-F-I-X-I-E-R-E-N-1.jpg 2244w, https:\/\/hikitec.de\/wp-content\/uploads\/U-S-B-F-I-X-I-E-R-E-N-1-768x162.jpg 768w, https:\/\/hikitec.de\/wp-content\/uploads\/U-S-B-F-I-X-I-E-R-E-N-1-1536x324.jpg 1536w, https:\/\/hikitec.de\/wp-content\/uploads\/U-S-B-F-I-X-I-E-R-E-N-1-2048x432.jpg 2048w, https:\/\/hikitec.de\/wp-content\/uploads\/U-S-B-F-I-X-I-E-R-E-N-1-1500x316.jpg 1500w, https:\/\/hikitec.de\/wp-content\/uploads\/U-S-B-F-I-X-I-E-R-E-N-1-705x149.jpg 705w\" sizes=\"auto, (max-width: 2244px) 100vw, 2244px\" \/><\/p>\n<\/div><\/section>\n<section class=\"av_textblock_section \"  itemscope=\"itemscope\" itemtype=\"https:\/\/schema.org\/CreativeWork\" ><div class='avia_textblock  '   itemprop=\"text\" ><p><img loading=\"lazy\" decoding=\"async\" class=\"transparent\" src=\"https:\/\/hikitec.de\/wp-content\/uploads\/2016\/12\/zzz_HIKITEC_Favicon_32.png\" alt=\"https:\/\/hikitec.de\/wp-content\/uploads\/2016\/12\/zzz_HIKITEC_Favicon_32.png\" width=\"11\" height=\"12\" \/> Der USB Stick zum Abheften, Archivieren, Einheften oder Dazuf\u00fcgen<\/p>\n<p><img loading=\"lazy\" decoding=\"async\" class=\"transparent\" src=\"https:\/\/hikitec.de\/wp-content\/uploads\/2016\/12\/zzz_HIKITEC_Favicon_32.png\" alt=\"https:\/\/hikitec.de\/wp-content\/uploads\/2016\/12\/zzz_HIKITEC_Favicon_32.png\" width=\"11\" height=\"12\" \/>\u00a0Digitale Daten speichern, abheften, verteilen und archiviereren<\/p>\n<p><img loading=\"lazy\" decoding=\"async\" class=\"transparent\" src=\"https:\/\/hikitec.de\/wp-content\/uploads\/2016\/12\/zzz_HIKITEC_Favicon_32.png\" alt=\"https:\/\/hikitec.de\/wp-content\/uploads\/2016\/12\/zzz_HIKITEC_Favicon_32.png\" width=\"11\" height=\"12\" \/> USB Stick zum Abheften passt in jeden handels\u00fcblichen Ringordner oder Hefter<\/p>\n<p><img loading=\"lazy\" decoding=\"async\" class=\"transparent\" src=\"https:\/\/hikitec.de\/wp-content\/uploads\/2016\/12\/zzz_HIKITEC_Favicon_32.png\" alt=\"https:\/\/hikitec.de\/wp-content\/uploads\/2016\/12\/zzz_HIKITEC_Favicon_32.png\" width=\"11\" height=\"12\" \/>\u00a0Kombinieren Sie gedruckte und digitale Daten zu einer Einheit<\/p>\n<p><img loading=\"lazy\" decoding=\"async\" class=\"transparent\" src=\"https:\/\/hikitec.de\/wp-content\/uploads\/2016\/12\/zzz_HIKITEC_Favicon_32.png\" alt=\"https:\/\/hikitec.de\/wp-content\/uploads\/2016\/12\/zzz_HIKITEC_Favicon_32.png\" width=\"11\" height=\"12\" \/> USB Stick zum Abheften hat einen hohen Nutzwert und transportiert dabei Ihren Namen und Ihre Marke mit h\u00f6chster Qualit\u00e4t<\/p>\n<p><img loading=\"lazy\" decoding=\"async\" class=\"transparent\" src=\"https:\/\/hikitec.de\/wp-content\/uploads\/2016\/12\/zzz_HIKITEC_Favicon_32.png\" alt=\"https:\/\/hikitec.de\/wp-content\/uploads\/2016\/12\/zzz_HIKITEC_Favicon_32.png\" width=\"11\" height=\"12\" \/>\u00a0Die USB-Technik wird durch eine Kappe gesch\u00fctzt<\/p>\n<p><img loading=\"lazy\" decoding=\"async\" class=\"transparent\" src=\"https:\/\/hikitec.de\/wp-content\/uploads\/2016\/12\/zzz_HIKITEC_Favicon_32.png\" alt=\"https:\/\/hikitec.de\/wp-content\/uploads\/2016\/12\/zzz_HIKITEC_Favicon_32.png\" width=\"11\" height=\"12\" \/> Bereits ab 50 St\u00fcck ist USB Stick zum Abheften in Ihrer Wunschfarbe und mit Ihrem Logo erh\u00e4ltlich. Dabei w\u00e4hlen Sie die Speichergr\u00f6\u00dfe, den USB-Typ, den USB-Anschluss und viele andere Optionen nach Ihren W\u00fcnschen aus.<\/p>\n<p><img loading=\"lazy\" decoding=\"async\" class=\"transparent\" src=\"https:\/\/hikitec.de\/wp-content\/uploads\/2016\/12\/zzz_HIKITEC_Favicon_32.png\" alt=\"https:\/\/hikitec.de\/wp-content\/uploads\/2016\/12\/zzz_HIKITEC_Favicon_32.png\" width=\"11\" height=\"12\" \/> Der USB Stick zum Abheften wird stets weiterentwickelt und an den aktuellen Stand der Technik angepasst. Bereits ab einer Bestellmenge von 50 St\u00fcck k\u00f6nnen Sie sich Ihren USB Stick zum Abheften aus den folgenden Optionen frei konfigurieren. Ben\u00f6tigen Sie weitere Optionen, sprechen Sie uns gern an. Wir k\u00f6nnen beinahe alle W\u00fcnsche erf\u00fcllen.<\/p>\n<\/div><\/section>\n<section class=\"av_textblock_section \"  itemscope=\"itemscope\" itemtype=\"https:\/\/schema.org\/CreativeWork\" ><div class='avia_textblock  '   itemprop=\"text\" ><p><img loading=\"lazy\" decoding=\"async\" class=\"size-thumbnail wp-image-16251 alignleft\" src=\"https:\/\/hikitec.de\/wp-content\/uploads\/2020\/10\/COB-80x80.jpg\" alt=\"\" width=\"80\" height=\"80\" srcset=\"https:\/\/hikitec.de\/wp-content\/uploads\/2020\/10\/COB-80x80.jpg 80w, https:\/\/hikitec.de\/wp-content\/uploads\/2020\/10\/COB-36x36.jpg 36w, https:\/\/hikitec.de\/wp-content\/uploads\/2020\/10\/COB-120x120.jpg 120w\" sizes=\"auto, (max-width: 80px) 100vw, 80px\" \/> Ein USB2.0-Stick kann auch in einer USB3.0-Buchse genutzt werden und ebenso anders herum. USB3.0 ist aber wesentlich schneller als USB2.0.<\/p>\n<\/div><\/section>\n<section class=\"av_textblock_section \"  itemscope=\"itemscope\" itemtype=\"https:\/\/schema.org\/CreativeWork\" ><div class='avia_textblock  '   itemprop=\"text\" ><p><img loading=\"lazy\" decoding=\"async\" class=\" wp-image-16254 alignleft\" src=\"https:\/\/hikitec.de\/wp-content\/uploads\/2020\/10\/Typ-A.jpg\" alt=\"\" width=\"84\" height=\"88\" \/>Der Geschwindigkeitsvorteil von USB3.0 kann in der Praxis aber nur erreicht werden, wenn der USB-Stick und das verwendete Ger\u00e4t USB3.0 unterst\u00fctzen.<\/p>\n<\/div><\/section>\n\n<style type=\"text\/css\" id=\"style-css-av-2q2kttk-ce3f4f4172489d2fdace565cb1666eca\">\n#top .flex_column.av-2q2kttk-ce3f4f4172489d2fdace565cb1666eca{\nborder-radius:0px;\n-webkit-border-radius:0px;\n-moz-border-radius:0px;\npadding:0px;\n}\n<\/style>\n<div class='flex_column av-2q2kttk-ce3f4f4172489d2fdace565cb1666eca av_one_fifth  avia-builder-el-4  el_after_av_textblock  el_before_av_one_fifth  first flex_column_div av-zero-column-padding column-top-margin'   ><p><section class=\"av_textblock_section \"  itemscope=\"itemscope\" itemtype=\"https:\/\/schema.org\/CreativeWork\" ><div class='avia_textblock  '   itemprop=\"text\" ><p><img loading=\"lazy\" decoding=\"async\" class=\"aligncenter size-full wp-image-16251\" src=\"https:\/\/hikitec.de\/wp-content\/uploads\/2020\/10\/COB.jpg\" alt=\"\" width=\"133\" height=\"139\" \/><\/p>\n<\/div><\/section><br \/>\n<section class=\"av_textblock_section \"  itemscope=\"itemscope\" itemtype=\"https:\/\/schema.org\/CreativeWork\" ><div class='avia_textblock  '   itemprop=\"text\" ><p>COB<\/p>\n<\/div><\/section><\/p><\/div>\n\n<style type=\"text\/css\" id=\"style-css-av-23due60-8e5aa0965ccdaefb5b26cba64bbccd2a\">\n#top .flex_column.av-23due60-8e5aa0965ccdaefb5b26cba64bbccd2a{\nborder-radius:0px;\n-webkit-border-radius:0px;\n-moz-border-radius:0px;\npadding:0px;\n}\n<\/style>\n<div class='flex_column av-23due60-8e5aa0965ccdaefb5b26cba64bbccd2a av_one_fifth  avia-builder-el-7  el_after_av_one_fifth  el_before_av_one_fifth  flex_column_div av-zero-column-padding column-top-margin'   ><p><section class=\"av_textblock_section \"  itemscope=\"itemscope\" itemtype=\"https:\/\/schema.org\/CreativeWork\" ><div class='avia_textblock  '   itemprop=\"text\" ><p><img loading=\"lazy\" decoding=\"async\" class=\"aligncenter size-full wp-image-16254\" src=\"https:\/\/hikitec.de\/wp-content\/uploads\/2020\/10\/Typ-A.jpg\" alt=\"\" width=\"133\" height=\"140\" \/><\/p>\n<\/div><\/section><br \/>\n<section class=\"av_textblock_section \"  itemscope=\"itemscope\" itemtype=\"https:\/\/schema.org\/CreativeWork\" ><div class='avia_textblock  '   itemprop=\"text\" ><p>Typ-A<\/p>\n<\/div><\/section><\/p><\/div>\n\n<style type=\"text\/css\" id=\"style-css-av-1jhfhy0-07fa68f501fdefe5d0e37faece03587f\">\n#top .flex_column.av-1jhfhy0-07fa68f501fdefe5d0e37faece03587f{\nborder-radius:0px;\n-webkit-border-radius:0px;\n-moz-border-radius:0px;\npadding:0px;\n}\n<\/style>\n<div class='flex_column av-1jhfhy0-07fa68f501fdefe5d0e37faece03587f av_one_fifth  avia-builder-el-10  el_after_av_one_fifth  el_before_av_one_fifth  flex_column_div av-zero-column-padding column-top-margin'   ><p><section class=\"av_textblock_section \"  itemscope=\"itemscope\" itemtype=\"https:\/\/schema.org\/CreativeWork\" ><div class='avia_textblock  '   itemprop=\"text\" ><p><img loading=\"lazy\" decoding=\"async\" class=\"aligncenter size-full wp-image-16255\" src=\"https:\/\/hikitec.de\/wp-content\/uploads\/2020\/10\/Typ-B-Micron.jpg\" alt=\"\" width=\"133\" height=\"139\" \/><\/p>\n<\/div><\/section><br \/>\n<section class=\"av_textblock_section \"  itemscope=\"itemscope\" itemtype=\"https:\/\/schema.org\/CreativeWork\" ><div class='avia_textblock  '   itemprop=\"text\" ><p>Typ-B Micro<\/p>\n<\/div><\/section><\/p><\/div>\n\n<style type=\"text\/css\" id=\"style-css-av-4azhaw-eaac565aa9253acfc1cc0eccd65673b7\">\n#top .flex_column.av-4azhaw-eaac565aa9253acfc1cc0eccd65673b7{\nborder-radius:0px;\n-webkit-border-radius:0px;\n-moz-border-radius:0px;\npadding:0px;\n}\n<\/style>\n<div class='flex_column av-4azhaw-eaac565aa9253acfc1cc0eccd65673b7 av_one_fifth  avia-builder-el-13  el_after_av_one_fifth  el_before_av_one_fifth  flex_column_div av-zero-column-padding column-top-margin'   ><p><section class=\"av_textblock_section \"  itemscope=\"itemscope\" itemtype=\"https:\/\/schema.org\/CreativeWork\" ><div class='avia_textblock  '   itemprop=\"text\" ><p><img loading=\"lazy\" decoding=\"async\" class=\"aligncenter size-full wp-image-16253\" src=\"https:\/\/hikitec.de\/wp-content\/uploads\/2020\/10\/Typ_C.jpg\" alt=\"\" width=\"71\" height=\"138\" \/><\/p>\n<\/div><\/section><br \/>\n<section class=\"av_textblock_section \"  itemscope=\"itemscope\" itemtype=\"https:\/\/schema.org\/CreativeWork\" ><div class='avia_textblock  '   itemprop=\"text\" ><p>Typ-C<\/p>\n<\/div><\/section><\/p><\/div>\n\n<style type=\"text\/css\" id=\"style-css-av-k52114-40c28f52d27e2bebb512d5457063ebf6\">\n#top .flex_column.av-k52114-40c28f52d27e2bebb512d5457063ebf6{\nborder-radius:0px;\n-webkit-border-radius:0px;\n-moz-border-radius:0px;\npadding:0px;\n}\n<\/style>\n<div class='flex_column av-k52114-40c28f52d27e2bebb512d5457063ebf6 av_one_fifth  avia-builder-el-16  el_after_av_one_fifth  el_before_av_textblock  flex_column_div av-zero-column-padding column-top-margin'   ><p><section class=\"av_textblock_section \"  itemscope=\"itemscope\" itemtype=\"https:\/\/schema.org\/CreativeWork\" ><div class='avia_textblock  '   itemprop=\"text\" ><p><img loading=\"lazy\" decoding=\"async\" class=\"aligncenter size-full wp-image-16252\" src=\"https:\/\/hikitec.de\/wp-content\/uploads\/2020\/10\/OTG.jpg\" alt=\"\" width=\"133\" height=\"165\" \/><\/p>\n<\/div><\/section><br \/>\n<section class=\"av_textblock_section \"  itemscope=\"itemscope\" itemtype=\"https:\/\/schema.org\/CreativeWork\" ><div class='avia_textblock  '   itemprop=\"text\" ><p>OTG Typ-A auf Typ-B Micro<\/p>\n<\/div><\/section><\/p><\/div>\n<section class=\"av_textblock_section \"  itemscope=\"itemscope\" itemtype=\"https:\/\/schema.org\/CreativeWork\" ><div class='avia_textblock  '   itemprop=\"text\" ><p>Mit einem COB-Stecker wird der USB-Stick zum Abheften etwas flacher gefertigt (5 mm \/ USB2.0), Typ-A ist durch das Metallgeh\u00e4use und den Stecker deutlich robuster (8 mm \/ USB2.0 und USB3.0), der Typ B Micro-Stecker passt in viele mobile Ger\u00e4te und der Kombistecker ist ein Multitalent f\u00fcr unterschiedliche Anschl\u00fcsse. Der Kombistecker ist aufklappbar und eine Kombination aus Typ-A und Typ-B Micro.<\/p>\n<p>* Wird oft auch als OTG (On The Go) bezeichnet.<\/p>\n<\/div><\/section>\n<section class=\"av_textblock_section \"  itemscope=\"itemscope\" itemtype=\"https:\/\/schema.org\/CreativeWork\" ><div class='avia_textblock  '   itemprop=\"text\" ><p>USB 2.0 ist ab 64 MB<br \/>\nUSB 3.0 ist ab 8 GB<\/p>\n<p>F\u00fcr viele Einsatzbereiche ist USB2.0 immer noch vollkommen ausreichend. Meistbestellte Speichergr\u00f6\u00dfen sind daher 1 &#8211; 8 GB, flacher COB-Stecker und USB2.0.<\/p>\n<p>Aufgrund der h\u00f6heren Schreibgeschwindigkeit ist je nach Einsatz USB3.0 allerdings die bessere Wahl.<\/p>\n<\/div><\/section>\n<section class=\"av_textblock_section \"  itemscope=\"itemscope\" itemtype=\"https:\/\/schema.org\/CreativeWork\" ><div class='avia_textblock  '   itemprop=\"text\" ><p>Das Geh\u00e4use kann in Ihrer Wunschfarbe, orientiert am Pantone-Farb-System, eingef\u00e4rbt werden. Es ist auch m\u00f6glich, beide USB Stick zum Abheften-Teile in einer jeweils unterschiedlichen Farbe zu produzieren.<\/p>\n<\/div><\/section>\n<section class=\"av_textblock_section \"  itemscope=\"itemscope\" itemtype=\"https:\/\/schema.org\/CreativeWork\" ><div class='avia_textblock  '   itemprop=\"text\" ><p>Farbbeispiele:<\/p>\n<p><img loading=\"lazy\" decoding=\"async\" class=\"aligncenter size-medium wp-image-16256\" src=\"https:\/\/hikitec.de\/wp-content\/uploads\/2020\/10\/Farbbeispiele-300x97.jpg\" alt=\"\" width=\"300\" height=\"97\" srcset=\"https:\/\/hikitec.de\/wp-content\/uploads\/2020\/10\/Farbbeispiele-300x97.jpg 300w, https:\/\/hikitec.de\/wp-content\/uploads\/2020\/10\/Farbbeispiele-1030x332.jpg 1030w, https:\/\/hikitec.de\/wp-content\/uploads\/2020\/10\/Farbbeispiele-768x248.jpg 768w, https:\/\/hikitec.de\/wp-content\/uploads\/2020\/10\/Farbbeispiele-705x227.jpg 705w, https:\/\/hikitec.de\/wp-content\/uploads\/2020\/10\/Farbbeispiele-450x145.jpg 450w, https:\/\/hikitec.de\/wp-content\/uploads\/2020\/10\/Farbbeispiele.jpg 1064w\" sizes=\"auto, (max-width: 300px) 100vw, 300px\" \/><\/p>\n<\/div><\/section>\n<section class=\"av_textblock_section \"  itemscope=\"itemscope\" itemtype=\"https:\/\/schema.org\/CreativeWork\" ><div class='avia_textblock  '   itemprop=\"text\" ><p>Ihr Logo kann als mehrfarbiger Siebdruck gedruckt, als vielfarbiges, mehrstufiges Relief gegossen oder als Vertiefung auf den USB Stick zum Abheften gepr\u00e4gt werden.<\/p>\n<\/div><\/section>\n<section class=\"av_textblock_section \"  itemscope=\"itemscope\" itemtype=\"https:\/\/schema.org\/CreativeWork\" ><div class='avia_textblock  '   itemprop=\"text\" ><p><img loading=\"lazy\" decoding=\"async\" class=\"aligncenter wp-image-717883\" src=\"https:\/\/hikitec.de\/wp-content\/uploads\/USB-zum-Abheften.png\" alt=\"\" width=\"531\" height=\"85\" srcset=\"https:\/\/hikitec.de\/wp-content\/uploads\/USB-zum-Abheften.png 1125w, https:\/\/hikitec.de\/wp-content\/uploads\/USB-zum-Abheften-768x123.png 768w, https:\/\/hikitec.de\/wp-content\/uploads\/USB-zum-Abheften-705x113.png 705w\" sizes=\"auto, (max-width: 531px) 100vw, 531px\" \/><\/p>\n<\/div><\/section>\n\n<style type=\"text\/css\" id=\"style-css-av-12hmgpk-51566a9e14f5c67014dbd6f864dcb6fc\">\n#top .flex_column.av-12hmgpk-51566a9e14f5c67014dbd6f864dcb6fc{\nborder-radius:0px;\n-webkit-border-radius:0px;\n-moz-border-radius:0px;\npadding:0px;\n}\n<\/style>\n<div class='flex_column av-12hmgpk-51566a9e14f5c67014dbd6f864dcb6fc av_one_half  avia-builder-el-25  el_after_av_textblock  el_before_av_one_half  first flex_column_div av-zero-column-padding column-top-margin'   ><p><section class=\"av_textblock_section \"  itemscope=\"itemscope\" itemtype=\"https:\/\/schema.org\/CreativeWork\" ><div class='avia_textblock  '   itemprop=\"text\" ><p>Ihre Vorteile<\/p>\n<\/div><\/section><br \/>\n<section class=\"av_textblock_section \"  itemscope=\"itemscope\" itemtype=\"https:\/\/schema.org\/CreativeWork\" ><div class='avia_textblock  '   itemprop=\"text\" ><p><img loading=\"lazy\" decoding=\"async\" class=\"transparent\" src=\"https:\/\/hikitec.de\/wp-content\/uploads\/2016\/12\/zzz_HIKITEC_Favicon_32.png\" alt=\"https:\/\/hikitec.de\/wp-content\/uploads\/2016\/12\/zzz_HIKITEC_Favicon_32.png\" width=\"11\" height=\"12\" \/>\u00a0Ihr USB-Stick zum Abheften, Archivieren, Einhelften oder Hinzuf\u00fcgen<\/p>\n<p><img loading=\"lazy\" decoding=\"async\" class=\"transparent\" src=\"https:\/\/hikitec.de\/wp-content\/uploads\/2016\/12\/zzz_HIKITEC_Favicon_32.png\" alt=\"https:\/\/hikitec.de\/wp-content\/uploads\/2016\/12\/zzz_HIKITEC_Favicon_32.png\" width=\"11\" height=\"12\" \/>\u00a0Digitale Daten speichern, abheften, verteilen und archiviereren<\/p>\n<p><img loading=\"lazy\" decoding=\"async\" class=\"transparent\" src=\"https:\/\/hikitec.de\/wp-content\/uploads\/2016\/12\/zzz_HIKITEC_Favicon_32.png\" alt=\"https:\/\/hikitec.de\/wp-content\/uploads\/2016\/12\/zzz_HIKITEC_Favicon_32.png\" width=\"11\" height=\"12\" \/> USB Stick zum Abheften passt in jeden handels\u00fcblichen Ringordner oder hefter<\/p>\n<p><img loading=\"lazy\" decoding=\"async\" class=\"transparent\" src=\"https:\/\/hikitec.de\/wp-content\/uploads\/2016\/12\/zzz_HIKITEC_Favicon_32.png\" alt=\"https:\/\/hikitec.de\/wp-content\/uploads\/2016\/12\/zzz_HIKITEC_Favicon_32.png\" width=\"11\" height=\"12\" \/>\u00a0Kombinieren Sie gedruckte und gigitale Daten zu einer Einheit<\/p>\n<p><img loading=\"lazy\" decoding=\"async\" class=\"transparent\" src=\"https:\/\/hikitec.de\/wp-content\/uploads\/2016\/12\/zzz_HIKITEC_Favicon_32.png\" alt=\"https:\/\/hikitec.de\/wp-content\/uploads\/2016\/12\/zzz_HIKITEC_Favicon_32.png\" width=\"11\" height=\"12\" \/> Die USB Technik ist durch eine Kappe vor Umwelteinfl\u00fcssen gesch\u00fctzt<\/p>\n<p><img loading=\"lazy\" decoding=\"async\" class=\"transparent\" src=\"https:\/\/hikitec.de\/wp-content\/uploads\/2016\/12\/zzz_HIKITEC_Favicon_32.png\" alt=\"https:\/\/hikitec.de\/wp-content\/uploads\/2016\/12\/zzz_HIKITEC_Favicon_32.png\" width=\"11\" height=\"12\" \/> USB Stick zum Abheften hat einen hohen Nutzen und transportiert Ihre Marke mit h\u00f6chster Qualit\u00e4t<\/p>\n<\/div><\/section><\/p><\/div>\n\n<style type=\"text\/css\" id=\"style-css-av-l8j2fs-16a0d1052fac9536468c99631537d0ec\">\n#top .flex_column.av-l8j2fs-16a0d1052fac9536468c99631537d0ec{\nborder-radius:0px;\n-webkit-border-radius:0px;\n-moz-border-radius:0px;\npadding:0px;\n}\n<\/style>\n<div class='flex_column av-l8j2fs-16a0d1052fac9536468c99631537d0ec av_one_half  avia-builder-el-28  el_after_av_one_half  el_before_av_one_full  flex_column_div av-zero-column-padding column-top-margin'   ><p><section class=\"av_textblock_section \"  itemscope=\"itemscope\" itemtype=\"https:\/\/schema.org\/CreativeWork\" ><div class='avia_textblock  '   itemprop=\"text\" ><p>Ihre Oprtionen<\/p>\n<\/div><\/section><br \/>\n<section class=\"av_textblock_section \"  itemscope=\"itemscope\" itemtype=\"https:\/\/schema.org\/CreativeWork\" ><div class='avia_textblock  '   itemprop=\"text\" ><p><img loading=\"lazy\" decoding=\"async\" class=\"transparent\" src=\"https:\/\/hikitec.de\/wp-content\/uploads\/2016\/12\/zzz_HIKITEC_Favicon_32.png\" alt=\"https:\/\/hikitec.de\/wp-content\/uploads\/2016\/12\/zzz_HIKITEC_Favicon_32.png\" width=\"11\" height=\"12\" \/>\u00a0Geh\u00e4usefabre in ihrer Wunschfarbe nach Pantone-Farb-System<\/p>\n<p><img loading=\"lazy\" decoding=\"async\" class=\"transparent\" src=\"https:\/\/hikitec.de\/wp-content\/uploads\/2016\/12\/zzz_HIKITEC_Favicon_32.png\" alt=\"https:\/\/hikitec.de\/wp-content\/uploads\/2016\/12\/zzz_HIKITEC_Favicon_32.png\" width=\"11\" height=\"12\" \/>\u00a0USB-Typ 2.0 oder 3.0<\/p>\n<p><img loading=\"lazy\" decoding=\"async\" class=\"transparent\" src=\"https:\/\/hikitec.de\/wp-content\/uploads\/2016\/12\/zzz_HIKITEC_Favicon_32.png\" alt=\"https:\/\/hikitec.de\/wp-content\/uploads\/2016\/12\/zzz_HIKITEC_Favicon_32.png\" width=\"11\" height=\"12\" \/>\u00a0USB- Anschluss als COB, Typ-A, OTG Typ-A auf Typ-B Micro<\/p>\n<p><img loading=\"lazy\" decoding=\"async\" class=\"transparent\" src=\"https:\/\/hikitec.de\/wp-content\/uploads\/2016\/12\/zzz_HIKITEC_Favicon_32.png\" alt=\"https:\/\/hikitec.de\/wp-content\/uploads\/2016\/12\/zzz_HIKITEC_Favicon_32.png\" width=\"11\" height=\"12\" \/>\u00a0Speichergr\u00f6\u00dfe ab 64 MB<\/p>\n<p><img loading=\"lazy\" decoding=\"async\" class=\"transparent\" src=\"https:\/\/hikitec.de\/wp-content\/uploads\/2016\/12\/zzz_HIKITEC_Favicon_32.png\" alt=\"https:\/\/hikitec.de\/wp-content\/uploads\/2016\/12\/zzz_HIKITEC_Favicon_32.png\" width=\"11\" height=\"12\" \/>\u00a0Ihr Logo als Druck, Reflier oder Reliefpr\u00e4gung<\/p>\n<p><img loading=\"lazy\" decoding=\"async\" class=\"transparent\" src=\"https:\/\/hikitec.de\/wp-content\/uploads\/2016\/12\/zzz_HIKITEC_Favicon_32.png\" alt=\"https:\/\/hikitec.de\/wp-content\/uploads\/2016\/12\/zzz_HIKITEC_Favicon_32.png\" width=\"11\" height=\"12\" \/>Lochdurchmesser von 5 mm bis 8 mm und Lochabstand von 60 mm bis 80 mm<\/p>\n<p><img loading=\"lazy\" decoding=\"async\" class=\"transparent\" src=\"https:\/\/hikitec.de\/wp-content\/uploads\/2016\/12\/zzz_HIKITEC_Favicon_32.png\" alt=\"https:\/\/hikitec.de\/wp-content\/uploads\/2016\/12\/zzz_HIKITEC_Favicon_32.png\" width=\"11\" height=\"12\" \/>\u00a0Individuelle Geh\u00e4useerweiterung f\u00fcr mehr Werbefl\u00e4che<\/p>\n<\/div><\/section><\/p><\/div>\n\n<style type=\"text\/css\" id=\"style-css-av-r4pyfs-72757ba5703836293e0772c841009b3b\">\n#top .flex_column.av-r4pyfs-72757ba5703836293e0772c841009b3b{\nborder-radius:0px;\n-webkit-border-radius:0px;\n-moz-border-radius:0px;\npadding:0px;\n}\n<\/style>\n<div class='flex_column av-r4pyfs-72757ba5703836293e0772c841009b3b av_one_full  avia-builder-el-31  el_after_av_one_half  el_before_av_textblock  first flex_column_div av-zero-column-padding column-top-margin'   ><\/div>\n<section class=\"av_textblock_section \"  itemscope=\"itemscope\" itemtype=\"https:\/\/schema.org\/CreativeWork\" ><div class='avia_textblock  '   itemprop=\"text\" ><input type=\"button\" value=\"Zur\u00fcck\" class=\"alg_back_button_input \" style=\"\" onclick=\"window.history.back()\" \/>\n<\/div><\/section>\n","protected":false},"excerpt":{"rendered":"","protected":false},"author":2,"featured_media":0,"parent":0,"menu_order":0,"comment_status":"closed","ping_status":"closed","template":"","meta":{"footnotes":""},"class_list":["post-16248","page","type-page","status-publish","hentry"],"_links":{"self":[{"href":"https:\/\/hikitec.de\/de\/wp-json\/wp\/v2\/pages\/16248","targetHints":{"allow":["GET"]}}],"collection":[{"href":"https:\/\/hikitec.de\/de\/wp-json\/wp\/v2\/pages"}],"about":[{"href":"https:\/\/hikitec.de\/de\/wp-json\/wp\/v2\/types\/page"}],"author":[{"embeddable":true,"href":"https:\/\/hikitec.de\/de\/wp-json\/wp\/v2\/users\/2"}],"replies":[{"embeddable":true,"href":"https:\/\/hikitec.de\/de\/wp-json\/wp\/v2\/comments?post=16248"}],"version-history":[{"count":20,"href":"https:\/\/hikitec.de\/de\/wp-json\/wp\/v2\/pages\/16248\/revisions"}],"predecessor-version":[{"id":750335,"href":"https:\/\/hikitec.de\/de\/wp-json\/wp\/v2\/pages\/16248\/revisions\/750335"}],"wp:attachment":[{"href":"https:\/\/hikitec.de\/de\/wp-json\/wp\/v2\/media?parent=16248"}],"curies":[{"name":"wp","href":"https:\/\/api.w.org\/{rel}","templated":true}]}}