{"id":172,"date":"2017-01-17T14:55:14","date_gmt":"2017-01-17T13:55:14","guid":{"rendered":"http:\/\/hikitec.de\/?page_id=172"},"modified":"2018-05-17T09:46:55","modified_gmt":"2018-05-17T07:46:55","slug":"rueckrufservice","status":"publish","type":"page","link":"https:\/\/hikitec.de\/de\/rueckrufservice\/","title":{"rendered":"R\u00fcckrufservice"},"content":{"rendered":"<form action=\"https:\/\/hikitec.de\/de\/rueckrufservice\/\" method=\"post\"  class=\"avia_ajax_form av-form-labels-visible   avia-builder-el-0  avia-builder-el-no-sibling   \" data-avia-form-id=\"1\" data-avia-redirect='' ><h3 class=''>R\u00fcckrufservice<\/h3><fieldset><p class='  first_form  form_element form_fullwidth' id='element_avia_1_1'><label for=\"avia_1_1\">Vor- &amp; Zuname<\/label> <input name=\"avia_1_1\" class=\"text_input \" type=\"text\" id=\"avia_1_1\" value=\"\" \/><\/p><p class='  first_form  form_element form_fullwidth' id='element_avia_2_1'><label for=\"avia_2_1\">Telefonnummer <abbr class=\"required\" title=\"ben\u00f6tigt\">*<\/abbr><\/label> <input name=\"avia_2_1\" class=\"text_input is_phone\" type=\"text\" id=\"avia_2_1\" value=\"\" \/><\/p><p class=' first_form  form_element form_fullwidth' id='element_avia_3_1'>    <input  name=\"avia_3_1\" class=\"input_checkbox is_empty\" type=\"checkbox\" id=\"avia_3_1\" value=\"true\"\/><label class=\"input_checkbox_label\" for=\"avia_3_1\">Ich habe die Datenschutzhinweis gelesen und zur Kenntnis genommen. <abbr class=\"required\" title=\"ben\u00f6tigt\">*<\/abbr><\/label><\/p><div id='avia_4_1' class='av-form-text'><p>\n* Die <a href=\"http:\/\/hikitec.de\/datenschutz\/\" target=\"_blank\" rel=\"noopener\">Datenschutzhinweise<\/a> sowie Hinweise zum Widerruf habe ich zur Kenntnis genommen und stimme diesen zu.Kompakt: Hinweise zum Datenschutz Ihre E-Mail-Adresse wird nur f\u00fcr den Zweck der Erbringung Ihrer Anfrage der Firma HIKITEC verwendet. Dieser enth\u00e4lt Informationen zu Produkten, saisonalen Aktionen oder Neuerscheinungen. Ihre E-Mail-Adresse wird niemals f\u00fcr Werbezwecke an Dritte weitergegeben und nur im Rahmen des Newsletter-Versands genutzt.<\/p>\n<p>Hinweise zur Widerrufbarkeit Sie k\u00f6nnen diese Einwilligung jederzeit widerrufen, indem Sie sich aus der Liste austragen. Hinweise zur Abmeldung sind in jedem Newsletter enthalten.<\/p>\n<\/div><p class=\"hidden\"><input type=\"text\" name=\"avia_5_1\" class=\"hidden \" id=\"avia_5_1\" value=\"\" \/><\/p><p class=\"form_element \"><input type=\"hidden\" value=\"1\" name=\"avia_generated_form1\" \/><input type=\"submit\" value=\"R\u00fcckruf\" class=\"button\"  data-sending-label=\"Sende\"\/><\/p><\/fieldset><\/form><div id=\"ajaxresponse_1\" class=\"ajaxresponse ajaxresponse_1 hidden\"><\/div>\n","protected":false},"excerpt":{"rendered":"","protected":false},"author":2,"featured_media":0,"parent":0,"menu_order":0,"comment_status":"closed","ping_status":"closed","template":"","meta":{"footnotes":""},"class_list":["post-172","page","type-page","status-publish","hentry"],"_links":{"self":[{"href":"https:\/\/hikitec.de\/de\/wp-json\/wp\/v2\/pages\/172","targetHints":{"allow":["GET"]}}],"collection":[{"href":"https:\/\/hikitec.de\/de\/wp-json\/wp\/v2\/pages"}],"about":[{"href":"https:\/\/hikitec.de\/de\/wp-json\/wp\/v2\/types\/page"}],"author":[{"embeddable":true,"href":"https:\/\/hikitec.de\/de\/wp-json\/wp\/v2\/users\/2"}],"replies":[{"embeddable":true,"href":"https:\/\/hikitec.de\/de\/wp-json\/wp\/v2\/comments?post=172"}],"version-history":[{"count":5,"href":"https:\/\/hikitec.de\/de\/wp-json\/wp\/v2\/pages\/172\/revisions"}],"predecessor-version":[{"id":6048,"href":"https:\/\/hikitec.de\/de\/wp-json\/wp\/v2\/pages\/172\/revisions\/6048"}],"wp:attachment":[{"href":"https:\/\/hikitec.de\/de\/wp-json\/wp\/v2\/media?parent=172"}],"curies":[{"name":"wp","href":"https:\/\/api.w.org\/{rel}","templated":true}]}}