{"id":18723,"date":"2020-12-02T09:22:38","date_gmt":"2020-12-02T08:22:38","guid":{"rendered":"https:\/\/hikitec.de\/?page_id=18723"},"modified":"2021-03-23T15:27:37","modified_gmt":"2021-03-23T14:27:37","slug":"cmyk-druckverfahren-datengroesse-und-richtiger-beschnitt","status":"publish","type":"page","link":"https:\/\/hikitec.de\/de\/cmyk-druckverfahren-datengroesse-und-richtiger-beschnitt\/","title":{"rendered":"CMYK Druckverfahren &#8211; Datengr\u00f6\u00dfe und richtiger Beschnitt"},"content":{"rendered":"<section class=\"av_textblock_section \"  itemscope=\"itemscope\" itemtype=\"https:\/\/schema.org\/CreativeWork\" ><div class='avia_textblock  '   itemprop=\"text\" ><p><strong>Bitte beachten Sie f\u00fcr das CMYK Druckverfahren bzgl. Formate, Farben, Datengr\u00f6\u00dfe, Aufl\u00f6sung und Beschnitt:<\/strong><\/p>\n<p><strong>Datengr\u00f6\u00dfe \/ Aufl\u00f6sung<\/strong><br \/>\nDie Druckdaten ben\u00f6tigen wir in einer Aufl\u00f6sung von Mindestens 300dpi bei Pixeldaten wie JPG, Bitmap, Tiff inklusive Beschnittzugabe von <strong>3<\/strong> mm je Seite ohne Beschnittzeichen.<br \/>\nAlternativ k\u00f6nnen Sie auch skalierbare Vektordaten als EPS, PDF, CDR \u2026 zur Verf\u00fcgung stellen. Sofern diese Dateien Schriften enthalten m\u00fcssen diese eingebettet werden. Sofern diese Datei eingebettete Pixeldaten enth\u00e4lt, ben\u00f6tigen diese wiederum eine minimale Aufl\u00f6sung von 300dpi.<\/p>\n<p><strong>Digitaldruck (C M Y K):<\/strong><br \/>\nDruckdaten im CMYK Druck ben\u00f6tigen 300 dpi und Originalgr\u00f6\u00dfe der zu bedruckenden Fl\u00e4che. Wir k\u00f6nnen die Druckdatei zwar f\u00fcr Sie skalieren, aber es kann dabei zu Qualit\u00e4tsverlusten kommen. Bitte beachten Sie, dass die Farbe Wei\u00df beim Standard-Digitaldruck nicht mitgedruckt werden kann. Im Druckergebnis werden wei\u00dfe Bereiche nicht gedruckt (transparent). Somit ist dort das Untergrundmaterial sichtbar. Um die Farbe Wei\u00df als f\u00fcnfte Mischfarbe zu drucken, verwenden Sie bitte den UV-Digitaldruck.<\/p>\n<p><strong>HD Digitaldruck (C M Y K):<br \/>\n<\/strong>Bei sehr detailreichen Druckdaten empfehlen wir den HD-Digitaldruck zu w\u00e4hlen. Hier wird mit mehr Punkten auf der gleichen Druckfl\u00e4che gedruckt.<\/p>\n<p><strong>UV Digitaldruck ( W + C M Y K)<\/strong><br \/>\nDer wesentliche Unterschied zum herk\u00f6mmlichen Digitaldruck ist, dass die Farbe nicht vollst\u00e4ndig in das Material eindringt, sondern auf dem bedruckenden Material liegt. Dieses erm\u00f6glicht nahezu alle Materialen zu bedrucken. Die Farbe wird mit ultraviolettem Licht geh\u00e4rtet. Auch die Farbe Wei\u00df ist als f\u00fcnfte Mischfarbe in diesem Druckverfahren m\u00f6glich.<\/p>\n<p><strong>Wir ben\u00f6tigen Ihre Druckdaten in den Formaten PDF, Tiff oder JPG<\/strong><br \/>\nEinzustellen ist der CMYK-Farbmodus \u2013 dieser Farbmodus ist Grundvoraussetzung f\u00fcr den modernen Vier-Farbdruck. CMYK steht f\u00fcr die die Grundfarben Cyan, Magenta, Gelb und Schwarz. Ein Farbbild wird mit Hilfe von Rasterpunkten in die vier Druckfarben zerlegt. Der Tonwert wird durch die Gr\u00f6\u00dfe der Rasterpunkte beeinflusst \u2013 kleine Punkte ergeben einen hellen Farbton \u2013 gro\u00dfe eine dunklen Ton. Tipp: Bei Vollfl\u00e4che Schwarz empfehlen wir 100% Schwarz und 45% Cyan.<\/p>\n<p><strong>PDF<\/strong><br \/>\nDies ist mittlerweile Weltstandard f\u00fcr den Datenaustausch und ist plattformunabh\u00e4nig. Um einen reibungslosen Ablauf zu gew\u00e4hrleisten verwenden Sie den Standard PDF\/X 1a 2001.<\/p>\n<p><strong>Tiff<\/strong><br \/>\nW\u00e4hlen Sie bei Tiffs LZW-Komprimierung f\u00fcr die h\u00f6chste Ausgabe-Qualit\u00e4t<\/p>\n<p><strong>JPG<\/strong><br \/>\nSpeichern Sie JPG-Dateien mit der h\u00f6chsten Qualit\u00e4ts-Stufe ab.<\/p>\n<p><strong>Richtigen Beschnitt anlegen bei vollfl\u00e4chigem Druck :<\/strong><br \/>\nBei allen Drucksachen verwenden Sie bitte einen 3 mm Beschnitt. Die Beschnittzugabe ben\u00f6tigen wir um Drucktoleranzen in der Druckproduktion auszugleichen.<\/p>\n<p><strong>Der richtige Abstand aller wichtigen Objekte zum Rand<\/strong><br \/>\nWir empfehlen f\u00fcr alle wichtigen Objekte und Schriften durchschnittlich 3-5 mm, als Abstand vom Rand zu w\u00e4hlen.<\/p>\n<p><strong>HINWEIS:<br \/>\n<\/strong>Bitte beachten Sie, dass es bei falsch angelegten Druckdaten zu Qualit\u00e4tsverlusten kommen kann.<\/p>\n<\/div><\/section>\n<section class=\"av_textblock_section \"  itemscope=\"itemscope\" itemtype=\"https:\/\/schema.org\/CreativeWork\" ><div class='avia_textblock  '   itemprop=\"text\" ><input type=\"button\" value=\"Zur\u00fcck\" class=\"alg_back_button_input \" style=\"\" onclick=\"window.history.back()\" \/>\n<\/div><\/section>\n","protected":false},"excerpt":{"rendered":"","protected":false},"author":2,"featured_media":0,"parent":0,"menu_order":0,"comment_status":"closed","ping_status":"closed","template":"","meta":{"footnotes":""},"class_list":["post-18723","page","type-page","status-publish","hentry"],"_links":{"self":[{"href":"https:\/\/hikitec.de\/de\/wp-json\/wp\/v2\/pages\/18723","targetHints":{"allow":["GET"]}}],"collection":[{"href":"https:\/\/hikitec.de\/de\/wp-json\/wp\/v2\/pages"}],"about":[{"href":"https:\/\/hikitec.de\/de\/wp-json\/wp\/v2\/types\/page"}],"author":[{"embeddable":true,"href":"https:\/\/hikitec.de\/de\/wp-json\/wp\/v2\/users\/2"}],"replies":[{"embeddable":true,"href":"https:\/\/hikitec.de\/de\/wp-json\/wp\/v2\/comments?post=18723"}],"version-history":[{"count":7,"href":"https:\/\/hikitec.de\/de\/wp-json\/wp\/v2\/pages\/18723\/revisions"}],"predecessor-version":[{"id":27676,"href":"https:\/\/hikitec.de\/de\/wp-json\/wp\/v2\/pages\/18723\/revisions\/27676"}],"wp:attachment":[{"href":"https:\/\/hikitec.de\/de\/wp-json\/wp\/v2\/media?parent=18723"}],"curies":[{"name":"wp","href":"https:\/\/api.w.org\/{rel}","templated":true}]}}