{"id":19210,"date":"2020-12-11T09:22:01","date_gmt":"2020-12-11T08:22:01","guid":{"rendered":"https:\/\/hikitec.de\/?page_id=19210"},"modified":"2021-03-23T15:32:07","modified_gmt":"2021-03-23T14:32:07","slug":"nachbestellungen","status":"publish","type":"page","link":"https:\/\/hikitec.de\/de\/nachbestellungen\/","title":{"rendered":"Nachbestellungen"},"content":{"rendered":"<p><strong>Gibt es eine Farbtreue? <\/strong><strong>Druck &#8211; zu meinen gelieferten Daten<\/strong><\/p>\n<p>Wenn Sie Ihre Produkte bei uns drucken lassen, erwarten Sie nat\u00fcrlich, dass die Farben gedruckt genauso aussehen wie in Ihren Daten.<br \/>\nDoch eine 100%ige Farbtreue ist gar nicht m\u00f6glich, wie wir Ihnen im Folgenden zeigen werden.<\/p>\n<p class=\"h3\"><strong>Warum ist eine 100%ige Farbtreue unm\u00f6glich?<\/strong><\/p>\n<p>Eine 100%ige Farbtreue ist nicht m\u00f6glich, weil das Drucken ein mechanischer Prozess ist, der vielen \u00e4u\u00dferen Einfl\u00fcssen unterliegt \u2013 wie z.B. den klimatischen Bedingungen. Auch der Druckuntergrund (Material) und die eingesetzten Farben werden schon mit gewissen Toleranzen produziert und beeinflussen damit das Endergebnis. Weiterhin sind im Druckprozess viele verschiedene Ger\u00e4te und Software-Systeme involviert, die in der Regel unterschiedlich eingestellt sind und damit dann verschiedene Farbmodelle sowie Farbr\u00e4ume verwenden. Dies f\u00e4ngt bei Ihrer Lichtquelle vor Ort an, geht weiter \u00fcber CMYK und RGB, den verwendeten Monitor und die Software bei der Datenerstellung bis hin zu unseren internen Farb- und Drucksystemen.<\/p>\n<p><strong>Gibt es Farbunterschiede bei Nachbestellungen?<\/strong><\/p>\n<p>Bei identischen Nachbestellungen sind Farbabweichungen zur vorherigen Serie drucktechnisch und materialbedingt m\u00f6glich und kein Reklamationsgrund. Auch innerhalb einer Serie sind leichte Farbabweichungen m\u00f6glich und zu tolerieren.<\/p>\n","protected":false},"excerpt":{"rendered":"<p>Gibt es eine Farbtreue? Druck &#8211; zu meinen gelieferten Daten Wenn Sie Ihre Produkte bei uns drucken lassen, erwarten Sie nat\u00fcrlich, dass die Farben gedruckt genauso aussehen wie in Ihren Daten. Doch eine 100%ige Farbtreue ist gar nicht m\u00f6glich, wie wir Ihnen im Folgenden zeigen werden. Warum ist eine 100%ige Farbtreue unm\u00f6glich? Eine 100%ige Farbtreue [&hellip;]<\/p>\n","protected":false},"author":2,"featured_media":0,"parent":0,"menu_order":0,"comment_status":"closed","ping_status":"closed","template":"","meta":{"footnotes":""},"class_list":["post-19210","page","type-page","status-publish","hentry"],"_links":{"self":[{"href":"https:\/\/hikitec.de\/de\/wp-json\/wp\/v2\/pages\/19210","targetHints":{"allow":["GET"]}}],"collection":[{"href":"https:\/\/hikitec.de\/de\/wp-json\/wp\/v2\/pages"}],"about":[{"href":"https:\/\/hikitec.de\/de\/wp-json\/wp\/v2\/types\/page"}],"author":[{"embeddable":true,"href":"https:\/\/hikitec.de\/de\/wp-json\/wp\/v2\/users\/2"}],"replies":[{"embeddable":true,"href":"https:\/\/hikitec.de\/de\/wp-json\/wp\/v2\/comments?post=19210"}],"version-history":[{"count":3,"href":"https:\/\/hikitec.de\/de\/wp-json\/wp\/v2\/pages\/19210\/revisions"}],"predecessor-version":[{"id":717453,"href":"https:\/\/hikitec.de\/de\/wp-json\/wp\/v2\/pages\/19210\/revisions\/717453"}],"wp:attachment":[{"href":"https:\/\/hikitec.de\/de\/wp-json\/wp\/v2\/media?parent=19210"}],"curies":[{"name":"wp","href":"https:\/\/api.w.org\/{rel}","templated":true}]}}